{"id":10205,"date":"2021-08-14T09:00:45","date_gmt":"2021-08-14T07:00:45","guid":{"rendered":"https:\/\/new.xavierbellenger.com\/?page_id=10205"},"modified":"2025-02-02T14:51:10","modified_gmt":"2025-02-02T13:51:10","slug":"mariage-domaine-mahourat-lucille-philippe","status":"publish","type":"page","link":"https:\/\/www.xavierbellenger.com\/en\/mariage-domaine-mahourat-lucille-philippe\/","title":{"rendered":"Wedding at Domaine de Mahourat &#8211; Lucille &#038; Philippe"},"content":{"rendered":"<p>[vc_row full_width=&#8221;stretch_row_content_no_spaces&#8221;][vc_column][wiso_banner style_banner=&#8221;simple&#8221; height=&#8221;full&#8221; style=&#8221;center_content&#8221; overlay=&#8221;yes&#8221; title=&#8221;Lucille &#038; Philippe&#8221; image=&#8221;10206&#8243; subtitle=&#8221;Mariage&#8221;][\/vc_column][\/vc_row][vc_row full_width=&#8221;stretch_row&#8221; desctop_mt=&#8221;margin-lg-50t&#8221; desctop_md_mt=&#8221;margin-md-50t&#8221; tablets_mt=&#8221;margin-sm-40t&#8221; mobile_mt=&#8221;margin-xs-25t&#8221; desctop_lg_pb=&#8221;padding-lg-30b&#8221; desctop_pb=&#8221;padding-md-30b&#8221; tablets_pb=&#8221;padding-sm-30b&#8221; mobile_pb=&#8221;padding-xs-20b&#8221; el_class=&#8221;xb mod-left mod-no-margin mod-portfolio-reversed&#8221;][vc_column offset=&#8221;vc_col-lg-3 vc_col-md-12&#8243;][vc_row_inner css=&#8221;.vc_custom_1737471190732{padding-top: 20px !important;padding-left: 2px !important;}&#8221;][vc_column_inner][vc_column_text]<strong>Date<\/strong><br \/>\n14 Ao\u00fbt 2021<\/p>\n<p><strong>Clients<\/strong><br \/>\nLucille &#038; Philippe[\/vc_column_text][\/vc_column_inner][\/vc_row_inner][vc_row_inner css=&#8221;.vc_custom_1737393329303{padding-top: 20px !important;}&#8221;][vc_column_inner][vc_raw_html]JTNDdWwlMjBjbGFzcyUzRCUyMnhiLXRhZ3MlMjBtb2QtZ3JlZW4lMjIlM0UlMEElM0NsaSUzRU1hcmlhZ2UlM0MlMkZsaSUzRSUwQSUzQ2xpJTNFRG9tYWluZSUyMGRlJTIwTWFob3VyYXQlM0MlMkZsaSUzRSUwQSUzQ2xpJTNFUGhvdG9ncmFwaGUlMjBtYXJpYWdlJTNDJTJGbGklM0UlMEElM0NsaSUzRVMlQzMlQTlhbmNlJTIwY291cGxlJTNDJTJGbGklM0UlMEElM0NsaSUzRVNhaW50JTIwUGllcnJlJTIwZGUlMjBCYXQlM0MlMkZsaSUzRSUwQSUzQ2xpJTNFQW1vdXIlM0MlMkZsaSUzRSUwQSUzQ2xpJTNFQyVDMyVBOW5hYyUzQyUyRmxpJTNFJTBBJTNDJTJGdWwlM0U=[\/vc_raw_html][\/vc_column_inner][\/vc_row_inner][\/vc_column][vc_column desctop_mb=&#8221;margin-lg-20b&#8221; desctop_md_mb=&#8221;margin-md-20b&#8221; tablets_mb=&#8221;margin-sm-20b&#8221; mobile_mb=&#8221;margin-xs-20b&#8221; offset=&#8221;vc_col-lg-9 vc_col-md-12&#8243;][vc_row_inner][vc_column_inner el_class=&#8221;xb-portofolio-title mod-wedding&#8221;][vc_column_text]Le mariage de Lucille &#038; Philippe au Domaine de Mahourat[\/vc_column_text][\/vc_column_inner][\/vc_row_inner][vc_column_text el_class=&#8221;paragraph&#8221; css=&#8221;.vc_custom_1737543166042{padding-top: 20px !important;}&#8221;]Apr\u00e8s leur <a href=\"https:\/\/new.xavierbellenger.com\/engagement-de-lucille-philippe\/\">s\u00e9ance engagement<\/a> sur la plage de la Salie, Lucille et Philippe ont c\u00e9l\u00e9br\u00e9 leur amour dans un cadre idyllique au <a href=\"https:\/\/new.xavierbellenger.com\/domaine-de-mahourat\/\">Domaine de Mahourat<\/a>, \u00e0 Saint-Pierre-de-Bat, pr\u00e8s de Bordeaux. Ce mariage, plein de simplicit\u00e9 et d\u2019\u00e9motion, a \u00e9t\u00e9 marqu\u00e9 par des instants pr\u00e9cieux : des pr\u00e9paratifs intimes et chaleureux, un first look \u00e9mouvant, une c\u00e9r\u00e9monie civile empreinte de tendresse et un cocktail convivial dans un cadre bucolique.<\/p>\n<p>Sous les derniers rayons dor\u00e9s du soleil, leur s\u00e9ance photo de couple a captur\u00e9 toute la complicit\u00e9 et l\u2019amour qui les unissent. Ce mariage restera grav\u00e9 dans ma m\u00e9moire comme un moment authentique et sinc\u00e8re, o\u00f9 chaque d\u00e9tail racontait une belle histoire.<\/p>\n<p>Pr\u00eats \u00e0 d\u00e9couvrir leur journ\u00e9e magique ? Suivez-moi dans ce voyage photographique riche en \u00e9motions ! \ud83d\ude0a[\/vc_column_text][\/vc_column][\/vc_row][vc_row full_width=&#8221;stretch_row&#8221;][vc_column css=&#8221;.vc_custom_1736606296420{padding-top: 0px !important;}&#8221;][vc_single_image image=&#8221;10207&#8243; img_size=&#8221;full&#8221; alignment=&#8221;center&#8221;][\/vc_column][\/vc_row][vc_row full_width=&#8221;stretch_row&#8221; desctop_mt=&#8221;margin-lg-20t&#8221; desctop_mb=&#8221;margin-lg-35b&#8221; desctop_md_mt=&#8221;margin-md-20t&#8221; desctop_md_mb=&#8221;margin-md-35b&#8221; tablets_mt=&#8221;margin-sm-20t&#8221; tablets_mb=&#8221;margin-sm-20b&#8221; mobile_mt=&#8221;margin-xs-40t&#8221; mobile_mb=&#8221;margin-xs-10b&#8221; el_class=&#8221;xb&#8221;][vc_column css=&#8221;.vc_custom_1737471490457{padding-top: 0px !important;}&#8221;][vc_column_text el_class=&#8221;xb-paragraph-header&#8221;]Les pr\u00e9paratifs[\/vc_column_text][vc_column_text]C\u2019est dans une ambiance chaleureuse et d\u00e9tendue que Lucille et Philippe ont commenc\u00e9 leur journ\u00e9e de mariage. Lucille s\u2019est pr\u00e9par\u00e9e chez elle, entour\u00e9e de ses amies et de sa famille, profitant de ces instants intimes pour se pr\u00e9parer \u00e0 dire \u00ab oui \u00bb \u00e0 l\u2019amour de sa vie. Pendant ce temps, Philippe, accompagn\u00e9 de ses fr\u00e8res, a choisi un h\u00f4tel \u00e0 proximit\u00e9 pour se pr\u00e9parer sereinement. Ces moments de calme, rythm\u00e9s par les \u00e9clats de rire et l\u2019effervescence des proches, m\u2019offrent l\u2019occasion de capturer des d\u00e9tails pr\u00e9cieux : la robe, les alliances, le bouquet, et surtout les sourires des futurs mari\u00e9s.[\/vc_column_text][\/vc_column][\/vc_row][vc_row full_width=&#8221;stretch_row&#8221;][vc_column css=&#8221;.vc_custom_1736606296420{padding-top: 0px !important;}&#8221;][vc_masonry_media_grid style=&#8221;lazy&#8221; items_per_page=&#8221;15&#8243; element_width=&#8221;6&#8243; gap=&#8221;15&#8243; initial_loading_animation=&#8221;fadeIn&#8221; grid_id=&#8221;vc_gid:1737919781433-212d974c-3f18-5&#8243; include=&#8221;10208,10209,10210,10211,10212,10213,10214,10215,10216,10217,10218,10219,10220,10221,10222,10223,10224,10225,10226,10227,10228,10229,10230,10231,10232,10233,10234,10235,10256,10257,10258,10259,10260,10261,10262,10263,10264,10265,10266,10267,10268,10269,10236,10237,10238,10239,10240,10241,10242,10243,10244,10245,10246,10247,10248,10249,10250,10251,10252,10253,10254,10255&#8243;][\/vc_column][\/vc_row][vc_row full_width=&#8221;stretch_row&#8221; desctop_mt=&#8221;margin-lg-20t&#8221; desctop_mb=&#8221;margin-lg-35b&#8221; desctop_md_mt=&#8221;margin-md-20t&#8221; desctop_md_mb=&#8221;margin-md-35b&#8221; tablets_mt=&#8221;margin-sm-20t&#8221; tablets_mb=&#8221;margin-sm-20b&#8221; mobile_mt=&#8221;margin-xs-40t&#8221; mobile_mb=&#8221;margin-xs-10b&#8221; el_class=&#8221;xb&#8221;][vc_column css=&#8221;.vc_custom_1737471490457{padding-top: 0px !important;}&#8221;][vc_column_text el_class=&#8221;xb-paragraph-header&#8221;]L&#8217;union civile[\/vc_column_text][vc_column_text]Apr\u00e8s les pr\u00e9paratifs, le moment tant attendu est arriv\u00e9 : le \u00ab first look \u00bb. Lucille et Philippe se d\u00e9couvrent dans le jardin d\u2019amis, un instant rempli d\u2019\u00e9motions o\u00f9 la magie op\u00e8re. Les regards \u00e9merveill\u00e9s et les sourires sinc\u00e8res en disent long sur leur amour. La journ\u00e9e se poursuit avec la c\u00e9r\u00e9monie civile \u00e0 la mairie de C\u00e9nac. Bien que la chaleur et les masques aient compliqu\u00e9 un peu les choses, l\u2019intimit\u00e9 et la tendresse du moment ont marqu\u00e9 tous les invit\u00e9s. C\u2019est dans cet \u00e9crin de simplicit\u00e9 que Lucille et Philippe ont officialis\u00e9 leur union devant leurs proches.[\/vc_column_text][\/vc_column][\/vc_row][vc_row full_width=&#8221;stretch_row&#8221;][vc_column css=&#8221;.vc_custom_1736606296420{padding-top: 0px !important;}&#8221;][vc_masonry_media_grid style=&#8221;lazy&#8221; items_per_page=&#8221;15&#8243; element_width=&#8221;6&#8243; gap=&#8221;15&#8243; initial_loading_animation=&#8221;fadeIn&#8221; grid_id=&#8221;vc_gid:1737919781433-02c9f853-91b2-8&#8243; include=&#8221;10270,10271,10272,10273,10274,10275,10276,10277,10278,10279,10280,10281,10282,10283,10284,10285,10286,10287,10288,10289,10290,10291,10292,10293,10294,10295,10296,10297,10298,10299,10300,10301&#8243;][\/vc_column][\/vc_row][vc_row full_width=&#8221;stretch_row&#8221; desctop_mt=&#8221;margin-lg-20t&#8221; desctop_mb=&#8221;margin-lg-35b&#8221; desctop_md_mt=&#8221;margin-md-20t&#8221; desctop_md_mb=&#8221;margin-md-35b&#8221; tablets_mt=&#8221;margin-sm-20t&#8221; tablets_mb=&#8221;margin-sm-20b&#8221; mobile_mt=&#8221;margin-xs-40t&#8221; mobile_mb=&#8221;margin-xs-10b&#8221; el_class=&#8221;xb&#8221;][vc_column css=&#8221;.vc_custom_1737471490457{padding-top: 0px !important;}&#8221;][vc_column_text el_class=&#8221;xb-paragraph-header&#8221;]C\u00e9r\u00e9monie &#038; Cocktail[\/vc_column_text][vc_column_text]Apr\u00e8s l&#8217;union civile, direction le magnifique <a href=\"https:\/\/domainemahourat.com\/\" target=\"_blank\" rel=\"noopener\">Domaine de Mahourat<\/a> \u00e0 Saint-Pierre-de-Bat pour le cocktail. Nich\u00e9 dans un cadre bucolique, ce lieu offre une ambiance paisible et conviviale. Les invit\u00e9s se dirigent vers le pr\u00e9au o\u00f9 a lieu la c\u00e9r\u00e9monie la\u00efque.<\/p>\n<p>Philippe arrive au bras de sa maman, suivi de Lucille au bras de son papa.<br \/>\nLa c\u00e9r\u00e9monie est ponctu\u00e9e de moments \u00e9mouvants : discours des fr\u00e8res et soeurs, pause musicale sur le th\u00e8me de Starwars, \u00e9changes des voeux et des alliances.<br \/>\nMes mari\u00e9s sortent sous les acclamations de leurs amis, familles et invit\u00e9s.<\/p>\n<p>Apr\u00e8s ce moment fort en \u00e9motion, sous l\u2019ombre des arbres du verger, les invit\u00e9s se rafra\u00eechissent et savourent ces moments partag\u00e9s. Le Domaine se pr\u00eate parfaitement aux photos spontan\u00e9es et aux \u00e9changes anim\u00e9s entre proches, cr\u00e9ant des souvenirs \u00e0 ch\u00e9rir pour toujours.[\/vc_column_text][\/vc_column][\/vc_row][vc_row full_width=&#8221;stretch_row&#8221;][vc_column css=&#8221;.vc_custom_1736606296420{padding-top: 0px !important;}&#8221;][vc_masonry_media_grid style=&#8221;lazy&#8221; items_per_page=&#8221;15&#8243; element_width=&#8221;6&#8243; gap=&#8221;15&#8243; initial_loading_animation=&#8221;fadeIn&#8221; grid_id=&#8221;vc_gid:1737919781434-9ba3364c-a55b-6&#8243; include=&#8221;10302,10303,10304,10305,10306,10307,10308,10309,10310,10311,10312,10313,10314,10315,10316,10317,10318,10319,10320,10321,10322,10323,10324,10325,10326,10327,10328,10329,10330,10331,10332,10333,10334,10335,10336,10337,10338,10339,10340,10341,10342,10343,10344,10345&#8243;][\/vc_column][\/vc_row][vc_row full_width=&#8221;stretch_row&#8221; desctop_mt=&#8221;margin-lg-20t&#8221; desctop_mb=&#8221;margin-lg-35b&#8221; desctop_md_mt=&#8221;margin-md-20t&#8221; desctop_md_mb=&#8221;margin-md-35b&#8221; tablets_mt=&#8221;margin-sm-20t&#8221; tablets_mb=&#8221;margin-sm-20b&#8221; mobile_mt=&#8221;margin-xs-40t&#8221; mobile_mb=&#8221;margin-xs-10b&#8221; el_class=&#8221;xb&#8221;][vc_column css=&#8221;.vc_custom_1737471490457{padding-top: 0px !important;}&#8221;][vc_column_text el_class=&#8221;xb-paragraph-header&#8221;]La s\u00e9ance couple[\/vc_column_text][vc_column_text]Alors que le soleil d\u00e9cline \u00e0 l\u2019horizon, je propose \u00e0 Lucille et Philippe une s\u00e9ance photo dans un champ voisin. L\u2019\u00e9clairage dor\u00e9 de la fin de journ\u00e9e sublime la campagne bordelaise et met en valeur la complicit\u00e9 des mari\u00e9s. Ces instants vol\u00e9s, pleins de douceur et de rires, capturent l\u2019essence m\u00eame de leur amour. Chaque clich\u00e9 raconte une histoire, celle d\u2019un couple authentique et amoureux, c\u00e9l\u00e9brant leur union dans la simplicit\u00e9 et l\u2019\u00e9motion.<\/p>\n<p>Vous souhaitez immortaliser votre mariage dans un cadre unique ? Je serais ravi de vous accompagner dans cette belle aventure ! D\u00e9couvrez plus de mon travail sur Instagram : <a href=\"https:\/\/www.instagram.com\/xavier.b.photography\" target=\"_new\" rel=\"noopener\">@xavier.b.photography<\/a>.[\/vc_column_text][\/vc_column][\/vc_row][vc_row full_width=&#8221;stretch_row&#8221;][vc_column css=&#8221;.vc_custom_1736606296420{padding-top: 0px !important;}&#8221;][vc_masonry_media_grid style=&#8221;lazy&#8221; items_per_page=&#8221;15&#8243; element_width=&#8221;6&#8243; gap=&#8221;15&#8243; initial_loading_animation=&#8221;fadeIn&#8221; grid_id=&#8221;vc_gid:1737919781434-1a613e91-bc40-8&#8243; include=&#8221;10346,10347,10348,10349,10350,10351,10352,10353,10354,10355,10356,10357,10358,10359,10360,10361,10362,10363,10364,10365,10366,10367,10368,10369&#8243;][\/vc_column][\/vc_row][vc_row desctop_mt=&#8221;margin-lg-60t&#8221; desctop_mb=&#8221;margin-lg-35b&#8221; desctop_md_mt=&#8221;margin-md-60t&#8221; desctop_md_mb=&#8221;margin-md-35b&#8221; tablets_mt=&#8221;margin-sm-40t&#8221; tablets_mb=&#8221;margin-sm-20b&#8221; mobile_mt=&#8221;margin-xs-20t&#8221; mobile_mb=&#8221;margin-xs-10b&#8221; el_class=&#8221;xb-header&#8221;][vc_column css=&#8221;.vc_custom_1736943833000{padding-top: 0px !important;}&#8221;][wiso_headings style=&#8221;text_center&#8221; title=&#8221;Contactez-moi&#8221;][vc_column_text el_class=&#8221;.me&#8221;]<\/p>\n<p style=\"text-align: center;\">Vous aimez mon travail et vous pensez que je peux \u00eatre votre <strong>photographe<\/strong> ? Besoin de plus d&#8217;informations ou d&#8217;un devis personnalis\u00e9 ? Contactez-moi via ce formulaire, je vous r\u00e9pondrai rapidement !<\/p>\n<p>[\/vc_column_text][\/vc_column][\/vc_row][vc_row desctop_mb=&#8221;margin-lg-30b&#8221; desctop_md_mb=&#8221;margin-md-30b&#8221; tablets_mb=&#8221;margin-sm-20b&#8221; mobile_mb=&#8221;margin-xs-20b&#8221;][vc_column el_class=&#8221;contact-form-mariage&#8221;]<div role=\"form\" class=\"wpcf7\" id=\"wpcf7-f5982-o1\" lang=\"en\" dir=\"ltr\">\n<div class=\"screen-reader-response\"><p role=\"status\" aria-live=\"polite\" aria-atomic=\"true\"><\/p> <ul><\/ul><\/div>\n<form action=\"\/en\/wp-json\/wp\/v2\/pages\/10205#wpcf7-f5982-o1\" method=\"post\" class=\"wpcf7-form init\" novalidate=\"novalidate\" data-status=\"init\">\n<div style=\"display: none;\">\n<input type=\"hidden\" name=\"_wpcf7\" value=\"5982\" \/>\n<input type=\"hidden\" name=\"_wpcf7_version\" value=\"5.4.1\" \/>\n<input type=\"hidden\" name=\"_wpcf7_locale\" value=\"en\" \/>\n<input type=\"hidden\" name=\"_wpcf7_unit_tag\" value=\"wpcf7-f5982-o1\" \/>\n<input type=\"hidden\" name=\"_wpcf7_container_post\" value=\"0\" \/>\n<input type=\"hidden\" name=\"_wpcf7_posted_data_hash\" value=\"\" \/>\n<input type=\"hidden\" name=\"lang\" value=\"en\" \/>\n<\/div>\n<p><label> Lastname *<br \/>\n    <span class=\"wpcf7-form-control-wrap your-name\"><input type=\"text\" name=\"your-name\" value=\"\" size=\"40\" class=\"wpcf7-form-control wpcf7-text wpcf7-validates-as-required\" aria-required=\"true\" aria-invalid=\"false\" \/><\/span> <\/label><\/p>\n<p><label> Firstname *<br \/>\n    <span class=\"wpcf7-form-control-wrap your-firstname\"><input type=\"text\" name=\"your-firstname\" value=\"\" size=\"40\" class=\"wpcf7-form-control wpcf7-text wpcf7-validates-as-required\" aria-required=\"true\" aria-invalid=\"false\" \/><\/span> <\/label><\/p>\n<p><label> Email *<br \/>\n    <span class=\"wpcf7-form-control-wrap your-email\"><input type=\"email\" name=\"your-email\" value=\"\" size=\"40\" class=\"wpcf7-form-control wpcf7-text wpcf7-email wpcf7-validates-as-required wpcf7-validates-as-email\" aria-required=\"true\" aria-invalid=\"false\" \/><\/span> <\/label><\/p>\n<p><label> Phone number *<br \/>\n    <span class=\"wpcf7-form-control-wrap your-phone\"><input type=\"tel\" name=\"your-phone\" value=\"\" size=\"40\" class=\"wpcf7-form-control wpcf7-text wpcf7-tel wpcf7-validates-as-required wpcf7-validates-as-tel\" aria-required=\"true\" aria-invalid=\"false\" \/><\/span> <\/label><\/p>\n<p><label> Your message *<br \/>\n    <span class=\"wpcf7-form-control-wrap your-message\"><textarea name=\"your-message\" cols=\"40\" rows=\"10\" class=\"wpcf7-form-control wpcf7-textarea wpcf7-validates-as-required\" aria-required=\"true\" aria-invalid=\"false\"><\/textarea><\/span> <\/label><br \/>\n<div id=\"cf7sr-69fa5942277ec\" class=\"cf7sr-g-recaptcha\" data-theme=\"light\" data-type=\"image\" data-size=\"normal\" data-sitekey=\"6Lf0ZtYhAAAAAFckl5Aq4AEBi8EoLfMY-zzDwRwB\"><\/div><span class=\"wpcf7-form-control-wrap cf7sr-recaptcha\" data-name=\"cf7sr-recaptcha\"><input type=\"hidden\" name=\"cf7sr-recaptcha\" value=\"\" class=\"wpcf7-form-control\"><\/span><br \/>\n<input type=\"submit\" value=\"Send\" class=\"wpcf7-form-control wpcf7-submit\" \/><\/p>\n<p style=\"display: none !important;\" class=\"akismet-fields-container\" data-prefix=\"_wpcf7_ak_\"><label>&#916;<textarea name=\"_wpcf7_ak_hp_textarea\" cols=\"45\" rows=\"8\" maxlength=\"100\"><\/textarea><\/label><input type=\"hidden\" id=\"ak_js_1\" name=\"_wpcf7_ak_js\" value=\"32\"\/><script>document.getElementById( \"ak_js_1\" ).setAttribute( \"value\", ( new Date() ).getTime() );<\/script><\/p><div class=\"wpcf7-response-output\" aria-hidden=\"true\"><\/div><\/form><\/div>[\/vc_column][\/vc_row]<\/p>\n","protected":false},"excerpt":{"rendered":"<p>[vc_row full_width=&#8221;stretch_row_content_no_spaces&#8221;][vc_column][wiso_banner style_banner=&#8221;simple&#8221; height=&#8221;full&#8221; style=&#8221;center_content&#8221; overlay=&#8221;yes&#8221; title=&#8221;Lucille &#038; Philippe&#8221; image=&#8221;10206&#8243; subtitle=&#8221;Mariage&#8221;][\/vc_column][\/vc_row][vc_row full_width=&#8221;stretch_row&#8221; desctop_mt=&#8221;margin-lg-50t&#8221; desctop_md_mt=&#8221;margin-md-50t&#8221; tablets_mt=&#8221;margin-sm-40t&#8221; mobile_mt=&#8221;margin-xs-25t&#8221; desctop_lg_pb=&#8221;padding-lg-30b&#8221; desctop_pb=&#8221;padding-md-30b&#8221; tablets_pb=&#8221;padding-sm-30b&#8221; mobile_pb=&#8221;padding-xs-20b&#8221; el_class=&#8221;xb mod-left mod-no-margin mod-portfolio-reversed&#8221;][vc_column offset=&#8221;vc_col-lg-3 vc_col-md-12&#8243;][vc_row_inner css=&#8221;.vc_custom_1737471190732{padding-top: 20px !important;padding-left: 2px !important;}&#8221;][vc_column_inner][vc_column_text]Date 14 Ao\u00fbt 2021 Clients Lucille &#038; Philippe[\/vc_column_text][\/vc_column_inner][\/vc_row_inner][vc_row_inner css=&#8221;.vc_custom_1737393329303{padding-top: 20px !important;}&#8221;][vc_column_inner][vc_raw_html]JTNDdWwlMjBjbGFzcyUzRCUyMnhiLXRhZ3MlMjBtb2QtZ3JlZW4lMjIlM0UlMEElM0NsaSUzRU1hcmlhZ2UlM0MlMkZsaSUzRSUwQSUzQ2xpJTNFRG9tYWluZSUyMGRlJTIwTWFob3VyYXQlM0MlMkZsaSUzRSUwQSUzQ2xpJTNFUGhvdG9ncmFwaGUlMjBtYXJpYWdlJTNDJTJGbGklM0UlMEElM0NsaSUzRVMlQzMlQTlhbmNlJTIwY291cGxlJTNDJTJGbGklM0UlMEElM0NsaSUzRVNhaW50JTIwUGllcnJlJTIwZGUlMjBCYXQlM0MlMkZsaSUzRSUwQSUzQ2xpJTNFQW1vdXIlM0MlMkZsaSUzRSUwQSUzQ2xpJTNFQyVDMyVBOW5hYyUzQyUyRmxpJTNFJTBBJTNDJTJGdWwlM0U=[\/vc_raw_html][\/vc_column_inner][\/vc_row_inner][\/vc_column][vc_column desctop_mb=&#8221;margin-lg-20b&#8221; desctop_md_mb=&#8221;margin-md-20b&#8221; tablets_mb=&#8221;margin-sm-20b&#8221; mobile_mb=&#8221;margin-xs-20b&#8221; offset=&#8221;vc_col-lg-9 vc_col-md-12&#8243;][vc_row_inner][vc_column_inner el_class=&#8221;xb-portofolio-title mod-wedding&#8221;][vc_column_text]Le mariage de Lucille &#038; Philippe au &#8230;<\/p>\n","protected":false},"author":1,"featured_media":10206,"parent":0,"menu_order":0,"comment_status":"closed","ping_status":"closed","template":"","meta":{"footnotes":""},"_links":{"self":[{"href":"https:\/\/www.xavierbellenger.com\/en\/wp-json\/wp\/v2\/pages\/10205"}],"collection":[{"href":"https:\/\/www.xavierbellenger.com\/en\/wp-json\/wp\/v2\/pages"}],"about":[{"href":"https:\/\/www.xavierbellenger.com\/en\/wp-json\/wp\/v2\/types\/page"}],"author":[{"embeddable":true,"href":"https:\/\/www.xavierbellenger.com\/en\/wp-json\/wp\/v2\/users\/1"}],"replies":[{"embeddable":true,"href":"https:\/\/www.xavierbellenger.com\/en\/wp-json\/wp\/v2\/comments?post=10205"}],"version-history":[{"count":13,"href":"https:\/\/www.xavierbellenger.com\/en\/wp-json\/wp\/v2\/pages\/10205\/revisions"}],"predecessor-version":[{"id":16603,"href":"https:\/\/www.xavierbellenger.com\/en\/wp-json\/wp\/v2\/pages\/10205\/revisions\/16603"}],"wp:featuredmedia":[{"embeddable":true,"href":"https:\/\/www.xavierbellenger.com\/en\/wp-json\/wp\/v2\/media\/10206"}],"wp:attachment":[{"href":"https:\/\/www.xavierbellenger.com\/en\/wp-json\/wp\/v2\/media?parent=10205"}],"curies":[{"name":"wp","href":"https:\/\/api.w.org\/{rel}","templated":true}]}}