{"id":10979,"date":"2025-01-31T09:00:22","date_gmt":"2025-01-31T08:00:22","guid":{"rendered":"https:\/\/new.xavierbellenger.com\/?page_id=10979"},"modified":"2025-01-31T18:23:34","modified_gmt":"2025-01-31T17:23:34","slug":"mariage-chateau-de-seguin-emilie-benjamin","status":"publish","type":"page","link":"https:\/\/www.xavierbellenger.com\/en\/mariage-chateau-de-seguin-emilie-benjamin\/","title":{"rendered":"Wedding at Ch\u00e2teau de Seguin &#8211; Emilie &#038; Benjamin"},"content":{"rendered":"<p>[vc_row full_width=&#8221;stretch_row_content_no_spaces&#8221;][vc_column][wiso_banner style_banner=&#8221;simple&#8221; height=&#8221;full&#8221; style=&#8221;center_content&#8221; overlay=&#8221;yes&#8221; title=&#8221;Emilie &#038; Benjamin&#8221; image=&#8221;10984&#8243; subtitle=&#8221;Wedding&#8221;][\/vc_column][\/vc_row][vc_row full_width=&#8221;stretch_row&#8221; desctop_mt=&#8221;margin-lg-50t&#8221; desctop_md_mt=&#8221;margin-md-50t&#8221; tablets_mt=&#8221;margin-sm-40t&#8221; mobile_mt=&#8221;margin-xs-25t&#8221; desctop_lg_pb=&#8221;padding-lg-30b&#8221; desctop_pb=&#8221;padding-md-30b&#8221; tablets_pb=&#8221;padding-sm-30b&#8221; mobile_pb=&#8221;padding-xs-20b&#8221; el_class=&#8221;xb mod-left mod-no-margin mod-portfolio-reversed&#8221;][vc_column offset=&#8221;vc_col-lg-3 vc_col-md-12&#8243;][vc_row_inner css=&#8221;.vc_custom_1737471190732{padding-top: 20px !important;padding-left: 2px !important;}&#8221;][vc_column_inner][vc_column_text]<strong>Date<\/strong><br \/>\nOctober 1st 2022<\/p>\n<p><strong>Clients<\/strong><br \/>\nEmilie &#038; Benjamin[\/vc_column_text][\/vc_column_inner][\/vc_row_inner][vc_row_inner css=&#8221;.vc_custom_1737393329303{padding-top: 20px !important;}&#8221;][vc_column_inner][vc_raw_html]JTNDdWwlMjBjbGFzcyUzRCUyMnhiLXRhZ3MlMjIlM0UlMEElM0NsaSUzRVdlZGRpbmclM0MlMkZsaSUzRSUwQSUzQ2xpJTNFQ2glQzMlQTJ0ZWF1JTIwZGUlMjBTZWd1aW4lM0MlMkZsaSUzRSUwQSUzQ2xpJTNFV2VkZGluZyUyMHBob3RvZ3JhcGhlciUzQyUyRmxpJTNFJTBBJTNDbGklM0VDb3VwbGUlM0MlMkZsaSUzRSUwQSUzQ2xpJTNFQm9yZGVhdXglM0MlMkZsaSUzRSUwQSUzQ2xpJTNFRmlyc3QlMjBsb29rJTNDJTJGbGklM0UlMEElM0NsaSUzRURlc3RpbmF0aW9uJTIwd2VkZGluZyUzQyUyRmxpJTNFJTBBJTNDbGklM0VBcmNhY2hvbiUzQyUyRmxpJTNFJTBBJTNDJTJGdWwlM0U=[\/vc_raw_html][\/vc_column_inner][\/vc_row_inner][\/vc_column][vc_column desctop_mb=&#8221;margin-lg-20b&#8221; desctop_md_mb=&#8221;margin-md-20b&#8221; tablets_mb=&#8221;margin-sm-20b&#8221; mobile_mb=&#8221;margin-xs-20b&#8221; offset=&#8221;vc_col-lg-9 vc_col-md-12&#8243;][vc_row_inner][vc_column_inner el_class=&#8221;xb-portofolio-title mod-wedding&#8221;][vc_column_text]The wedding of Emilie &#038; Benjamin at Ch\u00e2teau de Seguin[\/vc_column_text][\/vc_column_inner][\/vc_row_inner][vc_column_text el_class=&#8221;paragraph&#8221; css=&#8221;.vc_custom_1738243634574{padding-top: 20px !important;}&#8221;]A wedding at <a href=\"\/en\/chateau-de-seguin\/\">Ch\u00e2teau de Seguin<\/a> is the perfect blend of romance and elegance, even under a light rain. This was the setting chosen by Emilie and Benjamin to celebrate their union, surrounded by their loved ones. From the preparations, the emotion and the bond between the couple were tangible, creating a warm atmosphere despite the gray skies. Every detail, from Emilie\u2019s dress to the carefully chosen decorations, told a unique story. Between the tender &#8220;first look,&#8221; an improvised civil ceremony under a shelter, and a couple\u2019s photo session bathed in soft light, every moment was magical.<\/p>\n<p>Discover this unforgettable wedding, where love shone brighter than the weather, in the heart of this exceptional venue.[\/vc_column_text][\/vc_column][\/vc_row][vc_row full_width=&#8221;stretch_row&#8221;][vc_column css=&#8221;.vc_custom_1736606296420{padding-top: 0px !important;}&#8221;][vc_single_image image=&#8221;9324&#8243; img_size=&#8221;full&#8221; alignment=&#8221;center&#8221;][\/vc_column][\/vc_row][vc_row full_width=&#8221;stretch_row&#8221; desctop_mt=&#8221;margin-lg-20t&#8221; desctop_mb=&#8221;margin-lg-35b&#8221; desctop_md_mt=&#8221;margin-md-20t&#8221; desctop_md_mb=&#8221;margin-md-35b&#8221; tablets_mt=&#8221;margin-sm-20t&#8221; tablets_mb=&#8221;margin-sm-20b&#8221; mobile_mt=&#8221;margin-xs-40t&#8221; mobile_mb=&#8221;margin-xs-10b&#8221; el_class=&#8221;xb&#8221;][vc_column css=&#8221;.vc_custom_1737471490457{padding-top: 0px !important;}&#8221;][vc_column_text el_class=&#8221;xb-paragraph-header&#8221;]The preparations[\/vc_column_text][vc_column_text]After a morning engagement session at Cap Ferret, I met Emilie and Benjamin for their big day at Ch\u00e2teau de Seguin in Lignan-de-Bordeaux. Despite a light rain from the morning, the warm atmosphere and the couple\u2019s excitement lit up this romantic setting.<\/p>\n<p>Emilie, surrounded by her family and friends, prepares in the bright conservatory of the ch\u00e2teau, where hairstyling and makeup take place. Meanwhile, Benjamin, accompanied by his brother, gets ready in a playful atmosphere, providing perfect moments to capture beautiful portraits of him.[\/vc_column_text][\/vc_column][\/vc_row][vc_row full_width=&#8221;stretch_row&#8221;][vc_column css=&#8221;.vc_custom_1736606296420{padding-top: 0px !important;}&#8221;][vc_masonry_media_grid style=&#8221;lazy&#8221; items_per_page=&#8221;15&#8243; element_width=&#8221;6&#8243; gap=&#8221;15&#8243; initial_loading_animation=&#8221;fadeIn&#8221; grid_id=&#8221;vc_gid:1738243530926-f9ea2b52-498e-5&#8243; include=&#8221;10986,10987,10988,10989,10990,10991,10992,10993,10994,10995,10996,10997,10998,10999,11000,11001,11002,11003,11004,11005,11006,11007,11008,11009,11010,11011,11012,11013,11014,11015,11016,11017,11018,11019,11020,11021,11022,11023,11024,11025,11026,11027,11028,11029,11030,11031,11032,11033,11034,11035,11036,11037,11038,11039,11040,11041,11042,11043,11044,11045,11046,11047,11048,11049,11050,11051,11052,11053,11054,11055,11056,11057,11058,11059,11060,11061&#8243;][\/vc_column][\/vc_row][vc_row full_width=&#8221;stretch_row&#8221; desctop_mt=&#8221;margin-lg-20t&#8221; desctop_mb=&#8221;margin-lg-35b&#8221; desctop_md_mt=&#8221;margin-md-20t&#8221; desctop_md_mb=&#8221;margin-md-35b&#8221; tablets_mt=&#8221;margin-sm-20t&#8221; tablets_mb=&#8221;margin-sm-20b&#8221; mobile_mt=&#8221;margin-xs-40t&#8221; mobile_mb=&#8221;margin-xs-10b&#8221; el_class=&#8221;xb&#8221;][vc_column css=&#8221;.vc_custom_1737471490457{padding-top: 0px !important;}&#8221;][vc_column_text el_class=&#8221;xb-paragraph-header&#8221;]The first look[\/vc_column_text][vc_column_text]Every detail of the wedding is carefully thought out: from the invitations to the bouquet, including Emilie\u2019s accessories and the decorations. Once ready, Emilie slips into an elegant backless gown, assisted by her mother in a private moment full of emotion.<\/p>\n<p>The &#8220;first look&#8221; takes place in the conservatory. Benjamin, all smiles, waits patiently for Emilie, who descends the stairs with grace. Their gazes meet, and the moment is suspended in time. Moved, Benjamin admires Emilie in her beautiful dress, a tender and powerful moment.[\/vc_column_text][\/vc_column][\/vc_row][vc_row full_width=&#8221;stretch_row&#8221;][vc_column css=&#8221;.vc_custom_1736606296420{padding-top: 0px !important;}&#8221;][vc_masonry_media_grid style=&#8221;lazy&#8221; items_per_page=&#8221;15&#8243; element_width=&#8221;6&#8243; gap=&#8221;15&#8243; initial_loading_animation=&#8221;fadeIn&#8221; grid_id=&#8221;vc_gid:1738243530926-4c623cdb-1b35-8&#8243; include=&#8221;11064,11065,11066,11067,11068,11069,11070,11071,11072,11073,11074,11075,11076,11077,11078,11079,11080,11081,11082,11083,11084,11085,11086,11087,11088&#8243;][\/vc_column][\/vc_row][vc_row full_width=&#8221;stretch_row&#8221; desctop_mt=&#8221;margin-lg-20t&#8221; desctop_mb=&#8221;margin-lg-35b&#8221; desctop_md_mt=&#8221;margin-md-20t&#8221; desctop_md_mb=&#8221;margin-md-35b&#8221; tablets_mt=&#8221;margin-sm-20t&#8221; tablets_mb=&#8221;margin-sm-20b&#8221; mobile_mt=&#8221;margin-xs-40t&#8221; mobile_mb=&#8221;margin-xs-10b&#8221; el_class=&#8221;xb&#8221;][vc_column css=&#8221;.vc_custom_1737471490457{padding-top: 0px !important;}&#8221;][vc_column_text el_class=&#8221;xb-paragraph-header&#8221;]Civil union[\/vc_column_text][vc_column_text]After this unforgettable encounter, we head to the Gujan-Mestras Town Hall for the civil union. Emilie and Benjamin exchange their vows surrounded by their loved ones in a joyful and tender atmosphere. Applause and smiles mark this key moment as the newlyweds exit the town hall, radiant despite the threatening sky.[\/vc_column_text][\/vc_column][\/vc_row][vc_row full_width=&#8221;stretch_row&#8221;][vc_column css=&#8221;.vc_custom_1736606296420{padding-top: 0px !important;}&#8221;][vc_masonry_media_grid style=&#8221;lazy&#8221; items_per_page=&#8221;15&#8243; element_width=&#8221;6&#8243; gap=&#8221;15&#8243; initial_loading_animation=&#8221;fadeIn&#8221; grid_id=&#8221;vc_gid:1738243530927-73680ada-9944-9&#8243; include=&#8221;11089,11090,11091,11092,11093,11094,11095,11096,11097,11098,11099,11100,11101,11102,11103,11104,11105,11106,11107,11108,11109,11110,11111,11112,11113,11114,11115,11116&#8243;][\/vc_column][\/vc_row][vc_row full_width=&#8221;stretch_row&#8221; desctop_mt=&#8221;margin-lg-20t&#8221; desctop_mb=&#8221;margin-lg-35b&#8221; desctop_md_mt=&#8221;margin-md-20t&#8221; desctop_md_mb=&#8221;margin-md-35b&#8221; tablets_mt=&#8221;margin-sm-20t&#8221; tablets_mb=&#8221;margin-sm-20b&#8221; mobile_mt=&#8221;margin-xs-40t&#8221; mobile_mb=&#8221;margin-xs-10b&#8221; el_class=&#8221;xb&#8221;][vc_column css=&#8221;.vc_custom_1737471490457{padding-top: 0px !important;}&#8221;][vc_column_text el_class=&#8221;xb-paragraph-header&#8221;]Secular ceremony[\/vc_column_text][vc_column_text]Back at Ch\u00e2teau de Seguin, the rain forces us to improvise. The guests help rearrange the space for the ceremony under a sheltered area, and in no time, everything is ready for this solemn moment. Benjamin makes an emotional entrance with his mother, followed by Emilie, who walks down the aisle with her father.<\/p>\n<p>The speeches from the witnesses and friends follow, filled with personal anecdotes and touching moments. These heartfelt interventions add an intimate touch to the ceremony, deepening the connection and emotions shared by everyone present.[\/vc_column_text][\/vc_column][\/vc_row][vc_row full_width=&#8221;stretch_row&#8221;][vc_column css=&#8221;.vc_custom_1736606296420{padding-top: 0px !important;}&#8221;][vc_masonry_media_grid style=&#8221;lazy&#8221; items_per_page=&#8221;15&#8243; element_width=&#8221;6&#8243; gap=&#8221;15&#8243; initial_loading_animation=&#8221;fadeIn&#8221; grid_id=&#8221;vc_gid:1738243530927-2b4041da-7161-5&#8243; include=&#8221;11117,11118,11119,11120,11121,11122,11123,11124,11125,11126,11127,11128,11129,11130,11131,11132,11133,11134,11135,11136,11137,11138,11139,11140,11141,11142,11143,11144,11145,11146,11147,11148,11149,11150,11151,11152,11153,11154,11155,11156,11157,11158,11159,11160,11161,11162,11163,11164,11165,11166,11167,11168,11169,11170,11171,11172&#8243;][\/vc_column][\/vc_row][vc_row full_width=&#8221;stretch_row&#8221; desctop_mt=&#8221;margin-lg-20t&#8221; desctop_mb=&#8221;margin-lg-35b&#8221; desctop_md_mt=&#8221;margin-md-20t&#8221; desctop_md_mb=&#8221;margin-md-35b&#8221; tablets_mt=&#8221;margin-sm-20t&#8221; tablets_mb=&#8221;margin-sm-20b&#8221; mobile_mt=&#8221;margin-xs-40t&#8221; mobile_mb=&#8221;margin-xs-10b&#8221; el_class=&#8221;xb&#8221;][vc_column css=&#8221;.vc_custom_1737471490457{padding-top: 0px !important;}&#8221;][vc_column_text el_class=&#8221;xb-paragraph-header&#8221;]Cocktail[\/vc_column_text][vc_column_text]Despite the rain, the cocktail hour takes place in a friendly and festive atmosphere. Guests gather under the shelters to share laughter, conversations, and games. \u00c9milie organizes a ribbon game, a fun alternative to the traditional bouquet toss, which entertains and surprises everyone.[\/vc_column_text][\/vc_column][\/vc_row][vc_row full_width=&#8221;stretch_row&#8221;][vc_column css=&#8221;.vc_custom_1736606296420{padding-top: 0px !important;}&#8221;][vc_masonry_media_grid style=&#8221;lazy&#8221; items_per_page=&#8221;15&#8243; element_width=&#8221;6&#8243; gap=&#8221;15&#8243; initial_loading_animation=&#8221;fadeIn&#8221; grid_id=&#8221;vc_gid:1738243530927-859de5fa-7cf3-4&#8243; include=&#8221;11173,11174,11175,11176,11177,11178,11179,11180,11181,11182,11183,11184,11185,11186,11187,11188,11189,11190,11191,11192&#8243;][\/vc_column][\/vc_row][vc_row full_width=&#8221;stretch_row&#8221; desctop_mt=&#8221;margin-lg-20t&#8221; desctop_mb=&#8221;margin-lg-35b&#8221; desctop_md_mt=&#8221;margin-md-20t&#8221; desctop_md_mb=&#8221;margin-md-35b&#8221; tablets_mt=&#8221;margin-sm-20t&#8221; tablets_mb=&#8221;margin-sm-20b&#8221; mobile_mt=&#8221;margin-xs-40t&#8221; mobile_mb=&#8221;margin-xs-10b&#8221; el_class=&#8221;xb&#8221;][vc_column css=&#8221;.vc_custom_1737471490457{padding-top: 0px !important;}&#8221;][vc_column_text el_class=&#8221;xb-paragraph-header&#8221;]Couple photoshoot[\/vc_column_text][vc_column_text]During a break in the weather, we sneak away for a photo session in the castle park. The soft twilight light provides the perfect setting to capture moments of closeness and tenderness. \u00c9milie and Benjamin play along naturally, and the photos reflect their sincere love and joy of life.<\/p>\n<p>As night falls, the festivities continue in the reception hall. \u00c9milie and Benjamin open the evening with an emotional first dance, under the amazed gazes of their loved ones. The music, soft lighting, and festive atmosphere create a magical moment where love is at the heart of everything.<\/p>\n<p>Despite the unpredictable weather, this day was filled with joy, emotion, and unforgettable memories. You can discover more magical weddings by following me on Instagram <a href=\"http:\/\/www.instagram.com\/xavier.b.photography\">@xavier.b.photography<\/a>.. See you soon![\/vc_column_text][\/vc_column][\/vc_row][vc_row full_width=&#8221;stretch_row&#8221;][vc_column css=&#8221;.vc_custom_1736606296420{padding-top: 0px !important;}&#8221;][vc_masonry_media_grid style=&#8221;lazy&#8221; items_per_page=&#8221;15&#8243; element_width=&#8221;6&#8243; gap=&#8221;15&#8243; initial_loading_animation=&#8221;fadeIn&#8221; grid_id=&#8221;vc_gid:1738243530928-dc978d61-2b2c-6&#8243; include=&#8221;11193,11194,11195,11196,11197,11198,11199,11200,11201,11202,11203,11204,11205,11206,11207,11208,11209,11210,11211&#8243;][\/vc_column][\/vc_row][vc_row full_width=&#8221;stretch_row&#8221; desctop_mt=&#8221;margin-lg-20t&#8221; desctop_md_mt=&#8221;margin-md-20t&#8221; tablets_mt=&#8221;margin-sm-20t&#8221; mobile_mt=&#8221;margin-xs-20t&#8221; css=&#8221;.vc_custom_1736937257690{background-image: url(\/wp-content\/uploads\/2025\/01\/Mariage-6.jpg?id=) !important;background-position: center !important;background-repeat: no-repeat !important;background-size: cover !important;}&#8221;][vc_column][wiso_testimonial loop=&#8221;true&#8221; color=&#8221;#ffffff&#8221;][wiso_testimonial_items author=&#8221;Emilie &#038; Benjamin&#8221; position=&#8221;Mariage au Ch\u00e2teau de Seguin&#8221;]&#8221;Nous avons fait appel \u00e0 Xavier pour r\u00e9aliser les photos de notre mariage en octobre 2022. Le jour de notre mariage, Xavier a parfaitement su s\u2019adapter aux quelques impr\u00e9vus (notamment la m\u00e9t\u00e9o) et rester de bonne humeur et professionnel ! L\u2019\u00e9nergie de Xavier le jour J a \u00e9t\u00e9 remarquable ! Le contact est \u00e9galement tr\u00e8s bien pass\u00e9 avec nos proches, mais aussi avec les autres prestataires, notamment le vid\u00e9aste ! Les photos sont tr\u00e8s r\u00e9ussies. Nous sommes r\u00e9ellement ravis du r\u00e9sultat, qui nous permet de graver un souvenir tr\u00e8s pr\u00e9cieux du jour J.\u00a0 Evidemment nous recommandons donc Xavier sans h\u00e9siter !&#8221;[\/wiso_testimonial_items][\/wiso_testimonial][\/vc_column][\/vc_row][vc_row desctop_mt=&#8221;margin-lg-60t&#8221; desctop_mb=&#8221;margin-lg-35b&#8221; desctop_md_mt=&#8221;margin-md-60t&#8221; desctop_md_mb=&#8221;margin-md-35b&#8221; tablets_mt=&#8221;margin-sm-40t&#8221; tablets_mb=&#8221;margin-sm-20b&#8221; mobile_mt=&#8221;margin-xs-20t&#8221; mobile_mb=&#8221;margin-xs-10b&#8221; el_class=&#8221;xb-header&#8221;][vc_column css=&#8221;.vc_custom_1736943833000{padding-top: 0px !important;}&#8221;][wiso_headings style=&#8221;text_center&#8221; title=&#8221;Inquire&#8221;][vc_column_text el_class=&#8221;.me&#8221;]<\/p>\n<p style=\"text-align: center;\">Do you love my work and think I could be your\u00a0<strong>photographer<\/strong>? Need more information or a personalized quote? Contact me through this form, and I will get back to you quickly!<\/p>\n<p>[\/vc_column_text][\/vc_column][\/vc_row][vc_row desctop_mb=&#8221;margin-lg-30b&#8221; desctop_md_mb=&#8221;margin-md-30b&#8221; tablets_mb=&#8221;margin-sm-20b&#8221; mobile_mb=&#8221;margin-xs-20b&#8221;][vc_column el_class=&#8221;contact-form-mariage&#8221;]<div role=\"form\" class=\"wpcf7\" id=\"wpcf7-f5982-o1\" lang=\"en\" dir=\"ltr\">\n<div class=\"screen-reader-response\"><p role=\"status\" aria-live=\"polite\" aria-atomic=\"true\"><\/p> <ul><\/ul><\/div>\n<form action=\"\/en\/wp-json\/wp\/v2\/pages\/10979#wpcf7-f5982-o1\" method=\"post\" class=\"wpcf7-form init\" novalidate=\"novalidate\" data-status=\"init\">\n<div style=\"display: none;\">\n<input type=\"hidden\" name=\"_wpcf7\" value=\"5982\" \/>\n<input type=\"hidden\" name=\"_wpcf7_version\" value=\"5.4.1\" \/>\n<input type=\"hidden\" name=\"_wpcf7_locale\" value=\"en\" \/>\n<input type=\"hidden\" name=\"_wpcf7_unit_tag\" value=\"wpcf7-f5982-o1\" \/>\n<input type=\"hidden\" name=\"_wpcf7_container_post\" value=\"0\" \/>\n<input type=\"hidden\" name=\"_wpcf7_posted_data_hash\" value=\"\" \/>\n<input type=\"hidden\" name=\"lang\" value=\"en\" \/>\n<\/div>\n<p><label> Lastname *<br \/>\n    <span class=\"wpcf7-form-control-wrap your-name\"><input type=\"text\" name=\"your-name\" value=\"\" size=\"40\" class=\"wpcf7-form-control wpcf7-text wpcf7-validates-as-required\" aria-required=\"true\" aria-invalid=\"false\" \/><\/span> <\/label><\/p>\n<p><label> Firstname *<br \/>\n    <span class=\"wpcf7-form-control-wrap your-firstname\"><input type=\"text\" name=\"your-firstname\" value=\"\" size=\"40\" class=\"wpcf7-form-control wpcf7-text wpcf7-validates-as-required\" aria-required=\"true\" aria-invalid=\"false\" \/><\/span> <\/label><\/p>\n<p><label> Email *<br \/>\n    <span class=\"wpcf7-form-control-wrap your-email\"><input type=\"email\" name=\"your-email\" value=\"\" size=\"40\" class=\"wpcf7-form-control wpcf7-text wpcf7-email wpcf7-validates-as-required wpcf7-validates-as-email\" aria-required=\"true\" aria-invalid=\"false\" \/><\/span> <\/label><\/p>\n<p><label> Phone number *<br \/>\n    <span class=\"wpcf7-form-control-wrap your-phone\"><input type=\"tel\" name=\"your-phone\" value=\"\" size=\"40\" class=\"wpcf7-form-control wpcf7-text wpcf7-tel wpcf7-validates-as-required wpcf7-validates-as-tel\" aria-required=\"true\" aria-invalid=\"false\" \/><\/span> <\/label><\/p>\n<p><label> Your message *<br \/>\n    <span class=\"wpcf7-form-control-wrap your-message\"><textarea name=\"your-message\" cols=\"40\" rows=\"10\" class=\"wpcf7-form-control wpcf7-textarea wpcf7-validates-as-required\" aria-required=\"true\" aria-invalid=\"false\"><\/textarea><\/span> <\/label><br \/>\n<div id=\"cf7sr-6a044e974ff8f\" class=\"cf7sr-g-recaptcha\" data-theme=\"light\" data-type=\"image\" data-size=\"normal\" data-sitekey=\"6Lf0ZtYhAAAAAFckl5Aq4AEBi8EoLfMY-zzDwRwB\"><\/div><span class=\"wpcf7-form-control-wrap cf7sr-recaptcha\" data-name=\"cf7sr-recaptcha\"><input type=\"hidden\" name=\"cf7sr-recaptcha\" value=\"\" class=\"wpcf7-form-control\"><\/span><br \/>\n<input type=\"submit\" value=\"Send\" class=\"wpcf7-form-control wpcf7-submit\" \/><\/p>\n<p style=\"display: none !important;\" class=\"akismet-fields-container\" data-prefix=\"_wpcf7_ak_\"><label>&#916;<textarea name=\"_wpcf7_ak_hp_textarea\" cols=\"45\" rows=\"8\" maxlength=\"100\"><\/textarea><\/label><input type=\"hidden\" id=\"ak_js_1\" name=\"_wpcf7_ak_js\" value=\"182\"\/><script>document.getElementById( \"ak_js_1\" ).setAttribute( \"value\", ( new Date() ).getTime() );<\/script><\/p><div class=\"wpcf7-response-output\" aria-hidden=\"true\"><\/div><\/form><\/div>[\/vc_column][\/vc_row]<\/p>\n","protected":false},"excerpt":{"rendered":"<p>[vc_row full_width=&#8221;stretch_row_content_no_spaces&#8221;][vc_column][wiso_banner style_banner=&#8221;simple&#8221; height=&#8221;full&#8221; style=&#8221;center_content&#8221; overlay=&#8221;yes&#8221; title=&#8221;Emilie &#038; Benjamin&#8221; image=&#8221;10984&#8243; subtitle=&#8221;Wedding&#8221;][\/vc_column][\/vc_row][vc_row full_width=&#8221;stretch_row&#8221; desctop_mt=&#8221;margin-lg-50t&#8221; desctop_md_mt=&#8221;margin-md-50t&#8221; tablets_mt=&#8221;margin-sm-40t&#8221; mobile_mt=&#8221;margin-xs-25t&#8221; desctop_lg_pb=&#8221;padding-lg-30b&#8221; desctop_pb=&#8221;padding-md-30b&#8221; tablets_pb=&#8221;padding-sm-30b&#8221; mobile_pb=&#8221;padding-xs-20b&#8221; el_class=&#8221;xb mod-left mod-no-margin mod-portfolio-reversed&#8221;][vc_column offset=&#8221;vc_col-lg-3 vc_col-md-12&#8243;][vc_row_inner css=&#8221;.vc_custom_1737471190732{padding-top: 20px !important;padding-left: 2px !important;}&#8221;][vc_column_inner][vc_column_text]Date October 1st 2022 Clients Emilie &#038; Benjamin[\/vc_column_text][\/vc_column_inner][\/vc_row_inner][vc_row_inner css=&#8221;.vc_custom_1737393329303{padding-top: 20px !important;}&#8221;][vc_column_inner][vc_raw_html]JTNDdWwlMjBjbGFzcyUzRCUyMnhiLXRhZ3MlMjIlM0UlMEElM0NsaSUzRVdlZGRpbmclM0MlMkZsaSUzRSUwQSUzQ2xpJTNFQ2glQzMlQTJ0ZWF1JTIwZGUlMjBTZWd1aW4lM0MlMkZsaSUzRSUwQSUzQ2xpJTNFV2VkZGluZyUyMHBob3RvZ3JhcGhlciUzQyUyRmxpJTNFJTBBJTNDbGklM0VDb3VwbGUlM0MlMkZsaSUzRSUwQSUzQ2xpJTNFQm9yZGVhdXglM0MlMkZsaSUzRSUwQSUzQ2xpJTNFRmlyc3QlMjBsb29rJTNDJTJGbGklM0UlMEElM0NsaSUzRURlc3RpbmF0aW9uJTIwd2VkZGluZyUzQyUyRmxpJTNFJTBBJTNDbGklM0VBcmNhY2hvbiUzQyUyRmxpJTNFJTBBJTNDJTJGdWwlM0U=[\/vc_raw_html][\/vc_column_inner][\/vc_row_inner][\/vc_column][vc_column desctop_mb=&#8221;margin-lg-20b&#8221; desctop_md_mb=&#8221;margin-md-20b&#8221; tablets_mb=&#8221;margin-sm-20b&#8221; mobile_mb=&#8221;margin-xs-20b&#8221; offset=&#8221;vc_col-lg-9 vc_col-md-12&#8243;][vc_row_inner][vc_column_inner el_class=&#8221;xb-portofolio-title mod-wedding&#8221;][vc_column_text]The wedding of Emilie &#038; Benjamin at &#8230;<\/p>\n","protected":false},"author":1,"featured_media":10984,"parent":0,"menu_order":0,"comment_status":"closed","ping_status":"closed","template":"","meta":{"footnotes":""},"_links":{"self":[{"href":"https:\/\/www.xavierbellenger.com\/en\/wp-json\/wp\/v2\/pages\/10979"}],"collection":[{"href":"https:\/\/www.xavierbellenger.com\/en\/wp-json\/wp\/v2\/pages"}],"about":[{"href":"https:\/\/www.xavierbellenger.com\/en\/wp-json\/wp\/v2\/types\/page"}],"author":[{"embeddable":true,"href":"https:\/\/www.xavierbellenger.com\/en\/wp-json\/wp\/v2\/users\/1"}],"replies":[{"embeddable":true,"href":"https:\/\/www.xavierbellenger.com\/en\/wp-json\/wp\/v2\/comments?post=10979"}],"version-history":[{"count":17,"href":"https:\/\/www.xavierbellenger.com\/en\/wp-json\/wp\/v2\/pages\/10979\/revisions"}],"predecessor-version":[{"id":16009,"href":"https:\/\/www.xavierbellenger.com\/en\/wp-json\/wp\/v2\/pages\/10979\/revisions\/16009"}],"wp:featuredmedia":[{"embeddable":true,"href":"https:\/\/www.xavierbellenger.com\/en\/wp-json\/wp\/v2\/media\/10984"}],"wp:attachment":[{"href":"https:\/\/www.xavierbellenger.com\/en\/wp-json\/wp\/v2\/media?parent=10979"}],"curies":[{"name":"wp","href":"https:\/\/api.w.org\/{rel}","templated":true}]}}