{"id":11680,"date":"2022-09-10T09:00:57","date_gmt":"2022-09-10T07:00:57","guid":{"rendered":"https:\/\/new.xavierbellenger.com\/?page_id=11680"},"modified":"2025-02-02T14:44:04","modified_gmt":"2025-02-02T13:44:04","slug":"mariage-chateau-belle-epoque-morgane-julien","status":"publish","type":"page","link":"https:\/\/www.xavierbellenger.com\/en\/mariage-chateau-belle-epoque-morgane-julien\/","title":{"rendered":"Wedding at Ch\u00e2teau Belle Epoque &#8211; Morgane &#038; Julien"},"content":{"rendered":"<p>[vc_row full_width=&#8221;stretch_row_content_no_spaces&#8221;][vc_column][wiso_banner style_banner=&#8221;simple&#8221; height=&#8221;full&#8221; style=&#8221;center_content&#8221; overlay=&#8221;yes&#8221; title=&#8221;Morgane &#038; Julien&#8221; subtitle=&#8221;Mariage&#8221; image=&#8221;6454&#8243;][\/vc_column][\/vc_row][vc_row full_width=&#8221;stretch_row&#8221; desctop_mt=&#8221;margin-lg-50t&#8221; desctop_md_mt=&#8221;margin-md-50t&#8221; tablets_mt=&#8221;margin-sm-40t&#8221; mobile_mt=&#8221;margin-xs-25t&#8221; desctop_lg_pb=&#8221;padding-lg-30b&#8221; desctop_pb=&#8221;padding-md-30b&#8221; tablets_pb=&#8221;padding-sm-30b&#8221; mobile_pb=&#8221;padding-xs-20b&#8221; el_class=&#8221;xb mod-left mod-no-margin mod-portfolio-reversed&#8221;][vc_column offset=&#8221;vc_col-lg-3 vc_col-md-12&#8243;][vc_row_inner css=&#8221;.vc_custom_1737471190732{padding-top: 20px !important;padding-left: 2px !important;}&#8221;][vc_column_inner][vc_column_text]<strong>Date<\/strong><br \/>\n10 Septembre 2022<\/p>\n<p><strong>Clients<\/strong><br \/>\nMorgane &#038; Julien[\/vc_column_text][\/vc_column_inner][\/vc_row_inner][vc_row_inner css=&#8221;.vc_custom_1737393329303{padding-top: 20px !important;}&#8221;][vc_column_inner][vc_raw_html]JTNDdWwlMjBjbGFzcyUzRCUyMnhiLXRhZ3MlMjBtb2QtZ3JlZW4lMjIlM0UlMEElM0NsaSUzRU1hcmlhZ2UlM0MlMkZsaSUzRSUwQSUzQ2xpJTNFQ2glQzMlQTJ0ZWF1JTIwQmVsbGUlMjBFcG9xdWUlM0MlMkZsaSUzRSUwQSUzQ2xpJTNFUGhvdG9ncmFwaGUlMjBtYXJpYWdlJTNDJTJGbGklM0UlMEElM0NsaSUzRUNvdXBsZSUzQyUyRmxpJTNFJTBBJTNDbGklM0VDJUMzJUE5ciVDMyVBOW1vbmllJTIwbGElQzMlQUZxdWUlM0MlMkZsaSUzRSUwQSUzQ2xpJTNFTGFuZGVzJTNDJTJGbGklM0UlMEElM0NsaSUzRUZpcnN0JTIwbG9vayUzQyUyRmxpJTNFJTBBJTNDJTJGdWwlM0U=[\/vc_raw_html][\/vc_column_inner][\/vc_row_inner][\/vc_column][vc_column desctop_mb=&#8221;margin-lg-20b&#8221; desctop_md_mb=&#8221;margin-md-20b&#8221; tablets_mb=&#8221;margin-sm-20b&#8221; mobile_mb=&#8221;margin-xs-20b&#8221; offset=&#8221;vc_col-lg-9 vc_col-md-12&#8243;][vc_row_inner][vc_column_inner el_class=&#8221;xb-portofolio-title mod-wedding&#8221;][vc_column_text]Le mariage de Morgane &#038; Julien au Ch\u00e2teau Belle Epoque[\/vc_column_text][\/vc_column_inner][\/vc_row_inner][vc_column_text el_class=&#8221;paragraph&#8221; css=&#8221;.vc_custom_1737919520511{padding-top: 20px !important;}&#8221;]Le mariage de Morgane et Julien au <a href=\"\/chateau-belle-epoque\/\" target=\"_blank\" rel=\"noopener\">Ch\u00e2teau Belle Epoque<\/a> a \u00e9t\u00e9 une journ\u00e9e remplie d\u2019\u00e9motions et de beaux moments dans un cadre magnifique. Ce couple complice et attachant a choisi ce lieu \u00e0 Linxe, au c\u0153ur des Landes, pour partager leur bonheur avec leurs proches. Tout au long de la journ\u00e9e, des instants forts se sont succ\u00e9d\u00e9 : des pr\u00e9paratifs en toute simplicit\u00e9, un &#8220;first look&#8221; \u00e9mouvant, une c\u00e9r\u00e9monie civile chaleureuse et une c\u00e9r\u00e9monie la\u00efque pleine de rires et d\u2019amour. Le cocktail convivial et une s\u00e9ance photo au coucher du soleil ont ajout\u00e9 une touche magique avant une soir\u00e9e festive marqu\u00e9e par une premi\u00e8re danse m\u00e9morable. Un mariage \u00e0 leur image, simple et joyeux.[\/vc_column_text][\/vc_column][\/vc_row][vc_row full_width=&#8221;stretch_row&#8221;][vc_column css=&#8221;.vc_custom_1736606296420{padding-top: 0px !important;}&#8221;][vc_single_image image=&#8221;6448&#8243; img_size=&#8221;full&#8221; alignment=&#8221;center&#8221;][\/vc_column][\/vc_row][vc_row full_width=&#8221;stretch_row&#8221; desctop_mt=&#8221;margin-lg-20t&#8221; desctop_mb=&#8221;margin-lg-35b&#8221; desctop_md_mt=&#8221;margin-md-20t&#8221; desctop_md_mb=&#8221;margin-md-35b&#8221; tablets_mt=&#8221;margin-sm-20t&#8221; tablets_mb=&#8221;margin-sm-20b&#8221; mobile_mt=&#8221;margin-xs-40t&#8221; mobile_mb=&#8221;margin-xs-10b&#8221; el_class=&#8221;xb&#8221;][vc_column css=&#8221;.vc_custom_1737471490457{padding-top: 0px !important;}&#8221;][vc_column_text el_class=&#8221;xb-paragraph-header&#8221;]Les pr\u00e9paratifs[\/vc_column_text][vc_column_text]D\u00e8s le matin, le ch\u00e2teau s\u2019animait doucement : les enfants jouaient dans les jardins tandis que les adultes finalisaient les pr\u00e9paratifs. Julien, entour\u00e9 de ses t\u00e9moins, a particip\u00e9 \u00e0 l\u2019installation des d\u00e9corations avant de se pr\u00e9parer dans une ambiance d\u00e9tendue. Pendant ce temps, Morgane, aid\u00e9e de sa maman et de ses amies, se faisait coiffer et maquiller. Une fois pr\u00eate, elle a enfil\u00e9 sa superbe robe de mari\u00e9e, offrant un moment plein d\u2019\u00e9motion que j\u2019ai eu le privil\u00e8ge d\u2019immortaliser.[\/vc_column_text][\/vc_column][\/vc_row][vc_row full_width=&#8221;stretch_row&#8221;][vc_column css=&#8221;.vc_custom_1736606296420{padding-top: 0px !important;}&#8221;][vc_masonry_media_grid style=&#8221;lazy&#8221; items_per_page=&#8221;15&#8243; element_width=&#8221;6&#8243; gap=&#8221;15&#8243; initial_loading_animation=&#8221;fadeIn&#8221; grid_id=&#8221;vc_gid:1737919491745-240d5e51-a653-2&#8243; include=&#8221;11682,11683,11684,11685,11686,11687,11688,11689,11690,11691,11692,11693,11694,11695,11696,11697,11698,11699,11700,11701,11702,11703,11704,11705,11706,11707,11708,11709,11710,11711,11712,11713,11714,11715,11716,11717,11718,11719,11720,11721,11722,11723,11724,11725,11726,11727,11728,11729,11730,11731,11732,11733,11734,11735,11736,11737,11738,11739,11740,11741,11742,11743,11744,11745,11746,11747,11748,11749,11750,11751,11752,11753,11754,11755,11756,11757,11758,11759,11761,11762,11763,11764,11765,11766,11767,11768,11769,11770,11771,11772,11773,11774,11775,11776,11777,11778,11779,11780,11781,11782,11783,11784,11785,11786,11787,11788,11789,11790&#8243;][\/vc_column][\/vc_row][vc_row full_width=&#8221;stretch_row&#8221; desctop_mt=&#8221;margin-lg-20t&#8221; desctop_mb=&#8221;margin-lg-35b&#8221; desctop_md_mt=&#8221;margin-md-20t&#8221; desctop_md_mb=&#8221;margin-md-35b&#8221; tablets_mt=&#8221;margin-sm-20t&#8221; tablets_mb=&#8221;margin-sm-20b&#8221; mobile_mt=&#8221;margin-xs-40t&#8221; mobile_mb=&#8221;margin-xs-10b&#8221; el_class=&#8221;xb&#8221;][vc_column css=&#8221;.vc_custom_1737471490457{padding-top: 0px !important;}&#8221;][vc_column_text el_class=&#8221;xb-paragraph-header&#8221;]Le first look[\/vc_column_text][vc_column_text]Dans le parc du ch\u00e2teau, Julien attendait Morgane pour leur &#8220;first look&#8221;. Quand il s\u2019est retourn\u00e9 pour d\u00e9couvrir sa future femme, l\u2019\u00e9motion \u00e9tait palpable. Ce moment intime, empreint de sinc\u00e9rit\u00e9 et d\u2019amour, restera grav\u00e9 dans leurs souvenirs.[\/vc_column_text][\/vc_column][\/vc_row][vc_row full_width=&#8221;stretch_row&#8221;][vc_column css=&#8221;.vc_custom_1736606296420{padding-top: 0px !important;}&#8221;][vc_masonry_media_grid style=&#8221;lazy&#8221; items_per_page=&#8221;15&#8243; element_width=&#8221;6&#8243; gap=&#8221;15&#8243; initial_loading_animation=&#8221;fadeIn&#8221; grid_id=&#8221;vc_gid:1737919491747-ef82ae74-c1b3-1&#8243; include=&#8221;11792,11793,11794,11795,11796,11797,11798,11799,11800,11801&#8243;][\/vc_column][\/vc_row][vc_row full_width=&#8221;stretch_row&#8221; desctop_mt=&#8221;margin-lg-20t&#8221; desctop_mb=&#8221;margin-lg-35b&#8221; desctop_md_mt=&#8221;margin-md-20t&#8221; desctop_md_mb=&#8221;margin-md-35b&#8221; tablets_mt=&#8221;margin-sm-20t&#8221; tablets_mb=&#8221;margin-sm-20b&#8221; mobile_mt=&#8221;margin-xs-40t&#8221; mobile_mb=&#8221;margin-xs-10b&#8221; el_class=&#8221;xb&#8221;][vc_column css=&#8221;.vc_custom_1737471490457{padding-top: 0px !important;}&#8221;][vc_column_text el_class=&#8221;xb-paragraph-header&#8221;]L&#8217;union civile[\/vc_column_text][vc_column_text]Direction la mairie de Linxe pour la c\u00e9r\u00e9monie civile. Entour\u00e9s de leurs proches, Morgane et Julien ont \u00e9chang\u00e9 leurs v\u0153ux officiels avant de sortir sous une pluie de bulles, au grand bonheur des enfants pr\u00e9sents.[\/vc_column_text][\/vc_column][\/vc_row][vc_row full_width=&#8221;stretch_row&#8221;][vc_column css=&#8221;.vc_custom_1736606296420{padding-top: 0px !important;}&#8221;][vc_masonry_media_grid style=&#8221;lazy&#8221; items_per_page=&#8221;15&#8243; element_width=&#8221;6&#8243; gap=&#8221;15&#8243; initial_loading_animation=&#8221;fadeIn&#8221; grid_id=&#8221;vc_gid:1737919491747-29cb97a4-5103-1&#8243; include=&#8221;11804,11805,11806,11807,11808,11809,11810,11811,11812,11813,11814,11815,11816,11817,11818,11819,11820,11821,11822,11823,11824,11825,11826,11827&#8243;][\/vc_column][\/vc_row][vc_row full_width=&#8221;stretch_row&#8221; desctop_mt=&#8221;margin-lg-20t&#8221; desctop_mb=&#8221;margin-lg-35b&#8221; desctop_md_mt=&#8221;margin-md-20t&#8221; desctop_md_mb=&#8221;margin-md-35b&#8221; tablets_mt=&#8221;margin-sm-20t&#8221; tablets_mb=&#8221;margin-sm-20b&#8221; mobile_mt=&#8221;margin-xs-40t&#8221; mobile_mb=&#8221;margin-xs-10b&#8221; el_class=&#8221;xb&#8221;][vc_column css=&#8221;.vc_custom_1737471490457{padding-top: 0px !important;}&#8221;][vc_column_text el_class=&#8221;xb-paragraph-header&#8221;]La c\u00e9r\u00e9monie la\u00efque[\/vc_column_text][vc_column_text]De retour au ch\u00e2teau, les invit\u00e9s se sont install\u00e9s pour une c\u00e9r\u00e9monie la\u00efque remplie d\u2019\u00e9motions. Le t\u00e9moin de Julien a offici\u00e9 avec humour et tendresse, et plusieurs proches ont pris la parole pour partager des anecdotes et des v\u0153ux. Une petite frayeur a eu lieu lorsque le porte-alliances est tomb\u00e9, et qu&#8217;une des deux bagues \u00e9tait introuvable ! Mais tout s\u2019est bien termin\u00e9 avec un \u00e9clat de rire collectif. La sortie des mari\u00e9s, \u00e0 travers une toile de laine tiss\u00e9e par les invit\u00e9s, a apport\u00e9 une touche originale et symbolique \u00e0 ce moment.[\/vc_column_text][\/vc_column][\/vc_row][vc_row full_width=&#8221;stretch_row&#8221;][vc_column css=&#8221;.vc_custom_1736606296420{padding-top: 0px !important;}&#8221;][vc_masonry_media_grid style=&#8221;lazy&#8221; items_per_page=&#8221;15&#8243; element_width=&#8221;6&#8243; gap=&#8221;15&#8243; initial_loading_animation=&#8221;fadeIn&#8221; grid_id=&#8221;vc_gid:1737919491747-62459534-6f36-7&#8243; include=&#8221;11828,11829,11830,11831,11832,11833,11834,11835,11836,11837,11838,11839,11840,11841,11842,11843,11844,11845,11846,11847,11848,11849,11850,11851,11852,11853,11854,11855,11856,11857,11858,11859,11860,11861,11862&#8243;][\/vc_column][\/vc_row][vc_row full_width=&#8221;stretch_row&#8221; desctop_mt=&#8221;margin-lg-20t&#8221; desctop_mb=&#8221;margin-lg-35b&#8221; desctop_md_mt=&#8221;margin-md-20t&#8221; desctop_md_mb=&#8221;margin-md-35b&#8221; tablets_mt=&#8221;margin-sm-20t&#8221; tablets_mb=&#8221;margin-sm-20b&#8221; mobile_mt=&#8221;margin-xs-40t&#8221; mobile_mb=&#8221;margin-xs-10b&#8221; el_class=&#8221;xb&#8221;][vc_column css=&#8221;.vc_custom_1737471490457{padding-top: 0px !important;}&#8221;][vc_column_text el_class=&#8221;xb-paragraph-header&#8221;]Cocktail &#038; S\u00e9ance couple[\/vc_column_text][vc_column_text]Le cocktail a commenc\u00e9 dans une ambiance chaleureuse, avec un stand de tacos et des animations musicales qui ont ravi les invit\u00e9s. Pendant ce temps, Morgane et Julien se sont \u00e9clips\u00e9s pour une s\u00e9ance photo de couple dans le parc du ch\u00e2teau. La lumi\u00e8re dor\u00e9e du coucher de soleil a sublim\u00e9 ce moment romantique et intime.[\/vc_column_text][\/vc_column][\/vc_row][vc_row full_width=&#8221;stretch_row&#8221;][vc_column css=&#8221;.vc_custom_1736606296420{padding-top: 0px !important;}&#8221;][vc_masonry_media_grid style=&#8221;lazy&#8221; items_per_page=&#8221;15&#8243; element_width=&#8221;6&#8243; gap=&#8221;15&#8243; initial_loading_animation=&#8221;fadeIn&#8221; grid_id=&#8221;vc_gid:1737919491748-d5e50acf-be2d-6&#8243; include=&#8221;11863,11864,11865,11866,11867,11868,11869,11870,11871,11872,11873,11874,11875,11876,11877,11878,11879,11880,11881,11882,11883,11884,11885,11886,11887,11888,11889,11890,11891,11892,11893,11894,11895,11896,11897,11898,11899&#8243;][\/vc_column][\/vc_row][vc_row full_width=&#8221;stretch_row&#8221; desctop_mt=&#8221;margin-lg-20t&#8221; desctop_mb=&#8221;margin-lg-35b&#8221; desctop_md_mt=&#8221;margin-md-20t&#8221; desctop_md_mb=&#8221;margin-md-35b&#8221; tablets_mt=&#8221;margin-sm-20t&#8221; tablets_mb=&#8221;margin-sm-20b&#8221; mobile_mt=&#8221;margin-xs-40t&#8221; mobile_mb=&#8221;margin-xs-10b&#8221; el_class=&#8221;xb&#8221;][vc_column css=&#8221;.vc_custom_1737471490457{padding-top: 0px !important;}&#8221;][vc_column_text el_class=&#8221;xb-paragraph-header&#8221;]La premi\u00e8re danse[\/vc_column_text][vc_column_text]Lorsque la soir\u00e9e a d\u00e9but\u00e9 sous le chapiteau, Morgane et Julien ont fait leur entr\u00e9e sous les applaudissements de leurs invit\u00e9s. Une fois n&#8217;est pas coutume, Morgane &#038; Julien ont choisi d&#8217;effectuer leur premi\u00e8re danse en d\u00e9but de soir\u00e9e, marquant le lancement d\u2019une f\u00eate anim\u00e9e. Les sourires et les rires ont illumin\u00e9 la piste de danse, cl\u00f4turant une journ\u00e9e inoubliable.<\/p>\n<p>Ce mariage au Ch\u00e2teau Belle Epoque a \u00e9t\u00e9 un pur bonheur \u00e0 photographier. Si vous souhaitez d\u00e9couvrir d\u2019autres moments magiques, rendez-vous sur mon Instagram <a href=\"http:\/\/www.instagram.com\/xavier.b.photography\" target=\"_blank\" rel=\"noopener\">@xavier.b.photography<\/a>.<\/p>\n<p>\u00c0 bient\u00f4t pour d\u2019autres aventures photographiques ![\/vc_column_text][\/vc_column][\/vc_row][vc_row full_width=&#8221;stretch_row&#8221;][vc_column css=&#8221;.vc_custom_1736606296420{padding-top: 0px !important;}&#8221;][vc_masonry_media_grid style=&#8221;lazy&#8221; items_per_page=&#8221;15&#8243; element_width=&#8221;6&#8243; gap=&#8221;15&#8243; initial_loading_animation=&#8221;fadeIn&#8221; grid_id=&#8221;vc_gid:1737919491748-e1a10c27-4b94-0&#8243; include=&#8221;11900,11901,11902,11903&#8243;][\/vc_column][\/vc_row][vc_row full_width=&#8221;stretch_row&#8221; desctop_mt=&#8221;margin-lg-20t&#8221; desctop_md_mt=&#8221;margin-md-20t&#8221; tablets_mt=&#8221;margin-sm-20t&#8221; mobile_mt=&#8221;margin-xs-20t&#8221; css=&#8221;.vc_custom_1736937257690{background-image: url(\/wp-content\/uploads\/2025\/01\/Mariage-6.jpg?id=) !important;background-position: center !important;background-repeat: no-repeat !important;background-size: cover !important;}&#8221;][vc_column][wiso_testimonial loop=&#8221;true&#8221; color=&#8221;#ffffff&#8221;][wiso_testimonial_items author=&#8221;Morgane &#038; Julien&#8221; position=&#8221;Mariage au Ch\u00e2teau Belle Epoque&#8221;]&#8221;Comment imaginer mon mariage sans Xavier? Il est pr\u00e9sent depuis le d\u00e9but, depuis la demande &#8220;surprise&#8221; en mariage. Xavier, s&#8217;est montr\u00e9 disponible et arrangeant avant le mariage. Et le jour J, il a \u00e9t\u00e9 remarquable, contortioniste a certains moments, mais tout pour satisfaire et capter les meilleurs moments. Xavier sais d\u00e9tendre l&#8217;atmosph\u00e8re, a beaucoup et est tr\u00e8s souriant. Nous nous sentons a l&#8217;aise avec lui. Merci pour tout Xavier&#8221;[\/wiso_testimonial_items][\/wiso_testimonial][\/vc_column][\/vc_row][vc_row desctop_mt=&#8221;margin-lg-60t&#8221; desctop_mb=&#8221;margin-lg-35b&#8221; desctop_md_mt=&#8221;margin-md-60t&#8221; desctop_md_mb=&#8221;margin-md-35b&#8221; tablets_mt=&#8221;margin-sm-40t&#8221; tablets_mb=&#8221;margin-sm-20b&#8221; mobile_mt=&#8221;margin-xs-20t&#8221; mobile_mb=&#8221;margin-xs-10b&#8221; el_class=&#8221;xb-header&#8221;][vc_column css=&#8221;.vc_custom_1736943833000{padding-top: 0px !important;}&#8221;][wiso_headings style=&#8221;text_center&#8221; title=&#8221;Contactez-moi&#8221;][vc_column_text el_class=&#8221;.me&#8221;]<\/p>\n<p style=\"text-align: center;\">Vous aimez mon travail et vous pensez que je peux \u00eatre votre <strong>photographe<\/strong> ? Besoin de plus d&#8217;informations ou d&#8217;un devis personnalis\u00e9 ? Contactez-moi via ce formulaire, je vous r\u00e9pondrai rapidement !<\/p>\n<p>[\/vc_column_text][\/vc_column][\/vc_row][vc_row desctop_mb=&#8221;margin-lg-30b&#8221; desctop_md_mb=&#8221;margin-md-30b&#8221; tablets_mb=&#8221;margin-sm-20b&#8221; mobile_mb=&#8221;margin-xs-20b&#8221;][vc_column el_class=&#8221;contact-form-mariage&#8221;]<div role=\"form\" class=\"wpcf7\" id=\"wpcf7-f5982-o1\" lang=\"en\" dir=\"ltr\">\n<div class=\"screen-reader-response\"><p role=\"status\" aria-live=\"polite\" aria-atomic=\"true\"><\/p> <ul><\/ul><\/div>\n<form action=\"\/en\/wp-json\/wp\/v2\/pages\/11680#wpcf7-f5982-o1\" method=\"post\" class=\"wpcf7-form init\" novalidate=\"novalidate\" data-status=\"init\">\n<div style=\"display: none;\">\n<input type=\"hidden\" name=\"_wpcf7\" value=\"5982\" \/>\n<input type=\"hidden\" name=\"_wpcf7_version\" value=\"5.4.1\" \/>\n<input type=\"hidden\" name=\"_wpcf7_locale\" value=\"en\" \/>\n<input type=\"hidden\" name=\"_wpcf7_unit_tag\" value=\"wpcf7-f5982-o1\" \/>\n<input type=\"hidden\" name=\"_wpcf7_container_post\" value=\"0\" \/>\n<input type=\"hidden\" name=\"_wpcf7_posted_data_hash\" value=\"\" \/>\n<input type=\"hidden\" name=\"lang\" value=\"en\" \/>\n<\/div>\n<p><label> Lastname *<br \/>\n    <span class=\"wpcf7-form-control-wrap your-name\"><input type=\"text\" name=\"your-name\" value=\"\" size=\"40\" class=\"wpcf7-form-control wpcf7-text wpcf7-validates-as-required\" aria-required=\"true\" aria-invalid=\"false\" \/><\/span> <\/label><\/p>\n<p><label> Firstname *<br \/>\n    <span class=\"wpcf7-form-control-wrap your-firstname\"><input type=\"text\" name=\"your-firstname\" value=\"\" size=\"40\" class=\"wpcf7-form-control wpcf7-text wpcf7-validates-as-required\" aria-required=\"true\" aria-invalid=\"false\" \/><\/span> <\/label><\/p>\n<p><label> Email *<br \/>\n    <span class=\"wpcf7-form-control-wrap your-email\"><input type=\"email\" name=\"your-email\" value=\"\" size=\"40\" class=\"wpcf7-form-control wpcf7-text wpcf7-email wpcf7-validates-as-required wpcf7-validates-as-email\" aria-required=\"true\" aria-invalid=\"false\" \/><\/span> <\/label><\/p>\n<p><label> Phone number *<br \/>\n    <span class=\"wpcf7-form-control-wrap your-phone\"><input type=\"tel\" name=\"your-phone\" value=\"\" size=\"40\" class=\"wpcf7-form-control wpcf7-text wpcf7-tel wpcf7-validates-as-required wpcf7-validates-as-tel\" aria-required=\"true\" aria-invalid=\"false\" \/><\/span> <\/label><\/p>\n<p><label> Your message *<br \/>\n    <span class=\"wpcf7-form-control-wrap your-message\"><textarea name=\"your-message\" cols=\"40\" rows=\"10\" class=\"wpcf7-form-control wpcf7-textarea wpcf7-validates-as-required\" aria-required=\"true\" aria-invalid=\"false\"><\/textarea><\/span> <\/label><br \/>\n<div id=\"cf7sr-69fa482f4a1d6\" class=\"cf7sr-g-recaptcha\" data-theme=\"light\" data-type=\"image\" data-size=\"normal\" data-sitekey=\"6Lf0ZtYhAAAAAFckl5Aq4AEBi8EoLfMY-zzDwRwB\"><\/div><span class=\"wpcf7-form-control-wrap cf7sr-recaptcha\" data-name=\"cf7sr-recaptcha\"><input type=\"hidden\" name=\"cf7sr-recaptcha\" value=\"\" class=\"wpcf7-form-control\"><\/span><br \/>\n<input type=\"submit\" value=\"Send\" class=\"wpcf7-form-control wpcf7-submit\" \/><\/p>\n<p style=\"display: none !important;\" class=\"akismet-fields-container\" data-prefix=\"_wpcf7_ak_\"><label>&#916;<textarea name=\"_wpcf7_ak_hp_textarea\" cols=\"45\" rows=\"8\" maxlength=\"100\"><\/textarea><\/label><input type=\"hidden\" id=\"ak_js_1\" name=\"_wpcf7_ak_js\" value=\"81\"\/><script>document.getElementById( \"ak_js_1\" ).setAttribute( \"value\", ( new Date() ).getTime() );<\/script><\/p><div class=\"wpcf7-response-output\" aria-hidden=\"true\"><\/div><\/form><\/div>[\/vc_column][\/vc_row]<\/p>\n","protected":false},"excerpt":{"rendered":"<p>[vc_row full_width=&#8221;stretch_row_content_no_spaces&#8221;][vc_column][wiso_banner style_banner=&#8221;simple&#8221; height=&#8221;full&#8221; style=&#8221;center_content&#8221; overlay=&#8221;yes&#8221; title=&#8221;Morgane &#038; Julien&#8221; subtitle=&#8221;Mariage&#8221; image=&#8221;6454&#8243;][\/vc_column][\/vc_row][vc_row full_width=&#8221;stretch_row&#8221; desctop_mt=&#8221;margin-lg-50t&#8221; desctop_md_mt=&#8221;margin-md-50t&#8221; tablets_mt=&#8221;margin-sm-40t&#8221; mobile_mt=&#8221;margin-xs-25t&#8221; desctop_lg_pb=&#8221;padding-lg-30b&#8221; desctop_pb=&#8221;padding-md-30b&#8221; tablets_pb=&#8221;padding-sm-30b&#8221; mobile_pb=&#8221;padding-xs-20b&#8221; el_class=&#8221;xb mod-left mod-no-margin mod-portfolio-reversed&#8221;][vc_column offset=&#8221;vc_col-lg-3 vc_col-md-12&#8243;][vc_row_inner css=&#8221;.vc_custom_1737471190732{padding-top: 20px !important;padding-left: 2px !important;}&#8221;][vc_column_inner][vc_column_text]Date 10 Septembre 2022 Clients Morgane &#038; Julien[\/vc_column_text][\/vc_column_inner][\/vc_row_inner][vc_row_inner css=&#8221;.vc_custom_1737393329303{padding-top: 20px !important;}&#8221;][vc_column_inner][vc_raw_html]JTNDdWwlMjBjbGFzcyUzRCUyMnhiLXRhZ3MlMjBtb2QtZ3JlZW4lMjIlM0UlMEElM0NsaSUzRU1hcmlhZ2UlM0MlMkZsaSUzRSUwQSUzQ2xpJTNFQ2glQzMlQTJ0ZWF1JTIwQmVsbGUlMjBFcG9xdWUlM0MlMkZsaSUzRSUwQSUzQ2xpJTNFUGhvdG9ncmFwaGUlMjBtYXJpYWdlJTNDJTJGbGklM0UlMEElM0NsaSUzRUNvdXBsZSUzQyUyRmxpJTNFJTBBJTNDbGklM0VDJUMzJUE5ciVDMyVBOW1vbmllJTIwbGElQzMlQUZxdWUlM0MlMkZsaSUzRSUwQSUzQ2xpJTNFTGFuZGVzJTNDJTJGbGklM0UlMEElM0NsaSUzRUZpcnN0JTIwbG9vayUzQyUyRmxpJTNFJTBBJTNDJTJGdWwlM0U=[\/vc_raw_html][\/vc_column_inner][\/vc_row_inner][\/vc_column][vc_column desctop_mb=&#8221;margin-lg-20b&#8221; desctop_md_mb=&#8221;margin-md-20b&#8221; tablets_mb=&#8221;margin-sm-20b&#8221; mobile_mb=&#8221;margin-xs-20b&#8221; offset=&#8221;vc_col-lg-9 vc_col-md-12&#8243;][vc_row_inner][vc_column_inner el_class=&#8221;xb-portofolio-title mod-wedding&#8221;][vc_column_text]Le mariage de Morgane &#038; Julien au &#8230;<\/p>\n","protected":false},"author":1,"featured_media":6454,"parent":0,"menu_order":0,"comment_status":"closed","ping_status":"closed","template":"","meta":{"footnotes":""},"_links":{"self":[{"href":"https:\/\/www.xavierbellenger.com\/en\/wp-json\/wp\/v2\/pages\/11680"}],"collection":[{"href":"https:\/\/www.xavierbellenger.com\/en\/wp-json\/wp\/v2\/pages"}],"about":[{"href":"https:\/\/www.xavierbellenger.com\/en\/wp-json\/wp\/v2\/types\/page"}],"author":[{"embeddable":true,"href":"https:\/\/www.xavierbellenger.com\/en\/wp-json\/wp\/v2\/users\/1"}],"replies":[{"embeddable":true,"href":"https:\/\/www.xavierbellenger.com\/en\/wp-json\/wp\/v2\/comments?post=11680"}],"version-history":[{"count":12,"href":"https:\/\/www.xavierbellenger.com\/en\/wp-json\/wp\/v2\/pages\/11680\/revisions"}],"predecessor-version":[{"id":16597,"href":"https:\/\/www.xavierbellenger.com\/en\/wp-json\/wp\/v2\/pages\/11680\/revisions\/16597"}],"wp:featuredmedia":[{"embeddable":true,"href":"https:\/\/www.xavierbellenger.com\/en\/wp-json\/wp\/v2\/media\/6454"}],"wp:attachment":[{"href":"https:\/\/www.xavierbellenger.com\/en\/wp-json\/wp\/v2\/media?parent=11680"}],"curies":[{"name":"wp","href":"https:\/\/api.w.org\/{rel}","templated":true}]}}