{"id":12793,"date":"2023-06-24T09:00:11","date_gmt":"2023-06-24T07:00:11","guid":{"rendered":"https:\/\/new.xavierbellenger.com\/?page_id=12793"},"modified":"2025-02-02T14:39:42","modified_gmt":"2025-02-02T13:39:42","slug":"mariage-domaine-valmont-gaelle-bruno","status":"publish","type":"page","link":"https:\/\/www.xavierbellenger.com\/en\/mariage-domaine-valmont-gaelle-bruno\/","title":{"rendered":"Wedding at Domaine de Valmont &#8211; Ga\u00eblle &#038; Bruno"},"content":{"rendered":"<p>[vc_row full_width=&#8221;stretch_row_content_no_spaces&#8221;][vc_column][wiso_banner style_banner=&#8221;simple&#8221; height=&#8221;full&#8221; style=&#8221;center_content&#8221; overlay=&#8221;yes&#8221; title=&#8221;Ga\u00eblle &#038; Bruno&#8221; subtitle=&#8221;Mariage&#8221; image=&#8221;12795&#8243;][\/vc_column][\/vc_row][vc_row full_width=&#8221;stretch_row&#8221; desctop_mt=&#8221;margin-lg-50t&#8221; desctop_md_mt=&#8221;margin-md-50t&#8221; tablets_mt=&#8221;margin-sm-40t&#8221; mobile_mt=&#8221;margin-xs-25t&#8221; desctop_lg_pb=&#8221;padding-lg-30b&#8221; desctop_pb=&#8221;padding-md-30b&#8221; tablets_pb=&#8221;padding-sm-30b&#8221; mobile_pb=&#8221;padding-xs-20b&#8221; el_class=&#8221;xb mod-left mod-no-margin mod-portfolio-reversed&#8221;][vc_column offset=&#8221;vc_col-lg-3 vc_col-md-12&#8243;][vc_row_inner css=&#8221;.vc_custom_1737471190732{padding-top: 20px !important;padding-left: 2px !important;}&#8221;][vc_column_inner][vc_column_text]<strong>Date<\/strong><br \/>\n24 Juin 2023<\/p>\n<p><strong>Clients<\/strong><br \/>\nGa\u00eblle &#038; Bruno[\/vc_column_text][\/vc_column_inner][\/vc_row_inner][vc_row_inner css=&#8221;.vc_custom_1737393329303{padding-top: 20px !important;}&#8221;][vc_column_inner][vc_raw_html]JTNDdWwlMjBjbGFzcyUzRCUyMnhiLXRhZ3MlMjIlM0UlMEElM0NsaSUzRU1hcmlhZ2UlM0MlMkZsaSUzRSUwQSUzQ2xpJTNFRG9tYWluZSUyMGRlJTIwVmFsbW9udCUzQyUyRmxpJTNFJTBBJTNDbGklM0VQaG90b2dyYXBoZSUyMG1hcmlhZ2UlM0MlMkZsaSUzRSUwQSUzQ2xpJTNFQmFyc2FjJTNDJTJGbGklM0UlMEElM0NsaSUzRU1haXJpZSUzQyUyRmxpJTNFJTBBJTNDbGklM0VQZXNzYWMlM0MlMkZsaSUzRSUwQSUzQ2xpJTNFRmlyc3QlMjBsb29rJTNDJTJGbGklM0UlMEElM0MlMkZ1bCUzRQ==[\/vc_raw_html][\/vc_column_inner][\/vc_row_inner][\/vc_column][vc_column desctop_mb=&#8221;margin-lg-20b&#8221; desctop_md_mb=&#8221;margin-md-20b&#8221; tablets_mb=&#8221;margin-sm-20b&#8221; mobile_mb=&#8221;margin-xs-20b&#8221; offset=&#8221;vc_col-lg-9 vc_col-md-12&#8243;][vc_row_inner][vc_column_inner el_class=&#8221;xb-portofolio-title mod-wedding&#8221;][vc_column_text]Le mariage de Ga\u00eblle &#038; Bruno au Domaine de Valmont[\/vc_column_text][\/vc_column_inner][\/vc_row_inner][vc_column_text el_class=&#8221;paragraph&#8221; css=&#8221;.vc_custom_1737919157501{padding-top: 20px !important;}&#8221;]Ga\u00eblle et Bruno ont choisi le magnifique <a href=\"\/domaine-de-valmont\/\">Domaine de Valmont<\/a> \u00e0 Barsac pour c\u00e9l\u00e9brer leur mariage, une journ\u00e9e lumineuse et festive sous un ciel bleu \u00e9clatant. Ce lieu situ\u00e9 \u00e0 Barsac, pr\u00e8s de Bordeaux, a offert un cadre id\u00e9al pour immortaliser chaque moment marquant de cette union. Des pr\u00e9paratifs pleins d\u2019\u00e9motion au &#8220;first look&#8221; sous les arbres du domaine, en passant par une c\u00e9r\u00e9monie civile dans le parc Cazalet, le cocktail pieds dans l\u2019eau, et une s\u00e9ance couple baign\u00e9e par la lumi\u00e8re dor\u00e9e du soir, chaque instant a \u00e9t\u00e9 captur\u00e9 avec soin. La soir\u00e9e, rythm\u00e9e par des jeux, des discours et une premi\u00e8re danse enflamm\u00e9e, a cl\u00f4tur\u00e9 en beaut\u00e9 ce mariage inoubliable. D\u00e9couvrez leur belle journ\u00e9e et laissez-vous inspirer\u202f![\/vc_column_text][\/vc_column][\/vc_row][vc_row full_width=&#8221;stretch_row&#8221;][vc_column css=&#8221;.vc_custom_1736606296420{padding-top: 0px !important;}&#8221;][vc_single_image image=&#8221;12796&#8243; img_size=&#8221;full&#8221; alignment=&#8221;center&#8221;][\/vc_column][\/vc_row][vc_row full_width=&#8221;stretch_row&#8221; desctop_mt=&#8221;margin-lg-20t&#8221; desctop_mb=&#8221;margin-lg-35b&#8221; desctop_md_mt=&#8221;margin-md-20t&#8221; desctop_md_mb=&#8221;margin-md-35b&#8221; tablets_mt=&#8221;margin-sm-20t&#8221; tablets_mb=&#8221;margin-sm-20b&#8221; mobile_mt=&#8221;margin-xs-40t&#8221; mobile_mb=&#8221;margin-xs-10b&#8221; el_class=&#8221;xb&#8221;][vc_column css=&#8221;.vc_custom_1737471490457{padding-top: 0px !important;}&#8221;][vc_column_text el_class=&#8221;xb-paragraph-header&#8221;]Les pr\u00e9paratifs[\/vc_column_text][vc_column_text]J\u2019ai retrouv\u00e9 Ga\u00eblle et Bruno, que j\u2019avais rencontr\u00e9s lors de leur s\u00e9ance engagement, pr\u00eats \u00e0 vivre cette journ\u00e9e exceptionnelle. Les pr\u00e9paratifs ont commenc\u00e9 avec Bruno, entour\u00e9 de ses t\u00e9moins, dans une ambiance d\u00e9tendue et joyeuse. Ensuite, c\u2019\u00e9tait au tour de Ga\u00eblle, bien entour\u00e9e par ses proches, de se pr\u00e9parer et de rev\u00eatir sa robe de mari\u00e9e. Chaque d\u00e9tail, des derniers ajustements \u00e0 l\u2019\u00e9motion palpable, a \u00e9t\u00e9 immortalis\u00e9 dans la lumi\u00e8re douce du Domaine de Valmont.[\/vc_column_text][\/vc_column][\/vc_row][vc_row full_width=&#8221;stretch_row&#8221;][vc_column css=&#8221;.vc_custom_1736606296420{padding-top: 0px !important;}&#8221;][vc_masonry_media_grid style=&#8221;lazy&#8221; items_per_page=&#8221;15&#8243; element_width=&#8221;6&#8243; gap=&#8221;15&#8243; initial_loading_animation=&#8221;fadeIn&#8221; grid_id=&#8221;vc_gid:1737919133925-eaf25d5e-d3e2-1&#8243; include=&#8221;12798,12799,12800,12801,12802,12803,12804,12805,12806,12807,12808,12809,12810,12811,12812,12813,12814,12815,12816,12817,12818,12819&#8243;][\/vc_column][\/vc_row][vc_row full_width=&#8221;stretch_row&#8221; desctop_mt=&#8221;margin-lg-20t&#8221; desctop_mb=&#8221;margin-lg-35b&#8221; desctop_md_mt=&#8221;margin-md-20t&#8221; desctop_md_mb=&#8221;margin-md-35b&#8221; tablets_mt=&#8221;margin-sm-20t&#8221; tablets_mb=&#8221;margin-sm-20b&#8221; mobile_mt=&#8221;margin-xs-40t&#8221; mobile_mb=&#8221;margin-xs-10b&#8221; el_class=&#8221;xb&#8221;][vc_column css=&#8221;.vc_custom_1737471490457{padding-top: 0px !important;}&#8221;][vc_column_text el_class=&#8221;xb-paragraph-header&#8221;]Le first look[\/vc_column_text][vc_column_text]Sous les arbres du Domaine, Ga\u00eblle et Bruno ont partag\u00e9 un moment inoubliable avec leur &#8220;first look&#8221;. Bruno, d\u00e9couvrant sa future \u00e9pouse dans sa magnifique robe, a laiss\u00e9 transpara\u00eetre toute son \u00e9motion. Ce moment de pure authenticit\u00e9, baign\u00e9 par une lumi\u00e8re naturelle sublime sous les arbres du domaine, a marqu\u00e9 le d\u00e9but d\u2019une journ\u00e9e riche en \u00e9motions.<\/p>\n<h3><\/h3>\n<p>[\/vc_column_text][\/vc_column][\/vc_row][vc_row full_width=&#8221;stretch_row&#8221;][vc_column css=&#8221;.vc_custom_1736606296420{padding-top: 0px !important;}&#8221;][vc_masonry_media_grid style=&#8221;lazy&#8221; items_per_page=&#8221;15&#8243; element_width=&#8221;6&#8243; gap=&#8221;15&#8243; initial_loading_animation=&#8221;fadeIn&#8221; grid_id=&#8221;vc_gid:1737919133925-7f8dbc90-7300-8&#8243; include=&#8221;12820,12821,12822,12823,12824,12825,12826,12827,12828&#8243;][\/vc_column][\/vc_row][vc_row full_width=&#8221;stretch_row&#8221; desctop_mt=&#8221;margin-lg-20t&#8221; desctop_mb=&#8221;margin-lg-35b&#8221; desctop_md_mt=&#8221;margin-md-20t&#8221; desctop_md_mb=&#8221;margin-md-35b&#8221; tablets_mt=&#8221;margin-sm-20t&#8221; tablets_mb=&#8221;margin-sm-20b&#8221; mobile_mt=&#8221;margin-xs-40t&#8221; mobile_mb=&#8221;margin-xs-10b&#8221; el_class=&#8221;xb&#8221;][vc_column css=&#8221;.vc_custom_1737471490457{padding-top: 0px !important;}&#8221;][vc_column_text el_class=&#8221;xb-paragraph-header&#8221;]L&#8217;union civile[\/vc_column_text][vc_column_text]La c\u00e9r\u00e9monie civile s\u2019est d\u00e9roul\u00e9e \u00e0 la mairie de Pessac, dans le parc Cazalet. Ga\u00eblle et Bruno ont \u00e9chang\u00e9 leurs alliances avec tendresse sous les regards \u00e9mus de leurs proches. \u00c0 la sortie, les invit\u00e9s les ont acclam\u00e9s avec enthousiasme. Pour faciliter les d\u00e9placements et prolonger la f\u00eate, les mari\u00e9s avaient lou\u00e9 un bus, permettant \u00e0 chacun de profiter pleinement de la journ\u00e9e.[\/vc_column_text][\/vc_column][\/vc_row][vc_row full_width=&#8221;stretch_row&#8221;][vc_column css=&#8221;.vc_custom_1736606296420{padding-top: 0px !important;}&#8221;][vc_masonry_media_grid style=&#8221;lazy&#8221; items_per_page=&#8221;15&#8243; element_width=&#8221;6&#8243; gap=&#8221;15&#8243; initial_loading_animation=&#8221;fadeIn&#8221; grid_id=&#8221;vc_gid:1737919133926-4e1e167b-e1c5-4&#8243; include=&#8221;12829,12830,12831,12832,12833,12834,12835,12836,12837,12838,12839,12840,12841,12842,12843,12844,12845,12846,12847,12848,12849,12850,12851&#8243;][\/vc_column][\/vc_row][vc_row full_width=&#8221;stretch_row&#8221; desctop_mt=&#8221;margin-lg-20t&#8221; desctop_mb=&#8221;margin-lg-35b&#8221; desctop_md_mt=&#8221;margin-md-20t&#8221; desctop_md_mb=&#8221;margin-md-35b&#8221; tablets_mt=&#8221;margin-sm-20t&#8221; tablets_mb=&#8221;margin-sm-20b&#8221; mobile_mt=&#8221;margin-xs-40t&#8221; mobile_mb=&#8221;margin-xs-10b&#8221; el_class=&#8221;xb&#8221;][vc_column css=&#8221;.vc_custom_1737471490457{padding-top: 0px !important;}&#8221;][vc_column_text el_class=&#8221;xb-paragraph-header&#8221;]Cocktail[\/vc_column_text][vc_column_text]De retour au Domaine de Valmont, les invit\u00e9s ont \u00e9t\u00e9 accueillis par un cocktail rafra\u00eechissant. Les enfants ont joyeusement profit\u00e9 de la piscine, tandis que les adultes ont savour\u00e9 des moments conviviaux autour des tables plac\u00e9es &#8220;pieds dans l\u2019eau&#8221;. Les photos de groupe et les surprises pr\u00e9par\u00e9es par les invit\u00e9s ont rythm\u00e9 cette partie de la journ\u00e9e, illumin\u00e9e par une lumi\u00e8re parfaite pour capturer des souvenirs inoubliables.[\/vc_column_text][\/vc_column][\/vc_row][vc_row full_width=&#8221;stretch_row&#8221;][vc_column css=&#8221;.vc_custom_1736606296420{padding-top: 0px !important;}&#8221;][vc_masonry_media_grid style=&#8221;lazy&#8221; items_per_page=&#8221;15&#8243; element_width=&#8221;6&#8243; gap=&#8221;15&#8243; initial_loading_animation=&#8221;fadeIn&#8221; grid_id=&#8221;vc_gid:1737919133926-0f8a4480-40c5-9&#8243; include=&#8221;12852,12853,12854,12855,12856,12857,12858,12859,12860,12861,12862,12863,12864,12865,12866,12867,12868,12869,12870,12871,12872,12873,12874,12875,12876,12877,12878,12879,12880,12881,12882,12883,12884,12885,12886,12887,12888,12889,12890,12891,12892,12893,12894,12895,12896,12897,12898,12899,12900,12901,12902,12903,12904&#8243;][\/vc_column][\/vc_row][vc_row full_width=&#8221;stretch_row&#8221; desctop_mt=&#8221;margin-lg-20t&#8221; desctop_mb=&#8221;margin-lg-35b&#8221; desctop_md_mt=&#8221;margin-md-20t&#8221; desctop_md_mb=&#8221;margin-md-35b&#8221; tablets_mt=&#8221;margin-sm-20t&#8221; tablets_mb=&#8221;margin-sm-20b&#8221; mobile_mt=&#8221;margin-xs-40t&#8221; mobile_mb=&#8221;margin-xs-10b&#8221; el_class=&#8221;xb&#8221;][vc_column css=&#8221;.vc_custom_1737471490457{padding-top: 0px !important;}&#8221;][vc_column_text el_class=&#8221;xb-paragraph-header&#8221;]La s\u00e9ance couple[\/vc_column_text][vc_column_text]Apr\u00e8s le cocktail, Ga\u00eblle et Bruno ont profit\u00e9 de la lumi\u00e8re dor\u00e9e de la fin de journ\u00e9e pour une s\u00e9ance couple romantique dans le parc et la bambouseraie. Le Domaine de Valmont, avec ses jeux de lumi\u00e8re et ses d\u00e9cors naturels, a offert un cadre id\u00e9al pour immortaliser leur complicit\u00e9 et leur amour.[\/vc_column_text][\/vc_column][\/vc_row][vc_row full_width=&#8221;stretch_row&#8221;][vc_column css=&#8221;.vc_custom_1736606296420{padding-top: 0px !important;}&#8221;][vc_masonry_media_grid style=&#8221;lazy&#8221; items_per_page=&#8221;15&#8243; element_width=&#8221;6&#8243; gap=&#8221;15&#8243; initial_loading_animation=&#8221;fadeIn&#8221; grid_id=&#8221;vc_gid:1737919133927-66d2aff8-2996-6&#8243; include=&#8221;12908,12909,12910,12911,12912,12913,12914,12915,12916,12917,12918,12905,12906,12907&#8243;][\/vc_column][\/vc_row][vc_row full_width=&#8221;stretch_row&#8221; desctop_mt=&#8221;margin-lg-20t&#8221; desctop_mb=&#8221;margin-lg-35b&#8221; desctop_md_mt=&#8221;margin-md-20t&#8221; desctop_md_mb=&#8221;margin-md-35b&#8221; tablets_mt=&#8221;margin-sm-20t&#8221; tablets_mb=&#8221;margin-sm-20b&#8221; mobile_mt=&#8221;margin-xs-40t&#8221; mobile_mb=&#8221;margin-xs-10b&#8221; el_class=&#8221;xb&#8221;][vc_column css=&#8221;.vc_custom_1737471490457{padding-top: 0px !important;}&#8221;][vc_column_text el_class=&#8221;xb-paragraph-header&#8221;]Soir\u00e9e[\/vc_column_text][vc_column_text]Les festivit\u00e9s ont repris dans la salle magnifiquement d\u00e9cor\u00e9e, o\u00f9 les invit\u00e9s ont partag\u00e9 des discours \u00e9mouvants et des jeux amusants, dont le fameux jeu &#8220;Elle &#038; Lui&#8221;. L\u2019ambiance a atteint son apog\u00e9e lorsque Ga\u00eblle et Bruno ont ouvert le bal avec une danse inspir\u00e9e de &#8220;Dirty Dancing&#8221;, \u00e9nergique et m\u00e9morable. La soir\u00e9e s\u2019est poursuivie dans une ambiance enflamm\u00e9e, entre musique, rires et moments de partage.<\/p>\n<p>Suivez mes aventures sur Instagram <a href=\"http:\/\/www.instagram.com\/xavier.b.photography\" target=\"_blank\" rel=\"noopener\">@xavier.b.photography<\/a> pour d\u00e9couvrir d\u2019autres mariages uniques et inspirants en Gironde\u202f![\/vc_column_text][\/vc_column][\/vc_row][vc_row full_width=&#8221;stretch_row&#8221;][vc_column css=&#8221;.vc_custom_1736606296420{padding-top: 0px !important;}&#8221;][vc_masonry_media_grid style=&#8221;lazy&#8221; items_per_page=&#8221;15&#8243; element_width=&#8221;6&#8243; gap=&#8221;15&#8243; initial_loading_animation=&#8221;fadeIn&#8221; grid_id=&#8221;vc_gid:1737919133927-aa163443-d7d4-8&#8243; include=&#8221;12919,12920,12921,12922,12923,12924,12925,12926,12927,12928,12929,12930,12931,12932,12933,12934,12935,12936,12937,12938,12939,12940,12941&#8243;][\/vc_column][\/vc_row][vc_row full_width=&#8221;stretch_row&#8221; desctop_mt=&#8221;margin-lg-20t&#8221; desctop_md_mt=&#8221;margin-md-20t&#8221; tablets_mt=&#8221;margin-sm-20t&#8221; mobile_mt=&#8221;margin-xs-20t&#8221; css=&#8221;.vc_custom_1736937257690{background-image: url(\/wp-content\/uploads\/2025\/01\/Mariage-6.jpg?id=) !important;background-position: center !important;background-repeat: no-repeat !important;background-size: cover !important;}&#8221;][vc_column][wiso_testimonial loop=&#8221;true&#8221; color=&#8221;#ffffff&#8221;][wiso_testimonial_items author=&#8221;Ga\u00eblle &#038; Bruno&#8221; position=&#8221;Mariage au Domaine de Valmont&#8221;]&#8221;Xavier est un photographe exceptionnel : Les photos sont superbes et il a su parfaitement retranscrire l&#8217;ambiance de la soir\u00e9e. Mais c&#8217;est aussi une personne enthousiaste et flexible qui ne compte pas son temps! Ce f\u00fbt un grand plaisir de l&#8217;avoir aupr\u00e8s de nous pour immortaliser ce moment ! &#8220;[\/wiso_testimonial_items][\/wiso_testimonial][\/vc_column][\/vc_row][vc_row desctop_mt=&#8221;margin-lg-60t&#8221; desctop_mb=&#8221;margin-lg-35b&#8221; desctop_md_mt=&#8221;margin-md-60t&#8221; desctop_md_mb=&#8221;margin-md-35b&#8221; tablets_mt=&#8221;margin-sm-40t&#8221; tablets_mb=&#8221;margin-sm-20b&#8221; mobile_mt=&#8221;margin-xs-20t&#8221; mobile_mb=&#8221;margin-xs-10b&#8221; el_class=&#8221;xb-header&#8221;][vc_column css=&#8221;.vc_custom_1736943833000{padding-top: 0px !important;}&#8221;][wiso_headings style=&#8221;text_center&#8221; title=&#8221;Contactez-moi&#8221;][vc_column_text el_class=&#8221;.me&#8221;]<\/p>\n<p style=\"text-align: center;\">Vous aimez mon travail et vous pensez que je peux \u00eatre votre <strong>photographe<\/strong> ? Besoin de plus d&#8217;informations ou d&#8217;un devis personnalis\u00e9 ? Contactez-moi via ce formulaire, je vous r\u00e9pondrai rapidement !<\/p>\n<p>[\/vc_column_text][\/vc_column][\/vc_row][vc_row desctop_mb=&#8221;margin-lg-30b&#8221; desctop_md_mb=&#8221;margin-md-30b&#8221; tablets_mb=&#8221;margin-sm-20b&#8221; mobile_mb=&#8221;margin-xs-20b&#8221;][vc_column el_class=&#8221;contact-form-mariage&#8221;]<div role=\"form\" class=\"wpcf7\" id=\"wpcf7-f5982-o1\" lang=\"en\" dir=\"ltr\">\n<div class=\"screen-reader-response\"><p role=\"status\" aria-live=\"polite\" aria-atomic=\"true\"><\/p> <ul><\/ul><\/div>\n<form action=\"\/en\/wp-json\/wp\/v2\/pages\/12793#wpcf7-f5982-o1\" method=\"post\" class=\"wpcf7-form init\" novalidate=\"novalidate\" data-status=\"init\">\n<div style=\"display: none;\">\n<input type=\"hidden\" name=\"_wpcf7\" value=\"5982\" \/>\n<input type=\"hidden\" name=\"_wpcf7_version\" value=\"5.4.1\" \/>\n<input type=\"hidden\" name=\"_wpcf7_locale\" value=\"en\" \/>\n<input type=\"hidden\" name=\"_wpcf7_unit_tag\" value=\"wpcf7-f5982-o1\" \/>\n<input type=\"hidden\" name=\"_wpcf7_container_post\" value=\"0\" \/>\n<input type=\"hidden\" name=\"_wpcf7_posted_data_hash\" value=\"\" \/>\n<input type=\"hidden\" name=\"lang\" value=\"en\" \/>\n<\/div>\n<p><label> Lastname *<br \/>\n    <span class=\"wpcf7-form-control-wrap your-name\"><input type=\"text\" name=\"your-name\" value=\"\" size=\"40\" class=\"wpcf7-form-control wpcf7-text wpcf7-validates-as-required\" aria-required=\"true\" aria-invalid=\"false\" \/><\/span> <\/label><\/p>\n<p><label> Firstname *<br \/>\n    <span class=\"wpcf7-form-control-wrap your-firstname\"><input type=\"text\" name=\"your-firstname\" value=\"\" size=\"40\" class=\"wpcf7-form-control wpcf7-text wpcf7-validates-as-required\" aria-required=\"true\" aria-invalid=\"false\" \/><\/span> <\/label><\/p>\n<p><label> Email *<br \/>\n    <span class=\"wpcf7-form-control-wrap your-email\"><input type=\"email\" name=\"your-email\" value=\"\" size=\"40\" class=\"wpcf7-form-control wpcf7-text wpcf7-email wpcf7-validates-as-required wpcf7-validates-as-email\" aria-required=\"true\" aria-invalid=\"false\" \/><\/span> <\/label><\/p>\n<p><label> Phone number *<br \/>\n    <span class=\"wpcf7-form-control-wrap your-phone\"><input type=\"tel\" name=\"your-phone\" value=\"\" size=\"40\" class=\"wpcf7-form-control wpcf7-text wpcf7-tel wpcf7-validates-as-required wpcf7-validates-as-tel\" aria-required=\"true\" aria-invalid=\"false\" \/><\/span> <\/label><\/p>\n<p><label> Your message *<br \/>\n    <span class=\"wpcf7-form-control-wrap your-message\"><textarea name=\"your-message\" cols=\"40\" rows=\"10\" class=\"wpcf7-form-control wpcf7-textarea wpcf7-validates-as-required\" aria-required=\"true\" aria-invalid=\"false\"><\/textarea><\/span> <\/label><br \/>\n<div id=\"cf7sr-69fa49c44377b\" class=\"cf7sr-g-recaptcha\" data-theme=\"light\" data-type=\"image\" data-size=\"normal\" data-sitekey=\"6Lf0ZtYhAAAAAFckl5Aq4AEBi8EoLfMY-zzDwRwB\"><\/div><span class=\"wpcf7-form-control-wrap cf7sr-recaptcha\" data-name=\"cf7sr-recaptcha\"><input type=\"hidden\" name=\"cf7sr-recaptcha\" value=\"\" class=\"wpcf7-form-control\"><\/span><br \/>\n<input type=\"submit\" value=\"Send\" class=\"wpcf7-form-control wpcf7-submit\" \/><\/p>\n<p style=\"display: none !important;\" class=\"akismet-fields-container\" data-prefix=\"_wpcf7_ak_\"><label>&#916;<textarea name=\"_wpcf7_ak_hp_textarea\" cols=\"45\" rows=\"8\" maxlength=\"100\"><\/textarea><\/label><input type=\"hidden\" id=\"ak_js_1\" name=\"_wpcf7_ak_js\" value=\"44\"\/><script>document.getElementById( \"ak_js_1\" ).setAttribute( \"value\", ( new Date() ).getTime() );<\/script><\/p><div class=\"wpcf7-response-output\" aria-hidden=\"true\"><\/div><\/form><\/div>[\/vc_column][\/vc_row]<\/p>\n","protected":false},"excerpt":{"rendered":"<p>[vc_row full_width=&#8221;stretch_row_content_no_spaces&#8221;][vc_column][wiso_banner style_banner=&#8221;simple&#8221; height=&#8221;full&#8221; style=&#8221;center_content&#8221; overlay=&#8221;yes&#8221; title=&#8221;Ga\u00eblle &#038; Bruno&#8221; subtitle=&#8221;Mariage&#8221; image=&#8221;12795&#8243;][\/vc_column][\/vc_row][vc_row full_width=&#8221;stretch_row&#8221; desctop_mt=&#8221;margin-lg-50t&#8221; desctop_md_mt=&#8221;margin-md-50t&#8221; tablets_mt=&#8221;margin-sm-40t&#8221; mobile_mt=&#8221;margin-xs-25t&#8221; desctop_lg_pb=&#8221;padding-lg-30b&#8221; desctop_pb=&#8221;padding-md-30b&#8221; tablets_pb=&#8221;padding-sm-30b&#8221; mobile_pb=&#8221;padding-xs-20b&#8221; el_class=&#8221;xb mod-left mod-no-margin mod-portfolio-reversed&#8221;][vc_column offset=&#8221;vc_col-lg-3 vc_col-md-12&#8243;][vc_row_inner css=&#8221;.vc_custom_1737471190732{padding-top: 20px !important;padding-left: 2px !important;}&#8221;][vc_column_inner][vc_column_text]Date 24 Juin 2023 Clients Ga\u00eblle &#038; Bruno[\/vc_column_text][\/vc_column_inner][\/vc_row_inner][vc_row_inner css=&#8221;.vc_custom_1737393329303{padding-top: 20px !important;}&#8221;][vc_column_inner][vc_raw_html]JTNDdWwlMjBjbGFzcyUzRCUyMnhiLXRhZ3MlMjIlM0UlMEElM0NsaSUzRU1hcmlhZ2UlM0MlMkZsaSUzRSUwQSUzQ2xpJTNFRG9tYWluZSUyMGRlJTIwVmFsbW9udCUzQyUyRmxpJTNFJTBBJTNDbGklM0VQaG90b2dyYXBoZSUyMG1hcmlhZ2UlM0MlMkZsaSUzRSUwQSUzQ2xpJTNFQmFyc2FjJTNDJTJGbGklM0UlMEElM0NsaSUzRU1haXJpZSUzQyUyRmxpJTNFJTBBJTNDbGklM0VQZXNzYWMlM0MlMkZsaSUzRSUwQSUzQ2xpJTNFRmlyc3QlMjBsb29rJTNDJTJGbGklM0UlMEElM0MlMkZ1bCUzRQ==[\/vc_raw_html][\/vc_column_inner][\/vc_row_inner][\/vc_column][vc_column desctop_mb=&#8221;margin-lg-20b&#8221; desctop_md_mb=&#8221;margin-md-20b&#8221; tablets_mb=&#8221;margin-sm-20b&#8221; mobile_mb=&#8221;margin-xs-20b&#8221; offset=&#8221;vc_col-lg-9 vc_col-md-12&#8243;][vc_row_inner][vc_column_inner el_class=&#8221;xb-portofolio-title mod-wedding&#8221;][vc_column_text]Le mariage de Ga\u00eblle &#038; Bruno au &#8230;<\/p>\n","protected":false},"author":1,"featured_media":12795,"parent":0,"menu_order":0,"comment_status":"closed","ping_status":"closed","template":"","meta":{"footnotes":""},"_links":{"self":[{"href":"https:\/\/www.xavierbellenger.com\/en\/wp-json\/wp\/v2\/pages\/12793"}],"collection":[{"href":"https:\/\/www.xavierbellenger.com\/en\/wp-json\/wp\/v2\/pages"}],"about":[{"href":"https:\/\/www.xavierbellenger.com\/en\/wp-json\/wp\/v2\/types\/page"}],"author":[{"embeddable":true,"href":"https:\/\/www.xavierbellenger.com\/en\/wp-json\/wp\/v2\/users\/1"}],"replies":[{"embeddable":true,"href":"https:\/\/www.xavierbellenger.com\/en\/wp-json\/wp\/v2\/comments?post=12793"}],"version-history":[{"count":9,"href":"https:\/\/www.xavierbellenger.com\/en\/wp-json\/wp\/v2\/pages\/12793\/revisions"}],"predecessor-version":[{"id":16594,"href":"https:\/\/www.xavierbellenger.com\/en\/wp-json\/wp\/v2\/pages\/12793\/revisions\/16594"}],"wp:featuredmedia":[{"embeddable":true,"href":"https:\/\/www.xavierbellenger.com\/en\/wp-json\/wp\/v2\/media\/12795"}],"wp:attachment":[{"href":"https:\/\/www.xavierbellenger.com\/en\/wp-json\/wp\/v2\/media?parent=12793"}],"curies":[{"name":"wp","href":"https:\/\/api.w.org\/{rel}","templated":true}]}}