{"id":13147,"date":"2022-06-05T09:00:59","date_gmt":"2022-06-05T07:00:59","guid":{"rendered":"https:\/\/new.xavierbellenger.com\/?page_id=13147"},"modified":"2025-02-02T14:47:22","modified_gmt":"2025-02-02T13:47:22","slug":"mariage-chateau-gassies-marlene-kevin","status":"publish","type":"page","link":"https:\/\/www.xavierbellenger.com\/en\/mariage-chateau-gassies-marlene-kevin\/","title":{"rendered":"Wedding at Ch\u00e2teau Gassies &#8211; Marl\u00e8ne &#038; Kevin"},"content":{"rendered":"<p>[vc_row full_width=&#8221;stretch_row_content_no_spaces&#8221;][vc_column][wiso_banner style_banner=&#8221;simple&#8221; height=&#8221;full&#8221; style=&#8221;center_content&#8221; overlay=&#8221;yes&#8221; title=&#8221;Marl\u00e8ne &#038; Kevin&#8221; subtitle=&#8221;Mariage&#8221; image=&#8221;13149&#8243;][\/vc_column][\/vc_row][vc_row full_width=&#8221;stretch_row&#8221; desctop_mt=&#8221;margin-lg-50t&#8221; desctop_md_mt=&#8221;margin-md-50t&#8221; tablets_mt=&#8221;margin-sm-40t&#8221; mobile_mt=&#8221;margin-xs-25t&#8221; desctop_lg_pb=&#8221;padding-lg-30b&#8221; desctop_pb=&#8221;padding-md-30b&#8221; tablets_pb=&#8221;padding-sm-30b&#8221; mobile_pb=&#8221;padding-xs-20b&#8221; el_class=&#8221;xb mod-left mod-no-margin mod-portfolio-reversed&#8221;][vc_column offset=&#8221;vc_col-lg-3 vc_col-md-12&#8243;][vc_row_inner css=&#8221;.vc_custom_1737471190732{padding-top: 20px !important;padding-left: 2px !important;}&#8221;][vc_column_inner][vc_column_text]<strong>Date<\/strong><br \/>\n5 Juin 2022<\/p>\n<p><strong>Clients<\/strong><br \/>\nMarl\u00e8ne &#038; Kevin[\/vc_column_text][\/vc_column_inner][\/vc_row_inner][vc_row_inner css=&#8221;.vc_custom_1737393329303{padding-top: 20px !important;}&#8221;][vc_column_inner][vc_raw_html]JTNDdWwlMjBjbGFzcyUzRCUyMnhiLXRhZ3MlMjIlM0UlMEElM0NsaSUzRU1hcmlhZ2UlM0MlMkZsaSUzRSUwQSUzQ2xpJTNFQ2glQzMlQTJ0ZWF1JTIwR2Fzc2llcyUzQyUyRmxpJTNFJTBBJTNDbGklM0VQaG90b2dyYXBoZSUyMG1hcmlhZ2UlM0MlMkZsaSUzRSUwQSUzQ2xpJTNFRGVzdGluYXRpb24lMjBXZWRkaW5nJTNDJTJGbGklM0UlMEElM0NsaSUzRUxhc3RyZW5lcyUzQyUyRmxpJTNFJTBBJTNDbGklM0VDJUMzJUE5ciVDMyVBOW1vbmllJTIwcmVsaWdpZXVzZSUzQyUyRmxpJTNFJTBBJTNDbGklM0VFZ2xpc2UlM0MlMkZsaSUzRSUwQSUzQyUyRnVsJTNF[\/vc_raw_html][\/vc_column_inner][\/vc_row_inner][\/vc_column][vc_column desctop_mb=&#8221;margin-lg-20b&#8221; desctop_md_mb=&#8221;margin-md-20b&#8221; tablets_mb=&#8221;margin-sm-20b&#8221; mobile_mb=&#8221;margin-xs-20b&#8221; offset=&#8221;vc_col-lg-9 vc_col-md-12&#8243;][vc_row_inner][vc_column_inner el_class=&#8221;xb-portofolio-title mod-wedding&#8221;][vc_column_text]Le mariage de Marl\u00e8ne &#038; Kevin au Ch\u00e2teau Gassies[\/vc_column_text][\/vc_column_inner][\/vc_row_inner][vc_column_text el_class=&#8221;paragraph&#8221; css=&#8221;.vc_custom_1738081254389{padding-top: 20px !important;}&#8221;]<\/p>\n<div class=\"flex max-w-full flex-col flex-grow\">\n<div class=\"min-h-8 text-message flex w-full flex-col items-end gap-2 whitespace-normal break-words text-start [.text-message+&#038;]:mt-5\" dir=\"auto\" data-message-author-role=\"assistant\" data-message-id=\"f9a7836b-cf04-4bc3-ad25-a650f9478945\" data-message-model-slug=\"gpt-4o\">\n<div class=\"flex w-full flex-col gap-1 empty:hidden first:pt-[3px]\">\n<div class=\"markdown prose w-full break-words dark:prose-invert light\">\n<p>Apr\u00e8s une premi\u00e8re rencontre lors de leur <a href=\"\/seance-engagement-dune-du-pilat-marlene-kevin\/\" target=\"_blank\" rel=\"noopener\">s\u00e9ance engagement<\/a> (en famille) \u00e0 la Dune du Pilat, j&#8217;ai le plaisir de retrouver Marl\u00e8ne et Kevin qui ont choisi de c\u00e9l\u00e9brer leur amour dans un cadre exceptionnel : le <a href=\"\/chateau-gassies\/\" target=\"_blank\" rel=\"noopener\">Ch\u00e2teau Gassies<\/a>, un lieu magnifique offrant une vue imprenable sur Bordeaux. D\u00e8s les pr\u00e9paratifs, l\u2019ambiance \u00e9tait chaleureuse et conviviale, entre moments d\u2019\u00e9motion, comme la lecture d\u2019une lettre de Marl\u00e8ne \u00e0 Kevin, et instants de complicit\u00e9 avec leurs proches.<\/p>\n<p>La c\u00e9r\u00e9monie religieuse, tenue dans la magnifique \u00e9glise Saint-Martin de Pessac, a \u00e9t\u00e9 marqu\u00e9e par des discours touchants et des v\u0153ux sinc\u00e8res, scell\u00e9s par un baiser passionn\u00e9 sous les applaudissements des invit\u00e9s.<\/p>\n<p>Au ch\u00e2teau, un cocktail convivial a permis de cr\u00e9er de beaux souvenirs en photos, avant une s\u00e9ance au coucher du soleil. Une journ\u00e9e magique, captur\u00e9e dans un cadre inoubliable.<\/p>\n<\/div>\n<\/div>\n<\/div>\n<\/div>\n<p>[\/vc_column_text][\/vc_column][\/vc_row][vc_row full_width=&#8221;stretch_row&#8221;][vc_column css=&#8221;.vc_custom_1736606296420{padding-top: 0px !important;}&#8221;][vc_single_image image=&#8221;13150&#8243; img_size=&#8221;full&#8221; alignment=&#8221;center&#8221;][\/vc_column][\/vc_row][vc_row full_width=&#8221;stretch_row&#8221; desctop_mt=&#8221;margin-lg-20t&#8221; desctop_mb=&#8221;margin-lg-35b&#8221; desctop_md_mt=&#8221;margin-md-20t&#8221; desctop_md_mb=&#8221;margin-md-35b&#8221; tablets_mt=&#8221;margin-sm-20t&#8221; tablets_mb=&#8221;margin-sm-20b&#8221; mobile_mt=&#8221;margin-xs-40t&#8221; mobile_mb=&#8221;margin-xs-10b&#8221; el_class=&#8221;xb&#8221;][vc_column css=&#8221;.vc_custom_1737471490457{padding-top: 0px !important;}&#8221;][vc_column_text el_class=&#8221;xb-paragraph-header&#8221;]Les pr\u00e9paratifs[\/vc_column_text][vc_column_text]Marl\u00e8ne et Kevin ont choisi un lieu d\u2019exception pour c\u00e9l\u00e9brer leur amour : le Ch\u00e2teau Gassies.<\/p>\n<p>C\u2019\u00e9tait aussi pour moi l\u2019occasion de d\u00e9couvrir ce magnifique domaine.<\/p>\n<p>Je commence la journ\u00e9e avec Kevin, entour\u00e9 de ses amis et t\u00e9moins. Il a choisi un superbe costume vert qui lui va \u00e0 ravir. Ses t\u00e9moins sont l\u00e0 pour l\u2019aider \u00e0 se pr\u00e9parer dans une ambiance d\u00e9contract\u00e9e et chaleureuse. Un moment fort en \u00e9motions survient lorsque Kevin d\u00e9couvre une lettre \u00e9crite par Marl\u00e8ne, un instant que j\u2019ai eu la chance d\u2019immortaliser. Apr\u00e8s quelques portraits du mari\u00e9, je pars retrouver Marl\u00e8ne.<\/p>\n<p>Elle est en pleine s\u00e9ance de maquillage et de coiffure, entour\u00e9e de ses t\u00e9moins. Une fois pr\u00eate, elle se rend dans une chambre somptueuse o\u00f9 l\u2019attend sa magnifique robe. Les robes de ses t\u00e9moins, suspendues \u00e0 une armoire, semblent patienter pour \u00eatre enfil\u00e9es \u00e0 leur tour. Avec l\u2019aide de ses amies, Marl\u00e8ne lace sa robe avec soin.<\/p>\n<p>Une fois pr\u00eate, je prends le temps de r\u00e9aliser quelques portraits d\u2019elle avant de partir ensemble pour la c\u00e9r\u00e9monie religieuse \u00e0 Pessac.[\/vc_column_text][\/vc_column][\/vc_row][vc_row full_width=&#8221;stretch_row&#8221;][vc_column css=&#8221;.vc_custom_1736606296420{padding-top: 0px !important;}&#8221;][vc_masonry_media_grid style=&#8221;lazy&#8221; items_per_page=&#8221;15&#8243; element_width=&#8221;6&#8243; gap=&#8221;15&#8243; initial_loading_animation=&#8221;fadeIn&#8221; grid_id=&#8221;vc_gid:1738081181517-64bfce3f-f8af-3&#8243; include=&#8221;13151,13152,13153,13154,13155,13156,13157,13158,13159,13160,13161,13162,13163,13164,13165,13166,13167,13168,13169,13170,13171,13172,13173,13174,13175,13176,13177,13178,13179,13180,13181,13182,13183,13184,13185,13186,13187,13188,13189,13190,13191,13192,13193,13194,13195,13196,13197,13198,13199,13200,13201,13202,13203,13204,13205,13206,13207,13208,13209,13210,13211,13212,13213,13214,13215,13216,13217,13218,13219,13220,13221,13222,13223,13224,13225,13226&#8243;][\/vc_column][\/vc_row][vc_row full_width=&#8221;stretch_row&#8221; desctop_mt=&#8221;margin-lg-20t&#8221; desctop_mb=&#8221;margin-lg-35b&#8221; desctop_md_mt=&#8221;margin-md-20t&#8221; desctop_md_mb=&#8221;margin-md-35b&#8221; tablets_mt=&#8221;margin-sm-20t&#8221; tablets_mb=&#8221;margin-sm-20b&#8221; mobile_mt=&#8221;margin-xs-40t&#8221; mobile_mb=&#8221;margin-xs-10b&#8221; el_class=&#8221;xb&#8221;][vc_column css=&#8221;.vc_custom_1737471490457{padding-top: 0px !important;}&#8221;][vc_column_text el_class=&#8221;xb-paragraph-header&#8221;]La c\u00e9r\u00e9monie religieuse[\/vc_column_text][vc_column_text]La c\u00e9r\u00e9monie religieuse s\u2019est tenue dans la magnifique \u00e9glise Saint-Martin de Pessac.<\/p>\n<p>Tous les invit\u00e9s attendent avec impatience l\u2019arriv\u00e9e de Marl\u00e8ne et Kevin.<\/p>\n<p>Kevin a fait son entr\u00e9e au bras de sa maman, suivi par un cort\u00e8ge d\u2019enfants adorables. Marl\u00e8ne est ensuite apparue, accompagn\u00e9e de sa maman. C\u2019est \u00e0 ce moment que les mari\u00e9s se d\u00e9couvrent pour la premi\u00e8re fois, un instant charg\u00e9 d\u2019\u00e9motion.<\/p>\n<p>La c\u00e9r\u00e9monie a \u00e9t\u00e9 rythm\u00e9e par plusieurs discours touchants de leurs amis, ajoutant une belle dimension personnelle \u00e0 ce moment. Depuis le balcon surplombant l\u2019\u00e9glise, j\u2019ai pu capturer des photos uniques, offrant une vue imprenable sur l\u2019assembl\u00e9e.<\/p>\n<p>Marl\u00e8ne et Kevin ont \u00e9chang\u00e9 leurs v\u0153ux, leurs alliances, et scell\u00e9 leur union par un baiser passionn\u00e9. \u00c0 la sortie, les invit\u00e9s leur ont r\u00e9serv\u00e9 une haie d\u2019honneur pleine de joie et d\u2019enthousiasme pour c\u00e9l\u00e9brer leur bonheur.[\/vc_column_text][\/vc_column][\/vc_row][vc_row full_width=&#8221;stretch_row&#8221;][vc_column css=&#8221;.vc_custom_1736606296420{padding-top: 0px !important;}&#8221;][vc_masonry_media_grid style=&#8221;lazy&#8221; items_per_page=&#8221;15&#8243; element_width=&#8221;6&#8243; gap=&#8221;15&#8243; initial_loading_animation=&#8221;fadeIn&#8221; grid_id=&#8221;vc_gid:1738081181517-fd07212d-33e6-8&#8243; include=&#8221;13227,13228,13229,13230,13231,13232,13233,13234,13235,13236,13237,13238,13239,13240,13241,13242,13243,13244,13245,13246,13247,13248,13249,13250,13251,13252,13253,13254&#8243;][\/vc_column][\/vc_row][vc_row full_width=&#8221;stretch_row&#8221; desctop_mt=&#8221;margin-lg-20t&#8221; desctop_mb=&#8221;margin-lg-35b&#8221; desctop_md_mt=&#8221;margin-md-20t&#8221; desctop_md_mb=&#8221;margin-md-35b&#8221; tablets_mt=&#8221;margin-sm-20t&#8221; tablets_mb=&#8221;margin-sm-20b&#8221; mobile_mt=&#8221;margin-xs-40t&#8221; mobile_mb=&#8221;margin-xs-10b&#8221; el_class=&#8221;xb&#8221;][vc_column css=&#8221;.vc_custom_1737471490457{padding-top: 0px !important;}&#8221;][vc_column_text el_class=&#8221;xb-paragraph-header&#8221;]Cocktail[\/vc_column_text][vc_column_text]De retour au Ch\u00e2teau Gassies, les invit\u00e9s se rassemblent dans le grand jardin o\u00f9 un cocktail les attend. Ce lieu offre une vue imprenable sur Bordeaux, cr\u00e9ant une ambiance encore plus magique.<\/p>\n<p>Pendant ce moment de d\u00e9tente, j\u2019en profite pour r\u00e9aliser quelques photos de groupe ainsi que des clich\u00e9s plus cr\u00e9atifs.<\/p>\n<p>L\u2019un des moments les plus attendus, surtout par les femmes c\u00e9libataires, arrive : Marl\u00e8ne lance son bouquet dans une ambiance joyeuse, et ses amies se disputent le pr\u00e9cieux s\u00e9same avec beaucoup d\u2019enthousiasme\u202f!<\/p>\n<p>Le cocktail est toujours un instant privil\u00e9gi\u00e9 : les invit\u00e9s se pr\u00eatent volontiers au jeu des photos, et les couples comme les familles d\u00e9filent devant mon objectif.<\/p>\n<p>Au loin, les premiers rayons du soleil annoncent une golden hour splendide\u202f![\/vc_column_text][\/vc_column][\/vc_row][vc_row full_width=&#8221;stretch_row&#8221;][vc_column css=&#8221;.vc_custom_1736606296420{padding-top: 0px !important;}&#8221;][vc_masonry_media_grid style=&#8221;lazy&#8221; items_per_page=&#8221;15&#8243; element_width=&#8221;6&#8243; gap=&#8221;15&#8243; initial_loading_animation=&#8221;fadeIn&#8221; grid_id=&#8221;vc_gid:1738081181518-bc876d25-ae94-9&#8243; include=&#8221;13255,13256,13257,13258,13259,13260,13261,13262,13263,13264,13265,13266,13267,13268,13269,13270,13271,13272,13273,13274,13275,13276,13277,13278,13279,13280,13281,13282,13283,13284&#8243;][\/vc_column][\/vc_row][vc_row full_width=&#8221;stretch_row&#8221; desctop_mt=&#8221;margin-lg-20t&#8221; desctop_mb=&#8221;margin-lg-35b&#8221; desctop_md_mt=&#8221;margin-md-20t&#8221; desctop_md_mb=&#8221;margin-md-35b&#8221; tablets_mt=&#8221;margin-sm-20t&#8221; tablets_mb=&#8221;margin-sm-20b&#8221; mobile_mt=&#8221;margin-xs-40t&#8221; mobile_mb=&#8221;margin-xs-10b&#8221; el_class=&#8221;xb&#8221;][vc_column css=&#8221;.vc_custom_1737471490457{padding-top: 0px !important;}&#8221;][vc_column_text el_class=&#8221;xb-paragraph-header&#8221;]S\u00e9ance couple[\/vc_column_text][vc_column_text]Le soleil se couche et, malgr\u00e9 une m\u00e9t\u00e9o incertaine le matin, il nous offre un ciel teint\u00e9 de superbes nuances roses et orang\u00e9es.<\/p>\n<p>C\u2019est le moment id\u00e9al pour une s\u00e9ance photo en t\u00eate-\u00e0-t\u00eate avec Marl\u00e8ne et Kevin.<\/p>\n<p>Les jardins du Ch\u00e2teau Gassies regorgent de recoins parfaits pour des clich\u00e9s : le bassin et ses pas japonais, ainsi que la cour du ch\u00e2teau, sont particuli\u00e8rement photog\u00e9niques.<\/p>\n<p>Nous terminons la s\u00e9ance dans le jardin \u00e0 l\u2019ouest, baign\u00e9 par une lumi\u00e8re douce et dor\u00e9e. Mes mari\u00e9s s\u2019embrassent, envelopp\u00e9s dans cette atmosph\u00e8re magique.<\/p>\n<p>Les invit\u00e9s, \u00e9merveill\u00e9s par ces couleurs splendides, me sollicitent pour d\u2019autres photos. C\u2019est avec plaisir que je conclus cette journ\u00e9e en capturant l\u2019amour et la joie de Marl\u00e8ne, Kevin, et leurs proches dans ce cadre exceptionnel\u202f![\/vc_column_text][\/vc_column][\/vc_row][vc_row full_width=&#8221;stretch_row&#8221;][vc_column css=&#8221;.vc_custom_1736606296420{padding-top: 0px !important;}&#8221;][vc_masonry_media_grid style=&#8221;lazy&#8221; items_per_page=&#8221;15&#8243; element_width=&#8221;6&#8243; gap=&#8221;15&#8243; initial_loading_animation=&#8221;fadeIn&#8221; grid_id=&#8221;vc_gid:1738081181518-cabd36a7-7a12-2&#8243; include=&#8221;13285,13286,13287,13288,13289,13290,13291,13292,13293,13294,13295,13296,13297,13298,13299,13300,13301,13302&#8243;][\/vc_column][\/vc_row][vc_row desctop_mt=&#8221;margin-lg-60t&#8221; desctop_mb=&#8221;margin-lg-35b&#8221; desctop_md_mt=&#8221;margin-md-60t&#8221; desctop_md_mb=&#8221;margin-md-35b&#8221; tablets_mt=&#8221;margin-sm-40t&#8221; tablets_mb=&#8221;margin-sm-20b&#8221; mobile_mt=&#8221;margin-xs-20t&#8221; mobile_mb=&#8221;margin-xs-10b&#8221; el_class=&#8221;xb-header&#8221;][vc_column css=&#8221;.vc_custom_1736943833000{padding-top: 0px !important;}&#8221;][wiso_headings style=&#8221;text_center&#8221; title=&#8221;Contactez-moi&#8221;][vc_column_text el_class=&#8221;.me&#8221;]<\/p>\n<p style=\"text-align: center;\">Vous aimez mon travail et vous pensez que je peux \u00eatre votre <strong>photographe<\/strong> ? Besoin de plus d&#8217;informations ou d&#8217;un devis personnalis\u00e9 ? Contactez-moi via ce formulaire, je vous r\u00e9pondrai rapidement !<\/p>\n<p>[\/vc_column_text][\/vc_column][\/vc_row][vc_row desctop_mb=&#8221;margin-lg-30b&#8221; desctop_md_mb=&#8221;margin-md-30b&#8221; tablets_mb=&#8221;margin-sm-20b&#8221; mobile_mb=&#8221;margin-xs-20b&#8221;][vc_column el_class=&#8221;contact-form-mariage&#8221;]<div role=\"form\" class=\"wpcf7\" id=\"wpcf7-f5982-o1\" lang=\"en\" dir=\"ltr\">\n<div class=\"screen-reader-response\"><p role=\"status\" aria-live=\"polite\" aria-atomic=\"true\"><\/p> <ul><\/ul><\/div>\n<form action=\"\/en\/wp-json\/wp\/v2\/pages\/13147#wpcf7-f5982-o1\" method=\"post\" class=\"wpcf7-form init\" novalidate=\"novalidate\" data-status=\"init\">\n<div style=\"display: none;\">\n<input type=\"hidden\" name=\"_wpcf7\" value=\"5982\" \/>\n<input type=\"hidden\" name=\"_wpcf7_version\" value=\"5.4.1\" \/>\n<input type=\"hidden\" name=\"_wpcf7_locale\" value=\"en\" \/>\n<input type=\"hidden\" name=\"_wpcf7_unit_tag\" value=\"wpcf7-f5982-o1\" \/>\n<input type=\"hidden\" name=\"_wpcf7_container_post\" value=\"0\" \/>\n<input type=\"hidden\" name=\"_wpcf7_posted_data_hash\" value=\"\" \/>\n<input type=\"hidden\" name=\"lang\" value=\"en\" \/>\n<\/div>\n<p><label> Lastname *<br \/>\n    <span class=\"wpcf7-form-control-wrap your-name\"><input type=\"text\" name=\"your-name\" value=\"\" size=\"40\" class=\"wpcf7-form-control wpcf7-text wpcf7-validates-as-required\" aria-required=\"true\" aria-invalid=\"false\" \/><\/span> <\/label><\/p>\n<p><label> Firstname *<br \/>\n    <span class=\"wpcf7-form-control-wrap your-firstname\"><input type=\"text\" name=\"your-firstname\" value=\"\" size=\"40\" class=\"wpcf7-form-control wpcf7-text wpcf7-validates-as-required\" aria-required=\"true\" aria-invalid=\"false\" \/><\/span> <\/label><\/p>\n<p><label> Email *<br \/>\n    <span class=\"wpcf7-form-control-wrap your-email\"><input type=\"email\" name=\"your-email\" value=\"\" size=\"40\" class=\"wpcf7-form-control wpcf7-text wpcf7-email wpcf7-validates-as-required wpcf7-validates-as-email\" aria-required=\"true\" aria-invalid=\"false\" \/><\/span> <\/label><\/p>\n<p><label> Phone number *<br \/>\n    <span class=\"wpcf7-form-control-wrap your-phone\"><input type=\"tel\" name=\"your-phone\" value=\"\" size=\"40\" class=\"wpcf7-form-control wpcf7-text wpcf7-tel wpcf7-validates-as-required wpcf7-validates-as-tel\" aria-required=\"true\" aria-invalid=\"false\" \/><\/span> <\/label><\/p>\n<p><label> Your message *<br \/>\n    <span class=\"wpcf7-form-control-wrap your-message\"><textarea name=\"your-message\" cols=\"40\" rows=\"10\" class=\"wpcf7-form-control wpcf7-textarea wpcf7-validates-as-required\" aria-required=\"true\" aria-invalid=\"false\"><\/textarea><\/span> <\/label><br \/>\n<div id=\"cf7sr-69fa596f7d717\" class=\"cf7sr-g-recaptcha\" data-theme=\"light\" data-type=\"image\" data-size=\"normal\" data-sitekey=\"6Lf0ZtYhAAAAAFckl5Aq4AEBi8EoLfMY-zzDwRwB\"><\/div><span class=\"wpcf7-form-control-wrap cf7sr-recaptcha\" data-name=\"cf7sr-recaptcha\"><input type=\"hidden\" name=\"cf7sr-recaptcha\" value=\"\" class=\"wpcf7-form-control\"><\/span><br \/>\n<input type=\"submit\" value=\"Send\" class=\"wpcf7-form-control wpcf7-submit\" \/><\/p>\n<p style=\"display: none !important;\" class=\"akismet-fields-container\" data-prefix=\"_wpcf7_ak_\"><label>&#916;<textarea name=\"_wpcf7_ak_hp_textarea\" cols=\"45\" rows=\"8\" maxlength=\"100\"><\/textarea><\/label><input type=\"hidden\" id=\"ak_js_1\" name=\"_wpcf7_ak_js\" value=\"22\"\/><script>document.getElementById( \"ak_js_1\" ).setAttribute( \"value\", ( new Date() ).getTime() );<\/script><\/p><div class=\"wpcf7-response-output\" aria-hidden=\"true\"><\/div><\/form><\/div>[\/vc_column][\/vc_row]<\/p>\n","protected":false},"excerpt":{"rendered":"<p>[vc_row full_width=&#8221;stretch_row_content_no_spaces&#8221;][vc_column][wiso_banner style_banner=&#8221;simple&#8221; height=&#8221;full&#8221; style=&#8221;center_content&#8221; overlay=&#8221;yes&#8221; title=&#8221;Marl\u00e8ne &#038; Kevin&#8221; subtitle=&#8221;Mariage&#8221; image=&#8221;13149&#8243;][\/vc_column][\/vc_row][vc_row full_width=&#8221;stretch_row&#8221; desctop_mt=&#8221;margin-lg-50t&#8221; desctop_md_mt=&#8221;margin-md-50t&#8221; tablets_mt=&#8221;margin-sm-40t&#8221; mobile_mt=&#8221;margin-xs-25t&#8221; desctop_lg_pb=&#8221;padding-lg-30b&#8221; desctop_pb=&#8221;padding-md-30b&#8221; tablets_pb=&#8221;padding-sm-30b&#8221; mobile_pb=&#8221;padding-xs-20b&#8221; el_class=&#8221;xb mod-left mod-no-margin mod-portfolio-reversed&#8221;][vc_column offset=&#8221;vc_col-lg-3 vc_col-md-12&#8243;][vc_row_inner css=&#8221;.vc_custom_1737471190732{padding-top: 20px !important;padding-left: 2px !important;}&#8221;][vc_column_inner][vc_column_text]Date 5 Juin 2022 Clients Marl\u00e8ne &#038; Kevin[\/vc_column_text][\/vc_column_inner][\/vc_row_inner][vc_row_inner css=&#8221;.vc_custom_1737393329303{padding-top: 20px !important;}&#8221;][vc_column_inner][vc_raw_html]JTNDdWwlMjBjbGFzcyUzRCUyMnhiLXRhZ3MlMjIlM0UlMEElM0NsaSUzRU1hcmlhZ2UlM0MlMkZsaSUzRSUwQSUzQ2xpJTNFQ2glQzMlQTJ0ZWF1JTIwR2Fzc2llcyUzQyUyRmxpJTNFJTBBJTNDbGklM0VQaG90b2dyYXBoZSUyMG1hcmlhZ2UlM0MlMkZsaSUzRSUwQSUzQ2xpJTNFRGVzdGluYXRpb24lMjBXZWRkaW5nJTNDJTJGbGklM0UlMEElM0NsaSUzRUxhc3RyZW5lcyUzQyUyRmxpJTNFJTBBJTNDbGklM0VDJUMzJUE5ciVDMyVBOW1vbmllJTIwcmVsaWdpZXVzZSUzQyUyRmxpJTNFJTBBJTNDbGklM0VFZ2xpc2UlM0MlMkZsaSUzRSUwQSUzQyUyRnVsJTNF[\/vc_raw_html][\/vc_column_inner][\/vc_row_inner][\/vc_column][vc_column desctop_mb=&#8221;margin-lg-20b&#8221; desctop_md_mb=&#8221;margin-md-20b&#8221; tablets_mb=&#8221;margin-sm-20b&#8221; mobile_mb=&#8221;margin-xs-20b&#8221; offset=&#8221;vc_col-lg-9 vc_col-md-12&#8243;][vc_row_inner][vc_column_inner el_class=&#8221;xb-portofolio-title mod-wedding&#8221;][vc_column_text]Le mariage de Marl\u00e8ne &#038; Kevin au &#8230;<\/p>\n","protected":false},"author":1,"featured_media":13149,"parent":0,"menu_order":0,"comment_status":"closed","ping_status":"closed","template":"","meta":{"footnotes":""},"_links":{"self":[{"href":"https:\/\/www.xavierbellenger.com\/en\/wp-json\/wp\/v2\/pages\/13147"}],"collection":[{"href":"https:\/\/www.xavierbellenger.com\/en\/wp-json\/wp\/v2\/pages"}],"about":[{"href":"https:\/\/www.xavierbellenger.com\/en\/wp-json\/wp\/v2\/types\/page"}],"author":[{"embeddable":true,"href":"https:\/\/www.xavierbellenger.com\/en\/wp-json\/wp\/v2\/users\/1"}],"replies":[{"embeddable":true,"href":"https:\/\/www.xavierbellenger.com\/en\/wp-json\/wp\/v2\/comments?post=13147"}],"version-history":[{"count":9,"href":"https:\/\/www.xavierbellenger.com\/en\/wp-json\/wp\/v2\/pages\/13147\/revisions"}],"predecessor-version":[{"id":16600,"href":"https:\/\/www.xavierbellenger.com\/en\/wp-json\/wp\/v2\/pages\/13147\/revisions\/16600"}],"wp:featuredmedia":[{"embeddable":true,"href":"https:\/\/www.xavierbellenger.com\/en\/wp-json\/wp\/v2\/media\/13149"}],"wp:attachment":[{"href":"https:\/\/www.xavierbellenger.com\/en\/wp-json\/wp\/v2\/media?parent=13147"}],"curies":[{"name":"wp","href":"https:\/\/api.w.org\/{rel}","templated":true}]}}