{"id":13541,"date":"2025-10-24T18:00:20","date_gmt":"2025-10-24T16:00:20","guid":{"rendered":"https:\/\/new.xavierbellenger.com\/?page_id=13541"},"modified":"2026-01-19T21:52:27","modified_gmt":"2026-01-19T20:52:27","slug":"mariage-domaine-mahourat-anais-samy","status":"publish","type":"page","link":"https:\/\/www.xavierbellenger.com\/en\/mariage-domaine-mahourat-anais-samy\/","title":{"rendered":"Wedding at Domaine de Mahourat &#8211; Ana\u00efs &#038; Samy"},"content":{"rendered":"<p>[vc_row full_width=&#8221;stretch_row_content_no_spaces&#8221;][vc_column][wiso_banner style_banner=&#8221;simple&#8221; height=&#8221;full&#8221; style=&#8221;center_content&#8221; overlay=&#8221;yes&#8221; title=&#8221;Ana\u00efs &#038; Samy&#8221; subtitle=&#8221;Wedding&#8221; image=&#8221;6707&#8243;][\/vc_column][\/vc_row][vc_row full_width=&#8221;stretch_row&#8221; desctop_mt=&#8221;margin-lg-50t&#8221; desctop_md_mt=&#8221;margin-md-50t&#8221; tablets_mt=&#8221;margin-sm-40t&#8221; mobile_mt=&#8221;margin-xs-25t&#8221; desctop_lg_pb=&#8221;padding-lg-30b&#8221; desctop_pb=&#8221;padding-md-30b&#8221; tablets_pb=&#8221;padding-sm-30b&#8221; mobile_pb=&#8221;padding-xs-20b&#8221; el_class=&#8221;xb mod-left mod-no-margin mod-portfolio-reversed&#8221;][vc_column offset=&#8221;vc_col-lg-3 vc_col-md-12&#8243;][vc_row_inner css=&#8221;.vc_custom_1737471190732{padding-top: 20px !important;padding-left: 2px !important;}&#8221;][vc_column_inner][vc_column_text]<strong>Date<\/strong><br \/>\nSeptember 13th, 2024<\/p>\n<p><strong>Clients<\/strong><br \/>\nAna\u00efs &#038; Samy[\/vc_column_text][\/vc_column_inner][\/vc_row_inner][vc_row_inner css=&#8221;.vc_custom_1737393329303{padding-top: 20px !important;}&#8221;][vc_column_inner][vc_raw_html]JTNDdWwlMjBjbGFzcyUzRCUyMnhiLXRhZ3MlMjBtb2QtZ3JlZW4lMjIlM0UlMEElM0NsaSUzRVdlZGRpbmclM0MlMkZsaSUzRSUwQSUzQ2xpJTNFRG9tYWluZSUyMGRlJTIwTWFob3VyYXQlM0MlMkZsaSUzRSUwQSUzQ2xpJTNFV2VkZGluZyUyMHBob3RvZ3JhcGhlciUzQyUyRmxpJTNFJTBBJTNDbGklM0VTZWN1bGFyJTIwY2VyZW1vbnklM0MlMkZsaSUzRSUwQSUzQ2xpJTNFQm9yZGVhdXglM0MlMkZsaSUzRSUwQSUzQ2xpJTNFQ291cGxlJTIwcGhvdG9zaG9vdCUzQyUyRmxpJTNFJTBBJTNDJTJGdWwlM0U=[\/vc_raw_html][\/vc_column_inner][\/vc_row_inner][\/vc_column][vc_column desctop_mb=&#8221;margin-lg-20b&#8221; desctop_md_mb=&#8221;margin-md-20b&#8221; tablets_mb=&#8221;margin-sm-20b&#8221; mobile_mb=&#8221;margin-xs-20b&#8221; offset=&#8221;vc_col-lg-9 vc_col-md-12&#8243;][vc_row_inner][vc_column_inner el_class=&#8221;xb-portofolio-title mod-wedding&#8221;][vc_column_text]Ana\u00efs &#038; Samy&#8217;s Wedding at Domaine de Mahourat[\/vc_column_text][\/vc_column_inner][\/vc_row_inner][vc_column_text el_class=&#8221;paragraph&#8221; css=&#8221;.vc_custom_1738234334595{padding-top: 20px !important;}&#8221;]Ana\u00efs and Samy celebrated their love with a wedding filled with emotions and unforgettable moments. The festivities began with their civil union at the beautiful Bordeaux town hall, surrounded by their loved ones.<\/p>\n<p>The next day started with Samy&#8217;s preparations in the peaceful setting of Ch\u00e2teau Petit Luc, followed by Ana\u00efs getting ready at <a href=\"\/en\/domaine-de-mahourat\/\">Domaine de Mahourat<\/a> in a warm and joyful atmosphere.<\/p>\n<p>The symbolic ceremony, marked by heartfelt speeches and sincere vows, was one of the highlights of the day. A lively cocktail hour, accompanied by a saxophonist, set the tone for the evening. As the golden hour bathed the estate in soft light, the couple enjoyed a magical photo session along the majestic plane tree-lined path and in the surrounding fields.<\/p>\n<p>The night continued with laughter, surprises, and dancing, creating cherished memories that will last a lifetime.[\/vc_column_text][\/vc_column][\/vc_row][vc_row full_width=&#8221;stretch_row&#8221;][vc_column css=&#8221;.vc_custom_1736606296420{padding-top: 0px !important;}&#8221;][vc_single_image image=&#8221;13543&#8243; img_size=&#8221;full&#8221; alignment=&#8221;center&#8221;][\/vc_column][\/vc_row][vc_row full_width=&#8221;stretch_row&#8221; desctop_mt=&#8221;margin-lg-20t&#8221; desctop_mb=&#8221;margin-lg-35b&#8221; desctop_md_mt=&#8221;margin-md-20t&#8221; desctop_md_mb=&#8221;margin-md-35b&#8221; tablets_mt=&#8221;margin-sm-20t&#8221; tablets_mb=&#8221;margin-sm-20b&#8221; mobile_mt=&#8221;margin-xs-40t&#8221; mobile_mb=&#8221;margin-xs-10b&#8221; el_class=&#8221;xb&#8221;][vc_column css=&#8221;.vc_custom_1737471490457{padding-top: 0px !important;}&#8221;][vc_column_text el_class=&#8221;xb-paragraph-header&#8221;]Civil union[\/vc_column_text][vc_column_text]A few days after their engagement session at Le Porge, I met Ana\u00efs and Samy again for their civil wedding at the beautiful Bordeaux town hall. Surrounded by their families and close friends, they exchanged a heartfelt &#8220;yes&#8221; and sealed their commitment for life.[\/vc_column_text][\/vc_column][\/vc_row][vc_row full_width=&#8221;stretch_row&#8221;][vc_column css=&#8221;.vc_custom_1736606296420{padding-top: 0px !important;}&#8221;][vc_masonry_media_grid style=&#8221;lazy&#8221; items_per_page=&#8221;15&#8243; element_width=&#8221;6&#8243; gap=&#8221;15&#8243; initial_loading_animation=&#8221;fadeIn&#8221; grid_id=&#8221;vc_gid:1768855385434-f4fb6eb7-565c-7&#8243; include=&#8221;13544,13545,13546,13547,13548,13549,13550,13551,13552,13553,13554,13555,13556,13557,13558,13559,13560,13561,13562,13563,13564,13565,13566,13567,13568,13569,13570,13571&#8243;][\/vc_column][\/vc_row][vc_row full_width=&#8221;stretch_row&#8221; desctop_mt=&#8221;margin-lg-20t&#8221; desctop_mb=&#8221;margin-lg-35b&#8221; desctop_md_mt=&#8221;margin-md-20t&#8221; desctop_md_mb=&#8221;margin-md-35b&#8221; tablets_mt=&#8221;margin-sm-20t&#8221; tablets_mb=&#8221;margin-sm-20b&#8221; mobile_mt=&#8221;margin-xs-40t&#8221; mobile_mb=&#8221;margin-xs-10b&#8221; el_class=&#8221;xb&#8221;][vc_column css=&#8221;.vc_custom_1737471490457{padding-top: 0px !important;}&#8221;][vc_column_text el_class=&#8221;xb-paragraph-header&#8221;]The preparations[\/vc_column_text][vc_column_text]The next day, I meet Samy at Ch\u00e2teau Petit Luc for his preparations. It was also where his family was staying, a peaceful location near Domaine de Mahourat, perfect for preparing in serenity.<\/p>\n<p>After capturing a few details of his suit and accessories, Samy puts on an elegant green suit paired with a bow tie. Together with Thomas, the videographer, we capture these moments in a relaxed and friendly atmosphere.<\/p>\n<p>Once Samy is ready, we head to Domaine de Mahourat, where Ana\u00efs is getting ready surrounded by her friends. Between laughter and glasses of champagne, she enjoys these precious moments. After her hair and makeup are done, she slips into her stunning flowing dress. I take this opportunity to capture beautiful portraits of the bride, radiant and full of elegance.[\/vc_column_text][\/vc_column][\/vc_row][vc_row full_width=&#8221;stretch_row&#8221;][vc_column css=&#8221;.vc_custom_1736606296420{padding-top: 0px !important;}&#8221;][vc_masonry_media_grid style=&#8221;lazy&#8221; items_per_page=&#8221;15&#8243; element_width=&#8221;6&#8243; gap=&#8221;15&#8243; initial_loading_animation=&#8221;fadeIn&#8221; grid_id=&#8221;vc_gid:1768855385435-521ec3b0-2d70-7&#8243; include=&#8221;13572,13573,13574,13575,13576,13577,13578,13579,13580,13581,13582,13583,13584,13585,13586,13587,13588,13589,13597,13590,13591,13592,13593,13594,13596,13595,13598,13599,13600,13601,13602,13603,13604,13605,13606,13607,13608,13609,13610,13611,13612,13615,13613,13614&#8243;][\/vc_column][\/vc_row][vc_row full_width=&#8221;stretch_row&#8221; desctop_mt=&#8221;margin-lg-20t&#8221; desctop_mb=&#8221;margin-lg-35b&#8221; desctop_md_mt=&#8221;margin-md-20t&#8221; desctop_md_mb=&#8221;margin-md-35b&#8221; tablets_mt=&#8221;margin-sm-20t&#8221; tablets_mb=&#8221;margin-sm-20b&#8221; mobile_mt=&#8221;margin-xs-40t&#8221; mobile_mb=&#8221;margin-xs-10b&#8221; el_class=&#8221;xb&#8221;][vc_column css=&#8221;.vc_custom_1737471490457{padding-top: 0px !important;}&#8221;][vc_column_text el_class=&#8221;xb-paragraph-header&#8221;]Secular ceremony[\/vc_column_text][vc_column_text]The time for the civil ceremony arrives, and the guests, comfortably seated under the pavilion of the estate, eagerly await the arrival of the newlyweds.<\/p>\n<p>Samy leads the way, accompanied by his parents. The witnesses follow, making an energetic and cheerful entrance. Finally, Ana\u00efs appears, on her parents&#8217; arms, walking down the aisle under Samy&#8217;s emotional gaze.<\/p>\n<p>The ceremony is marked by touching speeches from their loved ones: parents, grandparents, siblings, and witnesses share heartfelt words that make this moment unique and personal.<\/p>\n<p>After exchanging vows and rings, Ana\u00efs and Samy kiss to the applause of the guests. As they exit, they walk through a tunnel of guests formed by an honor guard, before heading to the orchard for a festive cocktail.[\/vc_column_text][\/vc_column][\/vc_row][vc_row full_width=&#8221;stretch_row&#8221;][vc_column css=&#8221;.vc_custom_1736606296420{padding-top: 0px !important;}&#8221;][vc_masonry_media_grid style=&#8221;lazy&#8221; items_per_page=&#8221;15&#8243; element_width=&#8221;6&#8243; gap=&#8221;15&#8243; initial_loading_animation=&#8221;fadeIn&#8221; grid_id=&#8221;vc_gid:1768855385435-1b16274e-dca1-4&#8243; include=&#8221;13616,13617,13618,13619,13620,13621,13622,13623,13624,13625,13626,13627,13628,13629,13630,13631,13632,13633,13634,13635,13636,13637,13638,13639,13640,13641,13642,13643,13644,13645,13646,13647,13648,13649,13650&#8243;][\/vc_column][\/vc_row][vc_row full_width=&#8221;stretch_row&#8221; desctop_mt=&#8221;margin-lg-20t&#8221; desctop_mb=&#8221;margin-lg-35b&#8221; desctop_md_mt=&#8221;margin-md-20t&#8221; desctop_md_mb=&#8221;margin-md-35b&#8221; tablets_mt=&#8221;margin-sm-20t&#8221; tablets_mb=&#8221;margin-sm-20b&#8221; mobile_mt=&#8221;margin-xs-40t&#8221; mobile_mb=&#8221;margin-xs-10b&#8221; el_class=&#8221;xb&#8221;][vc_column css=&#8221;.vc_custom_1737471490457{padding-top: 0px !important;}&#8221;][vc_column_text el_class=&#8221;xb-paragraph-header&#8221;]Cocktail[\/vc_column_text][vc_column_text]After the classic group photos, it&#8217;s time for the cocktail hour! Surrounded by cocktails and appetizers, the atmosphere is festive, enhanced by the saxophonist who adds a beautiful musical touch.<\/p>\n<p>The memorable moments continue to unfold: the guests surprise the couple with a choreographed dance specially prepared for them, and then Samy improvises an original bouquet toss before Ana\u00efs does the real toss for her friends.<\/p>\n<p>As the evening light softens, it creates the perfect atmosphere for a romantic photo session. I take this opportunity to take Ana\u00efs and Samy aside and capture some precious moments in this stunning setting.[\/vc_column_text][\/vc_column][\/vc_row][vc_row full_width=&#8221;stretch_row&#8221;][vc_column css=&#8221;.vc_custom_1736606296420{padding-top: 0px !important;}&#8221;][vc_masonry_media_grid style=&#8221;lazy&#8221; items_per_page=&#8221;15&#8243; element_width=&#8221;6&#8243; gap=&#8221;15&#8243; initial_loading_animation=&#8221;fadeIn&#8221; grid_id=&#8221;vc_gid:1768855385436-ede0b0e8-360c-4&#8243; include=&#8221;13651,13652,13653,13654,13655,13656,13657,13658,13659,13660,13661,13662,13663,13664,13665,13666,13667,13668,13669,13670,13671,13672,13673,13674,13675,13676,13677,13678,13679,13680&#8243;][\/vc_column][\/vc_row][vc_row full_width=&#8221;stretch_row&#8221; desctop_mt=&#8221;margin-lg-20t&#8221; desctop_mb=&#8221;margin-lg-35b&#8221; desctop_md_mt=&#8221;margin-md-20t&#8221; desctop_md_mb=&#8221;margin-md-35b&#8221; tablets_mt=&#8221;margin-sm-20t&#8221; tablets_mb=&#8221;margin-sm-20b&#8221; mobile_mt=&#8221;margin-xs-40t&#8221; mobile_mb=&#8221;margin-xs-10b&#8221; el_class=&#8221;xb&#8221;][vc_column css=&#8221;.vc_custom_1737471490457{padding-top: 0px !important;}&#8221;][vc_column_text el_class=&#8221;xb-paragraph-header&#8221;]Couple session[\/vc_column_text][vc_column_text]The golden hour has finally arrived, and we take advantage of this soft, golden light for a photo session in the famous plane tree avenue of Domaine de Mahourat. Thomas, the videographer, also captures stunning shots for the wedding film.<\/p>\n<p>We continue with the straw bales in the park. Ana\u00efs, determined, climbs onto one and poses proudly next to Samy, creating unique and fun images.<\/p>\n<p>The session concludes in a field behind the estate, bathed in perfect light filtered by the distant trees. It\u2019s one of my favorite moments of the day.<\/p>\n<p>Ana\u00efs and Samy are now ready to join their guests and kick off the evening![\/vc_column_text][\/vc_column][\/vc_row][vc_row full_width=&#8221;stretch_row&#8221;][vc_column css=&#8221;.vc_custom_1736606296420{padding-top: 0px !important;}&#8221;][vc_masonry_media_grid style=&#8221;lazy&#8221; items_per_page=&#8221;15&#8243; element_width=&#8221;6&#8243; gap=&#8221;15&#8243; initial_loading_animation=&#8221;fadeIn&#8221; grid_id=&#8221;vc_gid:1768855385436-7807ce42-a676-10&#8243; include=&#8221;13681,13682,13683,13684,13685,13686,13687,13688,13689,13690,13691,13692,13693,13694,13695,13696&#8243;][\/vc_column][\/vc_row][vc_row full_width=&#8221;stretch_row&#8221; desctop_mt=&#8221;margin-lg-20t&#8221; desctop_mb=&#8221;margin-lg-35b&#8221; desctop_md_mt=&#8221;margin-md-20t&#8221; desctop_md_mb=&#8221;margin-md-35b&#8221; tablets_mt=&#8221;margin-sm-20t&#8221; tablets_mb=&#8221;margin-sm-20b&#8221; mobile_mt=&#8221;margin-xs-40t&#8221; mobile_mb=&#8221;margin-xs-10b&#8221; el_class=&#8221;xb&#8221;][vc_column css=&#8221;.vc_custom_1737471490457{padding-top: 0px !important;}&#8221;][vc_column_text el_class=&#8221;xb-paragraph-header&#8221;]The evening[\/vc_column_text][vc_column_text]The guests welcome Ana\u00efs and Samy with great enthusiasm for their entrance into the reception hall. The newlyweds, lifted in triumph, are the center of attention!<\/p>\n<p>The evening is filled with surprise videos and a humorous twist on the &#8220;Burger Quiz,&#8221; in the quirky spirit of Alain Chabat, much to the delight of everyone.<\/p>\n<p>Ana\u00efs changed into a new outfit for the henna ceremony, a moment steeped in tradition and emotion.<\/p>\n<p>After a few dance steps to get the party started, the cake makes its entrance, met with applause and smiles.<\/p>\n<p>Finally, Ana\u00efs and Samy open the ball with a memorable first dance, before being joined by their guests to dance the night away!<\/p>\n<p>To see more weddings and authentic moments, join me on Instagram <a href=\"http:\/\/www.instagram.com\/xavier.b.photography\" target=\"_blank\" rel=\"noopener\">@xavier.b.photography<\/a>! \ud83d\ude0a[\/vc_column_text][\/vc_column][\/vc_row][vc_row full_width=&#8221;stretch_row&#8221;][vc_column css=&#8221;.vc_custom_1736606296420{padding-top: 0px !important;}&#8221;][vc_masonry_media_grid style=&#8221;lazy&#8221; items_per_page=&#8221;15&#8243; element_width=&#8221;6&#8243; gap=&#8221;15&#8243; initial_loading_animation=&#8221;fadeIn&#8221; grid_id=&#8221;vc_gid:1768855385437-1a8ccc6f-ddcd-4&#8243; include=&#8221;13697,13698,13699,13700,13701,13702,13703,13704,13705,13706,13707,13708,13709,13710,13711,13712,13713,13714,13715,13716,13717,13718,13719,13720,13721,13722,13723,13724&#8243;][\/vc_column][\/vc_row][vc_row full_width=&#8221;stretch_row&#8221; desctop_mt=&#8221;margin-lg-20t&#8221; desctop_md_mt=&#8221;margin-md-20t&#8221; tablets_mt=&#8221;margin-sm-20t&#8221; mobile_mt=&#8221;margin-xs-20t&#8221; css=&#8221;.vc_custom_1736937257690{background-image: url(\/wp-content\/uploads\/2025\/01\/Mariage-6.jpg?id=) !important;background-position: center !important;background-repeat: no-repeat !important;background-size: cover !important;}&#8221;][vc_column][wiso_testimonial loop=&#8221;true&#8221; color=&#8221;#ffffff&#8221;][wiso_testimonial_items author=&#8221;Ana\u00efs &#038; Samy&#8221; position=&#8221;Wedding at Domaine de Mahourat&#8221;]&#8221;Nous avons fait appel \u00e0 Xavier pour nous accompagner le temps de notre mariage civil et la\u00efque. Ayant nous m\u00eame un attrait pour la photographie, nous \u00e9tions assez exigeants sur la qualit\u00e9 des photos pour notre mariage et nous n&#8217;avons pas regrett\u00e9 notre choix ! Xavier a su nous mettre \u00e0 l&#8217;aise et pourtant ce n&#8217;\u00e9tait pas gagn\u00e9, il a su nous guider et le r\u00e9sultat est remarquable ! Son talent, son \u0153il artistique et sa capacit\u00e9 \u00e0 capturer les \u00e9motions de chaque instant ont rendu ce jour encore plus sp\u00e9cial. Chaque image nous replonge dans la magie de cette journ\u00e9e inoubliable. Par ailleurs, le d\u00e9lai de r\u00e9ception des photos a \u00e9t\u00e9 plus que rapide et le r\u00e9sultat est au rendez vous, tous nos proches ne manquent pas de le souligner! Nous le recommandons les yeux ferm\u00e9s! Merci encore pour tout !&#8221;[\/wiso_testimonial_items][\/wiso_testimonial][\/vc_column][\/vc_row][vc_row desctop_mt=&#8221;margin-lg-60t&#8221; desctop_mb=&#8221;margin-lg-35b&#8221; desctop_md_mt=&#8221;margin-md-60t&#8221; desctop_md_mb=&#8221;margin-md-35b&#8221; tablets_mt=&#8221;margin-sm-40t&#8221; tablets_mb=&#8221;margin-sm-20b&#8221; mobile_mt=&#8221;margin-xs-20t&#8221; mobile_mb=&#8221;margin-xs-10b&#8221; el_class=&#8221;xb-header&#8221;][vc_column css=&#8221;.vc_custom_1736943833000{padding-top: 0px !important;}&#8221;][wiso_headings style=&#8221;text_center&#8221; title=&#8221;Inquire&#8221;][vc_column_text el_class=&#8221;.me&#8221;]<\/p>\n<p style=\"text-align: center;\">Do you love my work and think I could be your\u00a0<strong>photographer<\/strong>? Need more information or a personalized quote? Contact me through this form, and I will get back to you quickly!<\/p>\n<p>[\/vc_column_text][\/vc_column][\/vc_row][vc_row desctop_mb=&#8221;margin-lg-30b&#8221; desctop_md_mb=&#8221;margin-md-30b&#8221; tablets_mb=&#8221;margin-sm-20b&#8221; mobile_mb=&#8221;margin-xs-20b&#8221;][vc_column el_class=&#8221;contact-form-mariage&#8221;]<div role=\"form\" class=\"wpcf7\" id=\"wpcf7-f5982-o1\" lang=\"en\" dir=\"ltr\">\n<div class=\"screen-reader-response\"><p role=\"status\" aria-live=\"polite\" aria-atomic=\"true\"><\/p> <ul><\/ul><\/div>\n<form action=\"\/en\/wp-json\/wp\/v2\/pages\/13541#wpcf7-f5982-o1\" method=\"post\" class=\"wpcf7-form init\" novalidate=\"novalidate\" data-status=\"init\">\n<div style=\"display: none;\">\n<input type=\"hidden\" name=\"_wpcf7\" value=\"5982\" \/>\n<input type=\"hidden\" name=\"_wpcf7_version\" value=\"5.4.1\" \/>\n<input type=\"hidden\" name=\"_wpcf7_locale\" value=\"en\" \/>\n<input type=\"hidden\" name=\"_wpcf7_unit_tag\" value=\"wpcf7-f5982-o1\" \/>\n<input type=\"hidden\" name=\"_wpcf7_container_post\" value=\"0\" \/>\n<input type=\"hidden\" name=\"_wpcf7_posted_data_hash\" value=\"\" \/>\n<input type=\"hidden\" name=\"lang\" value=\"en\" \/>\n<\/div>\n<p><label> Lastname *<br \/>\n    <span class=\"wpcf7-form-control-wrap your-name\"><input type=\"text\" name=\"your-name\" value=\"\" size=\"40\" class=\"wpcf7-form-control wpcf7-text wpcf7-validates-as-required\" aria-required=\"true\" aria-invalid=\"false\" \/><\/span> <\/label><\/p>\n<p><label> Firstname *<br \/>\n    <span class=\"wpcf7-form-control-wrap your-firstname\"><input type=\"text\" name=\"your-firstname\" value=\"\" size=\"40\" class=\"wpcf7-form-control wpcf7-text wpcf7-validates-as-required\" aria-required=\"true\" aria-invalid=\"false\" \/><\/span> <\/label><\/p>\n<p><label> Email *<br \/>\n    <span class=\"wpcf7-form-control-wrap your-email\"><input type=\"email\" name=\"your-email\" value=\"\" size=\"40\" class=\"wpcf7-form-control wpcf7-text wpcf7-email wpcf7-validates-as-required wpcf7-validates-as-email\" aria-required=\"true\" aria-invalid=\"false\" \/><\/span> <\/label><\/p>\n<p><label> Phone number *<br \/>\n    <span class=\"wpcf7-form-control-wrap your-phone\"><input type=\"tel\" name=\"your-phone\" value=\"\" size=\"40\" class=\"wpcf7-form-control wpcf7-text wpcf7-tel wpcf7-validates-as-required wpcf7-validates-as-tel\" aria-required=\"true\" aria-invalid=\"false\" \/><\/span> <\/label><\/p>\n<p><label> Your message *<br \/>\n    <span class=\"wpcf7-form-control-wrap your-message\"><textarea name=\"your-message\" cols=\"40\" rows=\"10\" class=\"wpcf7-form-control wpcf7-textarea wpcf7-validates-as-required\" aria-required=\"true\" aria-invalid=\"false\"><\/textarea><\/span> <\/label><br \/>\n<div id=\"cf7sr-69f25ac995485\" class=\"cf7sr-g-recaptcha\" data-theme=\"light\" data-type=\"image\" data-size=\"normal\" data-sitekey=\"6Lf0ZtYhAAAAAFckl5Aq4AEBi8EoLfMY-zzDwRwB\"><\/div><span class=\"wpcf7-form-control-wrap cf7sr-recaptcha\" data-name=\"cf7sr-recaptcha\"><input type=\"hidden\" name=\"cf7sr-recaptcha\" value=\"\" class=\"wpcf7-form-control\"><\/span><br \/>\n<input type=\"submit\" value=\"Send\" class=\"wpcf7-form-control wpcf7-submit\" \/><\/p>\n<p style=\"display: none !important;\" class=\"akismet-fields-container\" data-prefix=\"_wpcf7_ak_\"><label>&#916;<textarea name=\"_wpcf7_ak_hp_textarea\" cols=\"45\" rows=\"8\" maxlength=\"100\"><\/textarea><\/label><input type=\"hidden\" id=\"ak_js_1\" name=\"_wpcf7_ak_js\" value=\"79\"\/><script>document.getElementById( \"ak_js_1\" ).setAttribute( \"value\", ( new Date() ).getTime() );<\/script><\/p><div class=\"wpcf7-response-output\" aria-hidden=\"true\"><\/div><\/form><\/div>[\/vc_column][\/vc_row]<\/p>\n","protected":false},"excerpt":{"rendered":"<p>[vc_row full_width=&#8221;stretch_row_content_no_spaces&#8221;][vc_column][wiso_banner style_banner=&#8221;simple&#8221; height=&#8221;full&#8221; style=&#8221;center_content&#8221; overlay=&#8221;yes&#8221; title=&#8221;Ana\u00efs &#038; Samy&#8221; subtitle=&#8221;Wedding&#8221; image=&#8221;6707&#8243;][\/vc_column][\/vc_row][vc_row full_width=&#8221;stretch_row&#8221; desctop_mt=&#8221;margin-lg-50t&#8221; desctop_md_mt=&#8221;margin-md-50t&#8221; tablets_mt=&#8221;margin-sm-40t&#8221; mobile_mt=&#8221;margin-xs-25t&#8221; desctop_lg_pb=&#8221;padding-lg-30b&#8221; desctop_pb=&#8221;padding-md-30b&#8221; tablets_pb=&#8221;padding-sm-30b&#8221; mobile_pb=&#8221;padding-xs-20b&#8221; el_class=&#8221;xb mod-left mod-no-margin mod-portfolio-reversed&#8221;][vc_column offset=&#8221;vc_col-lg-3 vc_col-md-12&#8243;][vc_row_inner css=&#8221;.vc_custom_1737471190732{padding-top: 20px !important;padding-left: 2px !important;}&#8221;][vc_column_inner][vc_column_text]Date September 13th, 2024 Clients Ana\u00efs &#038; Samy[\/vc_column_text][\/vc_column_inner][\/vc_row_inner][vc_row_inner css=&#8221;.vc_custom_1737393329303{padding-top: 20px !important;}&#8221;][vc_column_inner][vc_raw_html]JTNDdWwlMjBjbGFzcyUzRCUyMnhiLXRhZ3MlMjBtb2QtZ3JlZW4lMjIlM0UlMEElM0NsaSUzRVdlZGRpbmclM0MlMkZsaSUzRSUwQSUzQ2xpJTNFRG9tYWluZSUyMGRlJTIwTWFob3VyYXQlM0MlMkZsaSUzRSUwQSUzQ2xpJTNFV2VkZGluZyUyMHBob3RvZ3JhcGhlciUzQyUyRmxpJTNFJTBBJTNDbGklM0VTZWN1bGFyJTIwY2VyZW1vbnklM0MlMkZsaSUzRSUwQSUzQ2xpJTNFQm9yZGVhdXglM0MlMkZsaSUzRSUwQSUzQ2xpJTNFQ291cGxlJTIwcGhvdG9zaG9vdCUzQyUyRmxpJTNFJTBBJTNDJTJGdWwlM0U=[\/vc_raw_html][\/vc_column_inner][\/vc_row_inner][\/vc_column][vc_column desctop_mb=&#8221;margin-lg-20b&#8221; desctop_md_mb=&#8221;margin-md-20b&#8221; tablets_mb=&#8221;margin-sm-20b&#8221; mobile_mb=&#8221;margin-xs-20b&#8221; offset=&#8221;vc_col-lg-9 vc_col-md-12&#8243;][vc_row_inner][vc_column_inner el_class=&#8221;xb-portofolio-title mod-wedding&#8221;][vc_column_text]Ana\u00efs &#038; Samy&#8217;s Wedding at Domaine de &#8230;<\/p>\n","protected":false},"author":1,"featured_media":6707,"parent":0,"menu_order":0,"comment_status":"closed","ping_status":"closed","template":"","meta":{"footnotes":""},"_links":{"self":[{"href":"https:\/\/www.xavierbellenger.com\/en\/wp-json\/wp\/v2\/pages\/13541"}],"collection":[{"href":"https:\/\/www.xavierbellenger.com\/en\/wp-json\/wp\/v2\/pages"}],"about":[{"href":"https:\/\/www.xavierbellenger.com\/en\/wp-json\/wp\/v2\/types\/page"}],"author":[{"embeddable":true,"href":"https:\/\/www.xavierbellenger.com\/en\/wp-json\/wp\/v2\/users\/1"}],"replies":[{"embeddable":true,"href":"https:\/\/www.xavierbellenger.com\/en\/wp-json\/wp\/v2\/comments?post=13541"}],"version-history":[{"count":8,"href":"https:\/\/www.xavierbellenger.com\/en\/wp-json\/wp\/v2\/pages\/13541\/revisions"}],"predecessor-version":[{"id":23048,"href":"https:\/\/www.xavierbellenger.com\/en\/wp-json\/wp\/v2\/pages\/13541\/revisions\/23048"}],"wp:featuredmedia":[{"embeddable":true,"href":"https:\/\/www.xavierbellenger.com\/en\/wp-json\/wp\/v2\/media\/6707"}],"wp:attachment":[{"href":"https:\/\/www.xavierbellenger.com\/en\/wp-json\/wp\/v2\/media?parent=13541"}],"curies":[{"name":"wp","href":"https:\/\/api.w.org\/{rel}","templated":true}]}}