{"id":13884,"date":"2023-08-26T09:00:37","date_gmt":"2023-08-26T07:00:37","guid":{"rendered":"https:\/\/new.xavierbellenger.com\/?page_id=13884"},"modified":"2025-02-02T14:35:49","modified_gmt":"2025-02-02T13:35:49","slug":"mariage-ferme-moulinat-elodie-dylan","status":"publish","type":"page","link":"https:\/\/www.xavierbellenger.com\/en\/mariage-ferme-moulinat-elodie-dylan\/","title":{"rendered":"Wedding at the Ferme du Moulinat &#8211; Elodie &#038; Dylan"},"content":{"rendered":"<p>[vc_row full_width=&#8221;stretch_row_content_no_spaces&#8221;][vc_column][wiso_banner style_banner=&#8221;simple&#8221; height=&#8221;full&#8221; style=&#8221;center_content&#8221; overlay=&#8221;yes&#8221; title=&#8221;Elodie &#038; Dylan&#8221; subtitle=&#8221;Mariage&#8221; image=&#8221;13887&#8243;][\/vc_column][\/vc_row][vc_row full_width=&#8221;stretch_row&#8221; desctop_mt=&#8221;margin-lg-50t&#8221; desctop_md_mt=&#8221;margin-md-50t&#8221; tablets_mt=&#8221;margin-sm-40t&#8221; mobile_mt=&#8221;margin-xs-25t&#8221; desctop_lg_pb=&#8221;padding-lg-30b&#8221; desctop_pb=&#8221;padding-md-30b&#8221; tablets_pb=&#8221;padding-sm-30b&#8221; mobile_pb=&#8221;padding-xs-20b&#8221; el_class=&#8221;xb mod-left mod-no-margin mod-portfolio-reversed&#8221;][vc_column offset=&#8221;vc_col-lg-3 vc_col-md-12&#8243;][vc_row_inner css=&#8221;.vc_custom_1737471190732{padding-top: 20px !important;padding-left: 2px !important;}&#8221;][vc_column_inner][vc_column_text]<strong>Date<\/strong><br \/>\n26 Ao\u00fbt 2023<\/p>\n<p><strong>Clients<\/strong><br \/>\nElodie &#038; Dylan[\/vc_column_text][\/vc_column_inner][\/vc_row_inner][vc_row_inner css=&#8221;.vc_custom_1737393329303{padding-top: 20px !important;}&#8221;][vc_column_inner][vc_raw_html]JTNDdWwlMjBjbGFzcyUzRCUyMnhiLXRhZ3MlMjBtb2QtZ3JlZW4lMjIlM0UlMEElM0NsaSUzRU1hcmlhZ2UlM0MlMkZsaSUzRSUwQSUzQ2xpJTNFRmVybWUlMjBkdSUyME1vdWxpbmF0JTNDJTJGbGklM0UlMEElM0NsaSUzRVBob3RvZ3JhcGhlJTIwbWFyaWFnZSUzQyUyRmxpJTNFJTBBJTNDbGklM0VDJUMzJUE5ciVDMyVBOW1vbmllJTIwbGElQzMlQUZxdWUlM0MlMkZsaSUzRSUwQSUzQ2xpJTNFQ2hhbXAlQzMlQUF0cmUlM0MlMkZsaSUzRSUwQSUzQ2xpJTNFUyVDMyVBOWFuY2UlMjBjb3VwbGUlM0MlMkZsaSUzRSUwQSUzQ2xpJTNFTG91YmVucyUzQyUyRmxpJTNFJTBBJTNDJTJGdWwlM0U=[\/vc_raw_html][\/vc_column_inner][\/vc_row_inner][\/vc_column][vc_column desctop_mb=&#8221;margin-lg-20b&#8221; desctop_md_mb=&#8221;margin-md-20b&#8221; tablets_mb=&#8221;margin-sm-20b&#8221; mobile_mb=&#8221;margin-xs-20b&#8221; offset=&#8221;vc_col-lg-9 vc_col-md-12&#8243;][vc_row_inner][vc_column_inner el_class=&#8221;xb-portofolio-title mod-wedding&#8221;][vc_column_text]Le mariage d&#8217;Elodie &#038; Dylan \u00e0 la Ferme du Moulinat[\/vc_column_text][\/vc_column_inner][\/vc_row_inner][vc_column_text el_class=&#8221;paragraph&#8221; css=&#8221;.vc_custom_1737883465708{padding-top: 20px !important;}&#8221;]Elodie et Dylan ont c\u00e9l\u00e9br\u00e9 leur mariage \u00e0 la <a href=\"\/ferme-du-moulinat\/\" target=\"_blank\" rel=\"noopener\">Ferme du Moulinat<\/a>, un joli cadre champ\u00eatre \u00e0 Loubens, en Gironde. Apr\u00e8s une s\u00e9ance engagement \u00e0 Saint-\u00c9milion, j\u2019ai eu le plaisir de les retrouver pour leur grand jour, entour\u00e9s de leurs proches.<\/p>\n<p>La journ\u00e9e a commenc\u00e9 par des pr\u00e9paratifs pleins d\u2019\u00e9motion, suivis de c\u00e9r\u00e9monies civile et religieuse touchantes. Le cocktail \u00e0 la ferme, accompagn\u00e9 d\u2019une ambiance chaleureuse, a permis \u00e0 chacun de profiter du moment.<\/p>\n<p>Nous avons ensuite r\u00e9alis\u00e9 une s\u00e9ance photo de couple dans les beaux recoins du domaine, avant que la soir\u00e9e ne s\u2019anime. Entre rires, surprises et une piste de danse anim\u00e9e, ce mariage a \u00e9t\u00e9 simple, sinc\u00e8re et rempli de belles \u00e9motions.[\/vc_column_text][\/vc_column][\/vc_row][vc_row full_width=&#8221;stretch_row&#8221;][vc_column css=&#8221;.vc_custom_1736606296420{padding-top: 0px !important;}&#8221;][vc_single_image image=&#8221;13888&#8243; img_size=&#8221;full&#8221; alignment=&#8221;center&#8221;][\/vc_column][\/vc_row][vc_row full_width=&#8221;stretch_row&#8221; desctop_mt=&#8221;margin-lg-20t&#8221; desctop_mb=&#8221;margin-lg-35b&#8221; desctop_md_mt=&#8221;margin-md-20t&#8221; desctop_md_mb=&#8221;margin-md-35b&#8221; tablets_mt=&#8221;margin-sm-20t&#8221; tablets_mb=&#8221;margin-sm-20b&#8221; mobile_mt=&#8221;margin-xs-40t&#8221; mobile_mb=&#8221;margin-xs-10b&#8221; el_class=&#8221;xb&#8221;][vc_column css=&#8221;.vc_custom_1737471490457{padding-top: 0px !important;}&#8221;][vc_column_text el_class=&#8221;xb-paragraph-header&#8221;]Les pr\u00e9paratifs[\/vc_column_text][vc_column_text]La journ\u00e9e d\u00e9bute par les pr\u00e9paratifs de Dylan, que je retrouve chez ses parents. Entour\u00e9 de ses t\u00e9moins, il se pr\u00e9pare avec soin, et je m\u2019attarde sur les d\u00e9tails : costume, chaussures, boutonni\u00e8re\u2026 chaque \u00e9l\u00e9ment est captur\u00e9 pour raconter l\u2019histoire de ce jour unique.<\/p>\n<p>De son c\u00f4t\u00e9, Elodie se pr\u00e9pare entour\u00e9e de sa famille et de ses amies. Je photographie sa robe de mari\u00e9e, ses alliances, son bouquet et son voile avec \u00e9motion.[\/vc_column_text][\/vc_column][\/vc_row][vc_row full_width=&#8221;stretch_row&#8221;][vc_column css=&#8221;.vc_custom_1736606296420{padding-top: 0px !important;}&#8221;][vc_masonry_media_grid style=&#8221;lazy&#8221; items_per_page=&#8221;15&#8243; element_width=&#8221;6&#8243; gap=&#8221;15&#8243; initial_loading_animation=&#8221;fadeIn&#8221; grid_id=&#8221;vc_gid:1737883483670-cb0d9809-d1a9-9&#8243; include=&#8221;13889,13890,13891,13892,13893,13894,13895,13896,13897,13898,13899,13900,13901,13902,13903,13904,13905,13906,13907,13908,13909,13910,13911,13912,13913,13914,13915,13916,13917,13918,13919,13920,13921,13922,13923,13924,13925,13926,13927,13928,13929,13930,13931,13932,13933,13934,13935&#8243;][\/vc_column][\/vc_row][vc_row full_width=&#8221;stretch_row&#8221; desctop_mt=&#8221;margin-lg-20t&#8221; desctop_mb=&#8221;margin-lg-35b&#8221; desctop_md_mt=&#8221;margin-md-20t&#8221; desctop_md_mb=&#8221;margin-md-35b&#8221; tablets_mt=&#8221;margin-sm-20t&#8221; tablets_mb=&#8221;margin-sm-20b&#8221; mobile_mt=&#8221;margin-xs-40t&#8221; mobile_mb=&#8221;margin-xs-10b&#8221; el_class=&#8221;xb&#8221;][vc_column css=&#8221;.vc_custom_1737471490457{padding-top: 0px !important;}&#8221;][vc_column_text el_class=&#8221;xb-paragraph-header&#8221;]Le first look[\/vc_column_text][vc_column_text]Avant la c\u00e9r\u00e9monie, Elodie et Dylan vivent un moment magique : le <strong>First Look<\/strong>. Sous les yeux de quelques invit\u00e9s. Dylan avait pr\u00e9alablement pris le temps de pr\u00e9parer une all\u00e9e dans un champ \u00e0 cot\u00e9 de vignes. Elodie s\u2019avance vers son futur mari. Dylan lui tourne le dos jusqu&#8217;\u00e0 ce qu&#8217;Elodie ne lui fasse signe de se retourner. Leur rencontre, riche en \u00e9motions et en sourires, est immortalis\u00e9e. Nous terminons cette d\u00e9couverte par une photo au milieu des vignes.[\/vc_column_text][\/vc_column][\/vc_row][vc_row full_width=&#8221;stretch_row&#8221;][vc_column css=&#8221;.vc_custom_1736606296420{padding-top: 0px !important;}&#8221;][vc_masonry_media_grid style=&#8221;lazy&#8221; items_per_page=&#8221;15&#8243; element_width=&#8221;6&#8243; gap=&#8221;15&#8243; initial_loading_animation=&#8221;fadeIn&#8221; grid_id=&#8221;vc_gid:1737883483671-358b98fa-cfa6-8&#8243; include=&#8221;13936,13937,13938,13939,13940,13941,13942,13943,13944,13945,13946,13947,13948,13949,13950,13951,13952&#8243;][\/vc_column][\/vc_row][vc_row full_width=&#8221;stretch_row&#8221; desctop_mt=&#8221;margin-lg-20t&#8221; desctop_mb=&#8221;margin-lg-35b&#8221; desctop_md_mt=&#8221;margin-md-20t&#8221; desctop_md_mb=&#8221;margin-md-35b&#8221; tablets_mt=&#8221;margin-sm-20t&#8221; tablets_mb=&#8221;margin-sm-20b&#8221; mobile_mt=&#8221;margin-xs-40t&#8221; mobile_mb=&#8221;margin-xs-10b&#8221; el_class=&#8221;xb&#8221;][vc_column css=&#8221;.vc_custom_1737471490457{padding-top: 0px !important;}&#8221;][vc_column_text el_class=&#8221;xb-paragraph-header&#8221;]L&#8217;union civile[\/vc_column_text][vc_column_text]La c\u00e9r\u00e9monie civile se d\u00e9roule dans l\u2019intimit\u00e9 de la mairie de Sainte-Terre. L&#8217;un des amis des mari\u00e9s apportent les alliances d&#8217;une mani\u00e8re assez &#8230; inattendue ! Elodie et Dylan \u00e9changent leurs v\u0153ux dans une ambiance pleine de tendresse. \u00c0 leur sortie, ils saluent leurs invit\u00e9s depuis le balcon, un geste \u00e0 la fois symbolique et \u00e9mouvant.[\/vc_column_text][\/vc_column][\/vc_row][vc_row full_width=&#8221;stretch_row&#8221;][vc_column css=&#8221;.vc_custom_1736606296420{padding-top: 0px !important;}&#8221;][vc_masonry_media_grid style=&#8221;lazy&#8221; items_per_page=&#8221;15&#8243; element_width=&#8221;6&#8243; gap=&#8221;15&#8243; initial_loading_animation=&#8221;fadeIn&#8221; grid_id=&#8221;vc_gid:1737891182999-65aebc3c-6d70-2&#8243; include=&#8221;13953,13954,13955,13956,13957,13958,13959,13960,13961,13962,13963,13964,13965,13966,13967,13968,13969,13970,13971,13972,13973,13974&#8243;][\/vc_column][\/vc_row][vc_row full_width=&#8221;stretch_row&#8221; desctop_mt=&#8221;margin-lg-20t&#8221; desctop_mb=&#8221;margin-lg-35b&#8221; desctop_md_mt=&#8221;margin-md-20t&#8221; desctop_md_mb=&#8221;margin-md-35b&#8221; tablets_mt=&#8221;margin-sm-20t&#8221; tablets_mb=&#8221;margin-sm-20b&#8221; mobile_mt=&#8221;margin-xs-40t&#8221; mobile_mb=&#8221;margin-xs-10b&#8221; el_class=&#8221;xb&#8221;][vc_column css=&#8221;.vc_custom_1737471490457{padding-top: 0px !important;}&#8221;][vc_column_text el_class=&#8221;xb-paragraph-header&#8221;]C\u00e9r\u00e9monie religieuse[\/vc_column_text][vc_column_text]Direction l\u2019\u00e9glise pour une c\u00e9r\u00e9monie empreinte de spiritualit\u00e9. Chants, lectures et l\u2019offrande du bouquet \u00e0 la Vierge rythment ce moment solennel. L\u2019\u00e9change des alliances scelle leur union devant leurs proches. \u00c0 la sortie, une haie de ballons de rugby, clin d\u2019\u0153il au couple, apporte une touche festive et originale.[\/vc_column_text][\/vc_column][\/vc_row][vc_row full_width=&#8221;stretch_row&#8221;][vc_column css=&#8221;.vc_custom_1736606296420{padding-top: 0px !important;}&#8221;][vc_masonry_media_grid style=&#8221;lazy&#8221; items_per_page=&#8221;15&#8243; element_width=&#8221;6&#8243; gap=&#8221;15&#8243; initial_loading_animation=&#8221;fadeIn&#8221; grid_id=&#8221;vc_gid:1737883483671-12ecd5b6-0c5b-2&#8243; include=&#8221;13975,13976,13977,13978,13979,13980,13981,13982,13983,13984,13985,13986,13987,13988,13989,13990,13991,13992,13993,13994,13995,13996,13997,13998,13999,14000,14001,14002,14003,14004,14005,14006,14007,14008,14009,14010,14011,14012,14013,14014,14015&#8243;][\/vc_column][\/vc_row][vc_row full_width=&#8221;stretch_row&#8221; desctop_mt=&#8221;margin-lg-20t&#8221; desctop_mb=&#8221;margin-lg-35b&#8221; desctop_md_mt=&#8221;margin-md-20t&#8221; desctop_md_mb=&#8221;margin-md-35b&#8221; tablets_mt=&#8221;margin-sm-20t&#8221; tablets_mb=&#8221;margin-sm-20b&#8221; mobile_mt=&#8221;margin-xs-40t&#8221; mobile_mb=&#8221;margin-xs-10b&#8221; el_class=&#8221;xb&#8221;][vc_column css=&#8221;.vc_custom_1737471490457{padding-top: 0px !important;}&#8221;][vc_column_text el_class=&#8221;xb-paragraph-header&#8221;]Cocktail[\/vc_column_text][vc_column_text]Apr\u00e8s les photos de groupe, tout le monde se retrouve \u00e0 la Ferme du Moulinat \u00e0 Loubens. Ce cadre idyllique, avec sa salle \u00e9l\u00e9gamment d\u00e9cor\u00e9e et baign\u00e9e de lumi\u00e8re, est parfait pour c\u00e9l\u00e9brer. Les mari\u00e9s arrivent dans un cabriolet jaune, accueillant leurs invit\u00e9s avec champagne et petits fours. L\u2019ambiance est conviviale et pleine de joie.[\/vc_column_text][\/vc_column][\/vc_row][vc_row full_width=&#8221;stretch_row&#8221;][vc_column css=&#8221;.vc_custom_1736606296420{padding-top: 0px !important;}&#8221;][vc_masonry_media_grid style=&#8221;lazy&#8221; items_per_page=&#8221;15&#8243; element_width=&#8221;6&#8243; gap=&#8221;15&#8243; initial_loading_animation=&#8221;fadeIn&#8221; grid_id=&#8221;vc_gid:1737883483672-10191646-36ef-8&#8243; include=&#8221;14016,14017,14018,14019,14020,14021,14022,14023,14024,14025,14054,14026,14029,14030,14055,14056,14057,14031,14032,14033,14035,14036,14037,14038,14039,14040,14041,14042,14043,14044,14045,14046,14047,14048,14049,14050,14051,14052,14053,14081&#8243;][\/vc_column][\/vc_row][vc_row full_width=&#8221;stretch_row&#8221; desctop_mt=&#8221;margin-lg-20t&#8221; desctop_mb=&#8221;margin-lg-35b&#8221; desctop_md_mt=&#8221;margin-md-20t&#8221; desctop_md_mb=&#8221;margin-md-35b&#8221; tablets_mt=&#8221;margin-sm-20t&#8221; tablets_mb=&#8221;margin-sm-20b&#8221; mobile_mt=&#8221;margin-xs-40t&#8221; mobile_mb=&#8221;margin-xs-10b&#8221; el_class=&#8221;xb&#8221;][vc_column css=&#8221;.vc_custom_1737471490457{padding-top: 0px !important;}&#8221;][vc_column_text el_class=&#8221;xb-paragraph-header&#8221;]S\u00e9ance couple[\/vc_column_text][vc_column_text]La s\u00e9ance photo de couple se d\u00e9roule dans le parc du domaine et ses environs. Entre poses simples et moments pris sur le vif, les clich\u00e9s refl\u00e8tent la complicit\u00e9 et l\u2019amour d\u2019Elodie et Dylan. Ces instants offrent des souvenirs naturels et touchants dans un cadre enchanteur.[\/vc_column_text][\/vc_column][\/vc_row][vc_row full_width=&#8221;stretch_row&#8221;][vc_column css=&#8221;.vc_custom_1736606296420{padding-top: 0px !important;}&#8221;][vc_masonry_media_grid style=&#8221;lazy&#8221; items_per_page=&#8221;15&#8243; element_width=&#8221;6&#8243; gap=&#8221;15&#8243; initial_loading_animation=&#8221;fadeIn&#8221; grid_id=&#8221;vc_gid:1737883483672-25248be4-b17b-2&#8243; include=&#8221;14058,14059,14060,14061,14062,14063,14064,14065,14066,14067,14068,14069,14070,14071,14072,14073,14074,14075,14076,14077,14078,14079,14080&#8243;][\/vc_column][\/vc_row][vc_row full_width=&#8221;stretch_row&#8221; desctop_mt=&#8221;margin-lg-20t&#8221; desctop_mb=&#8221;margin-lg-35b&#8221; desctop_md_mt=&#8221;margin-md-20t&#8221; desctop_md_mb=&#8221;margin-md-35b&#8221; tablets_mt=&#8221;margin-sm-20t&#8221; tablets_mb=&#8221;margin-sm-20b&#8221; mobile_mt=&#8221;margin-xs-40t&#8221; mobile_mb=&#8221;margin-xs-10b&#8221; el_class=&#8221;xb&#8221;][vc_column css=&#8221;.vc_custom_1737471490457{padding-top: 0px !important;}&#8221;][vc_column_text el_class=&#8221;xb-paragraph-header&#8221;]La soir\u00e9e[\/vc_column_text][vc_column_text]La soir\u00e9e commence avec l\u2019entr\u00e9e triomphale des mari\u00e9s dans la salle. Pendant le d\u00eener, des jeux pr\u00e9par\u00e9s par les t\u00e9moins amusent les invit\u00e9s. Je saisis les rires, les sourires et les \u00e9changes complices tout au long du repas.<\/p>\n<p>Le moment du g\u00e2teau est marqu\u00e9 par une belle surprise musicale : la s\u0153ur d\u2019Elodie, accompagn\u00e9e de musiciens, offre un mini-concert inoubliable.<\/p>\n<p>Elodie et Dylan ouvrent ensuite le bal avec une premi\u00e8re danse romantique, lan\u00e7ant une soir\u00e9e \u00e9nergique et festive. Gr\u00e2ce au DJ, la piste ne d\u00e9semplit pas, et la f\u00eate se poursuit jusqu\u2019au bout de la nuit ![\/vc_column_text][\/vc_column][\/vc_row][vc_row full_width=&#8221;stretch_row&#8221;][vc_column css=&#8221;.vc_custom_1736606296420{padding-top: 0px !important;}&#8221;][vc_masonry_media_grid style=&#8221;lazy&#8221; items_per_page=&#8221;15&#8243; element_width=&#8221;6&#8243; gap=&#8221;15&#8243; initial_loading_animation=&#8221;fadeIn&#8221; grid_id=&#8221;vc_gid:1737883483672-ff17a56d-5e84-6&#8243; include=&#8221;14082,14083,14084,14085,14086,14087,14088,14089,14090,14091,14092,14093,14094,14095,14096,14097,14098,14099,14100,14101,14102,14103,14104,14105,14106,14107,14108,14109,14110,14111,14112,14113,14114,14115,14116,14117,14118,14119,14120,14121,14122&#8243;][\/vc_column][\/vc_row][vc_row desctop_mt=&#8221;margin-lg-60t&#8221; desctop_mb=&#8221;margin-lg-35b&#8221; desctop_md_mt=&#8221;margin-md-60t&#8221; desctop_md_mb=&#8221;margin-md-35b&#8221; tablets_mt=&#8221;margin-sm-40t&#8221; tablets_mb=&#8221;margin-sm-20b&#8221; mobile_mt=&#8221;margin-xs-20t&#8221; mobile_mb=&#8221;margin-xs-10b&#8221; el_class=&#8221;xb-header&#8221;][vc_column css=&#8221;.vc_custom_1736943833000{padding-top: 0px !important;}&#8221;][wiso_headings style=&#8221;text_center&#8221; title=&#8221;Contactez-moi&#8221;][vc_column_text el_class=&#8221;.me&#8221;]<\/p>\n<p style=\"text-align: center;\">Vous aimez mon travail et vous pensez que je peux \u00eatre votre <strong>photographe<\/strong> ? Besoin de plus d&#8217;informations ou d&#8217;un devis personnalis\u00e9 ? Contactez-moi via ce formulaire, je vous r\u00e9pondrai rapidement !<\/p>\n<p>[\/vc_column_text][\/vc_column][\/vc_row][vc_row desctop_mb=&#8221;margin-lg-30b&#8221; desctop_md_mb=&#8221;margin-md-30b&#8221; tablets_mb=&#8221;margin-sm-20b&#8221; mobile_mb=&#8221;margin-xs-20b&#8221;][vc_column el_class=&#8221;contact-form-mariage&#8221;]<div role=\"form\" class=\"wpcf7\" id=\"wpcf7-f5982-o1\" lang=\"en\" dir=\"ltr\">\n<div class=\"screen-reader-response\"><p role=\"status\" aria-live=\"polite\" aria-atomic=\"true\"><\/p> <ul><\/ul><\/div>\n<form action=\"\/en\/wp-json\/wp\/v2\/pages\/13884#wpcf7-f5982-o1\" method=\"post\" class=\"wpcf7-form init\" novalidate=\"novalidate\" data-status=\"init\">\n<div style=\"display: none;\">\n<input type=\"hidden\" name=\"_wpcf7\" value=\"5982\" \/>\n<input type=\"hidden\" name=\"_wpcf7_version\" value=\"5.4.1\" \/>\n<input type=\"hidden\" name=\"_wpcf7_locale\" value=\"en\" \/>\n<input type=\"hidden\" name=\"_wpcf7_unit_tag\" value=\"wpcf7-f5982-o1\" \/>\n<input type=\"hidden\" name=\"_wpcf7_container_post\" value=\"0\" \/>\n<input type=\"hidden\" name=\"_wpcf7_posted_data_hash\" value=\"\" \/>\n<input type=\"hidden\" name=\"lang\" value=\"en\" \/>\n<\/div>\n<p><label> Lastname *<br \/>\n    <span class=\"wpcf7-form-control-wrap your-name\"><input type=\"text\" name=\"your-name\" value=\"\" size=\"40\" class=\"wpcf7-form-control wpcf7-text wpcf7-validates-as-required\" aria-required=\"true\" aria-invalid=\"false\" \/><\/span> <\/label><\/p>\n<p><label> Firstname *<br \/>\n    <span class=\"wpcf7-form-control-wrap your-firstname\"><input type=\"text\" name=\"your-firstname\" value=\"\" size=\"40\" class=\"wpcf7-form-control wpcf7-text wpcf7-validates-as-required\" aria-required=\"true\" aria-invalid=\"false\" \/><\/span> <\/label><\/p>\n<p><label> Email *<br \/>\n    <span class=\"wpcf7-form-control-wrap your-email\"><input type=\"email\" name=\"your-email\" value=\"\" size=\"40\" class=\"wpcf7-form-control wpcf7-text wpcf7-email wpcf7-validates-as-required wpcf7-validates-as-email\" aria-required=\"true\" aria-invalid=\"false\" \/><\/span> <\/label><\/p>\n<p><label> Phone number *<br \/>\n    <span class=\"wpcf7-form-control-wrap your-phone\"><input type=\"tel\" name=\"your-phone\" value=\"\" size=\"40\" class=\"wpcf7-form-control wpcf7-text wpcf7-tel wpcf7-validates-as-required wpcf7-validates-as-tel\" aria-required=\"true\" aria-invalid=\"false\" \/><\/span> <\/label><\/p>\n<p><label> Your message *<br \/>\n    <span class=\"wpcf7-form-control-wrap your-message\"><textarea name=\"your-message\" cols=\"40\" rows=\"10\" class=\"wpcf7-form-control wpcf7-textarea wpcf7-validates-as-required\" aria-required=\"true\" aria-invalid=\"false\"><\/textarea><\/span> <\/label><br \/>\n<div id=\"cf7sr-69fa5d3b01c77\" class=\"cf7sr-g-recaptcha\" data-theme=\"light\" data-type=\"image\" data-size=\"normal\" data-sitekey=\"6Lf0ZtYhAAAAAFckl5Aq4AEBi8EoLfMY-zzDwRwB\"><\/div><span class=\"wpcf7-form-control-wrap cf7sr-recaptcha\" data-name=\"cf7sr-recaptcha\"><input type=\"hidden\" name=\"cf7sr-recaptcha\" value=\"\" class=\"wpcf7-form-control\"><\/span><br \/>\n<input type=\"submit\" value=\"Send\" class=\"wpcf7-form-control wpcf7-submit\" \/><\/p>\n<p style=\"display: none !important;\" class=\"akismet-fields-container\" data-prefix=\"_wpcf7_ak_\"><label>&#916;<textarea name=\"_wpcf7_ak_hp_textarea\" cols=\"45\" rows=\"8\" maxlength=\"100\"><\/textarea><\/label><input type=\"hidden\" id=\"ak_js_1\" name=\"_wpcf7_ak_js\" value=\"104\"\/><script>document.getElementById( \"ak_js_1\" ).setAttribute( \"value\", ( new Date() ).getTime() );<\/script><\/p><div class=\"wpcf7-response-output\" aria-hidden=\"true\"><\/div><\/form><\/div>[\/vc_column][\/vc_row]<\/p>\n","protected":false},"excerpt":{"rendered":"<p>[vc_row full_width=&#8221;stretch_row_content_no_spaces&#8221;][vc_column][wiso_banner style_banner=&#8221;simple&#8221; height=&#8221;full&#8221; style=&#8221;center_content&#8221; overlay=&#8221;yes&#8221; title=&#8221;Elodie &#038; Dylan&#8221; subtitle=&#8221;Mariage&#8221; image=&#8221;13887&#8243;][\/vc_column][\/vc_row][vc_row full_width=&#8221;stretch_row&#8221; desctop_mt=&#8221;margin-lg-50t&#8221; desctop_md_mt=&#8221;margin-md-50t&#8221; tablets_mt=&#8221;margin-sm-40t&#8221; mobile_mt=&#8221;margin-xs-25t&#8221; desctop_lg_pb=&#8221;padding-lg-30b&#8221; desctop_pb=&#8221;padding-md-30b&#8221; tablets_pb=&#8221;padding-sm-30b&#8221; mobile_pb=&#8221;padding-xs-20b&#8221; el_class=&#8221;xb mod-left mod-no-margin mod-portfolio-reversed&#8221;][vc_column offset=&#8221;vc_col-lg-3 vc_col-md-12&#8243;][vc_row_inner css=&#8221;.vc_custom_1737471190732{padding-top: 20px !important;padding-left: 2px !important;}&#8221;][vc_column_inner][vc_column_text]Date 26 Ao\u00fbt 2023 Clients Elodie &#038; Dylan[\/vc_column_text][\/vc_column_inner][\/vc_row_inner][vc_row_inner css=&#8221;.vc_custom_1737393329303{padding-top: 20px !important;}&#8221;][vc_column_inner][vc_raw_html]JTNDdWwlMjBjbGFzcyUzRCUyMnhiLXRhZ3MlMjBtb2QtZ3JlZW4lMjIlM0UlMEElM0NsaSUzRU1hcmlhZ2UlM0MlMkZsaSUzRSUwQSUzQ2xpJTNFRmVybWUlMjBkdSUyME1vdWxpbmF0JTNDJTJGbGklM0UlMEElM0NsaSUzRVBob3RvZ3JhcGhlJTIwbWFyaWFnZSUzQyUyRmxpJTNFJTBBJTNDbGklM0VDJUMzJUE5ciVDMyVBOW1vbmllJTIwbGElQzMlQUZxdWUlM0MlMkZsaSUzRSUwQSUzQ2xpJTNFQ2hhbXAlQzMlQUF0cmUlM0MlMkZsaSUzRSUwQSUzQ2xpJTNFUyVDMyVBOWFuY2UlMjBjb3VwbGUlM0MlMkZsaSUzRSUwQSUzQ2xpJTNFTG91YmVucyUzQyUyRmxpJTNFJTBBJTNDJTJGdWwlM0U=[\/vc_raw_html][\/vc_column_inner][\/vc_row_inner][\/vc_column][vc_column desctop_mb=&#8221;margin-lg-20b&#8221; desctop_md_mb=&#8221;margin-md-20b&#8221; tablets_mb=&#8221;margin-sm-20b&#8221; mobile_mb=&#8221;margin-xs-20b&#8221; offset=&#8221;vc_col-lg-9 vc_col-md-12&#8243;][vc_row_inner][vc_column_inner el_class=&#8221;xb-portofolio-title mod-wedding&#8221;][vc_column_text]Le mariage d&#8217;Elodie &#038; Dylan \u00e0 la &#8230;<\/p>\n","protected":false},"author":1,"featured_media":13887,"parent":0,"menu_order":0,"comment_status":"closed","ping_status":"closed","template":"","meta":{"footnotes":""},"_links":{"self":[{"href":"https:\/\/www.xavierbellenger.com\/en\/wp-json\/wp\/v2\/pages\/13884"}],"collection":[{"href":"https:\/\/www.xavierbellenger.com\/en\/wp-json\/wp\/v2\/pages"}],"about":[{"href":"https:\/\/www.xavierbellenger.com\/en\/wp-json\/wp\/v2\/types\/page"}],"author":[{"embeddable":true,"href":"https:\/\/www.xavierbellenger.com\/en\/wp-json\/wp\/v2\/users\/1"}],"replies":[{"embeddable":true,"href":"https:\/\/www.xavierbellenger.com\/en\/wp-json\/wp\/v2\/comments?post=13884"}],"version-history":[{"count":7,"href":"https:\/\/www.xavierbellenger.com\/en\/wp-json\/wp\/v2\/pages\/13884\/revisions"}],"predecessor-version":[{"id":16587,"href":"https:\/\/www.xavierbellenger.com\/en\/wp-json\/wp\/v2\/pages\/13884\/revisions\/16587"}],"wp:featuredmedia":[{"embeddable":true,"href":"https:\/\/www.xavierbellenger.com\/en\/wp-json\/wp\/v2\/media\/13887"}],"wp:attachment":[{"href":"https:\/\/www.xavierbellenger.com\/en\/wp-json\/wp\/v2\/media?parent=13884"}],"curies":[{"name":"wp","href":"https:\/\/api.w.org\/{rel}","templated":true}]}}