{"id":15237,"date":"2023-06-02T19:00:47","date_gmt":"2023-06-02T17:00:47","guid":{"rendered":"https:\/\/www.xavierbellenger.com\/?page_id=15237"},"modified":"2025-01-28T20:46:42","modified_gmt":"2025-01-28T19:46:42","slug":"seance-engagement-dune-du-pilat-salonee-adrien","status":"publish","type":"page","link":"https:\/\/www.xavierbellenger.com\/en\/seance-engagement-dune-du-pilat-salonee-adrien\/","title":{"rendered":"S\u00e9ance engagement \u00e0 la Dune du Pilat &#8211; Salonee &#038; Adrien"},"content":{"rendered":"<p>[vc_row full_width=&#8221;stretch_row_content_no_spaces&#8221;][vc_column][wiso_banner style_banner=&#8221;simple&#8221; height=&#8221;full&#8221; style=&#8221;center_content&#8221; overlay=&#8221;yes&#8221; title=&#8221;Salonee &amp; Adrien&#8221; subtitle=&#8221;S\u00e9ance engagement&#8221; image=&#8221;15239&#8243;][\/vc_column][\/vc_row][vc_row full_width=&#8221;stretch_row&#8221; desctop_mt=&#8221;margin-lg-50t&#8221; desctop_md_mt=&#8221;margin-md-50t&#8221; tablets_mt=&#8221;margin-sm-40t&#8221; mobile_mt=&#8221;margin-xs-25t&#8221; desctop_lg_pb=&#8221;padding-lg-30b&#8221; desctop_pb=&#8221;padding-md-30b&#8221; tablets_pb=&#8221;padding-sm-30b&#8221; mobile_pb=&#8221;padding-xs-20b&#8221; el_class=&#8221;xb mod-left mod-no-margin mod-portfolio-reversed&#8221;][vc_column offset=&#8221;vc_col-lg-3 vc_col-md-12&#8243;][vc_row_inner css=&#8221;.vc_custom_1737471190732{padding-top: 20px !important;padding-left: 2px !important;}&#8221;][vc_column_inner][vc_column_text]<strong>Date<\/strong><br \/>\n2 Juin 2023<\/p>\n<p><strong>Clients<\/strong><br \/>\nSalonee &amp; Adrien[\/vc_column_text][\/vc_column_inner][\/vc_row_inner][vc_row_inner css=&#8221;.vc_custom_1737393329303{padding-top: 20px !important;}&#8221;][vc_column_inner][vc_raw_html]JTNDdWwlMjBjbGFzcyUzRCUyMnhiLXRhZ3MlMjBtb2QteWVsbG93JTIyJTNFJTBBJTNDbGklM0VTJUMzJUE5YW5jZSUyMGVuZ2FnZW1lbnQlM0MlMkZsaSUzRSUwQSUzQ2xpJTNFQ291cGxlJTNDJTJGbGklM0UlMEElM0NsaSUzRU1hcmlhZ2UlM0MlMkZsaSUzRSUwQSUzQ2xpJTNFRHVuZSUyMGR1JTIwUGlsYXQlM0MlMkZsaSUzRSUwQSUzQ2xpJTNFQW1vdXIlM0MlMkZsaSUzRSUwQSUzQ2xpJTNFTG92ZSUyMHNlc3Npb24lM0MlMkZsaSUzRSUwQSUzQyUyRnVsJTNF[\/vc_raw_html][\/vc_column_inner][\/vc_row_inner][\/vc_column][vc_column desctop_mb=&#8221;margin-lg-20b&#8221; desctop_md_mb=&#8221;margin-md-20b&#8221; tablets_mb=&#8221;margin-sm-20b&#8221; mobile_mb=&#8221;margin-xs-20b&#8221; offset=&#8221;vc_col-lg-9 vc_col-md-12&#8243;][vc_row_inner][vc_column_inner el_class=&#8221;xb-portofolio-title mod-wedding&#8221;][vc_column_text]La s\u00e9ance engagement de Salonee &amp; Adrien \u00e0 la Dune du Pilat[\/vc_column_text][\/vc_column_inner][\/vc_row_inner][vc_column_text el_class=&#8221;paragraph&#8221; css=&#8221;.vc_custom_1738075235343{padding-top: 20px !important;}&#8221;]Salonee et Adrien m\u2019ont contact\u00e9 pour immortaliser leur mariage en juillet 2023 au Ch\u00e2teau de l\u2019Hermitage \u00e0 Izon.<\/p>\n<p>Quelques semaines avant le grand jour, j\u2019ai eu la chance de rencontrer mes futurs mari\u00e9s dans un lieu embl\u00e9matique : le bassin d\u2019Arcachon, au pied de la Dune du Pilat (alias le grand tas de sable) !<\/p>\n<p>Apr\u00e8s avoir descendu les escaliers de la Corniche, nous avons profit\u00e9 de la mar\u00e9e basse pour longer la plage en direction du Moulleau. La s\u00e9ance commence tranquillement, en marchant vers une avanc\u00e9e rocheuse (attention, \u00e7a glisse !) pour capturer quelques instants uniques.<\/p>\n<p>Une fois ce moment paisible pass\u00e9, nous nous dirigeons vers la plage de la Dune et ses rochers. Apr\u00e8s quelques clich\u00e9s, mes amoureux n\u2019h\u00e9sitent pas \u00e0 se jeter \u00e0 l\u2019eau, et me voil\u00e0 t\u00e9moin d\u2019une sc\u00e8ne digne d\u2019un film romantique : Salonee se transforme en petite sir\u00e8ne pour embrasser son \u00c9ric sur la plage. \ud83e\udddc\u200d\u2640\ufe0f<\/p>\n<p>Quand le soleil commence \u00e0 se coucher, nous filons vers les dunes pour capturer quelques silhouettes baign\u00e9es de lumi\u00e8re dor\u00e9e. La nuit tombe, la Corniche scintille au loin, et je repars, l\u2019appareil plein de souvenirs, pr\u00eat pour de nouvelles aventures !<\/p>\n<p>Envie de suivre mes p\u00e9riples ? Rejoignez-moi sur Instagram : <a href=\"http:\/\/www.instagram\/xavier.b.photography\" target=\"_blank\" rel=\"noopener\">@xavier.b.photography<\/a>\u00a0! A tr\u00e8s vite \ud83d\ude42[\/vc_column_text][\/vc_column][\/vc_row][vc_row full_width=&#8221;stretch_row&#8221; desctop_mt=&#8221;margin-lg-20t&#8221; desctop_mb=&#8221;margin-lg-35b&#8221; desctop_md_mt=&#8221;margin-md-20t&#8221; desctop_md_mb=&#8221;margin-md-35b&#8221; tablets_mt=&#8221;margin-sm-20t&#8221; tablets_mb=&#8221;margin-sm-20b&#8221; mobile_mt=&#8221;margin-xs-40t&#8221; mobile_mb=&#8221;margin-xs-10b&#8221; el_class=&#8221;xb&#8221;][vc_column css=&#8221;.vc_custom_1737471490457{padding-top: 0px !important;}&#8221;][vc_column_text el_class=&#8221;xb-paragraph-header&#8221;]Extrait[\/vc_column_text][vc_masonry_media_grid style=&#8221;lazy&#8221; items_per_page=&#8221;15&#8243; element_width=&#8221;6&#8243; gap=&#8221;15&#8243; initial_loading_animation=&#8221;fadeIn&#8221; grid_id=&#8221;vc_gid:1738074932225-5fd50b15-63a9-3&#8243; include=&#8221;15240,15241,15242,15243,15244,15245,15246,15247,15248,15249,15250,15251,15252,15253,15254,15255,15256,15257,15258,15259,15260,15261,15262,15263,15264,15265,15266,15267,15268,15269,15270,15271,15272,15273,15274,15275,15276,15277,15278,15279,15280,15281&#8243;][\/vc_column][\/vc_row][vc_row desctop_mt=&#8221;margin-lg-60t&#8221; desctop_mb=&#8221;margin-lg-35b&#8221; desctop_md_mt=&#8221;margin-md-60t&#8221; desctop_md_mb=&#8221;margin-md-35b&#8221; tablets_mt=&#8221;margin-sm-40t&#8221; tablets_mb=&#8221;margin-sm-20b&#8221; mobile_mt=&#8221;margin-xs-20t&#8221; mobile_mb=&#8221;margin-xs-10b&#8221; el_class=&#8221;xb-header&#8221;][vc_column css=&#8221;.vc_custom_1736943833000{padding-top: 0px !important;}&#8221;][wiso_headings style=&#8221;text_center&#8221; title=&#8221;Contactez-moi&#8221;][vc_column_text el_class=&#8221;.me&#8221;]<\/p>\n<p style=\"text-align: center;\">Vous aimez mon travail et vous pensez que je peux \u00eatre votre <strong>photographe<\/strong> ? Besoin de plus d&#8217;informations ou d&#8217;un devis personnalis\u00e9 ? Contactez-moi via ce formulaire, je vous r\u00e9pondrai rapidement !<\/p>\n<p>[\/vc_column_text][\/vc_column][\/vc_row][vc_row desctop_mb=&#8221;margin-lg-30b&#8221; desctop_md_mb=&#8221;margin-md-30b&#8221; tablets_mb=&#8221;margin-sm-20b&#8221; mobile_mb=&#8221;margin-xs-20b&#8221;][vc_column el_class=&#8221;contact-form-mariage&#8221;]<div role=\"form\" class=\"wpcf7\" id=\"wpcf7-f5982-o1\" lang=\"en\" dir=\"ltr\">\n<div class=\"screen-reader-response\"><p role=\"status\" aria-live=\"polite\" aria-atomic=\"true\"><\/p> <ul><\/ul><\/div>\n<form action=\"\/en\/wp-json\/wp\/v2\/pages\/15237#wpcf7-f5982-o1\" method=\"post\" class=\"wpcf7-form init\" novalidate=\"novalidate\" data-status=\"init\">\n<div style=\"display: none;\">\n<input type=\"hidden\" name=\"_wpcf7\" value=\"5982\" \/>\n<input type=\"hidden\" name=\"_wpcf7_version\" value=\"5.4.1\" \/>\n<input type=\"hidden\" name=\"_wpcf7_locale\" value=\"en\" \/>\n<input type=\"hidden\" name=\"_wpcf7_unit_tag\" value=\"wpcf7-f5982-o1\" \/>\n<input type=\"hidden\" name=\"_wpcf7_container_post\" value=\"0\" \/>\n<input type=\"hidden\" name=\"_wpcf7_posted_data_hash\" value=\"\" \/>\n<input type=\"hidden\" name=\"lang\" value=\"en\" \/>\n<\/div>\n<p><label> Lastname *<br \/>\n    <span class=\"wpcf7-form-control-wrap your-name\"><input type=\"text\" name=\"your-name\" value=\"\" size=\"40\" class=\"wpcf7-form-control wpcf7-text wpcf7-validates-as-required\" aria-required=\"true\" aria-invalid=\"false\" \/><\/span> <\/label><\/p>\n<p><label> Firstname *<br \/>\n    <span class=\"wpcf7-form-control-wrap your-firstname\"><input type=\"text\" name=\"your-firstname\" value=\"\" size=\"40\" class=\"wpcf7-form-control wpcf7-text wpcf7-validates-as-required\" aria-required=\"true\" aria-invalid=\"false\" \/><\/span> <\/label><\/p>\n<p><label> Email *<br \/>\n    <span class=\"wpcf7-form-control-wrap your-email\"><input type=\"email\" name=\"your-email\" value=\"\" size=\"40\" class=\"wpcf7-form-control wpcf7-text wpcf7-email wpcf7-validates-as-required wpcf7-validates-as-email\" aria-required=\"true\" aria-invalid=\"false\" \/><\/span> <\/label><\/p>\n<p><label> Phone number *<br \/>\n    <span class=\"wpcf7-form-control-wrap your-phone\"><input type=\"tel\" name=\"your-phone\" value=\"\" size=\"40\" class=\"wpcf7-form-control wpcf7-text wpcf7-tel wpcf7-validates-as-required wpcf7-validates-as-tel\" aria-required=\"true\" aria-invalid=\"false\" \/><\/span> <\/label><\/p>\n<p><label> Your message *<br \/>\n    <span class=\"wpcf7-form-control-wrap your-message\"><textarea name=\"your-message\" cols=\"40\" rows=\"10\" class=\"wpcf7-form-control wpcf7-textarea wpcf7-validates-as-required\" aria-required=\"true\" aria-invalid=\"false\"><\/textarea><\/span> <\/label><br \/>\n<div id=\"cf7sr-69f2bbbb3fde3\" class=\"cf7sr-g-recaptcha\" data-theme=\"light\" data-type=\"image\" data-size=\"normal\" data-sitekey=\"6Lf0ZtYhAAAAAFckl5Aq4AEBi8EoLfMY-zzDwRwB\"><\/div><span class=\"wpcf7-form-control-wrap cf7sr-recaptcha\" data-name=\"cf7sr-recaptcha\"><input type=\"hidden\" name=\"cf7sr-recaptcha\" value=\"\" class=\"wpcf7-form-control\"><\/span><br \/>\n<input type=\"submit\" value=\"Send\" class=\"wpcf7-form-control wpcf7-submit\" \/><\/p>\n<p style=\"display: none !important;\" class=\"akismet-fields-container\" data-prefix=\"_wpcf7_ak_\"><label>&#916;<textarea name=\"_wpcf7_ak_hp_textarea\" cols=\"45\" rows=\"8\" maxlength=\"100\"><\/textarea><\/label><input type=\"hidden\" id=\"ak_js_1\" name=\"_wpcf7_ak_js\" value=\"182\"\/><script>document.getElementById( \"ak_js_1\" ).setAttribute( \"value\", ( new Date() ).getTime() );<\/script><\/p><div class=\"wpcf7-response-output\" aria-hidden=\"true\"><\/div><\/form><\/div>[\/vc_column][\/vc_row]<\/p>\n","protected":false},"excerpt":{"rendered":"<p>[vc_row full_width=&#8221;stretch_row_content_no_spaces&#8221;][vc_column][wiso_banner style_banner=&#8221;simple&#8221; height=&#8221;full&#8221; style=&#8221;center_content&#8221; overlay=&#8221;yes&#8221; title=&#8221;Salonee &amp; Adrien&#8221; subtitle=&#8221;S\u00e9ance engagement&#8221; image=&#8221;15239&#8243;][\/vc_column][\/vc_row][vc_row full_width=&#8221;stretch_row&#8221; desctop_mt=&#8221;margin-lg-50t&#8221; desctop_md_mt=&#8221;margin-md-50t&#8221; tablets_mt=&#8221;margin-sm-40t&#8221; mobile_mt=&#8221;margin-xs-25t&#8221; desctop_lg_pb=&#8221;padding-lg-30b&#8221; desctop_pb=&#8221;padding-md-30b&#8221; tablets_pb=&#8221;padding-sm-30b&#8221; mobile_pb=&#8221;padding-xs-20b&#8221; el_class=&#8221;xb mod-left mod-no-margin mod-portfolio-reversed&#8221;][vc_column offset=&#8221;vc_col-lg-3 vc_col-md-12&#8243;][vc_row_inner css=&#8221;.vc_custom_1737471190732{padding-top: 20px !important;padding-left: 2px !important;}&#8221;][vc_column_inner][vc_column_text]Date 2 Juin 2023 Clients Salonee &amp; Adrien[\/vc_column_text][\/vc_column_inner][\/vc_row_inner][vc_row_inner css=&#8221;.vc_custom_1737393329303{padding-top: 20px !important;}&#8221;][vc_column_inner][vc_raw_html]JTNDdWwlMjBjbGFzcyUzRCUyMnhiLXRhZ3MlMjBtb2QteWVsbG93JTIyJTNFJTBBJTNDbGklM0VTJUMzJUE5YW5jZSUyMGVuZ2FnZW1lbnQlM0MlMkZsaSUzRSUwQSUzQ2xpJTNFQ291cGxlJTNDJTJGbGklM0UlMEElM0NsaSUzRU1hcmlhZ2UlM0MlMkZsaSUzRSUwQSUzQ2xpJTNFRHVuZSUyMGR1JTIwUGlsYXQlM0MlMkZsaSUzRSUwQSUzQ2xpJTNFQW1vdXIlM0MlMkZsaSUzRSUwQSUzQ2xpJTNFTG92ZSUyMHNlc3Npb24lM0MlMkZsaSUzRSUwQSUzQyUyRnVsJTNF[\/vc_raw_html][\/vc_column_inner][\/vc_row_inner][\/vc_column][vc_column desctop_mb=&#8221;margin-lg-20b&#8221; desctop_md_mb=&#8221;margin-md-20b&#8221; tablets_mb=&#8221;margin-sm-20b&#8221; mobile_mb=&#8221;margin-xs-20b&#8221; offset=&#8221;vc_col-lg-9 vc_col-md-12&#8243;][vc_row_inner][vc_column_inner el_class=&#8221;xb-portofolio-title mod-wedding&#8221;][vc_column_text]La s\u00e9ance engagement de Salonee &amp; &#8230;<\/p>\n","protected":false},"author":1,"featured_media":15239,"parent":0,"menu_order":0,"comment_status":"closed","ping_status":"closed","template":"","meta":{"footnotes":""},"_links":{"self":[{"href":"https:\/\/www.xavierbellenger.com\/en\/wp-json\/wp\/v2\/pages\/15237"}],"collection":[{"href":"https:\/\/www.xavierbellenger.com\/en\/wp-json\/wp\/v2\/pages"}],"about":[{"href":"https:\/\/www.xavierbellenger.com\/en\/wp-json\/wp\/v2\/types\/page"}],"author":[{"embeddable":true,"href":"https:\/\/www.xavierbellenger.com\/en\/wp-json\/wp\/v2\/users\/1"}],"replies":[{"embeddable":true,"href":"https:\/\/www.xavierbellenger.com\/en\/wp-json\/wp\/v2\/comments?post=15237"}],"version-history":[{"count":1,"href":"https:\/\/www.xavierbellenger.com\/en\/wp-json\/wp\/v2\/pages\/15237\/revisions"}],"predecessor-version":[{"id":15282,"href":"https:\/\/www.xavierbellenger.com\/en\/wp-json\/wp\/v2\/pages\/15237\/revisions\/15282"}],"wp:featuredmedia":[{"embeddable":true,"href":"https:\/\/www.xavierbellenger.com\/en\/wp-json\/wp\/v2\/media\/15239"}],"wp:attachment":[{"href":"https:\/\/www.xavierbellenger.com\/en\/wp-json\/wp\/v2\/media?parent=15237"}],"curies":[{"name":"wp","href":"https:\/\/api.w.org\/{rel}","templated":true}]}}