{"id":15424,"date":"2022-04-25T18:00:37","date_gmt":"2022-04-25T16:00:37","guid":{"rendered":"https:\/\/www.xavierbellenger.com\/?page_id=15424"},"modified":"2025-01-28T20:45:29","modified_gmt":"2025-01-28T19:45:29","slug":"seance-engagement-dune-du-pilat-marlene-kevin","status":"publish","type":"page","link":"https:\/\/www.xavierbellenger.com\/en\/seance-engagement-dune-du-pilat-marlene-kevin\/","title":{"rendered":"S\u00e9ance engagement \u00e0 la Dune du Pilat &#8211; Marl\u00e8ne &#038; Kevin"},"content":{"rendered":"<p>[vc_row full_width=&#8221;stretch_row_content_no_spaces&#8221;][vc_column][wiso_banner style_banner=&#8221;simple&#8221; height=&#8221;full&#8221; style=&#8221;center_content&#8221; overlay=&#8221;yes&#8221; title=&#8221;Marl\u00e8ne &amp; Kevin&#8221; subtitle=&#8221;S\u00e9ance engagement&#8221; image=&#8221;15425&#8243;][\/vc_column][\/vc_row][vc_row full_width=&#8221;stretch_row&#8221; desctop_mt=&#8221;margin-lg-50t&#8221; desctop_md_mt=&#8221;margin-md-50t&#8221; tablets_mt=&#8221;margin-sm-40t&#8221; mobile_mt=&#8221;margin-xs-25t&#8221; desctop_lg_pb=&#8221;padding-lg-30b&#8221; desctop_pb=&#8221;padding-md-30b&#8221; tablets_pb=&#8221;padding-sm-30b&#8221; mobile_pb=&#8221;padding-xs-20b&#8221; el_class=&#8221;xb mod-left mod-no-margin mod-portfolio-reversed&#8221;][vc_column offset=&#8221;vc_col-lg-3 vc_col-md-12&#8243;][vc_row_inner css=&#8221;.vc_custom_1737471190732{padding-top: 20px !important;padding-left: 2px !important;}&#8221;][vc_column_inner][vc_column_text]<strong>Date<\/strong><br \/>\n25 Avril 2022<\/p>\n<p><strong>Clients<\/strong><br \/>\nMarl\u00e8ne &amp; Kevin[\/vc_column_text][\/vc_column_inner][\/vc_row_inner][vc_row_inner css=&#8221;.vc_custom_1737393329303{padding-top: 20px !important;}&#8221;][vc_column_inner][vc_raw_html]JTNDdWwlMjBjbGFzcyUzRCUyMnhiLXRhZ3MlMjIlM0UlMEElM0NsaSUzRVMlQzMlQTlhbmNlJTIwZW5nYWdlbWVudCUzQyUyRmxpJTNFJTBBJTNDbGklM0VEdW5lJTIwZHUlMjBQaWxhdCUzQyUyRmxpJTNFJTBBJTNDbGklM0VNYXJpYWdlJTNDJTJGbGklM0UlMEElM0NsaSUzRUNvdWNoZXIlMjBkZSUyMHNvbGVpbCUzQyUyRmxpJTNFJTBBJTNDbGklM0VQbGFnZSUzQyUyRmxpJTNFJTBBJTNDbGklM0VTJUMzJUE5YW5jZSUyMGZhbWlsbGUlM0MlMkZsaSUzRSUwQSUzQyUyRnVsJTNF[\/vc_raw_html][\/vc_column_inner][\/vc_row_inner][\/vc_column][vc_column desctop_mb=&#8221;margin-lg-20b&#8221; desctop_md_mb=&#8221;margin-md-20b&#8221; tablets_mb=&#8221;margin-sm-20b&#8221; mobile_mb=&#8221;margin-xs-20b&#8221; offset=&#8221;vc_col-lg-9 vc_col-md-12&#8243;][vc_row_inner][vc_column_inner el_class=&#8221;xb-portofolio-title mod-wedding&#8221;][vc_column_text]La s\u00e9ance engagement de Marl\u00e8ne &amp; Kevin \u00e0 la Dune du Pilat[\/vc_column_text][\/vc_column_inner][\/vc_row_inner][vc_column_text el_class=&#8221;paragraph&#8221; css=&#8221;.vc_custom_1738080510207{padding-top: 20px !important;}&#8221;]Voici la derni\u00e8re love session que j\u2019ai eu la chance de r\u00e9aliser sur la Dune du Pilat, juste avant les incendies. Un moment magique pass\u00e9 avec Marl\u00e8ne, Kevin et leurs deux enfants dans ce cadre exceptionnel !<\/p>\n<p>Cette fois, j\u2019ai d\u00e9couvert un c\u00f4t\u00e9 de la dune que je connaissais peu, un endroit r\u00e9put\u00e9 pour les d\u00e9collages de parapentes. Apr\u00e8s nous \u00eatre gar\u00e9s au bord de la route, nous empruntons un chemin forestier qui nous m\u00e8ne \u00e0 un superbe point de vue sur le banc d\u2019Arguin. Avec un temps id\u00e9al et deux enfants d\u00e9bordant d\u2019\u00e9nergie, la s\u00e9ance commence sur les chapeaux de roues : descente et remont\u00e9e de la dune une bonne quinzaine de fois pour se d\u00e9fouler !<\/p>\n<p>Nous d\u00e9butons par quelques photos en famille avant de descendre pr\u00e8s des troncs d\u2019arbres \u00e0 proximit\u00e9 du camping. Pendant que les enfants s\u2019\u00e9clatent \u00e0 rouler dans le sable, Marl\u00e8ne et Kevin en profitent pour une mini-s\u00e9ance couple (histoire de s\u2019entra\u00eener pour leur mariage).<\/p>\n<p>Nous continuons \u00e0 travers les arbres longeant le camping. La lumi\u00e8re y est douce, les couleurs magnifiques, et l\u2019ambiance parfaite pour capturer des moments naturels et spontan\u00e9s.<\/p>\n<p>Direction la plage pour la suite ! Courses dans le sable, jeux, ombres chinoises et m\u00eame une d\u00e9couverte d\u2019\u00e9toiles de mer viennent rythmer la s\u00e9ance.<\/p>\n<p>Enfin, nous cl\u00f4turons ce beau moment avec un coucher de soleil \u00e0 couper le souffle. Tout le monde repart ravi et impatient pour le grand jour !<\/p>\n<p>Besoin d&#8217;informations ? Contactez-moi et abonnez-vous sur Instagram : <a href=\"http:\/\/www.instagram\/xavier.b.photography\" target=\"_blank\" rel=\"noopener\">@xavier.b.photography<\/a>. \u00c0 tr\u00e8s vite ! \ud83d\ude0a[\/vc_column_text][\/vc_column][\/vc_row][vc_row full_width=&#8221;stretch_row&#8221; desctop_mt=&#8221;margin-lg-20t&#8221; desctop_mb=&#8221;margin-lg-35b&#8221; desctop_md_mt=&#8221;margin-md-20t&#8221; desctop_md_mb=&#8221;margin-md-35b&#8221; tablets_mt=&#8221;margin-sm-20t&#8221; tablets_mb=&#8221;margin-sm-20b&#8221; mobile_mt=&#8221;margin-xs-40t&#8221; mobile_mb=&#8221;margin-xs-10b&#8221; el_class=&#8221;xb&#8221;][vc_column css=&#8221;.vc_custom_1737471490457{padding-top: 0px !important;}&#8221;][vc_column_text el_class=&#8221;xb-paragraph-header&#8221;]Extrait[\/vc_column_text][vc_masonry_media_grid style=&#8221;lazy&#8221; items_per_page=&#8221;15&#8243; element_width=&#8221;6&#8243; gap=&#8221;15&#8243; initial_loading_animation=&#8221;fadeIn&#8221; grid_id=&#8221;vc_gid:1738080425544-36b50238-5eac-0&#8243; include=&#8221;15426,15427,15428,15429,15430,15431,15432,15433,15434,15435,15436,15437,15438,15439,15440,15441,15442,15443,15444,15445,15446,15447,15448,15449,15450,15451,15452,15453,15454,15455,15456,15457,15458,15459,15460,15461,15462,15463,15464,15465,15466,15467,15468,15469,15470,15471,15472,15473,15474,15475,15476,15477,15478,15479,15480,15481,15482,15483,15484&#8243;][\/vc_column][\/vc_row][vc_row desctop_mt=&#8221;margin-lg-60t&#8221; desctop_mb=&#8221;margin-lg-35b&#8221; desctop_md_mt=&#8221;margin-md-60t&#8221; desctop_md_mb=&#8221;margin-md-35b&#8221; tablets_mt=&#8221;margin-sm-40t&#8221; tablets_mb=&#8221;margin-sm-20b&#8221; mobile_mt=&#8221;margin-xs-20t&#8221; mobile_mb=&#8221;margin-xs-10b&#8221; el_class=&#8221;xb-header&#8221;][vc_column css=&#8221;.vc_custom_1736943833000{padding-top: 0px !important;}&#8221;][wiso_headings style=&#8221;text_center&#8221; title=&#8221;Contactez-moi&#8221;][vc_column_text el_class=&#8221;.me&#8221;]<\/p>\n<p style=\"text-align: center;\">Vous aimez mon travail et vous pensez que je peux \u00eatre votre <strong>photographe<\/strong> ? Besoin de plus d&#8217;informations ou d&#8217;un devis personnalis\u00e9 ? Contactez-moi via ce formulaire, je vous r\u00e9pondrai rapidement !<\/p>\n<p>[\/vc_column_text][\/vc_column][\/vc_row][vc_row desctop_mb=&#8221;margin-lg-30b&#8221; desctop_md_mb=&#8221;margin-md-30b&#8221; tablets_mb=&#8221;margin-sm-20b&#8221; mobile_mb=&#8221;margin-xs-20b&#8221;][vc_column el_class=&#8221;contact-form-mariage&#8221;]<div role=\"form\" class=\"wpcf7\" id=\"wpcf7-f5982-o1\" lang=\"en\" dir=\"ltr\">\n<div class=\"screen-reader-response\"><p role=\"status\" aria-live=\"polite\" aria-atomic=\"true\"><\/p> <ul><\/ul><\/div>\n<form action=\"\/en\/wp-json\/wp\/v2\/pages\/15424#wpcf7-f5982-o1\" method=\"post\" class=\"wpcf7-form init\" novalidate=\"novalidate\" data-status=\"init\">\n<div style=\"display: none;\">\n<input type=\"hidden\" name=\"_wpcf7\" value=\"5982\" \/>\n<input type=\"hidden\" name=\"_wpcf7_version\" value=\"5.4.1\" \/>\n<input type=\"hidden\" name=\"_wpcf7_locale\" value=\"en\" \/>\n<input type=\"hidden\" name=\"_wpcf7_unit_tag\" value=\"wpcf7-f5982-o1\" \/>\n<input type=\"hidden\" name=\"_wpcf7_container_post\" value=\"0\" \/>\n<input type=\"hidden\" name=\"_wpcf7_posted_data_hash\" value=\"\" \/>\n<input type=\"hidden\" name=\"lang\" value=\"en\" \/>\n<\/div>\n<p><label> Lastname *<br \/>\n    <span class=\"wpcf7-form-control-wrap your-name\"><input type=\"text\" name=\"your-name\" value=\"\" size=\"40\" class=\"wpcf7-form-control wpcf7-text wpcf7-validates-as-required\" aria-required=\"true\" aria-invalid=\"false\" \/><\/span> <\/label><\/p>\n<p><label> Firstname *<br \/>\n    <span class=\"wpcf7-form-control-wrap your-firstname\"><input type=\"text\" name=\"your-firstname\" value=\"\" size=\"40\" class=\"wpcf7-form-control wpcf7-text wpcf7-validates-as-required\" aria-required=\"true\" aria-invalid=\"false\" \/><\/span> <\/label><\/p>\n<p><label> Email *<br \/>\n    <span class=\"wpcf7-form-control-wrap your-email\"><input type=\"email\" name=\"your-email\" value=\"\" size=\"40\" class=\"wpcf7-form-control wpcf7-text wpcf7-email wpcf7-validates-as-required wpcf7-validates-as-email\" aria-required=\"true\" aria-invalid=\"false\" \/><\/span> <\/label><\/p>\n<p><label> Phone number *<br \/>\n    <span class=\"wpcf7-form-control-wrap your-phone\"><input type=\"tel\" name=\"your-phone\" value=\"\" size=\"40\" class=\"wpcf7-form-control wpcf7-text wpcf7-tel wpcf7-validates-as-required wpcf7-validates-as-tel\" aria-required=\"true\" aria-invalid=\"false\" \/><\/span> <\/label><\/p>\n<p><label> Your message *<br \/>\n    <span class=\"wpcf7-form-control-wrap your-message\"><textarea name=\"your-message\" cols=\"40\" rows=\"10\" class=\"wpcf7-form-control wpcf7-textarea wpcf7-validates-as-required\" aria-required=\"true\" aria-invalid=\"false\"><\/textarea><\/span> <\/label><br \/>\n<div id=\"cf7sr-69fa72a5b324c\" class=\"cf7sr-g-recaptcha\" data-theme=\"light\" data-type=\"image\" data-size=\"normal\" data-sitekey=\"6Lf0ZtYhAAAAAFckl5Aq4AEBi8EoLfMY-zzDwRwB\"><\/div><span class=\"wpcf7-form-control-wrap cf7sr-recaptcha\" data-name=\"cf7sr-recaptcha\"><input type=\"hidden\" name=\"cf7sr-recaptcha\" value=\"\" class=\"wpcf7-form-control\"><\/span><br \/>\n<input type=\"submit\" value=\"Send\" class=\"wpcf7-form-control wpcf7-submit\" \/><\/p>\n<p style=\"display: none !important;\" class=\"akismet-fields-container\" data-prefix=\"_wpcf7_ak_\"><label>&#916;<textarea name=\"_wpcf7_ak_hp_textarea\" cols=\"45\" rows=\"8\" maxlength=\"100\"><\/textarea><\/label><input type=\"hidden\" id=\"ak_js_1\" name=\"_wpcf7_ak_js\" value=\"229\"\/><script>document.getElementById( \"ak_js_1\" ).setAttribute( \"value\", ( new Date() ).getTime() );<\/script><\/p><div class=\"wpcf7-response-output\" aria-hidden=\"true\"><\/div><\/form><\/div>[\/vc_column][\/vc_row]<\/p>\n","protected":false},"excerpt":{"rendered":"<p>[vc_row full_width=&#8221;stretch_row_content_no_spaces&#8221;][vc_column][wiso_banner style_banner=&#8221;simple&#8221; height=&#8221;full&#8221; style=&#8221;center_content&#8221; overlay=&#8221;yes&#8221; title=&#8221;Marl\u00e8ne &amp; Kevin&#8221; subtitle=&#8221;S\u00e9ance engagement&#8221; image=&#8221;15425&#8243;][\/vc_column][\/vc_row][vc_row full_width=&#8221;stretch_row&#8221; desctop_mt=&#8221;margin-lg-50t&#8221; desctop_md_mt=&#8221;margin-md-50t&#8221; tablets_mt=&#8221;margin-sm-40t&#8221; mobile_mt=&#8221;margin-xs-25t&#8221; desctop_lg_pb=&#8221;padding-lg-30b&#8221; desctop_pb=&#8221;padding-md-30b&#8221; tablets_pb=&#8221;padding-sm-30b&#8221; mobile_pb=&#8221;padding-xs-20b&#8221; el_class=&#8221;xb mod-left mod-no-margin mod-portfolio-reversed&#8221;][vc_column offset=&#8221;vc_col-lg-3 vc_col-md-12&#8243;][vc_row_inner css=&#8221;.vc_custom_1737471190732{padding-top: 20px !important;padding-left: 2px !important;}&#8221;][vc_column_inner][vc_column_text]Date 25 Avril 2022 Clients Marl\u00e8ne &amp; Kevin[\/vc_column_text][\/vc_column_inner][\/vc_row_inner][vc_row_inner css=&#8221;.vc_custom_1737393329303{padding-top: 20px !important;}&#8221;][vc_column_inner][vc_raw_html]JTNDdWwlMjBjbGFzcyUzRCUyMnhiLXRhZ3MlMjIlM0UlMEElM0NsaSUzRVMlQzMlQTlhbmNlJTIwZW5nYWdlbWVudCUzQyUyRmxpJTNFJTBBJTNDbGklM0VEdW5lJTIwZHUlMjBQaWxhdCUzQyUyRmxpJTNFJTBBJTNDbGklM0VNYXJpYWdlJTNDJTJGbGklM0UlMEElM0NsaSUzRUNvdWNoZXIlMjBkZSUyMHNvbGVpbCUzQyUyRmxpJTNFJTBBJTNDbGklM0VQbGFnZSUzQyUyRmxpJTNFJTBBJTNDbGklM0VTJUMzJUE5YW5jZSUyMGZhbWlsbGUlM0MlMkZsaSUzRSUwQSUzQyUyRnVsJTNF[\/vc_raw_html][\/vc_column_inner][\/vc_row_inner][\/vc_column][vc_column desctop_mb=&#8221;margin-lg-20b&#8221; desctop_md_mb=&#8221;margin-md-20b&#8221; tablets_mb=&#8221;margin-sm-20b&#8221; mobile_mb=&#8221;margin-xs-20b&#8221; offset=&#8221;vc_col-lg-9 vc_col-md-12&#8243;][vc_row_inner][vc_column_inner el_class=&#8221;xb-portofolio-title mod-wedding&#8221;][vc_column_text]La s\u00e9ance engagement de Marl\u00e8ne &amp; &#8230;<\/p>\n","protected":false},"author":1,"featured_media":15425,"parent":0,"menu_order":0,"comment_status":"closed","ping_status":"closed","template":"","meta":{"footnotes":""},"_links":{"self":[{"href":"https:\/\/www.xavierbellenger.com\/en\/wp-json\/wp\/v2\/pages\/15424"}],"collection":[{"href":"https:\/\/www.xavierbellenger.com\/en\/wp-json\/wp\/v2\/pages"}],"about":[{"href":"https:\/\/www.xavierbellenger.com\/en\/wp-json\/wp\/v2\/types\/page"}],"author":[{"embeddable":true,"href":"https:\/\/www.xavierbellenger.com\/en\/wp-json\/wp\/v2\/users\/1"}],"replies":[{"embeddable":true,"href":"https:\/\/www.xavierbellenger.com\/en\/wp-json\/wp\/v2\/comments?post=15424"}],"version-history":[{"count":1,"href":"https:\/\/www.xavierbellenger.com\/en\/wp-json\/wp\/v2\/pages\/15424\/revisions"}],"predecessor-version":[{"id":15485,"href":"https:\/\/www.xavierbellenger.com\/en\/wp-json\/wp\/v2\/pages\/15424\/revisions\/15485"}],"wp:featuredmedia":[{"embeddable":true,"href":"https:\/\/www.xavierbellenger.com\/en\/wp-json\/wp\/v2\/media\/15425"}],"wp:attachment":[{"href":"https:\/\/www.xavierbellenger.com\/en\/wp-json\/wp\/v2\/media?parent=15424"}],"curies":[{"name":"wp","href":"https:\/\/api.w.org\/{rel}","templated":true}]}}