{"id":15540,"date":"2022-10-16T10:00:56","date_gmt":"2022-10-16T08:00:56","guid":{"rendered":"https:\/\/www.xavierbellenger.com\/?page_id=15540"},"modified":"2025-01-28T21:02:14","modified_gmt":"2025-01-28T20:02:14","slug":"seance-nouveau-ne-villenave-ornon-beatrice-kevin","status":"publish","type":"page","link":"https:\/\/www.xavierbellenger.com\/en\/seance-nouveau-ne-villenave-ornon-beatrice-kevin\/","title":{"rendered":"S\u00e9ance nouveau-n\u00e9 \u00e0 Villenave d&#8217;ornon &#8211; B\u00e9atrice &#038; Kevin"},"content":{"rendered":"<p>[vc_row full_width=&#8221;stretch_row_content_no_spaces&#8221;][vc_column][wiso_banner style_banner=&#8221;simple&#8221; height=&#8221;full&#8221; style=&#8221;center_content&#8221; overlay=&#8221;yes&#8221; title=&#8221;B\u00e9atrice &amp; Kevin&#8221; subtitle=&#8221;S\u00e9ance nouveau-n\u00e9&#8221; image=&#8221;15541&#8243;][\/vc_column][\/vc_row][vc_row full_width=&#8221;stretch_row&#8221; desctop_mt=&#8221;margin-lg-50t&#8221; desctop_md_mt=&#8221;margin-md-50t&#8221; tablets_mt=&#8221;margin-sm-40t&#8221; mobile_mt=&#8221;margin-xs-25t&#8221; desctop_lg_pb=&#8221;padding-lg-30b&#8221; desctop_pb=&#8221;padding-md-30b&#8221; tablets_pb=&#8221;padding-sm-30b&#8221; mobile_pb=&#8221;padding-xs-20b&#8221; el_class=&#8221;xb mod-left mod-no-margin mod-portfolio-reversed&#8221;][vc_column offset=&#8221;vc_col-lg-3 vc_col-md-12&#8243;][vc_row_inner css=&#8221;.vc_custom_1737471190732{padding-top: 20px !important;padding-left: 2px !important;}&#8221;][vc_column_inner][vc_column_text]<strong>Date<\/strong><br \/>\n16 Octobre 2022<\/p>\n<p><strong>Clients<\/strong><br \/>\nB\u00e9atrice &amp; Kevin[\/vc_column_text][\/vc_column_inner][\/vc_row_inner][vc_row_inner css=&#8221;.vc_custom_1737393329303{padding-top: 20px !important;}&#8221;][vc_column_inner][vc_raw_html]JTNDdWwlMjBjbGFzcyUzRCUyMnhiLXRhZ3MlMjBtb2QteWVsbG93JTIyJTNFJTBBJTNDbGklM0VTJUMzJUE5YW5jZSUyMG5vdXZlYXUtbiVDMyVBOSUzQyUyRmxpJTNFJTBBJTNDbGklM0VWaWxsZW5hdmUlMjBkJTI3b3Jub24lM0MlMkZsaSUzRSUwQSUzQ2xpJTNFSnVtZWF1eCUzQyUyRmxpJTNFJTBBJTNDbGklM0VHcm9zc2Vzc2UlM0MlMkZsaSUzRSUwQSUzQ2xpJTNFQ291cGxlJTNDJTJGbGklM0UlMEElM0NsaSUzRVMlQzMlQTlhbmNlJTIwcGhvdG9zJTNDJTJGbGklM0UlMEElM0NsaSUzRVN0dWRpbyUzQyUyRmxpJTNFJTBBJTNDJTJGdWwlM0U=[\/vc_raw_html][\/vc_column_inner][\/vc_row_inner][\/vc_column][vc_column desctop_mb=&#8221;margin-lg-20b&#8221; desctop_md_mb=&#8221;margin-md-20b&#8221; tablets_mb=&#8221;margin-sm-20b&#8221; mobile_mb=&#8221;margin-xs-20b&#8221; offset=&#8221;vc_col-lg-9 vc_col-md-12&#8243;][vc_row_inner][vc_column_inner el_class=&#8221;xb-portofolio-title mod-wedding&#8221;][vc_column_text]La s\u00e9ance nouveau-n\u00e9 de B\u00e9atrice &amp; Kevin \u00e0 Villenave d&#8217;ornon[\/vc_column_text][\/vc_column_inner][\/vc_row_inner][vc_column_text el_class=&#8221;paragraph&#8221; css=&#8221;.vc_custom_1738084135353{padding-top: 20px !important;}&#8221;]Apr\u00e8s la superbe <a href=\"\/seance-grossesse-gradignan-beatrice-kevin\/\">s\u00e9ance grossesse de B\u00e9atrice et Kevin<\/a> \u00e0 Gradignan, j\u2019ai eu le plaisir de les retrouver, cette fois \u00e0 quatre, pour immortaliser les premiers moments avec leurs jumeaux, chez eux.<\/p>\n<p>Pour \u00e9pauler B\u00e9atrice et Kevin, leurs mamans \u00e9taient \u00e9galement pr\u00e9sentes. Il faut dire qu\u2019accueillir des jumeaux n\u2019est pas de tout repos, et un coup de main est toujours pr\u00e9cieux (qui a mentionn\u00e9 les nuits blanches ?).<\/p>\n<p>La s\u00e9ance a d\u00e9but\u00e9 avec des photos naturelles en mode lifestyle, capturant la vie quotidienne et les tendres moments en famille. Puis, nous avons pris le temps de r\u00e9aliser des clich\u00e9s sur fond noir, pour un rendu plus intimiste et proche d\u2019un style studio.<\/p>\n<p>J\u2019ai ensuite utilis\u00e9 le mur blanc d\u2019une des chambres pour photographier diff\u00e9rentes configurations : \u00e0 deux, \u00e0 trois, et bien s\u00fbr, \u00e0 quatre. Ce fond simple et lumineux mettait parfaitement en valeur les \u00e9motions de la famille.<\/p>\n<p>Les mamies n\u2019ont pas \u00e9t\u00e9 oubli\u00e9es : j\u2019ai immortalis\u00e9 de jolis instants de complicit\u00e9 entre elles et leurs petits-enfants.<\/p>\n<p>Pour conclure, nous sommes revenus \u00e0 des photos lifestyle, dans une ambiance chaleureuse et d\u00e9contract\u00e9e, parfaite pour raconter ces premiers jours \u00e0 quatre.<\/p>\n<p>Vous souhaitez suivre mes aventures ? Abonnez-vous vite \u00e0 mon compte Instagram : <a href=\"http:\/\/www.instagram\/xavier.b.photography\" target=\"_blank\" rel=\"noopener\">@xavier.b.photography<\/a> !<\/p>\n<p>\u00c0 tr\u00e8s vite \ud83d\ude42[\/vc_column_text][\/vc_column][\/vc_row][vc_row full_width=&#8221;stretch_row&#8221; desctop_mt=&#8221;margin-lg-20t&#8221; desctop_mb=&#8221;margin-lg-35b&#8221; desctop_md_mt=&#8221;margin-md-20t&#8221; desctop_md_mb=&#8221;margin-md-35b&#8221; tablets_mt=&#8221;margin-sm-20t&#8221; tablets_mb=&#8221;margin-sm-20b&#8221; mobile_mt=&#8221;margin-xs-40t&#8221; mobile_mb=&#8221;margin-xs-10b&#8221; el_class=&#8221;xb&#8221;][vc_column css=&#8221;.vc_custom_1737471490457{padding-top: 0px !important;}&#8221;][vc_column_text el_class=&#8221;xb-paragraph-header&#8221;]Extrait[\/vc_column_text][vc_masonry_media_grid style=&#8221;lazy&#8221; items_per_page=&#8221;15&#8243; element_width=&#8221;6&#8243; gap=&#8221;15&#8243; initial_loading_animation=&#8221;fadeIn&#8221; grid_id=&#8221;vc_gid:1738084792877-2cc5f0f5-c069-9&#8243; include=&#8221;15542,15543,15544,15545,15546,15547,15548,15549,15550,15551,15552,15553,15554,15555,15556,15557,15558,15559,15560,15561,15562,15563,15564,15565,15566,15567,15568,15569,15570&#8243;][\/vc_column][\/vc_row][vc_row desctop_mt=&#8221;margin-lg-60t&#8221; desctop_mb=&#8221;margin-lg-35b&#8221; desctop_md_mt=&#8221;margin-md-60t&#8221; desctop_md_mb=&#8221;margin-md-35b&#8221; tablets_mt=&#8221;margin-sm-40t&#8221; tablets_mb=&#8221;margin-sm-20b&#8221; mobile_mt=&#8221;margin-xs-20t&#8221; mobile_mb=&#8221;margin-xs-10b&#8221; el_class=&#8221;xb-header&#8221;][vc_column css=&#8221;.vc_custom_1736943833000{padding-top: 0px !important;}&#8221;][wiso_headings style=&#8221;text_center&#8221; title=&#8221;Contactez-moi&#8221;][vc_column_text el_class=&#8221;.me&#8221;]<\/p>\n<p style=\"text-align: center;\">Vous aimez mon travail et vous pensez que je peux \u00eatre votre <strong>photographe<\/strong> ? Besoin de plus d&#8217;informations ou d&#8217;un devis personnalis\u00e9 ? Contactez-moi via ce formulaire, je vous r\u00e9pondrai rapidement !<\/p>\n<p>[\/vc_column_text][\/vc_column][\/vc_row][vc_row desctop_mb=&#8221;margin-lg-30b&#8221; desctop_md_mb=&#8221;margin-md-30b&#8221; tablets_mb=&#8221;margin-sm-20b&#8221; mobile_mb=&#8221;margin-xs-20b&#8221;][vc_column el_class=&#8221;contact-form-mariage&#8221;]<div role=\"form\" class=\"wpcf7\" id=\"wpcf7-f5982-o1\" lang=\"en\" dir=\"ltr\">\n<div class=\"screen-reader-response\"><p role=\"status\" aria-live=\"polite\" aria-atomic=\"true\"><\/p> <ul><\/ul><\/div>\n<form action=\"\/en\/wp-json\/wp\/v2\/pages\/15540#wpcf7-f5982-o1\" method=\"post\" class=\"wpcf7-form init\" novalidate=\"novalidate\" data-status=\"init\">\n<div style=\"display: none;\">\n<input type=\"hidden\" name=\"_wpcf7\" value=\"5982\" \/>\n<input type=\"hidden\" name=\"_wpcf7_version\" value=\"5.4.1\" \/>\n<input type=\"hidden\" name=\"_wpcf7_locale\" value=\"en\" \/>\n<input type=\"hidden\" name=\"_wpcf7_unit_tag\" value=\"wpcf7-f5982-o1\" \/>\n<input type=\"hidden\" name=\"_wpcf7_container_post\" value=\"0\" \/>\n<input type=\"hidden\" name=\"_wpcf7_posted_data_hash\" value=\"\" \/>\n<input type=\"hidden\" name=\"lang\" value=\"en\" \/>\n<\/div>\n<p><label> Lastname *<br \/>\n    <span class=\"wpcf7-form-control-wrap your-name\"><input type=\"text\" name=\"your-name\" value=\"\" size=\"40\" class=\"wpcf7-form-control wpcf7-text wpcf7-validates-as-required\" aria-required=\"true\" aria-invalid=\"false\" \/><\/span> <\/label><\/p>\n<p><label> Firstname *<br \/>\n    <span class=\"wpcf7-form-control-wrap your-firstname\"><input type=\"text\" name=\"your-firstname\" value=\"\" size=\"40\" class=\"wpcf7-form-control wpcf7-text wpcf7-validates-as-required\" aria-required=\"true\" aria-invalid=\"false\" \/><\/span> <\/label><\/p>\n<p><label> Email *<br \/>\n    <span class=\"wpcf7-form-control-wrap your-email\"><input type=\"email\" name=\"your-email\" value=\"\" size=\"40\" class=\"wpcf7-form-control wpcf7-text wpcf7-email wpcf7-validates-as-required wpcf7-validates-as-email\" aria-required=\"true\" aria-invalid=\"false\" \/><\/span> <\/label><\/p>\n<p><label> Phone number *<br \/>\n    <span class=\"wpcf7-form-control-wrap your-phone\"><input type=\"tel\" name=\"your-phone\" value=\"\" size=\"40\" class=\"wpcf7-form-control wpcf7-text wpcf7-tel wpcf7-validates-as-required wpcf7-validates-as-tel\" aria-required=\"true\" aria-invalid=\"false\" \/><\/span> <\/label><\/p>\n<p><label> Your message *<br \/>\n    <span class=\"wpcf7-form-control-wrap your-message\"><textarea name=\"your-message\" cols=\"40\" rows=\"10\" class=\"wpcf7-form-control wpcf7-textarea wpcf7-validates-as-required\" aria-required=\"true\" aria-invalid=\"false\"><\/textarea><\/span> <\/label><br \/>\n<div id=\"cf7sr-69f2b9c5d70ee\" class=\"cf7sr-g-recaptcha\" data-theme=\"light\" data-type=\"image\" data-size=\"normal\" data-sitekey=\"6Lf0ZtYhAAAAAFckl5Aq4AEBi8EoLfMY-zzDwRwB\"><\/div><span class=\"wpcf7-form-control-wrap cf7sr-recaptcha\" data-name=\"cf7sr-recaptcha\"><input type=\"hidden\" name=\"cf7sr-recaptcha\" value=\"\" class=\"wpcf7-form-control\"><\/span><br \/>\n<input type=\"submit\" value=\"Send\" class=\"wpcf7-form-control wpcf7-submit\" \/><\/p>\n<p style=\"display: none !important;\" class=\"akismet-fields-container\" data-prefix=\"_wpcf7_ak_\"><label>&#916;<textarea name=\"_wpcf7_ak_hp_textarea\" cols=\"45\" rows=\"8\" maxlength=\"100\"><\/textarea><\/label><input type=\"hidden\" id=\"ak_js_1\" name=\"_wpcf7_ak_js\" value=\"66\"\/><script>document.getElementById( \"ak_js_1\" ).setAttribute( \"value\", ( new Date() ).getTime() );<\/script><\/p><div class=\"wpcf7-response-output\" aria-hidden=\"true\"><\/div><\/form><\/div>[\/vc_column][\/vc_row]<\/p>\n","protected":false},"excerpt":{"rendered":"<p>[vc_row full_width=&#8221;stretch_row_content_no_spaces&#8221;][vc_column][wiso_banner style_banner=&#8221;simple&#8221; height=&#8221;full&#8221; style=&#8221;center_content&#8221; overlay=&#8221;yes&#8221; title=&#8221;B\u00e9atrice &amp; Kevin&#8221; subtitle=&#8221;S\u00e9ance nouveau-n\u00e9&#8221; image=&#8221;15541&#8243;][\/vc_column][\/vc_row][vc_row full_width=&#8221;stretch_row&#8221; desctop_mt=&#8221;margin-lg-50t&#8221; desctop_md_mt=&#8221;margin-md-50t&#8221; tablets_mt=&#8221;margin-sm-40t&#8221; mobile_mt=&#8221;margin-xs-25t&#8221; desctop_lg_pb=&#8221;padding-lg-30b&#8221; desctop_pb=&#8221;padding-md-30b&#8221; tablets_pb=&#8221;padding-sm-30b&#8221; mobile_pb=&#8221;padding-xs-20b&#8221; el_class=&#8221;xb mod-left mod-no-margin mod-portfolio-reversed&#8221;][vc_column offset=&#8221;vc_col-lg-3 vc_col-md-12&#8243;][vc_row_inner css=&#8221;.vc_custom_1737471190732{padding-top: 20px !important;padding-left: 2px !important;}&#8221;][vc_column_inner][vc_column_text]Date 16 Octobre 2022 Clients B\u00e9atrice &amp; Kevin[\/vc_column_text][\/vc_column_inner][\/vc_row_inner][vc_row_inner css=&#8221;.vc_custom_1737393329303{padding-top: 20px !important;}&#8221;][vc_column_inner][vc_raw_html]JTNDdWwlMjBjbGFzcyUzRCUyMnhiLXRhZ3MlMjBtb2QteWVsbG93JTIyJTNFJTBBJTNDbGklM0VTJUMzJUE5YW5jZSUyMG5vdXZlYXUtbiVDMyVBOSUzQyUyRmxpJTNFJTBBJTNDbGklM0VWaWxsZW5hdmUlMjBkJTI3b3Jub24lM0MlMkZsaSUzRSUwQSUzQ2xpJTNFSnVtZWF1eCUzQyUyRmxpJTNFJTBBJTNDbGklM0VHcm9zc2Vzc2UlM0MlMkZsaSUzRSUwQSUzQ2xpJTNFQ291cGxlJTNDJTJGbGklM0UlMEElM0NsaSUzRVMlQzMlQTlhbmNlJTIwcGhvdG9zJTNDJTJGbGklM0UlMEElM0NsaSUzRVN0dWRpbyUzQyUyRmxpJTNFJTBBJTNDJTJGdWwlM0U=[\/vc_raw_html][\/vc_column_inner][\/vc_row_inner][\/vc_column][vc_column desctop_mb=&#8221;margin-lg-20b&#8221; desctop_md_mb=&#8221;margin-md-20b&#8221; tablets_mb=&#8221;margin-sm-20b&#8221; mobile_mb=&#8221;margin-xs-20b&#8221; offset=&#8221;vc_col-lg-9 vc_col-md-12&#8243;][vc_row_inner][vc_column_inner el_class=&#8221;xb-portofolio-title mod-wedding&#8221;][vc_column_text]La s\u00e9ance nouveau-n\u00e9 de B\u00e9atrice &amp; &#8230;<\/p>\n","protected":false},"author":1,"featured_media":15541,"parent":0,"menu_order":0,"comment_status":"closed","ping_status":"closed","template":"","meta":{"footnotes":""},"_links":{"self":[{"href":"https:\/\/www.xavierbellenger.com\/en\/wp-json\/wp\/v2\/pages\/15540"}],"collection":[{"href":"https:\/\/www.xavierbellenger.com\/en\/wp-json\/wp\/v2\/pages"}],"about":[{"href":"https:\/\/www.xavierbellenger.com\/en\/wp-json\/wp\/v2\/types\/page"}],"author":[{"embeddable":true,"href":"https:\/\/www.xavierbellenger.com\/en\/wp-json\/wp\/v2\/users\/1"}],"replies":[{"embeddable":true,"href":"https:\/\/www.xavierbellenger.com\/en\/wp-json\/wp\/v2\/comments?post=15540"}],"version-history":[{"count":2,"href":"https:\/\/www.xavierbellenger.com\/en\/wp-json\/wp\/v2\/pages\/15540\/revisions"}],"predecessor-version":[{"id":15572,"href":"https:\/\/www.xavierbellenger.com\/en\/wp-json\/wp\/v2\/pages\/15540\/revisions\/15572"}],"wp:featuredmedia":[{"embeddable":true,"href":"https:\/\/www.xavierbellenger.com\/en\/wp-json\/wp\/v2\/media\/15541"}],"wp:attachment":[{"href":"https:\/\/www.xavierbellenger.com\/en\/wp-json\/wp\/v2\/media?parent=15540"}],"curies":[{"name":"wp","href":"https:\/\/api.w.org\/{rel}","templated":true}]}}