{"id":15827,"date":"2025-01-30T17:00:05","date_gmt":"2025-01-30T16:00:05","guid":{"rendered":"https:\/\/www.xavierbellenger.com\/?page_id=15827"},"modified":"2025-09-24T21:19:30","modified_gmt":"2025-09-24T19:19:30","slug":"tarifs-mariage","status":"publish","type":"page","link":"https:\/\/www.xavierbellenger.com\/en\/tarifs-mariage\/","title":{"rendered":"Wedding Pricing and Services"},"content":{"rendered":"<p>[vc_row full_width=&#8221;stretch_row_content_no_spaces&#8221;][vc_column][wiso_banner style_banner=&#8221;simple&#8221; height=&#8221;full&#8221; style=&#8221;center_content&#8221; overlay=&#8221;yes&#8221; title=&#8221;Weddings&#8221; image=&#8221;8117&#8243; subtitle=&#8221;My Services &#038; Pricing&#8221;][\/vc_column][\/vc_row][vc_row desctop_mt=&#8221;margin-lg-50t&#8221; desctop_mb=&#8221;margin-lg-60b&#8221; desctop_md_mt=&#8221;margin-md-50t&#8221; desctop_md_mb=&#8221;margin-md-60b&#8221; tablets_mt=&#8221;margin-sm-40t&#8221; tablets_mb=&#8221;margin-sm-50b&#8221; mobile_mt=&#8221;margin-xs-25t&#8221; mobile_mb=&#8221;margin-xs-35b&#8221; el_class=&#8221;xb-header&#8221;][vc_column][wiso_headings style=&#8221;text_center&#8221; title=&#8221;Services&#8221;][vc_column_text el_class=&#8221;.me&#8221;]<\/p>\n<p style=\"text-align: center;\">Before talking about pricing, I like to remind my (future) couples that it&#8217;s hard to discuss costs without explaining what is included in the service.<\/p>\n<p style=\"text-align: center;\">It\u2019s true that you can easily find photographers with very low rates. This could be due to being new in the business, not having a professional structure, or using equipment that isn\u2019t suitable for weddings.<\/p>\n<p style=\"text-align: center;\">Today, professional equipment represents a significant investment. But one thing remains free: my good mood and my enthusiasm to capture your beautiful day!<\/p>\n<p style=\"text-align: center;\">Below you will find my pricing, fully transparent, with no hidden fees. If you would like more details or have any questions, feel free to contact me by phone or through the contact form.<\/p>\n<p style=\"text-align: center;\">See you soon!<\/p>\n<p>[\/vc_column_text][wiso_button style=&#8221;a-btn&#8221; button=&#8221;url:%2Fen%2Fcontact%2F|title:Let&#8217;s%20talk!&#8221;][\/vc_column][\/vc_row][vc_row full_width=&#8221;stretch_row_content_no_spaces&#8221; css_animation=&#8221;fadeIn&#8221; el_class=&#8221;xb&#8221;][vc_column][wiso_line_of_images style=&#8221;images&#8221; count=&#8221;6&#8243; images=&#8221;8283,8295,8228,8209,8177,8077&#8243;][\/vc_column][\/vc_row][vc_row][vc_column][vc_column_text]<\/p>\n<p>[\/vc_column_text][\/vc_column][\/vc_row][vc_row desctop_mt=&#8221;margin-lg-60t&#8221; desctop_mb=&#8221;margin-lg-35b&#8221; desctop_md_mt=&#8221;margin-md-60t&#8221; desctop_md_mb=&#8221;margin-md-35b&#8221; tablets_mt=&#8221;margin-sm-40t&#8221; tablets_mb=&#8221;margin-sm-20b&#8221; mobile_mt=&#8221;margin-xs-30t&#8221; mobile_mb=&#8221;margin-xs-10b&#8221; el_class=&#8221;xb&#8221;][vc_column css=&#8221;.vc_custom_1736859603685{padding-top: 0px !important;}&#8221;][wiso_headings style=&#8221;text_center&#8221; title=&#8221;Pricing&#8221; subtitle=&#8221;Packages for every desire&#8221;][\/vc_column][\/vc_row][vc_row full_width=&#8221;stretch_row&#8221; full_height=&#8221;yes&#8221; columns_placement=&#8221;top&#8221; equal_height=&#8221;yes&#8221; content_placement=&#8221;top&#8221; video_bg=&#8221;yes&#8221; video_bg_url=&#8221;https:\/\/www.youtube.com\/watch?v=q1XVTRNJbmE&#8221; video_bg_parallax=&#8221;content-moving&#8221; enable_ovarlay=&#8221;true&#8221; mobile_mb=&#8221;margin-xs-0b&#8221; desctop_lg_pt=&#8221;padding-lg-30t&#8221; desctop_lg_pb=&#8221;padding-lg-30b&#8221; desctop_pt=&#8221;padding-md-30t&#8221; desctop_pb=&#8221;padding-md-30b&#8221; tablets_pt=&#8221;padding-sm-30t&#8221; tablets_pb=&#8221;padding-sm-30b&#8221; mobile_pt=&#8221;padding-xs-20t&#8221; mobile_pb=&#8221;padding-xs-20b&#8221; css=&#8221;.vc_custom_1737378613768{background-color: #101820 !important;}&#8221; el_id=&#8221;tarifs&#8221;][vc_column width=&#8221;1\/2&#8243; offset=&#8221;vc_col-lg-6 vc_col-md-6&#8243; css=&#8221;.vc_custom_1736860731980{padding-top: 0px !important;}&#8221;][vc_pricing subtitle=&#8221;1390\u20ac&#8221; title=&#8221;Package n\u00b01&#8243; button=&#8221;url:%2Fen%2Fcontact%2F|title:Book%20now&#8221;]<\/p>\n<ul>\n<li>Engagement photo shoot<\/li>\n<li>Photo coverage from early afternoon to the cocktail until 8:30 PM<\/li>\n<li>Couple photo shoot, groups, families<\/li>\n<li>Aerial photos via drone<\/li>\n<li>Post-production (Sorting, editing, and retouching)<\/li>\n<li>Online gallery<\/li>\n<li>* Photo album available as an option<\/li>\n<li>* Day-after session available as an option<\/li>\n<\/ul>\n<p>[\/vc_pricing][\/vc_column][vc_column width=&#8221;1\/2&#8243; mobile_mt=&#8221;margin-xs-20t&#8221; offset=&#8221;vc_col-lg-6 vc_col-md-6&#8243; css=&#8221;.vc_custom_1736861517912{padding-top: 0px !important;}&#8221;][vc_pricing subtitle=&#8221;1690\u20ac&#8221; title=&#8221;Package n\u00b02&#8243; button=&#8221;url:%2Fen%2Fcontact%2F|title:Book%20now&#8221;]<\/p>\n<ul>\n<li>Engagement photo shoot<\/li>\n<li>Photo coverage from preparations to the cocktail hour until 8:30 PM<\/li>\n<li>Couple photo shoot, groups, families<\/li>\n<li>Aerial photos via drone<\/li>\n<li>Post-production (Sorting, editing, and retouching)<\/li>\n<li>Online gallery<\/li>\n<li>* Photo album available as an option<\/li>\n<li>* Day-after session available as an option<\/li>\n<\/ul>\n<p>[\/vc_pricing][\/vc_column][vc_column width=&#8221;1\/2&#8243; desctop_mt=&#8221;margin-lg-30t&#8221; desctop_md_mt=&#8221;margin-md-30t&#8221; tablets_mt=&#8221;margin-sm-30t&#8221; mobile_mt=&#8221;margin-xs-20t&#8221; mobile_mb=&#8221;margin-xs-0b&#8221; offset=&#8221;vc_col-lg-6 vc_col-md-6&#8243; css=&#8221;.vc_custom_1736861219995{padding-top: 0px !important;}&#8221;][vc_pricing subtitle=&#8221;2090\u20ac&#8221; title=&#8221;Package n\u00b03&#8243; button=&#8221;url:%2Fen%2Fcontact%2F|title:Book%20now&#8221;]<\/p>\n<ul>\n<li>Engagement photo shoot<\/li>\n<li>Photo coverage from the early afternoon until the opening of the dance<\/li>\n<li>Couple photo shoot, groups, families<\/li>\n<li>Aerial photos via drone<\/li>\n<li>Post-production (Sorting, editing, and retouching)<\/li>\n<li>Online gallery<\/li>\n<li>* Photo album available as an option<\/li>\n<li>* Day-after session available as an option<\/li>\n<\/ul>\n<p>[\/vc_pricing][\/vc_column][vc_column width=&#8221;1\/2&#8243; desctop_mt=&#8221;margin-lg-30t&#8221; desctop_md_mt=&#8221;margin-md-30t&#8221; tablets_mt=&#8221;margin-sm-30t&#8221; mobile_mt=&#8221;margin-xs-20t&#8221; offset=&#8221;vc_col-lg-6 vc_col-md-6&#8243; css=&#8221;.vc_custom_1736861239342{padding-top: 0px !important;}&#8221;][vc_pricing subtitle=&#8221;2390\u20ac&#8221; title=&#8221;Package n\u00b04&#8243; button=&#8221;url:%2Fen%2Fcontact%2F|title:Book%20now&#8221;]<\/p>\n<ul>\n<li>Engagement photo shoot<\/li>\n<li>Photo coverage from preparations until the opening of the dance<\/li>\n<li>Couple photo shoot, groups, families<\/li>\n<li>Aerial photos via drone<\/li>\n<li>Post-production (Sorting, editing, and retouching)<\/li>\n<li>Online gallery<\/li>\n<li>* Photo album available as an option<\/li>\n<li>* Day-after session available as an option<\/li>\n<\/ul>\n<p>[\/vc_pricing][\/vc_column][\/vc_row][vc_row desctop_mt=&#8221;margin-lg-60t&#8221; desctop_mb=&#8221;margin-lg-35b&#8221; desctop_md_mt=&#8221;margin-md-60t&#8221; desctop_md_mb=&#8221;margin-md-35b&#8221; tablets_mt=&#8221;margin-sm-40t&#8221; tablets_mb=&#8221;margin-sm-20b&#8221; mobile_mt=&#8221;margin-xs-30t&#8221; mobile_mb=&#8221;margin-xs-10b&#8221; el_class=&#8221;xb-header&#8221;][vc_column css=&#8221;.vc_custom_1736863644773{padding-top: 0px !important;}&#8221;][wiso_headings style=&#8221;text_center&#8221; title=&#8221;Latest work&#8221; subtitle=&#8221;Discover my&#8221;][\/vc_column][\/vc_row][vc_row full_width=&#8221;stretch_row_content_no_spaces&#8221;][vc_column][banner_slider type_slider=&#8221;myro&#8221; autoplay=&#8221;5&#8243;][banner_slider_items option_style=&#8221;myro&#8221; subtitle=&#8221;Domaine de Mahourat&#8221; title=&#8221;Ana\u00efs &#038; Samy&#8221; btn_style=&#8221;a-btn-4&#8243; image=&#8221;6707&#8243; button=&#8221;url:%2Fen%2Fmariage-domaine-mahourat-anais-samy%2F|title:Read%20more&#8221;][banner_slider_items option_style=&#8221;myro&#8221; subtitle=&#8221;Ch\u00e2teau de Seguin&#8221; title=&#8221;Emilie &#038; Benjamin&#8221; btn_style=&#8221;a-btn-4&#8243; image=&#8221;6470&#8243; button=&#8221;url:%2Fen%2Fmariage-chateau-de-seguin-emilie-benjamin%2F|title:Read%20more&#8221;][banner_slider_items option_style=&#8221;myro&#8221; subtitle=&#8221;Domaine de Valmont&#8221; title=&#8221;Olivia &#038; Corentin&#8221; btn_style=&#8221;a-btn-4&#8243; image=&#8221;7171&#8243; button=&#8221;url:%2Fen%2Fmariage-domaine-valmont-olivia-corentin%2F|title:Read%20more&#8221;][\/banner_slider][\/vc_column][\/vc_row][vc_row desctop_mt=&#8221;margin-lg-50t&#8221; desctop_mb=&#8221;margin-lg-40b&#8221; desctop_md_mt=&#8221;margin-md-50t&#8221; desctop_md_mb=&#8221;margin-md-40b&#8221; tablets_mt=&#8221;margin-sm-50t&#8221; tablets_mb=&#8221;margin-sm-30b&#8221; mobile_mt=&#8221;margin-xs-40t&#8221; mobile_mb=&#8221;margin-xs-30b&#8221; el_class=&#8221;xb-header&#8221;][vc_column][wiso_headings style=&#8221;text_center&#8221; title=&#8221;Inquire&#8221;][vc_column_text el_class=&#8221;.me&#8221;]<\/p>\n<p style=\"text-align: center;\">Do you love my work and think I could be your\u00a0<strong>photographer<\/strong>? Need more information or a personalized quote? Contact me through this form, and I will get back to you quickly!<\/p>\n<p>[\/vc_column_text][\/vc_column][\/vc_row][vc_row desctop_mb=&#8221;margin-lg-30b&#8221; desctop_md_mb=&#8221;margin-md-30b&#8221; tablets_mb=&#8221;margin-sm-20b&#8221; mobile_mb=&#8221;margin-xs-20b&#8221;][vc_column el_class=&#8221;contact-form-mariage&#8221;]<div role=\"form\" class=\"wpcf7\" id=\"wpcf7-f5982-o1\" lang=\"en\" dir=\"ltr\">\n<div class=\"screen-reader-response\"><p role=\"status\" aria-live=\"polite\" aria-atomic=\"true\"><\/p> <ul><\/ul><\/div>\n<form action=\"\/en\/wp-json\/wp\/v2\/pages\/15827#wpcf7-f5982-o1\" method=\"post\" class=\"wpcf7-form init\" novalidate=\"novalidate\" data-status=\"init\">\n<div style=\"display: none;\">\n<input type=\"hidden\" name=\"_wpcf7\" value=\"5982\" \/>\n<input type=\"hidden\" name=\"_wpcf7_version\" value=\"5.4.1\" \/>\n<input type=\"hidden\" name=\"_wpcf7_locale\" value=\"en\" \/>\n<input type=\"hidden\" name=\"_wpcf7_unit_tag\" value=\"wpcf7-f5982-o1\" \/>\n<input type=\"hidden\" name=\"_wpcf7_container_post\" value=\"0\" \/>\n<input type=\"hidden\" name=\"_wpcf7_posted_data_hash\" value=\"\" \/>\n<input type=\"hidden\" name=\"lang\" value=\"en\" \/>\n<\/div>\n<p><label> Lastname *<br \/>\n    <span class=\"wpcf7-form-control-wrap your-name\"><input type=\"text\" name=\"your-name\" value=\"\" size=\"40\" class=\"wpcf7-form-control wpcf7-text wpcf7-validates-as-required\" aria-required=\"true\" aria-invalid=\"false\" \/><\/span> <\/label><\/p>\n<p><label> Firstname *<br \/>\n    <span class=\"wpcf7-form-control-wrap your-firstname\"><input type=\"text\" name=\"your-firstname\" value=\"\" size=\"40\" class=\"wpcf7-form-control wpcf7-text wpcf7-validates-as-required\" aria-required=\"true\" aria-invalid=\"false\" \/><\/span> <\/label><\/p>\n<p><label> Email *<br \/>\n    <span class=\"wpcf7-form-control-wrap your-email\"><input type=\"email\" name=\"your-email\" value=\"\" size=\"40\" class=\"wpcf7-form-control wpcf7-text wpcf7-email wpcf7-validates-as-required wpcf7-validates-as-email\" aria-required=\"true\" aria-invalid=\"false\" \/><\/span> <\/label><\/p>\n<p><label> Phone number *<br \/>\n    <span class=\"wpcf7-form-control-wrap your-phone\"><input type=\"tel\" name=\"your-phone\" value=\"\" size=\"40\" class=\"wpcf7-form-control wpcf7-text wpcf7-tel wpcf7-validates-as-required wpcf7-validates-as-tel\" aria-required=\"true\" aria-invalid=\"false\" \/><\/span> <\/label><\/p>\n<p><label> Your message *<br \/>\n    <span class=\"wpcf7-form-control-wrap your-message\"><textarea name=\"your-message\" cols=\"40\" rows=\"10\" class=\"wpcf7-form-control wpcf7-textarea wpcf7-validates-as-required\" aria-required=\"true\" aria-invalid=\"false\"><\/textarea><\/span> <\/label><br \/>\n<div id=\"cf7sr-69e0de864a8f4\" class=\"cf7sr-g-recaptcha\" data-theme=\"light\" data-type=\"image\" data-size=\"normal\" data-sitekey=\"6Lf0ZtYhAAAAAFckl5Aq4AEBi8EoLfMY-zzDwRwB\"><\/div><span class=\"wpcf7-form-control-wrap cf7sr-recaptcha\" data-name=\"cf7sr-recaptcha\"><input type=\"hidden\" name=\"cf7sr-recaptcha\" value=\"\" class=\"wpcf7-form-control\"><\/span><br \/>\n<input type=\"submit\" value=\"Send\" class=\"wpcf7-form-control wpcf7-submit\" \/><\/p>\n<p style=\"display: none !important;\" class=\"akismet-fields-container\" data-prefix=\"_wpcf7_ak_\"><label>&#916;<textarea name=\"_wpcf7_ak_hp_textarea\" cols=\"45\" rows=\"8\" maxlength=\"100\"><\/textarea><\/label><input type=\"hidden\" id=\"ak_js_1\" name=\"_wpcf7_ak_js\" value=\"40\"\/><script>document.getElementById( \"ak_js_1\" ).setAttribute( \"value\", ( new Date() ).getTime() );<\/script><\/p><div class=\"wpcf7-response-output\" aria-hidden=\"true\"><\/div><\/form><\/div>[\/vc_column][\/vc_row][vc_row full_width=&#8221;stretch_row&#8221; desctop_mt=&#8221;margin-lg-20t&#8221; desctop_md_mt=&#8221;margin-md-20t&#8221; tablets_mt=&#8221;margin-sm-20t&#8221; mobile_mt=&#8221;margin-xs-20t&#8221; css=&#8221;.vc_custom_1736937257690{background-image: url(\/wp-content\/uploads\/2025\/01\/Mariage-6.jpg?id=) !important;background-position: center !important;background-repeat: no-repeat !important;background-size: cover !important;}&#8221;][vc_column][wiso_testimonial autoplay=&#8221;5&#8243; loop=&#8221;true&#8221; color=&#8221;#ffffff&#8221;][wiso_testimonial_items author=&#8221;Olivia &#038; Corentin&#8221; position=&#8221;Mariage au Domaine de Valmont&#8221;]&#8221;Xavier a \u00e9t\u00e9 parfait ! Il nous a mit \u00e0 l\u2019aise, il nous a guid\u00e9 mais sans faire des poses fig\u00e9es, il a prit des moments de vie et \u00e7a c\u2019est vraiment pr\u00e9cieux. Nous sommes plus que combl\u00e9s des photos de notre mariage, on les regarde en boucle et elles nous font vraiment revivre ce moment. Tous nos invit\u00e9s aussi ont \u00e9t\u00e9 ravis des photos ! Merci encore mille fois Xavier !&#8221;[\/wiso_testimonial_items][wiso_testimonial_items author=&#8221;Jazmine &#038; Lambert&#8221; position=&#8221;Mariage au Ch\u00e2teau de Garde&#8221;]&#8221;Xavier was our photographer for our wedding in France at Chateau De garde. He\u2019s truly an amazing person to work with. Xavier\u2019s eye for certain shots was amazing. We loved our photos. For the wedding he came for both our events and took fabulous shots ! Talk about amazing ! I would highly recommend Xavier to anyone looking for a skilled photographer in the area. Merciiiii Xavier !!&#8221;[\/wiso_testimonial_items][wiso_testimonial_items author=&#8221;Sol\u00e8ne &#038; Marc&#8221; position=&#8221;Mariage \u00e0 la Maison Welcome&#8221;]&#8221;Nous sommes plus que ravis d\u2019avoir choisi Xavier pour notre mariage. Il a su capturer ces moments si pr\u00e9cieux de la meilleure des fa\u00e7ons. Communication fluide, toujours \u00e0 l\u2019\u00e9coute, il a contribu\u00e9 \u00e0 la r\u00e9ussite de cette journ\u00e9e.<br \/>\nMille merci !&#8221;[\/wiso_testimonial_items][wiso_testimonial_items author=&#8221;Charlotte &#038; Mathieu&#8221; position=&#8221;Mariage au Ch\u00e2teau Mader&#8221;]&#8221;Tr\u00e8s professionnel et sympathique, Xavier r\u00e9alise un travail de qualit\u00e9. Il sait mettre \u00e0 l&#8217;aise durant les s\u00e9ances, il est toujours \u00e0 la recherche du meilleur plan et il s&#8217;adapte aux envies de chacun. Nous avons fait appel \u00e0 lui pour notre mariage et nous sommes enti\u00e8rement satisfaits du rendu final des photos. Nous le recommandons et nous avons h\u00e2te de le retrouver pour immortaliser d&#8217;autres moments.&#8221;[\/wiso_testimonial_items][\/wiso_testimonial][\/vc_column][\/vc_row]<\/p>\n","protected":false},"excerpt":{"rendered":"<p>[vc_row full_width=&#8221;stretch_row_content_no_spaces&#8221;][vc_column][wiso_banner style_banner=&#8221;simple&#8221; height=&#8221;full&#8221; style=&#8221;center_content&#8221; overlay=&#8221;yes&#8221; title=&#8221;Weddings&#8221; image=&#8221;8117&#8243; subtitle=&#8221;My Services &#038; Pricing&#8221;][\/vc_column][\/vc_row][vc_row desctop_mt=&#8221;margin-lg-50t&#8221; desctop_mb=&#8221;margin-lg-60b&#8221; desctop_md_mt=&#8221;margin-md-50t&#8221; desctop_md_mb=&#8221;margin-md-60b&#8221; tablets_mt=&#8221;margin-sm-40t&#8221; tablets_mb=&#8221;margin-sm-50b&#8221; mobile_mt=&#8221;margin-xs-25t&#8221; mobile_mb=&#8221;margin-xs-35b&#8221; el_class=&#8221;xb-header&#8221;][vc_column][wiso_headings style=&#8221;text_center&#8221; title=&#8221;Services&#8221;][vc_column_text el_class=&#8221;.me&#8221;] Before talking about pricing, I like to remind my (future) couples that it&#8217;s hard to discuss costs without explaining what is included in the service. It\u2019s true that you can easily &#8230;<\/p>\n","protected":false},"author":1,"featured_media":0,"parent":0,"menu_order":0,"comment_status":"closed","ping_status":"closed","template":"","meta":{"footnotes":""},"_links":{"self":[{"href":"https:\/\/www.xavierbellenger.com\/en\/wp-json\/wp\/v2\/pages\/15827"}],"collection":[{"href":"https:\/\/www.xavierbellenger.com\/en\/wp-json\/wp\/v2\/pages"}],"about":[{"href":"https:\/\/www.xavierbellenger.com\/en\/wp-json\/wp\/v2\/types\/page"}],"author":[{"embeddable":true,"href":"https:\/\/www.xavierbellenger.com\/en\/wp-json\/wp\/v2\/users\/1"}],"replies":[{"embeddable":true,"href":"https:\/\/www.xavierbellenger.com\/en\/wp-json\/wp\/v2\/comments?post=15827"}],"version-history":[{"count":9,"href":"https:\/\/www.xavierbellenger.com\/en\/wp-json\/wp\/v2\/pages\/15827\/revisions"}],"predecessor-version":[{"id":21918,"href":"https:\/\/www.xavierbellenger.com\/en\/wp-json\/wp\/v2\/pages\/15827\/revisions\/21918"}],"wp:attachment":[{"href":"https:\/\/www.xavierbellenger.com\/en\/wp-json\/wp\/v2\/media?parent=15827"}],"curies":[{"name":"wp","href":"https:\/\/api.w.org\/{rel}","templated":true}]}}