{"id":15836,"date":"2025-01-30T18:13:59","date_gmt":"2025-01-30T17:13:59","guid":{"rendered":"https:\/\/www.xavierbellenger.com\/?page_id=15836"},"modified":"2025-12-16T13:57:44","modified_gmt":"2025-12-16T12:57:44","slug":"tarifs-seances","status":"publish","type":"page","link":"https:\/\/www.xavierbellenger.com\/en\/tarifs-seances\/","title":{"rendered":"Photo session services &#038; prices"},"content":{"rendered":"<p>[vc_row full_width=&#8221;stretch_row_content_no_spaces&#8221;][vc_column][wiso_banner style_banner=&#8221;simple&#8221; height=&#8221;full&#8221; style=&#8221;center_content&#8221; overlay=&#8221;yes&#8221; title=&#8221;Photoshoots&#8221; image=&#8221;14745&#8243; subtitle=&#8221;My services &#038; prices&#8221;][\/vc_column][\/vc_row][vc_row desctop_mt=&#8221;margin-lg-60t&#8221; desctop_mb=&#8221;margin-lg-35b&#8221; desctop_md_mt=&#8221;margin-md-60t&#8221; desctop_md_mb=&#8221;margin-md-35b&#8221; tablets_mt=&#8221;margin-sm-40t&#8221; tablets_mb=&#8221;margin-sm-20b&#8221; mobile_mt=&#8221;margin-xs-30t&#8221; mobile_mb=&#8221;margin-xs-10b&#8221; el_class=&#8221;xb&#8221;][vc_column css=&#8221;.vc_custom_1736866163144{padding-top: 0px !important;}&#8221;][wiso_headings style=&#8221;text_center&#8221; title=&#8221;Pricing&#8221; subtitle=&#8221;Packages for every desire&#8221;][\/vc_column][\/vc_row][vc_row full_width=&#8221;stretch_row&#8221; full_height=&#8221;yes&#8221; columns_placement=&#8221;top&#8221; equal_height=&#8221;yes&#8221; content_placement=&#8221;top&#8221; enable_ovarlay=&#8221;true&#8221; mobile_mb=&#8221;margin-xs-0b&#8221; desctop_lg_pt=&#8221;padding-lg-60t&#8221; desctop_lg_pb=&#8221;padding-lg-95b&#8221; mobile_pt=&#8221;padding-xs-15t&#8221; mobile_pb=&#8221;padding-xs-15b&#8221; css=&#8221;.vc_custom_1738010092719{background: #101820 url(\/wp-content\/uploads\/2025\/01\/Portfolio-SD-52.jpg?id=6798) !important;background-position: center !important;background-repeat: no-repeat !important;background-size: cover !important;}&#8221; el_id=&#8221;tarifs&#8221;][vc_column width=&#8221;1\/2&#8243; offset=&#8221;vc_col-lg-6 vc_col-md-6&#8243; css=&#8221;.vc_custom_1736865893796{padding-top: 0px !important;}&#8221;][vc_pricing subtitle=&#8221;From 150\u20ac&#8221; title=&#8221;Family&#8221; button=&#8221;url:%2Fen%2Fcontact%2F|title:Book%20now&#8221;]<\/p>\n<ul>\n<li>1-hour session approximately<\/li>\n<li>Pack of 15 photos: \u20ac150<\/li>\n<li>Pack of 25 photos: \u20ac180<\/li>\n<li>Unlimited pack: \u20ac220<\/li>\n<li>Post-production (selection, processing, and retouching)<\/li>\n<li>Online gallery<\/li>\n<li>\u20ac5 per additional photo<\/li>\n<\/ul>\n<p>[\/vc_pricing][\/vc_column][vc_column width=&#8221;1\/2&#8243; mobile_mt=&#8221;margin-xs-20t&#8221; offset=&#8221;vc_col-lg-6 vc_col-md-6&#8243; css=&#8221;.vc_custom_1736865983144{padding-top: 0px !important;}&#8221;][vc_pricing subtitle=&#8221;From 170\u20ac&#8221; title=&#8221;Baby&#8221; button=&#8221;url:%2Fen%2Fcontact%2F|title:Book%20now&#8221;]<\/p>\n<ul>\n<li>1.5-hour session approximately<\/li>\n<li>Pack of 15 photos: \u20ac170<\/li>\n<li>Pack of 25 photos: \u20ac210<\/li>\n<li>Unlimited pack: \u20ac250<\/li>\n<li>Post-production (selection, processing, and retouching)<\/li>\n<li>Online gallery<\/li>\n<li>\u20ac5 per additional photo<\/li>\n<\/ul>\n<p>[\/vc_pricing][\/vc_column][vc_column width=&#8221;1\/2&#8243; desctop_mt=&#8221;margin-lg-30t&#8221; desctop_md_mt=&#8221;margin-md-30t&#8221; tablets_mt=&#8221;margin-sm-30t&#8221; mobile_mt=&#8221;margin-xs-20t&#8221; offset=&#8221;vc_col-lg-6 vc_col-md-6&#8243; css=&#8221;.vc_custom_1736866083264{padding-top: 0px !important;}&#8221;][vc_pricing subtitle=&#8221;From 150\u20ac&#8221; title=&#8221;Maternity&#8221; button=&#8221;url:%2Fen%2Fcontact%2F|title:Book%20now&#8221;]<\/p>\n<ul>\n<li>1-hour session approximately<\/li>\n<li>Pack of 15 photos: \u20ac150<\/li>\n<li>Pack of 25 photos: \u20ac180<\/li>\n<li>Unlimited pack: \u20ac220<\/li>\n<li>Post-production (selection, processing, and retouching)<\/li>\n<li>Online gallery<\/li>\n<li>\u20ac5 per additional photo<\/li>\n<\/ul>\n<p>[\/vc_pricing][\/vc_column][vc_column width=&#8221;1\/2&#8243; desctop_mt=&#8221;margin-lg-30t&#8221; desctop_md_mt=&#8221;margin-md-30t&#8221; tablets_mt=&#8221;margin-sm-30t&#8221; mobile_mt=&#8221;margin-xs-20t&#8221; offset=&#8221;vc_col-lg-6 vc_col-md-6&#8243; css=&#8221;.vc_custom_1736866102679{padding-top: 0px !important;}&#8221;][vc_pricing subtitle=&#8221;From 150\u20ac&#8221; title=&#8221;Couple&#8221; button=&#8221;url:%2Fen%2Fcontact%2F|title:Book%20now&#8221;]<\/p>\n<ul>\n<li>1-hour session approximately<\/li>\n<li>Pack of 15 photos: \u20ac150<\/li>\n<li>Pack of 25 photos: \u20ac180<\/li>\n<li>Unlimited pack: \u20ac220<\/li>\n<li>Post-production (selection, processing, and retouching)<\/li>\n<li>Online gallery<\/li>\n<li>\u20ac5 per additional photo<\/li>\n<\/ul>\n<p>[\/vc_pricing][\/vc_column][\/vc_row][vc_row desctop_mt=&#8221;margin-lg-60t&#8221; desctop_mb=&#8221;margin-lg-35b&#8221; desctop_md_mt=&#8221;margin-md-60t&#8221; desctop_md_mb=&#8221;margin-md-35b&#8221; tablets_mt=&#8221;margin-sm-40t&#8221; tablets_mb=&#8221;margin-sm-20b&#8221; mobile_mt=&#8221;margin-xs-30t&#8221; mobile_mb=&#8221;margin-xs-10b&#8221; el_class=&#8221;xb-header&#8221;][vc_column css=&#8221;.vc_custom_1736866365138{padding-top: 0px !important;}&#8221;][wiso_headings style=&#8221;text_center&#8221; title=&#8221;Latest work&#8221; subtitle=&#8221;Discover my&#8221;][\/vc_column][\/vc_row][vc_row full_width=&#8221;stretch_row_content_no_spaces&#8221;][vc_column][banner_slider type_slider=&#8221;myro&#8221; autoplay=&#8221;5&#8243;][banner_slider_items option_style=&#8221;myro&#8221; subtitle=&#8221;Bois des sources du Peugue &#8211; Pessac&#8221; title=&#8221;Marion &#038; J\u00e9r\u00f4me&#8221; btn_style=&#8221;a-btn-4&#8243; image=&#8221;7578&#8243; button=&#8221;url:%2Fen%2Fseance-famille-pessac-marion-jerome%2F|title:Read%20more&#8221;][banner_slider_items option_style=&#8221;myro&#8221; subtitle=&#8221;Sources de Caudalie&#8221; title=&#8221;Mai\u0308na &#038; Antoine&#8221; btn_style=&#8221;a-btn-4&#8243; image=&#8221;7125&#8243; button=&#8221;url:%2Fen%2Fseance-engagement-sources-caudalie-maina-antoine%2F|title:Read%20more&#8221;][banner_slider_items option_style=&#8221;myro&#8221; subtitle=&#8221;Villenave d&#8217;ornon&#8221; title=&#8221;Marion &#038; Renaud&#8221; btn_style=&#8221;a-btn-4&#8243; image=&#8221;15073&#8243; button=&#8221;url:%2Fen%2Fseance-nouveau-ne-a-villenave-dornon-marion-renaud%2F|title:Read%20more&#8221;][\/banner_slider][\/vc_column][\/vc_row][vc_row desctop_mt=&#8221;margin-lg-50t&#8221; desctop_mb=&#8221;margin-lg-40b&#8221; desctop_md_mt=&#8221;margin-md-50t&#8221; desctop_md_mb=&#8221;margin-md-40b&#8221; tablets_mt=&#8221;margin-sm-50t&#8221; tablets_mb=&#8221;margin-sm-30b&#8221; mobile_mt=&#8221;margin-xs-40t&#8221; mobile_mb=&#8221;margin-xs-30b&#8221; el_class=&#8221;xb-header&#8221;][vc_column][wiso_headings style=&#8221;text_center&#8221; title=&#8221;Inquire&#8221;][vc_column_text el_class=&#8221;.me&#8221;]<\/p>\n<p style=\"text-align: center;\">Do you love my work and think I could be your\u00a0<strong>photographer<\/strong>? Need more information or a personalized quote? Contact me through this form, and I will get back to you quickly!<\/p>\n<p>[\/vc_column_text][\/vc_column][\/vc_row][vc_row desctop_mb=&#8221;margin-lg-30b&#8221; desctop_md_mb=&#8221;margin-md-30b&#8221; tablets_mb=&#8221;margin-sm-20b&#8221; mobile_mb=&#8221;margin-xs-20b&#8221;][vc_column el_class=&#8221;contact-form-mariage&#8221;]<div role=\"form\" class=\"wpcf7\" id=\"wpcf7-f5982-o1\" lang=\"en\" dir=\"ltr\">\n<div class=\"screen-reader-response\"><p role=\"status\" aria-live=\"polite\" aria-atomic=\"true\"><\/p> <ul><\/ul><\/div>\n<form action=\"\/en\/wp-json\/wp\/v2\/pages\/15836#wpcf7-f5982-o1\" method=\"post\" class=\"wpcf7-form init\" novalidate=\"novalidate\" data-status=\"init\">\n<div style=\"display: none;\">\n<input type=\"hidden\" name=\"_wpcf7\" value=\"5982\" \/>\n<input type=\"hidden\" name=\"_wpcf7_version\" value=\"5.4.1\" \/>\n<input type=\"hidden\" name=\"_wpcf7_locale\" value=\"en\" \/>\n<input type=\"hidden\" name=\"_wpcf7_unit_tag\" value=\"wpcf7-f5982-o1\" \/>\n<input type=\"hidden\" name=\"_wpcf7_container_post\" value=\"0\" \/>\n<input type=\"hidden\" name=\"_wpcf7_posted_data_hash\" value=\"\" \/>\n<input type=\"hidden\" name=\"lang\" value=\"en\" \/>\n<\/div>\n<p><label> Lastname *<br \/>\n    <span class=\"wpcf7-form-control-wrap your-name\"><input type=\"text\" name=\"your-name\" value=\"\" size=\"40\" class=\"wpcf7-form-control wpcf7-text wpcf7-validates-as-required\" aria-required=\"true\" aria-invalid=\"false\" \/><\/span> <\/label><\/p>\n<p><label> Firstname *<br \/>\n    <span class=\"wpcf7-form-control-wrap your-firstname\"><input type=\"text\" name=\"your-firstname\" value=\"\" size=\"40\" class=\"wpcf7-form-control wpcf7-text wpcf7-validates-as-required\" aria-required=\"true\" aria-invalid=\"false\" \/><\/span> <\/label><\/p>\n<p><label> Email *<br \/>\n    <span class=\"wpcf7-form-control-wrap your-email\"><input type=\"email\" name=\"your-email\" value=\"\" size=\"40\" class=\"wpcf7-form-control wpcf7-text wpcf7-email wpcf7-validates-as-required wpcf7-validates-as-email\" aria-required=\"true\" aria-invalid=\"false\" \/><\/span> <\/label><\/p>\n<p><label> Phone number *<br \/>\n    <span class=\"wpcf7-form-control-wrap your-phone\"><input type=\"tel\" name=\"your-phone\" value=\"\" size=\"40\" class=\"wpcf7-form-control wpcf7-text wpcf7-tel wpcf7-validates-as-required wpcf7-validates-as-tel\" aria-required=\"true\" aria-invalid=\"false\" \/><\/span> <\/label><\/p>\n<p><label> Your message *<br \/>\n    <span class=\"wpcf7-form-control-wrap your-message\"><textarea name=\"your-message\" cols=\"40\" rows=\"10\" class=\"wpcf7-form-control wpcf7-textarea wpcf7-validates-as-required\" aria-required=\"true\" aria-invalid=\"false\"><\/textarea><\/span> <\/label><br \/>\n<div id=\"cf7sr-69dff36d1a6ad\" class=\"cf7sr-g-recaptcha\" data-theme=\"light\" data-type=\"image\" data-size=\"normal\" data-sitekey=\"6Lf0ZtYhAAAAAFckl5Aq4AEBi8EoLfMY-zzDwRwB\"><\/div><span class=\"wpcf7-form-control-wrap cf7sr-recaptcha\" data-name=\"cf7sr-recaptcha\"><input type=\"hidden\" name=\"cf7sr-recaptcha\" value=\"\" class=\"wpcf7-form-control\"><\/span><br \/>\n<input type=\"submit\" value=\"Send\" class=\"wpcf7-form-control wpcf7-submit\" \/><\/p>\n<p style=\"display: none !important;\" class=\"akismet-fields-container\" data-prefix=\"_wpcf7_ak_\"><label>&#916;<textarea name=\"_wpcf7_ak_hp_textarea\" cols=\"45\" rows=\"8\" maxlength=\"100\"><\/textarea><\/label><input type=\"hidden\" id=\"ak_js_1\" name=\"_wpcf7_ak_js\" value=\"208\"\/><script>document.getElementById( \"ak_js_1\" ).setAttribute( \"value\", ( new Date() ).getTime() );<\/script><\/p><div class=\"wpcf7-response-output\" aria-hidden=\"true\"><\/div><\/form><\/div>[\/vc_column][\/vc_row][vc_row full_width=&#8221;stretch_row&#8221; desctop_mt=&#8221;margin-lg-20t&#8221; desctop_md_mt=&#8221;margin-md-20t&#8221; tablets_mt=&#8221;margin-sm-20t&#8221; mobile_mt=&#8221;margin-xs-20t&#8221; css=&#8221;.vc_custom_1736937282568{background-image: url(\/wp-content\/uploads\/2025\/01\/Mariage-6.jpg?id=) !important;background-position: center !important;background-repeat: no-repeat !important;background-size: cover !important;}&#8221;][vc_column][wiso_testimonial autoplay=&#8221;5&#8243; loop=&#8221;true&#8221; color=&#8221;#ffffff&#8221;][wiso_testimonial_items author=&#8221;Olivia &#038; Corentin&#8221; position=&#8221;Mariage au Domaine de Valmont&#8221;]&#8221;Xavier a \u00e9t\u00e9 parfait ! Il nous a mit \u00e0 l\u2019aise, il nous a guid\u00e9 mais sans faire des poses fig\u00e9es, il a prit des moments de vie et \u00e7a c\u2019est vraiment pr\u00e9cieux. Nous sommes plus que combl\u00e9s des photos de notre mariage, on les regarde en boucle et elles nous font vraiment revivre ce moment. Tous nos invit\u00e9s aussi ont \u00e9t\u00e9 ravis des photos ! Merci encore mille fois Xavier !&#8221;[\/wiso_testimonial_items][wiso_testimonial_items author=&#8221;Jazmine &#038; Lambert&#8221; position=&#8221;Mariage au Ch\u00e2teau de Garde&#8221;]&#8221;Xavier was our photographer for our wedding in France at Chateau De garde. He\u2019s truly an amazing person to work with. Xavier\u2019s eye for certain shots was amazing. We loved our photos. For the wedding he came for both our events and took fabulous shots ! Talk about amazing ! I would highly recommend Xavier to anyone looking for a skilled photographer in the area. Merciiiii Xavier !!&#8221;[\/wiso_testimonial_items][wiso_testimonial_items author=&#8221;Sol\u00e8ne &#038; Marc&#8221; position=&#8221;Mariage \u00e0 la Maison Welcome&#8221;]&#8221;Nous sommes plus que ravis d\u2019avoir choisi Xavier pour notre mariage. Il a su capturer ces moments si pr\u00e9cieux de la meilleure des fa\u00e7ons. Communication fluide, toujours \u00e0 l\u2019\u00e9coute, il a contribu\u00e9 \u00e0 la r\u00e9ussite de cette journ\u00e9e.<\/p>\n<p>Mille merci !&#8221;[\/wiso_testimonial_items][wiso_testimonial_items author=&#8221;Charlotte &#038; Mathieu&#8221; position=&#8221;Mariage au Ch\u00e2teau Mader&#8221;]&#8221;Tr\u00e8s professionnel et sympathique, Xavier r\u00e9alise un travail de qualit\u00e9. Il sait mettre \u00e0 l&#8217;aise durant les s\u00e9ances, il est toujours \u00e0 la recherche du meilleur plan et il s&#8217;adapte aux envies de chacun. Nous avons fait appel \u00e0 lui pour notre mariage et nous sommes enti\u00e8rement satisfaits du rendu final des photos. Nous le recommandons et nous avons h\u00e2te de le retrouver pour immortaliser d&#8217;autres moments.&#8221;[\/wiso_testimonial_items][\/wiso_testimonial][\/vc_column][\/vc_row]<\/p>\n","protected":false},"excerpt":{"rendered":"<p>[vc_row full_width=&#8221;stretch_row_content_no_spaces&#8221;][vc_column][wiso_banner style_banner=&#8221;simple&#8221; height=&#8221;full&#8221; style=&#8221;center_content&#8221; overlay=&#8221;yes&#8221; title=&#8221;Photoshoots&#8221; image=&#8221;14745&#8243; subtitle=&#8221;My services &#038; prices&#8221;][\/vc_column][\/vc_row][vc_row desctop_mt=&#8221;margin-lg-60t&#8221; desctop_mb=&#8221;margin-lg-35b&#8221; desctop_md_mt=&#8221;margin-md-60t&#8221; desctop_md_mb=&#8221;margin-md-35b&#8221; tablets_mt=&#8221;margin-sm-40t&#8221; tablets_mb=&#8221;margin-sm-20b&#8221; mobile_mt=&#8221;margin-xs-30t&#8221; mobile_mb=&#8221;margin-xs-10b&#8221; el_class=&#8221;xb&#8221;][vc_column css=&#8221;.vc_custom_1736866163144{padding-top: 0px !important;}&#8221;][wiso_headings style=&#8221;text_center&#8221; title=&#8221;Pricing&#8221; subtitle=&#8221;Packages for every desire&#8221;][\/vc_column][\/vc_row][vc_row full_width=&#8221;stretch_row&#8221; full_height=&#8221;yes&#8221; columns_placement=&#8221;top&#8221; equal_height=&#8221;yes&#8221; content_placement=&#8221;top&#8221; enable_ovarlay=&#8221;true&#8221; mobile_mb=&#8221;margin-xs-0b&#8221; desctop_lg_pt=&#8221;padding-lg-60t&#8221; desctop_lg_pb=&#8221;padding-lg-95b&#8221; mobile_pt=&#8221;padding-xs-15t&#8221; mobile_pb=&#8221;padding-xs-15b&#8221; css=&#8221;.vc_custom_1738010092719{background: #101820 url(\/wp-content\/uploads\/2025\/01\/Portfolio-SD-52.jpg?id=6798) !important;background-position: center !important;background-repeat: no-repeat !important;background-size: cover !important;}&#8221; el_id=&#8221;tarifs&#8221;][vc_column width=&#8221;1\/2&#8243; offset=&#8221;vc_col-lg-6 vc_col-md-6&#8243; &#8230;<\/p>\n","protected":false},"author":1,"featured_media":0,"parent":0,"menu_order":0,"comment_status":"closed","ping_status":"closed","template":"","meta":{"footnotes":""},"_links":{"self":[{"href":"https:\/\/www.xavierbellenger.com\/en\/wp-json\/wp\/v2\/pages\/15836"}],"collection":[{"href":"https:\/\/www.xavierbellenger.com\/en\/wp-json\/wp\/v2\/pages"}],"about":[{"href":"https:\/\/www.xavierbellenger.com\/en\/wp-json\/wp\/v2\/types\/page"}],"author":[{"embeddable":true,"href":"https:\/\/www.xavierbellenger.com\/en\/wp-json\/wp\/v2\/users\/1"}],"replies":[{"embeddable":true,"href":"https:\/\/www.xavierbellenger.com\/en\/wp-json\/wp\/v2\/comments?post=15836"}],"version-history":[{"count":8,"href":"https:\/\/www.xavierbellenger.com\/en\/wp-json\/wp\/v2\/pages\/15836\/revisions"}],"predecessor-version":[{"id":22829,"href":"https:\/\/www.xavierbellenger.com\/en\/wp-json\/wp\/v2\/pages\/15836\/revisions\/22829"}],"wp:attachment":[{"href":"https:\/\/www.xavierbellenger.com\/en\/wp-json\/wp\/v2\/media?parent=15836"}],"curies":[{"name":"wp","href":"https:\/\/api.w.org\/{rel}","templated":true}]}}