{"id":15956,"date":"2025-01-31T15:50:11","date_gmt":"2025-01-31T14:50:11","guid":{"rendered":"https:\/\/www.xavierbellenger.com\/?page_id=15956"},"modified":"2025-01-31T18:53:43","modified_gmt":"2025-01-31T17:53:43","slug":"seance-portrait","status":"publish","type":"page","link":"https:\/\/www.xavierbellenger.com\/en\/seance-portrait\/","title":{"rendered":"Portrait photoshoot"},"content":{"rendered":"<p>[vc_row full_width=&#8221;stretch_row_content_no_spaces&#8221;][vc_column][wiso_banner style_banner=&#8221;simple&#8221; height=&#8221;full&#8221; style=&#8221;center_content&#8221; overlay=&#8221;yes&#8221; title=&#8221;Portrait&#8221; image=&#8221;15978&#8243; subtitle=&#8221;Photoshoot&#8221;][\/vc_column][\/vc_row][vc_row full_width=&#8221;stretch_row&#8221; desctop_lg_pb=&#8221;padding-lg-30b&#8221; desctop_pb=&#8221;padding-md-30b&#8221; tablets_pb=&#8221;padding-sm-30b&#8221; mobile_pb=&#8221;padding-xs-20b&#8221; el_class=&#8221;xb-header&#8221; css=&#8221;.vc_custom_1736869525935{background-color: #fdf9f6 !important;}&#8221;][vc_column][wiso_headings style=&#8221;text_center&#8221; title=&#8221;Portrait session&#8221; subtitle=&#8221;Trust &#038; Kindness for your&#8221;][vc_column_text el_class=&#8221;.me&#8221;]<\/p>\n<p style=\"text-align: center;\">Taking a portrait is about capturing your essence. It\u2019s a moment just for you, to reconnect and express yourself freely. In front of the camera, you can breathe, relax, and I\u2019ll be there to guide you with ease. Just you, me, and my camera. A portrait session is an opportunity to create a powerful memory, to see yourself in a new light, and maybe even boost your self-confidence. Because self-acceptance is key, and sometimes, a beautiful photo can make all the difference!<\/p>\n<p style=\"text-align: center;\">When flipping through a magazine, we admire certain people and never imagine that we could be in their place. Yet, those faces you admire are just like you and me. What makes the difference is the photographer\u2019s eye, their way of capturing an expression, a light, an emotion.<\/p>\n<p style=\"text-align: center;\">Everyone is photogenic in their own way. You just have to dare, to see yourself differently. As Coco Chanel said: &#8220;Beauty begins the moment you decide to be yourself.&#8221; Getting photographed is about giving yourself that moment, revealing yourself, and sharing a part of your story with the world.<\/p>\n<p>[\/vc_column_text][wiso_button style=&#8221;a-btn&#8221; button=&#8221;url:%2Fen%2Fcontact%2F|title:Let&#8217;s%20chat!&#8221;][\/vc_column][\/vc_row][vc_row desctop_mt=&#8221;margin-lg-60t&#8221; desctop_mb=&#8221;margin-lg-35b&#8221; desctop_md_mt=&#8221;margin-md-60t&#8221; desctop_md_mb=&#8221;margin-md-35b&#8221; tablets_mt=&#8221;margin-sm-40t&#8221; tablets_mb=&#8221;margin-sm-20b&#8221; mobile_mt=&#8221;margin-xs-30t&#8221; mobile_mb=&#8221;margin-xs-10b&#8221; el_class=&#8221;xb&#8221;][vc_column css=&#8221;.vc_custom_1736866163144{padding-top: 0px !important;}&#8221;][wiso_headings style=&#8221;text_center&#8221; title=&#8221;Pricing&#8221; subtitle=&#8221;Packages for every desire&#8221;][\/vc_column][\/vc_row][vc_row full_width=&#8221;stretch_row&#8221; full_height=&#8221;yes&#8221; columns_placement=&#8221;top&#8221; equal_height=&#8221;yes&#8221; content_placement=&#8221;top&#8221; enable_ovarlay=&#8221;true&#8221; mobile_mb=&#8221;margin-xs-0b&#8221; desctop_lg_pt=&#8221;padding-lg-60t&#8221; desctop_lg_pb=&#8221;padding-lg-95b&#8221; mobile_pt=&#8221;padding-xs-15t&#8221; mobile_pb=&#8221;padding-xs-15b&#8221; css=&#8221;.vc_custom_1738337311154{background: #101820 url(https:\/\/www.xavierbellenger.com\/wp-content\/uploads\/2025\/01\/Bordeaux-38.jpg?id=15993) !important;background-position: center !important;background-repeat: no-repeat !important;background-size: cover !important;}&#8221;][vc_column width=&#8221;1\/2&#8243; offset=&#8221;vc_col-lg-6 vc_col-md-6&#8243; css=&#8221;.vc_custom_1736865893796{padding-top: 0px !important;}&#8221;][vc_pricing subtitle=&#8221;90\u20ac&#8221; title=&#8221;Package n\u00b01&#8243; button=&#8221;url:%2Fen%2Fcontact%2F|title:Book%20now&#8221;]<\/p>\n<ul>\n<li>1-hour session<\/li>\n<li>8 HD photos<\/li>\n<li>Post-production (Selection, processing, and retouching)<\/li>\n<li>Online gallery<\/li>\n<li>5 \u20ac per additional photo<\/li>\n<\/ul>\n<p>[\/vc_pricing][\/vc_column][vc_column width=&#8221;1\/2&#8243; mobile_mt=&#8221;margin-xs-20t&#8221; offset=&#8221;vc_col-lg-6 vc_col-md-6&#8243; css=&#8221;.vc_custom_1736865983144{padding-top: 0px !important;}&#8221;][vc_pricing subtitle=&#8221;130\u20ac&#8221; title=&#8221;Package n\u00b02&#8243; button=&#8221;url:%2Fen%2Fcontact%2F|title:Book%20now&#8221;]<\/p>\n<ul>\n<li>1-hour session<\/li>\n<li>15 HD photos<\/li>\n<li>Post-production (Selection, processing, and retouching)<\/li>\n<li>Online gallery<\/li>\n<li>5 \u20ac per additional photo<\/li>\n<\/ul>\n<p>[\/vc_pricing][\/vc_column][vc_column width=&#8221;1\/2&#8243; desctop_mt=&#8221;margin-lg-30t&#8221; desctop_md_mt=&#8221;margin-md-30t&#8221; tablets_mt=&#8221;margin-sm-30t&#8221; mobile_mt=&#8221;margin-xs-20t&#8221; offset=&#8221;vc_col-lg-6 vc_col-md-6&#8243; css=&#8221;.vc_custom_1736866083264{padding-top: 0px !important;}&#8221;][vc_pricing subtitle=&#8221;160\u20ac&#8221; title=&#8221;Package n\u00b03&#8243; button=&#8221;url:%2Fen%2Fcontact%2F|title:Book%20now&#8221;]<\/p>\n<ul>\n<li>1-hour session<\/li>\n<li>25 HD photos<\/li>\n<li>Post-production (Selection, processing, and retouching)<\/li>\n<li>Online gallery<\/li>\n<li>5 \u20ac per additional photo<\/li>\n<\/ul>\n<p>[\/vc_pricing][\/vc_column][vc_column width=&#8221;1\/2&#8243; desctop_mt=&#8221;margin-lg-30t&#8221; desctop_md_mt=&#8221;margin-md-30t&#8221; tablets_mt=&#8221;margin-sm-30t&#8221; mobile_mt=&#8221;margin-xs-20t&#8221; offset=&#8221;vc_col-lg-6 vc_col-md-6&#8243; css=&#8221;.vc_custom_1736866102679{padding-top: 0px !important;}&#8221;][vc_pricing subtitle=&#8221;200\u20ac&#8221; title=&#8221;Package n\u00b04&#8243; button=&#8221;url:%2Fen%2Fcontact%2F|title:Book%20now&#8221;]<\/p>\n<ul>\n<li>1-hour session<\/li>\n<li>All HD photos<\/li>\n<li>Post-production (Selection, processing, and retouching)<\/li>\n<li>Online gallery<\/li>\n<\/ul>\n<p>[\/vc_pricing][\/vc_column][\/vc_row][vc_row desctop_mt=&#8221;margin-lg-60t&#8221; desctop_mb=&#8221;margin-lg-35b&#8221; desctop_md_mt=&#8221;margin-md-60t&#8221; desctop_md_mb=&#8221;margin-md-35b&#8221; tablets_mt=&#8221;margin-sm-40t&#8221; tablets_mb=&#8221;margin-sm-20b&#8221; mobile_mt=&#8221;margin-xs-20t&#8221; mobile_mb=&#8221;margin-xs-10b&#8221; el_class=&#8221;xb-header&#8221;][vc_column css=&#8221;.vc_custom_1736943833000{padding-top: 0px !important;}&#8221;][wiso_headings style=&#8221;text_center&#8221; title=&#8221;Inquire&#8221;][vc_column_text el_class=&#8221;.me&#8221;]<\/p>\n<p style=\"text-align: center;\">Do you love my work and think I could be your\u00a0<strong>photographer<\/strong>? Need more information or a personalized quote? Contact me through this form, and I will get back to you quickly!<\/p>\n<p>[\/vc_column_text][\/vc_column][\/vc_row][vc_row desctop_mb=&#8221;margin-lg-30b&#8221; desctop_md_mb=&#8221;margin-md-30b&#8221; tablets_mb=&#8221;margin-sm-20b&#8221; mobile_mb=&#8221;margin-xs-20b&#8221;][vc_column el_class=&#8221;contact-form-mariage&#8221;]<div role=\"form\" class=\"wpcf7\" id=\"wpcf7-f5982-o1\" lang=\"en\" dir=\"ltr\">\n<div class=\"screen-reader-response\"><p role=\"status\" aria-live=\"polite\" aria-atomic=\"true\"><\/p> <ul><\/ul><\/div>\n<form action=\"\/en\/wp-json\/wp\/v2\/pages\/15956#wpcf7-f5982-o1\" method=\"post\" class=\"wpcf7-form init\" novalidate=\"novalidate\" data-status=\"init\">\n<div style=\"display: none;\">\n<input type=\"hidden\" name=\"_wpcf7\" value=\"5982\" \/>\n<input type=\"hidden\" name=\"_wpcf7_version\" value=\"5.4.1\" \/>\n<input type=\"hidden\" name=\"_wpcf7_locale\" value=\"en\" \/>\n<input type=\"hidden\" name=\"_wpcf7_unit_tag\" value=\"wpcf7-f5982-o1\" \/>\n<input type=\"hidden\" name=\"_wpcf7_container_post\" value=\"0\" \/>\n<input type=\"hidden\" name=\"_wpcf7_posted_data_hash\" value=\"\" \/>\n<input type=\"hidden\" name=\"lang\" value=\"en\" \/>\n<\/div>\n<p><label> Lastname *<br \/>\n    <span class=\"wpcf7-form-control-wrap your-name\"><input type=\"text\" name=\"your-name\" value=\"\" size=\"40\" class=\"wpcf7-form-control wpcf7-text wpcf7-validates-as-required\" aria-required=\"true\" aria-invalid=\"false\" \/><\/span> <\/label><\/p>\n<p><label> Firstname *<br \/>\n    <span class=\"wpcf7-form-control-wrap your-firstname\"><input type=\"text\" name=\"your-firstname\" value=\"\" size=\"40\" class=\"wpcf7-form-control wpcf7-text wpcf7-validates-as-required\" aria-required=\"true\" aria-invalid=\"false\" \/><\/span> <\/label><\/p>\n<p><label> Email *<br \/>\n    <span class=\"wpcf7-form-control-wrap your-email\"><input type=\"email\" name=\"your-email\" value=\"\" size=\"40\" class=\"wpcf7-form-control wpcf7-text wpcf7-email wpcf7-validates-as-required wpcf7-validates-as-email\" aria-required=\"true\" aria-invalid=\"false\" \/><\/span> <\/label><\/p>\n<p><label> Phone number *<br \/>\n    <span class=\"wpcf7-form-control-wrap your-phone\"><input type=\"tel\" name=\"your-phone\" value=\"\" size=\"40\" class=\"wpcf7-form-control wpcf7-text wpcf7-tel wpcf7-validates-as-required wpcf7-validates-as-tel\" aria-required=\"true\" aria-invalid=\"false\" \/><\/span> <\/label><\/p>\n<p><label> Your message *<br \/>\n    <span class=\"wpcf7-form-control-wrap your-message\"><textarea name=\"your-message\" cols=\"40\" rows=\"10\" class=\"wpcf7-form-control wpcf7-textarea wpcf7-validates-as-required\" aria-required=\"true\" aria-invalid=\"false\"><\/textarea><\/span> <\/label><br \/>\n<div id=\"cf7sr-69e7b86be03eb\" class=\"cf7sr-g-recaptcha\" data-theme=\"light\" data-type=\"image\" data-size=\"normal\" data-sitekey=\"6Lf0ZtYhAAAAAFckl5Aq4AEBi8EoLfMY-zzDwRwB\"><\/div><span class=\"wpcf7-form-control-wrap cf7sr-recaptcha\" data-name=\"cf7sr-recaptcha\"><input type=\"hidden\" name=\"cf7sr-recaptcha\" value=\"\" class=\"wpcf7-form-control\"><\/span><br \/>\n<input type=\"submit\" value=\"Send\" class=\"wpcf7-form-control wpcf7-submit\" \/><\/p>\n<p style=\"display: none !important;\" class=\"akismet-fields-container\" data-prefix=\"_wpcf7_ak_\"><label>&#916;<textarea name=\"_wpcf7_ak_hp_textarea\" cols=\"45\" rows=\"8\" maxlength=\"100\"><\/textarea><\/label><input type=\"hidden\" id=\"ak_js_1\" name=\"_wpcf7_ak_js\" value=\"229\"\/><script>document.getElementById( \"ak_js_1\" ).setAttribute( \"value\", ( new Date() ).getTime() );<\/script><\/p><div class=\"wpcf7-response-output\" aria-hidden=\"true\"><\/div><\/form><\/div>[\/vc_column][\/vc_row][vc_row full_width=&#8221;stretch_row_content_no_spaces&#8221; gap=&#8221;30&#8243; css=&#8221;.vc_custom_1736939081623{background-color: #101820 !important;}&#8221;][vc_column css=&#8221;.vc_custom_1736606296420{padding-top: 0px !important;}&#8221;][vc_masonry_media_grid style=&#8221;lazy&#8221; items_per_page=&#8221;15&#8243; element_width=&#8221;3&#8243; gap=&#8221;15&#8243; initial_loading_animation=&#8221;fadeIn&#8221; grid_id=&#8221;vc_gid:1738337264784-2bda8b46-7031-4&#8243; include=&#8221;15974,15965,15984,15958,15962,15985,15977,15964,15982,15981,15966,15961,15980,15972,15979,15963,15978,15976,15975,15983,15959,15973,15971,15970,15969,15968,15967,15960&#8243;][\/vc_column][\/vc_row][vc_row desctop_mt=&#8221;margin-lg-60t&#8221; desctop_mb=&#8221;margin-lg-35b&#8221; desctop_md_mt=&#8221;margin-md-60t&#8221; desctop_md_mb=&#8221;margin-md-35b&#8221; tablets_mt=&#8221;margin-sm-40t&#8221; tablets_mb=&#8221;margin-sm-20b&#8221; mobile_mt=&#8221;margin-xs-30t&#8221; mobile_mb=&#8221;margin-xs-10b&#8221; el_class=&#8221;xb-header&#8221;][vc_column css=&#8221;.vc_custom_1736944113765{padding-top: 0px !important;}&#8221;][wiso_headings style=&#8221;text_center&#8221; title=&#8221;Photoshoot session&#8221; subtitle=&#8221;Tips and tricks for your&#8221;][\/vc_column][\/vc_row][vc_row][vc_column][wiso_services style=&#8221;accordion&#8221; items_accordion=&#8221;%5B%7B%22title%22%3A%22How%20long%20does%20a%20photoshoot%20session%20last%3F%22%2C%22text%22%3A%22A%20photo%20session%20usually%20lasts%20between%201%20and%201.5%20hours.%20We%20take%20this%20time%20to%20stroll%20and%20capture%20images%20at%20a%20relaxed%20pace.%22%7D%2C%7B%22title%22%3A%22What%20outfits%20should%20you%20choose%3F%22%2C%22text%22%3A%22For%20your%20session%2C%20it&#8217;s%20best%20to%20choose%20simple%20outfits%20without%20bold%20logos%20or%20bright%20colors.%20Your%20clothing%20is%20important%20depending%20on%20the%20style%20you%20want%20for%20your%20photos%3A%20bohemian%20for%20a%20beach%20session%2C%20rock%20for%20an%20urban%20session&#8230;%22%7D%2C%7B%22title%22%3A%22What%20is%20the%20best%20time%20for%20a%20photo%20session%3F%22%2C%22text%22%3A%22Sessions%20typically%20take%20place%201.5%20hours%20before%20sunset%20to%20capture%20the%20soft%2C%20golden%20light.%20For%20the%20adventurous%20ones%2C%20it&#8217;s%20also%20possible%20to%20enjoy%20the%20sunrise!%22%7D%2C%7B%22title%22%3A%22Where%20to%20do%20the%20session%3F%22%2C%22text%22%3A%22With%207%20years%20of%20experience%20as%20a%20professional%20photographer%2C%20I%20have%20had%20the%20opportunity%20to%20explore%20many%20locations.%20Bordeaux%20and%20its%20various%20neighborhoods%2C%20as%20well%20as%20the%20different%20parks%20in%20the%20region%2C%20offer%20a%20wide%20range%20of%20landscapes.%20The%20ocean%20beaches%20are%20perfect%20during%20the%20warmer%20months%20for%20taking%20photos%20with%20your%20feet%20in%20the%20water.%22%7D%2C%7B%22title%22%3A%22Can%20I%20bring%20someone%20with%20me%3F%22%2C%22text%22%3A%22Il%20est%20tout%20%C3%A0%20fait%20possible%20de%20venir%20accompagn%C3%A9(e)%20pour%20votre%20s%C3%A9ance%20photos.%20Si%20cela%20peut%20vous%20rassurer%20et%20vous%20mettre%20en%20confiance%2C%20je%20n&#8217;ai%20aucune%20raison%20de%20refuser%20!%22%7D%5D&#8221; image=&#8221;7791&#8243;][\/vc_column][\/vc_row][vc_row full_width=&#8221;stretch_row&#8221; desctop_mt=&#8221;margin-lg-40t&#8221; desctop_md_mt=&#8221;margin-md-40t&#8221; tablets_mt=&#8221;margin-sm-30t&#8221; mobile_mt=&#8221;margin-xs-20t&#8221; css=&#8221;.vc_custom_1738337131994{background-image: url(\/wp-content\/uploads\/2025\/01\/Mariage-6.jpg?id=) !important;background-position: center !important;background-repeat: no-repeat !important;background-size: cover !important;}&#8221;][vc_column][wiso_testimonial autoplay=&#8221;5&#8243; loop=&#8221;true&#8221; color=&#8221;#ffffff&#8221;][wiso_testimonial_items author=&#8221;Olivia &#038; Corentin&#8221; position=&#8221;Mariage au Domaine de Valmont&#8221;]&#8221;Xavier a \u00e9t\u00e9 parfait ! Il nous a mit \u00e0 l\u2019aise, il nous a guid\u00e9 mais sans faire des poses fig\u00e9es, il a prit des moments de vie et \u00e7a c\u2019est vraiment pr\u00e9cieux. Nous sommes plus que combl\u00e9s des photos de notre mariage, on les regarde en boucle et elles nous font vraiment revivre ce moment. Tous nos invit\u00e9s aussi ont \u00e9t\u00e9 ravis des photos ! Merci encore mille fois Xavier !&#8221;[\/wiso_testimonial_items][wiso_testimonial_items author=&#8221;Jazmine &#038; Lambert&#8221; position=&#8221;Mariage au Ch\u00e2teau de Garde&#8221;]&#8221;Xavier was our photographer for our wedding in France at Chateau De garde. He\u2019s truly an amazing person to work with. Xavier\u2019s eye for certain shots was amazing. We loved our photos. For the wedding he came for both our events and took fabulous shots ! Talk about amazing ! I would highly recommend Xavier to anyone looking for a skilled photographer in the area. Merciiiii Xavier !!&#8221;[\/wiso_testimonial_items][wiso_testimonial_items author=&#8221;Sol\u00e8ne &#038; Marc&#8221; position=&#8221;Mariage \u00e0 la Maison Welcome&#8221;]&#8221;Nous sommes plus que ravis d\u2019avoir choisi Xavier pour notre mariage. Il a su capturer ces moments si pr\u00e9cieux de la meilleure des fa\u00e7ons. Communication fluide, toujours \u00e0 l\u2019\u00e9coute, il a contribu\u00e9 \u00e0 la r\u00e9ussite de cette journ\u00e9e.<br \/>\nMille merci !&#8221;[\/wiso_testimonial_items][wiso_testimonial_items author=&#8221;Charlotte &#038; Mathieu&#8221; position=&#8221;Mariage au Ch\u00e2teau Mader&#8221;]&#8221;Tr\u00e8s professionnel et sympathique, Xavier r\u00e9alise un travail de qualit\u00e9. Il sait mettre \u00e0 l&#8217;aise durant les s\u00e9ances, il est toujours \u00e0 la recherche du meilleur plan et il s&#8217;adapte aux envies de chacun. Nous avons fait appel \u00e0 lui pour notre mariage et nous sommes enti\u00e8rement satisfaits du rendu final des photos. Nous le recommandons et nous avons h\u00e2te de le retrouver pour immortaliser d&#8217;autres moments.&#8221;[\/wiso_testimonial_items][\/wiso_testimonial][\/vc_column][\/vc_row]<\/p>\n","protected":false},"excerpt":{"rendered":"<p>[vc_row full_width=&#8221;stretch_row_content_no_spaces&#8221;][vc_column][wiso_banner style_banner=&#8221;simple&#8221; height=&#8221;full&#8221; style=&#8221;center_content&#8221; overlay=&#8221;yes&#8221; title=&#8221;Portrait&#8221; image=&#8221;15978&#8243; subtitle=&#8221;Photoshoot&#8221;][\/vc_column][\/vc_row][vc_row full_width=&#8221;stretch_row&#8221; desctop_lg_pb=&#8221;padding-lg-30b&#8221; desctop_pb=&#8221;padding-md-30b&#8221; tablets_pb=&#8221;padding-sm-30b&#8221; mobile_pb=&#8221;padding-xs-20b&#8221; el_class=&#8221;xb-header&#8221; css=&#8221;.vc_custom_1736869525935{background-color: #fdf9f6 !important;}&#8221;][vc_column][wiso_headings style=&#8221;text_center&#8221; title=&#8221;Portrait session&#8221; subtitle=&#8221;Trust &#038; Kindness for your&#8221;][vc_column_text el_class=&#8221;.me&#8221;] Taking a portrait is about capturing your essence. It\u2019s a moment just for you, to reconnect and express yourself freely. In front of the camera, you can breathe, &#8230;<\/p>\n","protected":false},"author":1,"featured_media":0,"parent":0,"menu_order":0,"comment_status":"closed","ping_status":"closed","template":"","meta":{"footnotes":""},"_links":{"self":[{"href":"https:\/\/www.xavierbellenger.com\/en\/wp-json\/wp\/v2\/pages\/15956"}],"collection":[{"href":"https:\/\/www.xavierbellenger.com\/en\/wp-json\/wp\/v2\/pages"}],"about":[{"href":"https:\/\/www.xavierbellenger.com\/en\/wp-json\/wp\/v2\/types\/page"}],"author":[{"embeddable":true,"href":"https:\/\/www.xavierbellenger.com\/en\/wp-json\/wp\/v2\/users\/1"}],"replies":[{"embeddable":true,"href":"https:\/\/www.xavierbellenger.com\/en\/wp-json\/wp\/v2\/comments?post=15956"}],"version-history":[{"count":8,"href":"https:\/\/www.xavierbellenger.com\/en\/wp-json\/wp\/v2\/pages\/15956\/revisions"}],"predecessor-version":[{"id":15995,"href":"https:\/\/www.xavierbellenger.com\/en\/wp-json\/wp\/v2\/pages\/15956\/revisions\/15995"}],"wp:attachment":[{"href":"https:\/\/www.xavierbellenger.com\/en\/wp-json\/wp\/v2\/media?parent=15956"}],"curies":[{"name":"wp","href":"https:\/\/api.w.org\/{rel}","templated":true}]}}