{"id":16610,"date":"2025-02-03T10:33:40","date_gmt":"2025-02-03T09:33:40","guid":{"rendered":"https:\/\/www.xavierbellenger.com\/?page_id=16610"},"modified":"2025-02-03T10:36:46","modified_gmt":"2025-02-03T09:36:46","slug":"mariage-chateau-borgeat-nicole-michiel","status":"publish","type":"page","link":"https:\/\/www.xavierbellenger.com\/en\/mariage-chateau-borgeat-nicole-michiel\/","title":{"rendered":"Wedding at Ch\u00e2teau Borgeat &#8211; Nicole &#038; Michiel"},"content":{"rendered":"<p>[vc_row full_width=&#8221;stretch_row_content_no_spaces&#8221;][vc_column][wiso_banner style_banner=&#8221;simple&#8221; height=&#8221;full&#8221; style=&#8221;center_content&#8221; overlay=&#8221;yes&#8221; title=&#8221;Nicole &#038; Michiel&#8221; subtitle=&#8221;Mariage&#8221; image=&#8221;16612&#8243;][\/vc_column][\/vc_row][vc_row full_width=&#8221;stretch_row&#8221; desctop_mt=&#8221;margin-lg-50t&#8221; desctop_md_mt=&#8221;margin-md-50t&#8221; tablets_mt=&#8221;margin-sm-40t&#8221; mobile_mt=&#8221;margin-xs-25t&#8221; desctop_lg_pb=&#8221;padding-lg-30b&#8221; desctop_pb=&#8221;padding-md-30b&#8221; tablets_pb=&#8221;padding-sm-30b&#8221; mobile_pb=&#8221;padding-xs-20b&#8221; el_class=&#8221;xb mod-left mod-no-margin mod-portfolio-reversed&#8221;][vc_column offset=&#8221;vc_col-lg-3 vc_col-md-12&#8243;][vc_row_inner css=&#8221;.vc_custom_1737471190732{padding-top: 20px !important;padding-left: 2px !important;}&#8221;][vc_column_inner][vc_column_text]<strong>Date<\/strong><br \/>\n29 Juin 2024<\/p>\n<p><strong>Clients<\/strong><br \/>\nNicole &#038; Michiel[\/vc_column_text][\/vc_column_inner][\/vc_row_inner][vc_row_inner css=&#8221;.vc_custom_1737393329303{padding-top: 20px !important;}&#8221;][vc_column_inner][vc_raw_html]JTNDdWwlMjBjbGFzcyUzRCUyMnhiLXRhZ3MlMjBtb2QteWVsbG93JTIyJTNFJTBBJTNDbGklM0VNYXJpYWdlJTNDJTJGbGklM0UlMEElM0NsaSUzRUNoJUMzJUEydGVhdSUyMEJvcmdlYXQlM0MlMkZsaSUzRSUwQSUzQ2xpJTNFUGhvdG9ncmFwaGUlMjBtYXJpYWdlJTNDJTJGbGklM0UlMEElM0NsaSUzRUMlQzMlQTlyJUMzJUE5bW9uaWUlMjBsYSVDMyVBRnF1ZSUzQyUyRmxpJTNFJTBBJTNDbGklM0VCbGF5ZSUzQyUyRmxpJTNFJTBBJTNDbGklM0VTJUMzJUE5YW5jZSUyMGNvdXBsZSUzQyUyRmxpJTNFJTBBJTNDJTJGdWwlM0U=[\/vc_raw_html][\/vc_column_inner][\/vc_row_inner][\/vc_column][vc_column desctop_mb=&#8221;margin-lg-20b&#8221; desctop_md_mb=&#8221;margin-md-20b&#8221; tablets_mb=&#8221;margin-sm-20b&#8221; mobile_mb=&#8221;margin-xs-20b&#8221; offset=&#8221;vc_col-lg-9 vc_col-md-12&#8243;][vc_row_inner][vc_column_inner el_class=&#8221;xb-portofolio-title mod-wedding&#8221;][vc_column_text]Le mariage de Nicole &#038; Michiel au Ch\u00e2teau Borgeat de Lagrange[\/vc_column_text][\/vc_column_inner][\/vc_row_inner][vc_column_text el_class=&#8221;paragraph&#8221; css=&#8221;.vc_custom_1738575251221{padding-top: 20px !important;}&#8221;]Nicole et Michiel ont choisi le Ch\u00e2teau Borgeat de Lagrange, \u00e0 Blaye, pour c\u00e9l\u00e9brer leur mariage dans un cadre \u00e0 la fois romantique et authentique. Malgr\u00e9 une m\u00e9t\u00e9o incertaine, l\u2019ambiance \u00e9tait au rendez-vous, rythm\u00e9e par des instants forts en \u00e9motion et une \u00e9nergie d\u00e9bordante.<\/p>\n<p>Des pr\u00e9paratifs intimes \u00e0 une c\u00e9r\u00e9monie la\u00efque touchante, en passant par un cocktail convivial et une soir\u00e9e inoubliable, chaque moment de cette journ\u00e9e a \u00e9t\u00e9 marqu\u00e9 par la joie et le partage.<\/p>\n<p>Retour en images sur ce mariage chaleureux, o\u00f9 l\u2019amour, la musique et les rires ont illumin\u00e9 le ch\u00e2teau, cr\u00e9ant des souvenirs inoubliables pour les mari\u00e9s et leurs proches.[\/vc_column_text][\/vc_column][\/vc_row][vc_row full_width=&#8221;stretch_row&#8221;][vc_column css=&#8221;.vc_custom_1736606296420{padding-top: 0px !important;}&#8221;][vc_single_image image=&#8221;16613&#8243; img_size=&#8221;full&#8221; alignment=&#8221;center&#8221;][\/vc_column][\/vc_row][vc_row full_width=&#8221;stretch_row&#8221; desctop_mt=&#8221;margin-lg-20t&#8221; desctop_mb=&#8221;margin-lg-35b&#8221; desctop_md_mt=&#8221;margin-md-20t&#8221; desctop_md_mb=&#8221;margin-md-35b&#8221; tablets_mt=&#8221;margin-sm-20t&#8221; tablets_mb=&#8221;margin-sm-20b&#8221; mobile_mt=&#8221;margin-xs-40t&#8221; mobile_mb=&#8221;margin-xs-10b&#8221; el_class=&#8221;xb&#8221;][vc_column css=&#8221;.vc_custom_1737471490457{padding-top: 0px !important;}&#8221;][vc_column_text el_class=&#8221;xb-paragraph-header&#8221;]Les pr\u00e9paratifs[\/vc_column_text][vc_column_text]Nicole, originaire des \u00c9tats-Unis, et Michiel, n\u00e9 aux Pays-Bas, ont choisi le Ch\u00e2teau Borgeat de Lagrange, \u00e0 Blaye, pour c\u00e9l\u00e9brer leur mariage. Ce lieu charg\u00e9 d\u2019histoire a offert un d\u00e9cor magnifique pour une journ\u00e9e riche en \u00e9motions.<\/p>\n<p>M\u00eame sous un ciel capricieux, quelques rayons de soleil sont venus illuminer cette belle journ\u00e9e, cr\u00e9ant une ambiance parfaite pour capturer chaque instant pr\u00e9cieux.<\/p>\n<p>La journ\u00e9e commence en douceur. Michiel, entour\u00e9 de son p\u00e8re et de ses amis, profite d\u2019un moment de d\u00e9tente et partage une coupe de champagne pendant que je capture des instants spontan\u00e9s.<\/p>\n<p>Pendant ce temps, Nicole se pr\u00e9pare dans sa chambre avec l\u2019aide de sa maman. Entre rires et \u00e9motions, ces moments d\u2019intimit\u00e9 sont pr\u00e9cieux avant de rejoindre leurs invit\u00e9s sous les arbres du domaine, pr\u00e8s de l\u2019\u00e9tang, pour la c\u00e9r\u00e9monie.[\/vc_column_text][\/vc_column][\/vc_row][vc_row full_width=&#8221;stretch_row&#8221;][vc_column css=&#8221;.vc_custom_1736606296420{padding-top: 0px !important;}&#8221;][vc_masonry_media_grid style=&#8221;lazy&#8221; items_per_page=&#8221;15&#8243; element_width=&#8221;6&#8243; gap=&#8221;15&#8243; initial_loading_animation=&#8221;fadeIn&#8221; grid_id=&#8221;vc_gid:1738575223060-3688b7df-797e-0&#8243; include=&#8221;16614,16615,16616,16617,16618,16619,16620,16621,16622,16623,16624,16625,16626,16627,16628,16629,16630,16631,16632,16633,16634,16635,16636,16637,16638,16639,16640,16641,16642,16643,16644,16645,16646,16647,16648,16649,16650,16651,16652,16653,16654,16655,16656,16657,16658,16659,16660,16661,16662,16663,16664,16665,16666,16667,16668,16669,16670,16671,16672,16673,16674,16675,16676,16677,16678,16679,16680,16681,16682,16683,16684,16685,16686,16687&#8243;][\/vc_column][\/vc_row][vc_row full_width=&#8221;stretch_row&#8221; desctop_mt=&#8221;margin-lg-20t&#8221; desctop_mb=&#8221;margin-lg-35b&#8221; desctop_md_mt=&#8221;margin-md-20t&#8221; desctop_md_mb=&#8221;margin-md-35b&#8221; tablets_mt=&#8221;margin-sm-20t&#8221; tablets_mb=&#8221;margin-sm-20b&#8221; mobile_mt=&#8221;margin-xs-40t&#8221; mobile_mb=&#8221;margin-xs-10b&#8221; el_class=&#8221;xb&#8221;][vc_column css=&#8221;.vc_custom_1737471490457{padding-top: 0px !important;}&#8221;][vc_column_text el_class=&#8221;xb-paragraph-header&#8221;]C\u00e9r\u00e9monie la\u00efque[\/vc_column_text][vc_column_text]Malgr\u00e9 quelques gouttes de pluie, rien ne vient troubler la c\u00e9r\u00e9monie. Michiel surprend tout le monde en interpr\u00e9tant une chanson pour Nicole et leurs invit\u00e9s, un moment fort en \u00e9motions.<\/p>\n<p>La c\u00e9r\u00e9monie est ponctu\u00e9e par quelques discours et musiques jou\u00e9es par les invit\u00e9s.<\/p>\n<p>Apr\u00e8s l\u2019\u00e9change des alliances et un baiser d&#8217;anthologie, une haie d&#8217;honneur est form\u00e9e par les invit\u00e9s et mes mari\u00e9s sortent sous les acclamations en direction du ch\u00e2teau.[\/vc_column_text][\/vc_column][\/vc_row][vc_row full_width=&#8221;stretch_row&#8221;][vc_column css=&#8221;.vc_custom_1736606296420{padding-top: 0px !important;}&#8221;][vc_masonry_media_grid style=&#8221;lazy&#8221; items_per_page=&#8221;15&#8243; element_width=&#8221;6&#8243; gap=&#8221;15&#8243; initial_loading_animation=&#8221;fadeIn&#8221; grid_id=&#8221;vc_gid:1738575223060-159af664-76e1-4&#8243; include=&#8221;16688,16689,16690,16691,16692,16693,16694,16695,16696,16697,16698,16699,16700,16701,16702,16703,16704,16705,16706,16707,16708,16709,16710,16711,16712,16713,16714,16715,16716,16717,16718,16719,16720,16721,16722,16723,16724,16725,16726,16727,16728,16729,16730,16731,16732,16733,16734,16735,16736,16737,16738,16739&#8243;][\/vc_column][\/vc_row][vc_row full_width=&#8221;stretch_row&#8221; desctop_mt=&#8221;margin-lg-20t&#8221; desctop_mb=&#8221;margin-lg-35b&#8221; desctop_md_mt=&#8221;margin-md-20t&#8221; desctop_md_mb=&#8221;margin-md-35b&#8221; tablets_mt=&#8221;margin-sm-20t&#8221; tablets_mb=&#8221;margin-sm-20b&#8221; mobile_mt=&#8221;margin-xs-40t&#8221; mobile_mb=&#8221;margin-xs-10b&#8221; el_class=&#8221;xb&#8221;][vc_column css=&#8221;.vc_custom_1737471490457{padding-top: 0px !important;}&#8221;][vc_column_text el_class=&#8221;xb-paragraph-header&#8221;]S\u00e9ance couple[\/vc_column_text][vc_column_text]Le temps \u00e9tant nuageux, nous profitons de la mise en place du cocktail pour une s\u00e9ance photo intime dans le parc du ch\u00e2teau. La m\u00e9t\u00e9o incertaine nous pousse \u00e0 alterner entre l\u2019ext\u00e9rieur et l\u2019int\u00e9rieur du domaine, offrant une diversit\u00e9 de d\u00e9cors pour des photos uniques.<\/p>\n<p>Nous commen\u00e7ons par quelque photos dans le sous-bois du domaine puis nous nous dirigeons dans les salons du Ch\u00e2teau et terminons enfin sur l&#8217;un des balcons o\u00f9 mes mari\u00e9s s&#8217;embrassent sous les yeux de leurs invit\u00e9s.[\/vc_column_text][\/vc_column][\/vc_row][vc_row full_width=&#8221;stretch_row&#8221;][vc_column css=&#8221;.vc_custom_1736606296420{padding-top: 0px !important;}&#8221;][vc_masonry_media_grid style=&#8221;lazy&#8221; items_per_page=&#8221;15&#8243; element_width=&#8221;6&#8243; gap=&#8221;15&#8243; initial_loading_animation=&#8221;fadeIn&#8221; grid_id=&#8221;vc_gid:1738575223061-963f349c-d39c-0&#8243; include=&#8221;16740,16741,16742,16743,16744,16745,16746,16747,16748,16749,16750,16751,16752,16753,16754,16755,16756,16757,16758,16759,16760&#8243;][\/vc_column][\/vc_row][vc_row full_width=&#8221;stretch_row&#8221; desctop_mt=&#8221;margin-lg-20t&#8221; desctop_mb=&#8221;margin-lg-35b&#8221; desctop_md_mt=&#8221;margin-md-20t&#8221; desctop_md_mb=&#8221;margin-md-35b&#8221; tablets_mt=&#8221;margin-sm-20t&#8221; tablets_mb=&#8221;margin-sm-20b&#8221; mobile_mt=&#8221;margin-xs-40t&#8221; mobile_mb=&#8221;margin-xs-10b&#8221; el_class=&#8221;xb&#8221;][vc_column css=&#8221;.vc_custom_1737471490457{padding-top: 0px !important;}&#8221;][vc_column_text el_class=&#8221;xb-paragraph-header&#8221;]Cocktail[\/vc_column_text][vc_column_text]Place aux festivit\u00e9s avec un cocktail anim\u00e9 et des \u00e9clats de rire qui r\u00e9sonnent dans le parc. Les invit\u00e9s profitent de l\u2019instant, et les photos de groupe capturent toute cette joie partag\u00e9e.<\/p>\n<p>Le d\u00eener se d\u00e9roule sous une tente \u00e9l\u00e9gante, o\u00f9 les discours des proches viennent ponctuer la soir\u00e9e d\u2019\u00e9motions et de beaux souvenirs.[\/vc_column_text][\/vc_column][\/vc_row][vc_row full_width=&#8221;stretch_row&#8221;][vc_column css=&#8221;.vc_custom_1736606296420{padding-top: 0px !important;}&#8221;][vc_masonry_media_grid style=&#8221;lazy&#8221; items_per_page=&#8221;15&#8243; element_width=&#8221;6&#8243; gap=&#8221;15&#8243; initial_loading_animation=&#8221;fadeIn&#8221; grid_id=&#8221;vc_gid:1738575223061-cb91b9f3-eeb5-3&#8243; include=&#8221;16761,16762,16763,16764,16765,16766,16767,16768,16769,16770,16771,16772,16773,16774,16775,16776,16777,16778,16779,16780,16781,16782,16783,16784,16785,16786,16787,16788,16789,16790,16791&#8243;][\/vc_column][\/vc_row][vc_row full_width=&#8221;stretch_row&#8221; desctop_mt=&#8221;margin-lg-20t&#8221; desctop_mb=&#8221;margin-lg-35b&#8221; desctop_md_mt=&#8221;margin-md-20t&#8221; desctop_md_mb=&#8221;margin-md-35b&#8221; tablets_mt=&#8221;margin-sm-20t&#8221; tablets_mb=&#8221;margin-sm-20b&#8221; mobile_mt=&#8221;margin-xs-40t&#8221; mobile_mb=&#8221;margin-xs-10b&#8221; el_class=&#8221;xb&#8221;][vc_column css=&#8221;.vc_custom_1737471490457{padding-top: 0px !important;}&#8221;][vc_column_text el_class=&#8221;xb-paragraph-header&#8221;]Soir\u00e9e[\/vc_column_text][vc_column_text]La f\u00eate bat son plein lorsque Michiel prend le micro et enflamme l\u2019ambiance. La musique, les danses et les \u00e9clats de rire rythment cette fin de soir\u00e9e, laissant \u00e0 chacun des souvenirs m\u00e9morables.<\/p>\n<p>Si vous r\u00eavez d\u2019un mariage aussi chaleureux et authentique que celui de Nicole et Michiel, je serais ravi de vous accompagner pour immortaliser ces instants uniques.<\/p>\n<p>Retrouvez mes derni\u00e8res r\u00e9alisations sur Instagram <a href=\"https:\/\/www.instagram.com\/xavier.b.photogrpahy\" target=\"_blank\" rel=\"noopener\">@xavier.b.photography<\/a> et contactez-moi pour en discuter ![\/vc_column_text][\/vc_column][\/vc_row][vc_row full_width=&#8221;stretch_row&#8221;][vc_column css=&#8221;.vc_custom_1736606296420{padding-top: 0px !important;}&#8221;][vc_masonry_media_grid style=&#8221;lazy&#8221; items_per_page=&#8221;15&#8243; element_width=&#8221;6&#8243; gap=&#8221;15&#8243; initial_loading_animation=&#8221;fadeIn&#8221; grid_id=&#8221;vc_gid:1738575223062-882352a9-bfb1-10&#8243; include=&#8221;16792,16793,16794,16795,16796,16797,16798,16799,16800,16801,16802,16803,16804&#8243;][\/vc_column][\/vc_row][vc_row desctop_mt=&#8221;margin-lg-60t&#8221; desctop_mb=&#8221;margin-lg-35b&#8221; desctop_md_mt=&#8221;margin-md-60t&#8221; desctop_md_mb=&#8221;margin-md-35b&#8221; tablets_mt=&#8221;margin-sm-40t&#8221; tablets_mb=&#8221;margin-sm-20b&#8221; mobile_mt=&#8221;margin-xs-20t&#8221; mobile_mb=&#8221;margin-xs-10b&#8221; el_class=&#8221;xb-header&#8221;][vc_column css=&#8221;.vc_custom_1736943833000{padding-top: 0px !important;}&#8221;][wiso_headings style=&#8221;text_center&#8221; title=&#8221;Contactez-moi&#8221;][vc_column_text el_class=&#8221;.me&#8221;]<\/p>\n<p style=\"text-align: center;\">Vous aimez mon travail et vous pensez que je peux \u00eatre votre <strong>photographe<\/strong> ? Besoin de plus d&#8217;informations ou d&#8217;un devis personnalis\u00e9 ? Contactez-moi via ce formulaire, je vous r\u00e9pondrai rapidement !<\/p>\n<p>[\/vc_column_text][\/vc_column][\/vc_row][vc_row desctop_mb=&#8221;margin-lg-30b&#8221; desctop_md_mb=&#8221;margin-md-30b&#8221; tablets_mb=&#8221;margin-sm-20b&#8221; mobile_mb=&#8221;margin-xs-20b&#8221;][vc_column el_class=&#8221;contact-form-mariage&#8221;]<div role=\"form\" class=\"wpcf7\" id=\"wpcf7-f5982-o1\" lang=\"en\" dir=\"ltr\">\n<div class=\"screen-reader-response\"><p role=\"status\" aria-live=\"polite\" aria-atomic=\"true\"><\/p> <ul><\/ul><\/div>\n<form action=\"\/en\/wp-json\/wp\/v2\/pages\/16610#wpcf7-f5982-o1\" method=\"post\" class=\"wpcf7-form init\" novalidate=\"novalidate\" data-status=\"init\">\n<div style=\"display: none;\">\n<input type=\"hidden\" name=\"_wpcf7\" value=\"5982\" \/>\n<input type=\"hidden\" name=\"_wpcf7_version\" value=\"5.4.1\" \/>\n<input type=\"hidden\" name=\"_wpcf7_locale\" value=\"en\" \/>\n<input type=\"hidden\" name=\"_wpcf7_unit_tag\" value=\"wpcf7-f5982-o1\" \/>\n<input type=\"hidden\" name=\"_wpcf7_container_post\" value=\"0\" \/>\n<input type=\"hidden\" name=\"_wpcf7_posted_data_hash\" value=\"\" \/>\n<input type=\"hidden\" name=\"lang\" value=\"en\" \/>\n<\/div>\n<p><label> Lastname *<br \/>\n    <span class=\"wpcf7-form-control-wrap your-name\"><input type=\"text\" name=\"your-name\" value=\"\" size=\"40\" class=\"wpcf7-form-control wpcf7-text wpcf7-validates-as-required\" aria-required=\"true\" aria-invalid=\"false\" \/><\/span> <\/label><\/p>\n<p><label> Firstname *<br \/>\n    <span class=\"wpcf7-form-control-wrap your-firstname\"><input type=\"text\" name=\"your-firstname\" value=\"\" size=\"40\" class=\"wpcf7-form-control wpcf7-text wpcf7-validates-as-required\" aria-required=\"true\" aria-invalid=\"false\" \/><\/span> <\/label><\/p>\n<p><label> Email *<br \/>\n    <span class=\"wpcf7-form-control-wrap your-email\"><input type=\"email\" name=\"your-email\" value=\"\" size=\"40\" class=\"wpcf7-form-control wpcf7-text wpcf7-email wpcf7-validates-as-required wpcf7-validates-as-email\" aria-required=\"true\" aria-invalid=\"false\" \/><\/span> <\/label><\/p>\n<p><label> Phone number *<br \/>\n    <span class=\"wpcf7-form-control-wrap your-phone\"><input type=\"tel\" name=\"your-phone\" value=\"\" size=\"40\" class=\"wpcf7-form-control wpcf7-text wpcf7-tel wpcf7-validates-as-required wpcf7-validates-as-tel\" aria-required=\"true\" aria-invalid=\"false\" \/><\/span> <\/label><\/p>\n<p><label> Your message *<br \/>\n    <span class=\"wpcf7-form-control-wrap your-message\"><textarea name=\"your-message\" cols=\"40\" rows=\"10\" class=\"wpcf7-form-control wpcf7-textarea wpcf7-validates-as-required\" aria-required=\"true\" aria-invalid=\"false\"><\/textarea><\/span> <\/label><br \/>\n<div id=\"cf7sr-69f2af66f1928\" class=\"cf7sr-g-recaptcha\" data-theme=\"light\" data-type=\"image\" data-size=\"normal\" data-sitekey=\"6Lf0ZtYhAAAAAFckl5Aq4AEBi8EoLfMY-zzDwRwB\"><\/div><span class=\"wpcf7-form-control-wrap cf7sr-recaptcha\" data-name=\"cf7sr-recaptcha\"><input type=\"hidden\" name=\"cf7sr-recaptcha\" value=\"\" class=\"wpcf7-form-control\"><\/span><br \/>\n<input type=\"submit\" value=\"Send\" class=\"wpcf7-form-control wpcf7-submit\" \/><\/p>\n<p style=\"display: none !important;\" class=\"akismet-fields-container\" data-prefix=\"_wpcf7_ak_\"><label>&#916;<textarea name=\"_wpcf7_ak_hp_textarea\" cols=\"45\" rows=\"8\" maxlength=\"100\"><\/textarea><\/label><input type=\"hidden\" id=\"ak_js_1\" name=\"_wpcf7_ak_js\" value=\"87\"\/><script>document.getElementById( \"ak_js_1\" ).setAttribute( \"value\", ( new Date() ).getTime() );<\/script><\/p><div class=\"wpcf7-response-output\" aria-hidden=\"true\"><\/div><\/form><\/div>[\/vc_column][\/vc_row]<\/p>\n","protected":false},"excerpt":{"rendered":"<p>[vc_row full_width=&#8221;stretch_row_content_no_spaces&#8221;][vc_column][wiso_banner style_banner=&#8221;simple&#8221; height=&#8221;full&#8221; style=&#8221;center_content&#8221; overlay=&#8221;yes&#8221; title=&#8221;Nicole &#038; Michiel&#8221; subtitle=&#8221;Mariage&#8221; image=&#8221;16612&#8243;][\/vc_column][\/vc_row][vc_row full_width=&#8221;stretch_row&#8221; desctop_mt=&#8221;margin-lg-50t&#8221; desctop_md_mt=&#8221;margin-md-50t&#8221; tablets_mt=&#8221;margin-sm-40t&#8221; mobile_mt=&#8221;margin-xs-25t&#8221; desctop_lg_pb=&#8221;padding-lg-30b&#8221; desctop_pb=&#8221;padding-md-30b&#8221; tablets_pb=&#8221;padding-sm-30b&#8221; mobile_pb=&#8221;padding-xs-20b&#8221; el_class=&#8221;xb mod-left mod-no-margin mod-portfolio-reversed&#8221;][vc_column offset=&#8221;vc_col-lg-3 vc_col-md-12&#8243;][vc_row_inner css=&#8221;.vc_custom_1737471190732{padding-top: 20px !important;padding-left: 2px !important;}&#8221;][vc_column_inner][vc_column_text]Date 29 Juin 2024 Clients Nicole &#038; Michiel[\/vc_column_text][\/vc_column_inner][\/vc_row_inner][vc_row_inner css=&#8221;.vc_custom_1737393329303{padding-top: 20px !important;}&#8221;][vc_column_inner][vc_raw_html]JTNDdWwlMjBjbGFzcyUzRCUyMnhiLXRhZ3MlMjBtb2QteWVsbG93JTIyJTNFJTBBJTNDbGklM0VNYXJpYWdlJTNDJTJGbGklM0UlMEElM0NsaSUzRUNoJUMzJUEydGVhdSUyMEJvcmdlYXQlM0MlMkZsaSUzRSUwQSUzQ2xpJTNFUGhvdG9ncmFwaGUlMjBtYXJpYWdlJTNDJTJGbGklM0UlMEElM0NsaSUzRUMlQzMlQTlyJUMzJUE5bW9uaWUlMjBsYSVDMyVBRnF1ZSUzQyUyRmxpJTNFJTBBJTNDbGklM0VCbGF5ZSUzQyUyRmxpJTNFJTBBJTNDbGklM0VTJUMzJUE5YW5jZSUyMGNvdXBsZSUzQyUyRmxpJTNFJTBBJTNDJTJGdWwlM0U=[\/vc_raw_html][\/vc_column_inner][\/vc_row_inner][\/vc_column][vc_column desctop_mb=&#8221;margin-lg-20b&#8221; desctop_md_mb=&#8221;margin-md-20b&#8221; tablets_mb=&#8221;margin-sm-20b&#8221; mobile_mb=&#8221;margin-xs-20b&#8221; offset=&#8221;vc_col-lg-9 vc_col-md-12&#8243;][vc_row_inner][vc_column_inner el_class=&#8221;xb-portofolio-title mod-wedding&#8221;][vc_column_text]Le mariage de Nicole &#038; Michiel au &#8230;<\/p>\n","protected":false},"author":1,"featured_media":16756,"parent":0,"menu_order":0,"comment_status":"closed","ping_status":"closed","template":"","meta":{"footnotes":""},"_links":{"self":[{"href":"https:\/\/www.xavierbellenger.com\/en\/wp-json\/wp\/v2\/pages\/16610"}],"collection":[{"href":"https:\/\/www.xavierbellenger.com\/en\/wp-json\/wp\/v2\/pages"}],"about":[{"href":"https:\/\/www.xavierbellenger.com\/en\/wp-json\/wp\/v2\/types\/page"}],"author":[{"embeddable":true,"href":"https:\/\/www.xavierbellenger.com\/en\/wp-json\/wp\/v2\/users\/1"}],"replies":[{"embeddable":true,"href":"https:\/\/www.xavierbellenger.com\/en\/wp-json\/wp\/v2\/comments?post=16610"}],"version-history":[{"count":4,"href":"https:\/\/www.xavierbellenger.com\/en\/wp-json\/wp\/v2\/pages\/16610\/revisions"}],"predecessor-version":[{"id":16808,"href":"https:\/\/www.xavierbellenger.com\/en\/wp-json\/wp\/v2\/pages\/16610\/revisions\/16808"}],"wp:featuredmedia":[{"embeddable":true,"href":"https:\/\/www.xavierbellenger.com\/en\/wp-json\/wp\/v2\/media\/16756"}],"wp:attachment":[{"href":"https:\/\/www.xavierbellenger.com\/en\/wp-json\/wp\/v2\/media?parent=16610"}],"curies":[{"name":"wp","href":"https:\/\/api.w.org\/{rel}","templated":true}]}}