{"id":17059,"date":"2025-02-04T18:15:03","date_gmt":"2025-02-04T17:15:03","guid":{"rendered":"https:\/\/www.xavierbellenger.com\/?page_id=17059"},"modified":"2025-02-07T09:51:32","modified_gmt":"2025-02-07T08:51:32","slug":"mariage-chateau-castegens-castillon-marie-loic","status":"publish","type":"page","link":"https:\/\/www.xavierbellenger.com\/en\/mariage-chateau-castegens-castillon-marie-loic\/","title":{"rendered":"Wedding at Ch\u00e2teau Castegens &#8211; Marie &#038; Lo\u00efc"},"content":{"rendered":"<p>[vc_row full_width=&#8221;stretch_row_content_no_spaces&#8221;][vc_column][wiso_banner style_banner=&#8221;simple&#8221; height=&#8221;full&#8221; style=&#8221;center_content&#8221; overlay=&#8221;yes&#8221; title=&#8221;Marie &#038; Lo\u00efc&#8221; subtitle=&#8221;Mariage&#8221; image=&#8221;17061&#8243;][\/vc_column][\/vc_row][vc_row full_width=&#8221;stretch_row&#8221; desctop_mt=&#8221;margin-lg-50t&#8221; desctop_md_mt=&#8221;margin-md-50t&#8221; tablets_mt=&#8221;margin-sm-40t&#8221; mobile_mt=&#8221;margin-xs-25t&#8221; desctop_lg_pb=&#8221;padding-lg-30b&#8221; desctop_pb=&#8221;padding-md-30b&#8221; tablets_pb=&#8221;padding-sm-30b&#8221; mobile_pb=&#8221;padding-xs-20b&#8221; el_class=&#8221;xb mod-left mod-no-margin mod-portfolio-reversed&#8221;][vc_column offset=&#8221;vc_col-lg-3 vc_col-md-12&#8243;][vc_row_inner css=&#8221;.vc_custom_1737471190732{padding-top: 20px !important;padding-left: 2px !important;}&#8221;][vc_column_inner][vc_column_text]<strong>Date<\/strong><br \/>\n18 Juin 2022<\/p>\n<p><strong>Clients<\/strong><br \/>\nMarie &#038; Lo\u00efc[\/vc_column_text][\/vc_column_inner][\/vc_row_inner][vc_row_inner css=&#8221;.vc_custom_1737393329303{padding-top: 20px !important;}&#8221;][vc_column_inner][vc_raw_html]JTNDdWwlMjBjbGFzcyUzRCUyMnhiLXRhZ3MlMjIlM0UlMEElM0NsaSUzRU1hcmlhZ2UlM0MlMkZsaSUzRSUwQSUzQ2xpJTNFRWdsaXNlJTNDJTJGbGklM0UlMEElM0NsaSUzRVBob3RvZ3JhcGhlJTIwbWFyaWFnZSUzQyUyRmxpJTNFJTBBJTNDbGklM0VDJUMzJUE5ciVDMyVBOW1vbmllJTIwcmVsaWdpZXVzZSUzQyUyRmxpJTNFJTBBJTNDbGklM0VDaCVDMyVBMnRlYXUlMjBDYXN0ZWdlbnMlM0MlMkZsaSUzRSUwQSUzQ2xpJTNFUyVDMyVBOWFuY2UlMjBjb3VwbGUlM0MlMkZsaSUzRSUwQSUzQyUyRnVsJTNF[\/vc_raw_html][\/vc_column_inner][\/vc_row_inner][\/vc_column][vc_column desctop_mb=&#8221;margin-lg-20b&#8221; desctop_md_mb=&#8221;margin-md-20b&#8221; tablets_mb=&#8221;margin-sm-20b&#8221; mobile_mb=&#8221;margin-xs-20b&#8221; offset=&#8221;vc_col-lg-9 vc_col-md-12&#8243;][vc_row_inner][vc_column_inner el_class=&#8221;xb-portofolio-title mod-wedding&#8221;][vc_column_text]Le mariage de Marie &#038; Lo\u00efc au Ch\u00e2teau de Castegens &#8211; Castillon[\/vc_column_text][\/vc_column_inner][\/vc_row_inner][vc_column_text el_class=&#8221;paragraph&#8221; css=&#8221;.vc_custom_1738685156337{padding-top: 20px !important;}&#8221;]Marie et Lo\u00efc ont choisi le magnifique <strong>Domaine de Castegens<\/strong> pour c\u00e9l\u00e9brer leur mariage, entour\u00e9s de leurs proches et baign\u00e9s par un soleil \u00e9clatant. Apr\u00e8s une s\u00e9ance engagement au lever du jour au Cap Ferret, cette journ\u00e9e promettait d\u2019\u00eatre riche en \u00e9motions et en moments inoubliables.<\/p>\n<p>Des <strong>pr\u00e9paratifs chaleureux<\/strong> sous une chaleur estivale \u00e0 une <strong>c\u00e9r\u00e9monie religieuse \u00e9mouvante<\/strong>, chaque instant a \u00e9t\u00e9 marqu\u00e9 par l\u2019amour et la complicit\u00e9 du couple. Le <strong>cocktail<\/strong>, la <strong>s\u00e9ance couple<\/strong> au c\u0153ur du domaine et la <strong>soir\u00e9e festive<\/strong> ont parfaitement conclu cette journ\u00e9e magique.<\/p>\n<p>Plongez dans ce reportage photo et revivez avec eux cette belle aventure pleine de rires, de joie et d\u2019instants pr\u00e9cieux.[\/vc_column_text][\/vc_column][\/vc_row][vc_row full_width=&#8221;stretch_row&#8221;][vc_column css=&#8221;.vc_custom_1736606296420{padding-top: 0px !important;}&#8221;][vc_single_image image=&#8221;17062&#8243; img_size=&#8221;full&#8221; alignment=&#8221;center&#8221;][\/vc_column][\/vc_row][vc_row full_width=&#8221;stretch_row&#8221; desctop_mt=&#8221;margin-lg-20t&#8221; desctop_mb=&#8221;margin-lg-35b&#8221; desctop_md_mt=&#8221;margin-md-20t&#8221; desctop_md_mb=&#8221;margin-md-35b&#8221; tablets_mt=&#8221;margin-sm-20t&#8221; tablets_mb=&#8221;margin-sm-20b&#8221; mobile_mt=&#8221;margin-xs-40t&#8221; mobile_mb=&#8221;margin-xs-10b&#8221; el_class=&#8221;xb&#8221;][vc_column css=&#8221;.vc_custom_1737471490457{padding-top: 0px !important;}&#8221;][vc_column_text el_class=&#8221;xb-paragraph-header&#8221;]Pr\u00e9paratifs[\/vc_column_text][vc_column_text]La journ\u00e9e commence chez le papa de Marie, \u00e0 Castillon-la-Bataille, entour\u00e9e de sa famille et de ses t\u00e9moins. Sous une chaleur \u00e9crasante de 42\u00b0C, l\u2019excitation monte. Pendant qu\u2019\u00c9milie (<a href=\"https:\/\/www.instagram.com\/gangdenanas\" target=\"_blank\" rel=\"noopener\">@gangdenanas<\/a>) s\u2019occupe du maquillage de la mari\u00e9e, je profite d\u2019un instant pour capturer sa robe dans une magnifique b\u00e2tisse blanche \u00e0 l\u2019entr\u00e9e de la ville.<\/p>\n<p>De son c\u00f4t\u00e9, Lo\u00efc se pr\u00e9pare \u00e0 l\u2019\u00e9tage avec son t\u00e9moin. J\u2019en profite pour photographier les d\u00e9tails de son costume, ses chaussures et son n\u0153ud papillon. Chaque \u00e9l\u00e9ment contribue \u00e0 l\u2019histoire de leur journ\u00e9e. Une fois pr\u00eate, Marie rejoint l\u2019ext\u00e9rieur pour une s\u00e9ance portrait avant la c\u00e9r\u00e9monie, sublim\u00e9e par le d\u00e9cor lumineux de la b\u00e2tisse.[\/vc_column_text][\/vc_column][\/vc_row][vc_row full_width=&#8221;stretch_row&#8221;][vc_column css=&#8221;.vc_custom_1736606296420{padding-top: 0px !important;}&#8221;][vc_masonry_media_grid style=&#8221;lazy&#8221; items_per_page=&#8221;15&#8243; element_width=&#8221;6&#8243; gap=&#8221;15&#8243; initial_loading_animation=&#8221;fadeIn&#8221; grid_id=&#8221;vc_gid:1738918245002-be56e009-269f-4&#8243; include=&#8221;17063,17064,17065,17066,17067,17068,17069,17070,17071,17072,17073,17074,17075,17076,17077,17078,17079,17080,17081,17082,17083,17084,17085,17086,17087,17088,17089,17090,17091,17092,17093,17094,17095,17096,17097,17098,17099,17100,17101,17102,17103,17104,17105,17106,17107,17108,17109,17110,17111,17112,17113,17114,17115,17116,17117,17118,17119,17120,17121,17122,17123,17124,17125,17126,17127,17128,17129,17130,17131,17132,17133,17134&#8243;][\/vc_column][\/vc_row][vc_row full_width=&#8221;stretch_row&#8221; desctop_mt=&#8221;margin-lg-20t&#8221; desctop_mb=&#8221;margin-lg-35b&#8221; desctop_md_mt=&#8221;margin-md-20t&#8221; desctop_md_mb=&#8221;margin-md-35b&#8221; tablets_mt=&#8221;margin-sm-20t&#8221; tablets_mb=&#8221;margin-sm-20b&#8221; mobile_mt=&#8221;margin-xs-40t&#8221; mobile_mb=&#8221;margin-xs-10b&#8221; el_class=&#8221;xb&#8221;][vc_column css=&#8221;.vc_custom_1737471490457{padding-top: 0px !important;}&#8221;][vc_column_text el_class=&#8221;xb-paragraph-header&#8221;]C\u00e9r\u00e9monie religieuse[\/vc_column_text][vc_column_text]Direction l\u2019\u00e9glise de Saint Philippe d\u2019Aiguille, o\u00f9 Marie arrive au volant d\u2019une somptueuse Ferrari bleue. \u00c0 l\u2019int\u00e9rieur, Lo\u00efc attend, suivi de ses t\u00e9moins. L\u2019\u00e9motion est palpable lorsqu\u2019il d\u00e9couvre Marie avan\u00e7ant dans l\u2019all\u00e9e. La c\u00e9r\u00e9monie se d\u00e9roule dans une atmosph\u00e8re \u00e0 la fois solennelle et chaleureuse, entour\u00e9s de leurs proches.[\/vc_column_text][\/vc_column][\/vc_row][vc_row full_width=&#8221;stretch_row&#8221;][vc_column css=&#8221;.vc_custom_1736606296420{padding-top: 0px !important;}&#8221;][vc_masonry_media_grid style=&#8221;lazy&#8221; items_per_page=&#8221;15&#8243; element_width=&#8221;6&#8243; gap=&#8221;15&#8243; initial_loading_animation=&#8221;fadeIn&#8221; grid_id=&#8221;vc_gid:1738918245003-48c6e98a-93dd-10&#8243; include=&#8221;17135,17136,17137,17138,17139,17140,17141,17142,17143,17144,17145,17146,17147,17148,17149,17150,17151,17152,17153,17154,17155,17156,17157,17158,17159,17160,17161,17162,17163,17164,17165,17166,17167,17168,17169,17170,17171,17172,17173,17174,17175&#8243;][\/vc_column][\/vc_row][vc_row full_width=&#8221;stretch_row&#8221; desctop_mt=&#8221;margin-lg-20t&#8221; desctop_mb=&#8221;margin-lg-35b&#8221; desctop_md_mt=&#8221;margin-md-20t&#8221; desctop_md_mb=&#8221;margin-md-35b&#8221; tablets_mt=&#8221;margin-sm-20t&#8221; tablets_mb=&#8221;margin-sm-20b&#8221; mobile_mt=&#8221;margin-xs-40t&#8221; mobile_mb=&#8221;margin-xs-10b&#8221; el_class=&#8221;xb&#8221;][vc_column css=&#8221;.vc_custom_1737471490457{padding-top: 0px !important;}&#8221;][vc_column_text el_class=&#8221;xb-paragraph-header&#8221;]Cocktail[\/vc_column_text][vc_column_text]Apr\u00e8s la c\u00e9r\u00e9monie, les invit\u00e9s retrouvent les mari\u00e9s \u00e0 la sortie de l\u2019\u00e9glise sous un soleil de plomb. Tout le monde se dirige rapidement vers le Domaine de Castegens, o\u00f9 un cocktail rafra\u00eechissant les attend. L\u2019ambiance est d\u00e9tendue, les discussions vont bon train, et nous profitons d\u2019un coin d\u2019ombre pour r\u00e9aliser quelques photos de groupe. Marie se pr\u00eate \u00e9galement au jeu de la traditionnelle ronde des rubans, un moment fort et symbolique.[\/vc_column_text][\/vc_column][\/vc_row][vc_row full_width=&#8221;stretch_row&#8221;][vc_column css=&#8221;.vc_custom_1736606296420{padding-top: 0px !important;}&#8221;][vc_masonry_media_grid style=&#8221;lazy&#8221; items_per_page=&#8221;15&#8243; element_width=&#8221;6&#8243; gap=&#8221;15&#8243; initial_loading_animation=&#8221;fadeIn&#8221; grid_id=&#8221;vc_gid:1738918245003-11affcbd-15d3-2&#8243; include=&#8221;17176,17177,17178,17179,17180,17181,17182,17183,17184,17185,17186,17187,17188,17189,17190,17191,17192,17193,17194,17195,17196,17197,17198,17199,17200,17201,17202,17203,17204&#8243;][\/vc_column][\/vc_row][vc_row full_width=&#8221;stretch_row&#8221; desctop_mt=&#8221;margin-lg-20t&#8221; desctop_mb=&#8221;margin-lg-35b&#8221; desctop_md_mt=&#8221;margin-md-20t&#8221; desctop_md_mb=&#8221;margin-md-35b&#8221; tablets_mt=&#8221;margin-sm-20t&#8221; tablets_mb=&#8221;margin-sm-20b&#8221; mobile_mt=&#8221;margin-xs-40t&#8221; mobile_mb=&#8221;margin-xs-10b&#8221; el_class=&#8221;xb&#8221;][vc_column css=&#8221;.vc_custom_1737471490457{padding-top: 0px !important;}&#8221;][vc_column_text el_class=&#8221;xb-paragraph-header&#8221;]S\u00e9ance couple[\/vc_column_text][vc_column_text]Avant de rejoindre la r\u00e9ception, nous nous accordons un instant pour une s\u00e9ance photo en amoureux aux abords du ch\u00e2teau. En quelques minutes, je capture leur complicit\u00e9 et la beaut\u00e9 du lieu, offrant ainsi des souvenirs intemporels de cette journ\u00e9e magique.[\/vc_column_text][\/vc_column][\/vc_row][vc_row full_width=&#8221;stretch_row&#8221;][vc_column css=&#8221;.vc_custom_1736606296420{padding-top: 0px !important;}&#8221;][vc_masonry_media_grid style=&#8221;lazy&#8221; items_per_page=&#8221;15&#8243; element_width=&#8221;6&#8243; gap=&#8221;15&#8243; initial_loading_animation=&#8221;fadeIn&#8221; grid_id=&#8221;vc_gid:1738918245004-5e6161aa-0638-8&#8243; include=&#8221;17205,17206,17207,17208,17209,17210,17211,17212,17213,17214,17215,17216,17217,17218,17219,17220&#8243;][\/vc_column][\/vc_row][vc_row full_width=&#8221;stretch_row&#8221; desctop_mt=&#8221;margin-lg-20t&#8221; desctop_mb=&#8221;margin-lg-35b&#8221; desctop_md_mt=&#8221;margin-md-20t&#8221; desctop_md_mb=&#8221;margin-md-35b&#8221; tablets_mt=&#8221;margin-sm-20t&#8221; tablets_mb=&#8221;margin-sm-20b&#8221; mobile_mt=&#8221;margin-xs-40t&#8221; mobile_mb=&#8221;margin-xs-10b&#8221; el_class=&#8221;xb&#8221;][vc_column css=&#8221;.vc_custom_1737471490457{padding-top: 0px !important;}&#8221;][vc_column_text el_class=&#8221;xb-paragraph-header&#8221;]Soir\u00e9e[\/vc_column_text][vc_column_text]Pendant que les invit\u00e9s se rassemblent dans la salle, ils pr\u00e9parent une haie d\u2019honneur pour accueillir Marie et Lo\u00efc. Sous les applaudissements et les \u00e9clats de rire, les mari\u00e9s font une entr\u00e9e remarqu\u00e9e avant d\u2019ouvrir le bal. La soir\u00e9e s\u2019annonce festive et pleine d\u2019\u00e9motions, une belle fa\u00e7on de cl\u00f4turer cette journ\u00e9e inoubliable.<\/p>\n<p>Suivez-moi sur Instagram ! Envie de d\u00e9couvrir d\u2019autres mariages et moments forts ? Rejoignez-moi sur <a href=\"https:\/\/www.instagram.com\/xavier.b.photography\" target=\"_blank\" rel=\"noopener\"><strong>@xavier.b.photography<\/strong><\/a> pour plus de souvenirs captur\u00e9s. \ud83d\ude0a[\/vc_column_text][\/vc_column][\/vc_row][vc_row full_width=&#8221;stretch_row&#8221;][vc_column css=&#8221;.vc_custom_1736606296420{padding-top: 0px !important;}&#8221;][vc_masonry_media_grid style=&#8221;lazy&#8221; items_per_page=&#8221;15&#8243; element_width=&#8221;6&#8243; gap=&#8221;15&#8243; initial_loading_animation=&#8221;fadeIn&#8221; grid_id=&#8221;vc_gid:1738918245004-b558e329-758a-1&#8243; include=&#8221;17221,17222,17223,17224,17225,17226,17227,17228,17229,17230,17231,17232&#8243;][\/vc_column][\/vc_row][vc_row full_width=&#8221;stretch_row&#8221; desctop_mt=&#8221;margin-lg-20t&#8221; desctop_md_mt=&#8221;margin-md-20t&#8221; tablets_mt=&#8221;margin-sm-20t&#8221; mobile_mt=&#8221;margin-xs-20t&#8221; css=&#8221;.vc_custom_1736937257690{background-image: url(\/wp-content\/uploads\/2025\/01\/Mariage-6.jpg?id=) !important;background-position: center !important;background-repeat: no-repeat !important;background-size: cover !important;}&#8221;][vc_column][wiso_testimonial loop=&#8221;true&#8221; color=&#8221;#ffffff&#8221;][wiso_testimonial_items author=&#8221;Marie &#038; Lo\u00efc&#8221; position=&#8221;Wedding at Ch\u00e2teau Castegens&#8221;]&#8221;Xavier a \u00e9t\u00e9 parfait. D&#8217;une patience incroyable avec tous les petits al\u00e9as rencontr\u00e9s pendant le d\u00e9but de soir\u00e9e. Un travail remarquable, des id\u00e9es de photos juste incroyable, et d&#8217;une grande gentillesse. Merci beaucoup, nous sommes ravis du r\u00e9sultat de nos photos. De beaux souvenirs. Nous le recommandons \u00e0 1000%.&#8221;[\/wiso_testimonial_items][\/wiso_testimonial][\/vc_column][\/vc_row][vc_row desctop_mt=&#8221;margin-lg-60t&#8221; desctop_mb=&#8221;margin-lg-35b&#8221; desctop_md_mt=&#8221;margin-md-60t&#8221; desctop_md_mb=&#8221;margin-md-35b&#8221; tablets_mt=&#8221;margin-sm-40t&#8221; tablets_mb=&#8221;margin-sm-20b&#8221; mobile_mt=&#8221;margin-xs-20t&#8221; mobile_mb=&#8221;margin-xs-10b&#8221; el_class=&#8221;xb-header&#8221;][vc_column css=&#8221;.vc_custom_1736943833000{padding-top: 0px !important;}&#8221;][wiso_headings style=&#8221;text_center&#8221; title=&#8221;Contactez-moi&#8221;][vc_column_text el_class=&#8221;.me&#8221;]<\/p>\n<p style=\"text-align: center;\">Vous aimez mon travail et vous pensez que je peux \u00eatre votre <strong>photographe<\/strong> ? Besoin de plus d&#8217;informations ou d&#8217;un devis personnalis\u00e9 ? Contactez-moi via ce formulaire, je vous r\u00e9pondrai rapidement !<\/p>\n<p>[\/vc_column_text][\/vc_column][\/vc_row][vc_row desctop_mb=&#8221;margin-lg-30b&#8221; desctop_md_mb=&#8221;margin-md-30b&#8221; tablets_mb=&#8221;margin-sm-20b&#8221; mobile_mb=&#8221;margin-xs-20b&#8221;][vc_column el_class=&#8221;contact-form-mariage&#8221;]<div role=\"form\" class=\"wpcf7\" id=\"wpcf7-f5982-o1\" lang=\"en\" dir=\"ltr\">\n<div class=\"screen-reader-response\"><p role=\"status\" aria-live=\"polite\" aria-atomic=\"true\"><\/p> <ul><\/ul><\/div>\n<form action=\"\/en\/wp-json\/wp\/v2\/pages\/17059#wpcf7-f5982-o1\" method=\"post\" class=\"wpcf7-form init\" novalidate=\"novalidate\" data-status=\"init\">\n<div style=\"display: none;\">\n<input type=\"hidden\" name=\"_wpcf7\" value=\"5982\" \/>\n<input type=\"hidden\" name=\"_wpcf7_version\" value=\"5.4.1\" \/>\n<input type=\"hidden\" name=\"_wpcf7_locale\" value=\"en\" \/>\n<input type=\"hidden\" name=\"_wpcf7_unit_tag\" value=\"wpcf7-f5982-o1\" \/>\n<input type=\"hidden\" name=\"_wpcf7_container_post\" value=\"0\" \/>\n<input type=\"hidden\" name=\"_wpcf7_posted_data_hash\" value=\"\" \/>\n<input type=\"hidden\" name=\"lang\" value=\"en\" \/>\n<\/div>\n<p><label> Lastname *<br \/>\n    <span class=\"wpcf7-form-control-wrap your-name\"><input type=\"text\" name=\"your-name\" value=\"\" size=\"40\" class=\"wpcf7-form-control wpcf7-text wpcf7-validates-as-required\" aria-required=\"true\" aria-invalid=\"false\" \/><\/span> <\/label><\/p>\n<p><label> Firstname *<br \/>\n    <span class=\"wpcf7-form-control-wrap your-firstname\"><input type=\"text\" name=\"your-firstname\" value=\"\" size=\"40\" class=\"wpcf7-form-control wpcf7-text wpcf7-validates-as-required\" aria-required=\"true\" aria-invalid=\"false\" \/><\/span> <\/label><\/p>\n<p><label> Email *<br \/>\n    <span class=\"wpcf7-form-control-wrap your-email\"><input type=\"email\" name=\"your-email\" value=\"\" size=\"40\" class=\"wpcf7-form-control wpcf7-text wpcf7-email wpcf7-validates-as-required wpcf7-validates-as-email\" aria-required=\"true\" aria-invalid=\"false\" \/><\/span> <\/label><\/p>\n<p><label> Phone number *<br \/>\n    <span class=\"wpcf7-form-control-wrap your-phone\"><input type=\"tel\" name=\"your-phone\" value=\"\" size=\"40\" class=\"wpcf7-form-control wpcf7-text wpcf7-tel wpcf7-validates-as-required wpcf7-validates-as-tel\" aria-required=\"true\" aria-invalid=\"false\" \/><\/span> <\/label><\/p>\n<p><label> Your message *<br \/>\n    <span class=\"wpcf7-form-control-wrap your-message\"><textarea name=\"your-message\" cols=\"40\" rows=\"10\" class=\"wpcf7-form-control wpcf7-textarea wpcf7-validates-as-required\" aria-required=\"true\" aria-invalid=\"false\"><\/textarea><\/span> <\/label><br \/>\n<div id=\"cf7sr-69f2b05ce7d1d\" class=\"cf7sr-g-recaptcha\" data-theme=\"light\" data-type=\"image\" data-size=\"normal\" data-sitekey=\"6Lf0ZtYhAAAAAFckl5Aq4AEBi8EoLfMY-zzDwRwB\"><\/div><span class=\"wpcf7-form-control-wrap cf7sr-recaptcha\" data-name=\"cf7sr-recaptcha\"><input type=\"hidden\" name=\"cf7sr-recaptcha\" value=\"\" class=\"wpcf7-form-control\"><\/span><br \/>\n<input type=\"submit\" value=\"Send\" class=\"wpcf7-form-control wpcf7-submit\" \/><\/p>\n<p style=\"display: none !important;\" class=\"akismet-fields-container\" data-prefix=\"_wpcf7_ak_\"><label>&#916;<textarea name=\"_wpcf7_ak_hp_textarea\" cols=\"45\" rows=\"8\" maxlength=\"100\"><\/textarea><\/label><input type=\"hidden\" id=\"ak_js_1\" name=\"_wpcf7_ak_js\" value=\"140\"\/><script>document.getElementById( \"ak_js_1\" ).setAttribute( \"value\", ( new Date() ).getTime() );<\/script><\/p><div class=\"wpcf7-response-output\" aria-hidden=\"true\"><\/div><\/form><\/div>[\/vc_column][\/vc_row]<\/p>\n","protected":false},"excerpt":{"rendered":"<p>[vc_row full_width=&#8221;stretch_row_content_no_spaces&#8221;][vc_column][wiso_banner style_banner=&#8221;simple&#8221; height=&#8221;full&#8221; style=&#8221;center_content&#8221; overlay=&#8221;yes&#8221; title=&#8221;Marie &#038; Lo\u00efc&#8221; subtitle=&#8221;Mariage&#8221; image=&#8221;17061&#8243;][\/vc_column][\/vc_row][vc_row full_width=&#8221;stretch_row&#8221; desctop_mt=&#8221;margin-lg-50t&#8221; desctop_md_mt=&#8221;margin-md-50t&#8221; tablets_mt=&#8221;margin-sm-40t&#8221; mobile_mt=&#8221;margin-xs-25t&#8221; desctop_lg_pb=&#8221;padding-lg-30b&#8221; desctop_pb=&#8221;padding-md-30b&#8221; tablets_pb=&#8221;padding-sm-30b&#8221; mobile_pb=&#8221;padding-xs-20b&#8221; el_class=&#8221;xb mod-left mod-no-margin mod-portfolio-reversed&#8221;][vc_column offset=&#8221;vc_col-lg-3 vc_col-md-12&#8243;][vc_row_inner css=&#8221;.vc_custom_1737471190732{padding-top: 20px !important;padding-left: 2px !important;}&#8221;][vc_column_inner][vc_column_text]Date 18 Juin 2022 Clients Marie &#038; Lo\u00efc[\/vc_column_text][\/vc_column_inner][\/vc_row_inner][vc_row_inner css=&#8221;.vc_custom_1737393329303{padding-top: 20px !important;}&#8221;][vc_column_inner][vc_raw_html]JTNDdWwlMjBjbGFzcyUzRCUyMnhiLXRhZ3MlMjIlM0UlMEElM0NsaSUzRU1hcmlhZ2UlM0MlMkZsaSUzRSUwQSUzQ2xpJTNFRWdsaXNlJTNDJTJGbGklM0UlMEElM0NsaSUzRVBob3RvZ3JhcGhlJTIwbWFyaWFnZSUzQyUyRmxpJTNFJTBBJTNDbGklM0VDJUMzJUE5ciVDMyVBOW1vbmllJTIwcmVsaWdpZXVzZSUzQyUyRmxpJTNFJTBBJTNDbGklM0VDaCVDMyVBMnRlYXUlMjBDYXN0ZWdlbnMlM0MlMkZsaSUzRSUwQSUzQ2xpJTNFUyVDMyVBOWFuY2UlMjBjb3VwbGUlM0MlMkZsaSUzRSUwQSUzQyUyRnVsJTNF[\/vc_raw_html][\/vc_column_inner][\/vc_row_inner][\/vc_column][vc_column desctop_mb=&#8221;margin-lg-20b&#8221; desctop_md_mb=&#8221;margin-md-20b&#8221; tablets_mb=&#8221;margin-sm-20b&#8221; mobile_mb=&#8221;margin-xs-20b&#8221; offset=&#8221;vc_col-lg-9 vc_col-md-12&#8243;][vc_row_inner][vc_column_inner el_class=&#8221;xb-portofolio-title mod-wedding&#8221;][vc_column_text]Le mariage de Marie &#038; Lo\u00efc au &#8230;<\/p>\n","protected":false},"author":1,"featured_media":17061,"parent":0,"menu_order":0,"comment_status":"closed","ping_status":"closed","template":"","meta":{"footnotes":""},"_links":{"self":[{"href":"https:\/\/www.xavierbellenger.com\/en\/wp-json\/wp\/v2\/pages\/17059"}],"collection":[{"href":"https:\/\/www.xavierbellenger.com\/en\/wp-json\/wp\/v2\/pages"}],"about":[{"href":"https:\/\/www.xavierbellenger.com\/en\/wp-json\/wp\/v2\/types\/page"}],"author":[{"embeddable":true,"href":"https:\/\/www.xavierbellenger.com\/en\/wp-json\/wp\/v2\/users\/1"}],"replies":[{"embeddable":true,"href":"https:\/\/www.xavierbellenger.com\/en\/wp-json\/wp\/v2\/comments?post=17059"}],"version-history":[{"count":4,"href":"https:\/\/www.xavierbellenger.com\/en\/wp-json\/wp\/v2\/pages\/17059\/revisions"}],"predecessor-version":[{"id":17866,"href":"https:\/\/www.xavierbellenger.com\/en\/wp-json\/wp\/v2\/pages\/17059\/revisions\/17866"}],"wp:featuredmedia":[{"embeddable":true,"href":"https:\/\/www.xavierbellenger.com\/en\/wp-json\/wp\/v2\/media\/17061"}],"wp:attachment":[{"href":"https:\/\/www.xavierbellenger.com\/en\/wp-json\/wp\/v2\/media?parent=17059"}],"curies":[{"name":"wp","href":"https:\/\/api.w.org\/{rel}","templated":true}]}}