{"id":22836,"date":"2026-01-19T21:00:52","date_gmt":"2026-01-19T20:00:52","guid":{"rendered":"https:\/\/www.xavierbellenger.com\/?page_id=22836"},"modified":"2026-01-19T21:52:46","modified_gmt":"2026-01-19T20:52:46","slug":"mariage-chateau-garde-theresa-jerome","status":"publish","type":"page","link":"https:\/\/www.xavierbellenger.com\/en\/mariage-chateau-garde-theresa-jerome\/","title":{"rendered":"Wedding at Ch\u00e2teau de Garde &#8211; Theresa &#038; J\u00e9r\u00f4me"},"content":{"rendered":"<p>[vc_row full_width=&#8221;stretch_row_content_no_spaces&#8221;][vc_column][wiso_banner style_banner=&#8221;simple&#8221; height=&#8221;full&#8221; style=&#8221;center_content&#8221; overlay=&#8221;yes&#8221; title=&#8221;Theresa &#038; J\u00e9r\u00f4me&#8221; subtitle=&#8221;Mariage&#8221; image=&#8221;22837&#8243;][\/vc_column][\/vc_row][vc_row full_width=&#8221;stretch_row&#8221; desctop_mt=&#8221;margin-lg-50t&#8221; desctop_md_mt=&#8221;margin-md-50t&#8221; tablets_mt=&#8221;margin-sm-40t&#8221; mobile_mt=&#8221;margin-xs-25t&#8221; desctop_lg_pb=&#8221;padding-lg-30b&#8221; desctop_pb=&#8221;padding-md-30b&#8221; tablets_pb=&#8221;padding-sm-30b&#8221; mobile_pb=&#8221;padding-xs-20b&#8221; el_class=&#8221;xb mod-left mod-no-margin mod-portfolio-reversed&#8221;][vc_column offset=&#8221;vc_col-lg-3 vc_col-md-12&#8243;][vc_row_inner css=&#8221;.vc_custom_1737471190732{padding-top: 20px !important;padding-left: 2px !important;}&#8221;][vc_column_inner][vc_column_text]<strong>Date<\/strong><br \/>\nSeptember 17th 2025<\/p>\n<p><strong>Clients<\/strong><br \/>\nTheresa &#038; J\u00e9r\u00f4me[\/vc_column_text][\/vc_column_inner][\/vc_row_inner][vc_row_inner css=&#8221;.vc_custom_1737393329303{padding-top: 20px !important;}&#8221;][vc_column_inner][vc_raw_html]JTNDdWwlMjBjbGFzcyUzRCUyMnhiLXRhZ3MlMjBtb2QtZ3JlZW4lMjIlM0UlMEElM0NsaSUzRVdlZGRpbmclM0MlMkZsaSUzRSUwQSUzQ2xpJTNFQ2glQzMlQTJ0ZWF1JTIwZGUlMjBHYXJkZSUzQyUyRmxpJTNFJTBBJTNDbGklM0VXZWRkaW5nJTIwcGhvdG9ncmFwaGVyJTNDJTJGbGklM0UlMEElM0NsaSUzRVNlY3VsYXIlMjBjZXJlbW9ueSUyRmxpJTNFJTBBJTNDbGklM0VCb3JkZWF1eCUzQyUyRmxpJTNFJTBBJTNDbGklM0VDb3VwbGUlMjBwaG90b3Nob290JTNDJTJGbGklM0UlMEElM0NsaSUzRVNhaW50JTIwRW1pbGlvbiUzQyUyRmxpJTNFJTBBJTNDJTJGdWwlM0U=[\/vc_raw_html][\/vc_column_inner][\/vc_row_inner][\/vc_column][vc_column desctop_mb=&#8221;margin-lg-20b&#8221; desctop_md_mb=&#8221;margin-md-20b&#8221; tablets_mb=&#8221;margin-sm-20b&#8221; mobile_mb=&#8221;margin-xs-20b&#8221; offset=&#8221;vc_col-lg-9 vc_col-md-12&#8243;][vc_row_inner][vc_column_inner el_class=&#8221;xb-portofolio-title mod-wedding&#8221;][vc_column_text]Theresa &#038; J\u00e9r\u00f4me\u2019s Wedding at Ch\u00e2teau de Garde[\/vc_column_text][\/vc_column_inner][\/vc_row_inner][vc_column_text el_class=&#8221;paragraph&#8221; css=&#8221;.vc_custom_1768854423216{padding-top: 20px !important;}&#8221;]<\/p>\n<p data-start=\"74\" data-end=\"305\">After their engagement session on Bordeaux\u2019s Pont de Pierre, Theresa and J\u00e9r\u00f4me, a couple deeply in love from Quebec, chose to celebrate their union at the stunning <a href=\"https:\/\/www.chateaudegarde.com\/\" target=\"_blank\" rel=\"noopener\">Ch\u00e2teau de Garde<\/a>, an exceptional venue just outside Saint-\u00c9milion.<\/p>\n<p data-start=\"307\" data-end=\"467\">Under a bright blue sky, their loved ones enjoy the pool and the idyllic surroundings of the ch\u00e2teau while Theresa and J\u00e9r\u00f4me get ready, each in their own room.<\/p>\n<p data-start=\"469\" data-end=\"789\">The long-awaited moment finally arrives: J\u00e9r\u00f4me walks down the aisle first, followed by Theresa, visibly emotional as she walks in on her father\u2019s arm, opening a heartfelt and meaningful outdoor ceremony. Touching speeches punctuate the celebration, highlighted by the surprise entrance of a rather original ring bearer.<\/p>\n<p data-start=\"791\" data-end=\"949\">After a cocktail set to the smooth sounds of a saxophonist, golden hour offers the perfect light for magical photos among the ch\u00e2teau\u2019s vineyards and gardens.<\/p>\n<p data-start=\"951\" data-end=\"1162\" data-is-last-node=\"\" data-is-only-node=\"\">The day draws to a close in a joyful, festive atmosphere, filled with energetic dancing, laughter, and fireworks\u2014bringing this timeless celebration to an end and leaving my newlyweds with unforgettable memories.<\/p>\n<p>[\/vc_column_text][\/vc_column][\/vc_row][vc_row full_width=&#8221;stretch_row&#8221;][vc_column css=&#8221;.vc_custom_1736606296420{padding-top: 0px !important;}&#8221;][vc_single_image image=&#8221;22838&#8243; img_size=&#8221;full&#8221; alignment=&#8221;center&#8221;][\/vc_column][\/vc_row][vc_row full_width=&#8221;stretch_row&#8221; desctop_mt=&#8221;margin-lg-20t&#8221; desctop_mb=&#8221;margin-lg-35b&#8221; desctop_md_mt=&#8221;margin-md-20t&#8221; desctop_md_mb=&#8221;margin-md-35b&#8221; tablets_mt=&#8221;margin-sm-20t&#8221; tablets_mb=&#8221;margin-sm-20b&#8221; mobile_mt=&#8221;margin-xs-40t&#8221; mobile_mb=&#8221;margin-xs-10b&#8221; el_class=&#8221;xb&#8221;][vc_column css=&#8221;.vc_custom_1737471490457{padding-top: 0px !important;}&#8221;][vc_column_text el_class=&#8221;xb-paragraph-header&#8221;]The preparations[\/vc_column_text][vc_column_text]<\/p>\n<p data-start=\"49\" data-end=\"224\">September is often the perfect time to get married in the Southwest, and this Saturday began under the best possible conditions, with a bright blue sky and radiant sunshine.<\/p>\n<p data-start=\"226\" data-end=\"406\">While Theresa and J\u00e9r\u00f4me start their preparations and tie up the final details with Fanny, their wedding planner, the guests enjoy the ch\u00e2teau\u2019s pool and terraces to the fullest.<\/p>\n<p data-start=\"408\" data-end=\"545\">Dressed in a sharp tuxedo, J\u00e9r\u00f4me shares a joyful moment with his friends over a bottle of champagne\u2014he\u2019s now ready for the big moment.<\/p>\n<p data-start=\"547\" data-end=\"768\">Meanwhile, Theresa savors the last quiet moments in the bridal suite. Surrounded by her mother and their little dog Jimbo, she is pampered by the makeup artist and hairstylist, who put the finishing touches on her look.<\/p>\n<p data-start=\"770\" data-end=\"921\" data-is-last-node=\"\" data-is-only-node=\"\">After a few photos, the long-awaited moment arrives: the couple makes their way to the ceremony venue, beautifully decorated and ready to welcome them.<\/p>\n<p>[\/vc_column_text][\/vc_column][\/vc_row][vc_row full_width=&#8221;stretch_row&#8221;][vc_column css=&#8221;.vc_custom_1736606296420{padding-top: 0px !important;}&#8221;][vc_masonry_media_grid style=&#8221;lazy&#8221; items_per_page=&#8221;15&#8243; element_width=&#8221;6&#8243; gap=&#8221;15&#8243; initial_loading_animation=&#8221;fadeIn&#8221; grid_id=&#8221;vc_gid:1768855889941-ffa1a72f-3d03-6&#8243; include=&#8221;22839,22840,22841,22842,22843,22844,22845,22846,22847,22848,22849,22850,22851,22852,22853,22854,22855,22856,22857,22858,22859,22860,22861,22862,22863,22864,22865,22866,22867,22868,22869,22870&#8243;][\/vc_column][\/vc_row][vc_row full_width=&#8221;stretch_row&#8221; desctop_mt=&#8221;margin-lg-20t&#8221; desctop_mb=&#8221;margin-lg-35b&#8221; desctop_md_mt=&#8221;margin-md-20t&#8221; desctop_md_mb=&#8221;margin-md-35b&#8221; tablets_mt=&#8221;margin-sm-20t&#8221; tablets_mb=&#8221;margin-sm-20b&#8221; mobile_mt=&#8221;margin-xs-40t&#8221; mobile_mb=&#8221;margin-xs-10b&#8221; el_class=&#8221;xb&#8221;][vc_column css=&#8221;.vc_custom_1737471490457{padding-top: 0px !important;}&#8221;][vc_column_text el_class=&#8221;xb-paragraph-header&#8221;]Secular ceremony[\/vc_column_text][vc_column_text]<\/p>\n<p data-start=\"50\" data-end=\"201\">For their ceremony, Theresa and J\u00e9r\u00f4me placed their trust in Kevin Baker, a bilingual officiant who guided the moment with sensitivity and precision.<\/p>\n<p data-start=\"203\" data-end=\"313\">J\u00e9r\u00f4me walks down the aisle first, followed shortly by a very emotional Theresa, arm in arm with her father.<\/p>\n<p data-start=\"315\" data-end=\"493\">Standing face to face, the couple rediscovers each other as if seeing one another for the first time. Hands brush, eyes meet, and for a brief moment, time seems to stand still.<\/p>\n<p data-start=\"495\" data-end=\"639\">The ceremony flows with deeply personal speeches, one of the great treasures of a secular ceremony, where every word resonates with sincerity.<\/p>\n<p data-start=\"641\" data-end=\"800\">True to his role, Jimbo does not disappoint, delivering the rings to the couple so they can exchange them along with their vows in a deeply emotional moment.<\/p>\n<p data-start=\"802\" data-end=\"1001\" data-is-last-node=\"\" data-is-only-node=\"\">Under a triumphal arch of guests, Theresa and J\u00e9r\u00f4me make their joyful exit. J\u00e9r\u00f4me passionately kisses Theresa before sabering the champagne, kicking off a lively and celebratory cocktail reception.<\/p>\n<p>[\/vc_column_text][\/vc_column][\/vc_row][vc_row full_width=&#8221;stretch_row&#8221;][vc_column css=&#8221;.vc_custom_1736606296420{padding-top: 0px !important;}&#8221;][vc_masonry_media_grid style=&#8221;lazy&#8221; items_per_page=&#8221;15&#8243; element_width=&#8221;6&#8243; gap=&#8221;15&#8243; initial_loading_animation=&#8221;fadeIn&#8221; grid_id=&#8221;vc_gid:1768855889942-e678c017-6b8d-0&#8243; include=&#8221;22871,22872,22873,22874,22875,22876,22877,22878,22879,22880,22881,22882,22883,22884,22885,22886,22887,22888,22889,22890,22891,22892,22893,22894,22895,22896,22897,22898,22899,22900,22901,22902,22903,22904,22905,22906,22907,22908,22909,22910,22911,22912,22913,22914,22915,22916,22917,22918,22919,22920,22921,22922,22923,22924,22925,22926,22927,22928,22929,22930,22931,22932,22933,22934,22935,22936,22937,22938,22939,22940,22941,22942&#8243;][\/vc_column][\/vc_row][vc_row full_width=&#8221;stretch_row&#8221; desctop_mt=&#8221;margin-lg-20t&#8221; desctop_mb=&#8221;margin-lg-35b&#8221; desctop_md_mt=&#8221;margin-md-20t&#8221; desctop_md_mb=&#8221;margin-md-35b&#8221; tablets_mt=&#8221;margin-sm-20t&#8221; tablets_mb=&#8221;margin-sm-20b&#8221; mobile_mt=&#8221;margin-xs-40t&#8221; mobile_mb=&#8221;margin-xs-10b&#8221; el_class=&#8221;xb&#8221;][vc_column css=&#8221;.vc_custom_1737471490457{padding-top: 0px !important;}&#8221;][vc_column_text el_class=&#8221;xb-paragraph-header&#8221;]Couple session[\/vc_column_text][vc_column_text]<\/p>\n<p data-start=\"49\" data-end=\"217\">The weather has been on our side all day, and when golden hour finally arrives, I can\u2019t resist taking my newlyweds for a special moment dedicated to couple portraits.<\/p>\n<p data-start=\"219\" data-end=\"442\">Ch\u00e2teau de Garde offers a wide variety of settings, both indoors and outdoors. Depending on the light and time of day, it\u2019s possible to play with contrasts, shadows, and the warm tones so characteristic of late afternoon.<\/p>\n<p data-start=\"444\" data-end=\"722\">We steal a few minutes to begin the session in the heart of the vineyards. Then, still accompanied by Jimbo, we wander through the gardens before finishing in front of the ch\u00e2teau\u2019s fa\u00e7ade. Between candid moments and more posed shots, this session proves to be a true success.<\/p>\n<p data-start=\"724\" data-end=\"861\" data-is-last-node=\"\" data-is-only-node=\"\">Theresa and J\u00e9r\u00f4me are now ready to rejoin their guests for the meal, served in the ch\u00e2teau\u2019s patio, and continue a day full of emotions.<\/p>\n<p>[\/vc_column_text][\/vc_column][\/vc_row][vc_row full_width=&#8221;stretch_row&#8221;][vc_column css=&#8221;.vc_custom_1736606296420{padding-top: 0px !important;}&#8221;][vc_masonry_media_grid style=&#8221;lazy&#8221; items_per_page=&#8221;15&#8243; element_width=&#8221;6&#8243; gap=&#8221;15&#8243; initial_loading_animation=&#8221;fadeIn&#8221; grid_id=&#8221;vc_gid:1768855889942-64395877-17da-7&#8243; include=&#8221;22943,22944,22945,22946,22947,22948,22949,22950,22951,22952,22953,22954,22955,22956,22957,22958,22959,22960,22961,22962,22963,22964,22965,22966,22967,22968,22969,22970,22971,22972,22973,22974,22975,22976,22977,22978,22979,22980,22981,22982,22983,22984,22985,22986,22987,22988,22989,22990,22991,22992,22993,22994,22995,22996,22997,22998,22999,23000,23001,23002,23003,23004&#8243;][\/vc_column][\/vc_row][vc_row full_width=&#8221;stretch_row&#8221; desctop_mt=&#8221;margin-lg-20t&#8221; desctop_mb=&#8221;margin-lg-35b&#8221; desctop_md_mt=&#8221;margin-md-20t&#8221; desctop_md_mb=&#8221;margin-md-35b&#8221; tablets_mt=&#8221;margin-sm-20t&#8221; tablets_mb=&#8221;margin-sm-20b&#8221; mobile_mt=&#8221;margin-xs-40t&#8221; mobile_mb=&#8221;margin-xs-10b&#8221; el_class=&#8221;xb&#8221;][vc_column css=&#8221;.vc_custom_1737471490457{padding-top: 0px !important;}&#8221;][vc_column_text el_class=&#8221;xb-paragraph-header&#8221;]The evening[\/vc_column_text][vc_column_text]<\/p>\n<p data-start=\"47\" data-end=\"175\">Seated at their places, the guests welcomed Theresa and J\u00e9r\u00f4me with great joy, marking the start of this long-awaited evening.<\/p>\n<p data-start=\"177\" data-end=\"432\">The speeches from friends and witnesses set the tone, mixing laughter and emotion. Then, dancers surprised everyone with a stunning Korean choreography. They invited the guests to follow them outside, where another surprise awaited: a fireworks display.<\/p>\n<p data-start=\"434\" data-end=\"566\">Theresa and J\u00e9r\u00f4me watched the spectacle with love and emotion, while their guests, completely captivated, soaked in every moment.<\/p>\n<p data-start=\"568\" data-end=\"731\">After this magical interlude, dessert was served. The newlyweds then opened the dance floor, raising the energy and kicking off a festive, unforgettable evening.<\/p>\n<p data-start=\"733\" data-end=\"842\">The day flew by for me, and it was already time to head home and rest, my heart full of beautiful memories.<\/p>\n<p data-start=\"844\" data-end=\"955\" data-is-last-node=\"\" data-is-only-node=\"\">To discover more weddings and genuine moments, I invite you to follow me on Instagram <a href=\"http:\/\/www.instagram.com\/xavier.b.photography\" target=\"_blank\" rel=\"noopener\">@xavier.b.photography<\/a>! \ud83d\ude0a<\/p>\n<p>[\/vc_column_text][\/vc_column][\/vc_row][vc_row full_width=&#8221;stretch_row&#8221;][vc_column css=&#8221;.vc_custom_1736606296420{padding-top: 0px !important;}&#8221;][vc_masonry_media_grid style=&#8221;lazy&#8221; items_per_page=&#8221;15&#8243; element_width=&#8221;6&#8243; gap=&#8221;15&#8243; initial_loading_animation=&#8221;fadeIn&#8221; grid_id=&#8221;vc_gid:1768855889942-eb5bb08c-3585-8&#8243; include=&#8221;23031,23032,23033,23034,23035,23005,23006,23007,23008,23009,23010,23011,23012,23013,23014,23015,23016,23017,23018,23019,23020,23021,23022,23023,23024,23025,23026,23027,23028,23029,23030&#8243;][\/vc_column][\/vc_row][vc_row full_width=&#8221;stretch_row&#8221; desctop_mt=&#8221;margin-lg-20t&#8221; desctop_md_mt=&#8221;margin-md-20t&#8221; tablets_mt=&#8221;margin-sm-20t&#8221; mobile_mt=&#8221;margin-xs-20t&#8221; css=&#8221;.vc_custom_1736937257690{background-image: url(\/wp-content\/uploads\/2025\/01\/Mariage-6.jpg?id=) !important;background-position: center !important;background-repeat: no-repeat !important;background-size: cover !important;}&#8221;][vc_column][wiso_testimonial loop=&#8221;true&#8221; color=&#8221;#ffffff&#8221;][wiso_testimonial_items author=&#8221;Theresa &#038; J\u00e9r\u00f4me&#8221; position=&#8221;Wedding at Ch\u00e2teau de Garde&#8221;]&#8221;A huge thank you for these stunning photos! You truly captured every precious moment with such sensitivity. It was a real pleasure to have you with us to immortalize our wedding \u2014 thanks to you, we get to relive this magical day \u2764\ufe0f&#8221;[\/wiso_testimonial_items][\/wiso_testimonial][\/vc_column][\/vc_row][vc_row desctop_mt=&#8221;margin-lg-60t&#8221; desctop_mb=&#8221;margin-lg-35b&#8221; desctop_md_mt=&#8221;margin-md-60t&#8221; desctop_md_mb=&#8221;margin-md-35b&#8221; tablets_mt=&#8221;margin-sm-40t&#8221; tablets_mb=&#8221;margin-sm-20b&#8221; mobile_mt=&#8221;margin-xs-20t&#8221; mobile_mb=&#8221;margin-xs-10b&#8221; el_class=&#8221;xb-header&#8221;][vc_column css=&#8221;.vc_custom_1736943833000{padding-top: 0px !important;}&#8221;][wiso_headings style=&#8221;text_center&#8221; title=&#8221;Inquire&#8221;][vc_column_text el_class=&#8221;.me&#8221;]<\/p>\n<p style=\"text-align: center;\">Do you love my work and think I could be your\u00a0<strong>photographer<\/strong>? Need more information or a personalized quote? Contact me through this form, and I will get back to you quickly!<\/p>\n<p>[\/vc_column_text][\/vc_column][\/vc_row][vc_row desctop_mb=&#8221;margin-lg-30b&#8221; desctop_md_mb=&#8221;margin-md-30b&#8221; tablets_mb=&#8221;margin-sm-20b&#8221; mobile_mb=&#8221;margin-xs-20b&#8221;][vc_column el_class=&#8221;contact-form-mariage&#8221;]<div role=\"form\" class=\"wpcf7\" id=\"wpcf7-f5982-o1\" lang=\"en\" dir=\"ltr\">\n<div class=\"screen-reader-response\"><p role=\"status\" aria-live=\"polite\" aria-atomic=\"true\"><\/p> <ul><\/ul><\/div>\n<form action=\"\/en\/wp-json\/wp\/v2\/pages\/22836#wpcf7-f5982-o1\" method=\"post\" class=\"wpcf7-form init\" novalidate=\"novalidate\" data-status=\"init\">\n<div style=\"display: none;\">\n<input type=\"hidden\" name=\"_wpcf7\" value=\"5982\" \/>\n<input type=\"hidden\" name=\"_wpcf7_version\" value=\"5.4.1\" \/>\n<input type=\"hidden\" name=\"_wpcf7_locale\" value=\"en\" \/>\n<input type=\"hidden\" name=\"_wpcf7_unit_tag\" value=\"wpcf7-f5982-o1\" \/>\n<input type=\"hidden\" name=\"_wpcf7_container_post\" value=\"0\" \/>\n<input type=\"hidden\" name=\"_wpcf7_posted_data_hash\" value=\"\" \/>\n<input type=\"hidden\" name=\"lang\" value=\"en\" \/>\n<\/div>\n<p><label> Lastname *<br \/>\n    <span class=\"wpcf7-form-control-wrap your-name\"><input type=\"text\" name=\"your-name\" value=\"\" size=\"40\" class=\"wpcf7-form-control wpcf7-text wpcf7-validates-as-required\" aria-required=\"true\" aria-invalid=\"false\" \/><\/span> <\/label><\/p>\n<p><label> Firstname *<br \/>\n    <span class=\"wpcf7-form-control-wrap your-firstname\"><input type=\"text\" name=\"your-firstname\" value=\"\" size=\"40\" class=\"wpcf7-form-control wpcf7-text wpcf7-validates-as-required\" aria-required=\"true\" aria-invalid=\"false\" \/><\/span> <\/label><\/p>\n<p><label> Email *<br \/>\n    <span class=\"wpcf7-form-control-wrap your-email\"><input type=\"email\" name=\"your-email\" value=\"\" size=\"40\" class=\"wpcf7-form-control wpcf7-text wpcf7-email wpcf7-validates-as-required wpcf7-validates-as-email\" aria-required=\"true\" aria-invalid=\"false\" \/><\/span> <\/label><\/p>\n<p><label> Phone number *<br \/>\n    <span class=\"wpcf7-form-control-wrap your-phone\"><input type=\"tel\" name=\"your-phone\" value=\"\" size=\"40\" class=\"wpcf7-form-control wpcf7-text wpcf7-tel wpcf7-validates-as-required wpcf7-validates-as-tel\" aria-required=\"true\" aria-invalid=\"false\" \/><\/span> <\/label><\/p>\n<p><label> Your message *<br \/>\n    <span class=\"wpcf7-form-control-wrap your-message\"><textarea name=\"your-message\" cols=\"40\" rows=\"10\" class=\"wpcf7-form-control wpcf7-textarea wpcf7-validates-as-required\" aria-required=\"true\" aria-invalid=\"false\"><\/textarea><\/span> <\/label><br \/>\n<div id=\"cf7sr-69e7a411962d2\" class=\"cf7sr-g-recaptcha\" data-theme=\"light\" data-type=\"image\" data-size=\"normal\" data-sitekey=\"6Lf0ZtYhAAAAAFckl5Aq4AEBi8EoLfMY-zzDwRwB\"><\/div><span class=\"wpcf7-form-control-wrap cf7sr-recaptcha\" data-name=\"cf7sr-recaptcha\"><input type=\"hidden\" name=\"cf7sr-recaptcha\" value=\"\" class=\"wpcf7-form-control\"><\/span><br \/>\n<input type=\"submit\" value=\"Send\" class=\"wpcf7-form-control wpcf7-submit\" \/><\/p>\n<p style=\"display: none !important;\" class=\"akismet-fields-container\" data-prefix=\"_wpcf7_ak_\"><label>&#916;<textarea name=\"_wpcf7_ak_hp_textarea\" cols=\"45\" rows=\"8\" maxlength=\"100\"><\/textarea><\/label><input type=\"hidden\" id=\"ak_js_1\" name=\"_wpcf7_ak_js\" value=\"182\"\/><script>document.getElementById( \"ak_js_1\" ).setAttribute( \"value\", ( new Date() ).getTime() );<\/script><\/p><div class=\"wpcf7-response-output\" aria-hidden=\"true\"><\/div><\/form><\/div>[\/vc_column][\/vc_row]<\/p>\n","protected":false},"excerpt":{"rendered":"<p>[vc_row full_width=&#8221;stretch_row_content_no_spaces&#8221;][vc_column][wiso_banner style_banner=&#8221;simple&#8221; height=&#8221;full&#8221; style=&#8221;center_content&#8221; overlay=&#8221;yes&#8221; title=&#8221;Theresa &#038; J\u00e9r\u00f4me&#8221; subtitle=&#8221;Mariage&#8221; image=&#8221;22837&#8243;][\/vc_column][\/vc_row][vc_row full_width=&#8221;stretch_row&#8221; desctop_mt=&#8221;margin-lg-50t&#8221; desctop_md_mt=&#8221;margin-md-50t&#8221; tablets_mt=&#8221;margin-sm-40t&#8221; mobile_mt=&#8221;margin-xs-25t&#8221; desctop_lg_pb=&#8221;padding-lg-30b&#8221; desctop_pb=&#8221;padding-md-30b&#8221; tablets_pb=&#8221;padding-sm-30b&#8221; mobile_pb=&#8221;padding-xs-20b&#8221; el_class=&#8221;xb mod-left mod-no-margin mod-portfolio-reversed&#8221;][vc_column offset=&#8221;vc_col-lg-3 vc_col-md-12&#8243;][vc_row_inner css=&#8221;.vc_custom_1737471190732{padding-top: 20px !important;padding-left: 2px !important;}&#8221;][vc_column_inner][vc_column_text]Date September 17th 2025 Clients Theresa &#038; J\u00e9r\u00f4me[\/vc_column_text][\/vc_column_inner][\/vc_row_inner][vc_row_inner css=&#8221;.vc_custom_1737393329303{padding-top: 20px !important;}&#8221;][vc_column_inner][vc_raw_html]JTNDdWwlMjBjbGFzcyUzRCUyMnhiLXRhZ3MlMjBtb2QtZ3JlZW4lMjIlM0UlMEElM0NsaSUzRVdlZGRpbmclM0MlMkZsaSUzRSUwQSUzQ2xpJTNFQ2glQzMlQTJ0ZWF1JTIwZGUlMjBHYXJkZSUzQyUyRmxpJTNFJTBBJTNDbGklM0VXZWRkaW5nJTIwcGhvdG9ncmFwaGVyJTNDJTJGbGklM0UlMEElM0NsaSUzRVNlY3VsYXIlMjBjZXJlbW9ueSUyRmxpJTNFJTBBJTNDbGklM0VCb3JkZWF1eCUzQyUyRmxpJTNFJTBBJTNDbGklM0VDb3VwbGUlMjBwaG90b3Nob290JTNDJTJGbGklM0UlMEElM0NsaSUzRVNhaW50JTIwRW1pbGlvbiUzQyUyRmxpJTNFJTBBJTNDJTJGdWwlM0U=[\/vc_raw_html][\/vc_column_inner][\/vc_row_inner][\/vc_column][vc_column desctop_mb=&#8221;margin-lg-20b&#8221; desctop_md_mb=&#8221;margin-md-20b&#8221; tablets_mb=&#8221;margin-sm-20b&#8221; mobile_mb=&#8221;margin-xs-20b&#8221; offset=&#8221;vc_col-lg-9 vc_col-md-12&#8243;][vc_row_inner][vc_column_inner el_class=&#8221;xb-portofolio-title mod-wedding&#8221;][vc_column_text]Theresa &#038; J\u00e9r\u00f4me\u2019s Wedding at Ch\u00e2teau de &#8230;<\/p>\n","protected":false},"author":1,"featured_media":22837,"parent":0,"menu_order":0,"comment_status":"closed","ping_status":"closed","template":"","meta":{"footnotes":""},"_links":{"self":[{"href":"https:\/\/www.xavierbellenger.com\/en\/wp-json\/wp\/v2\/pages\/22836"}],"collection":[{"href":"https:\/\/www.xavierbellenger.com\/en\/wp-json\/wp\/v2\/pages"}],"about":[{"href":"https:\/\/www.xavierbellenger.com\/en\/wp-json\/wp\/v2\/types\/page"}],"author":[{"embeddable":true,"href":"https:\/\/www.xavierbellenger.com\/en\/wp-json\/wp\/v2\/users\/1"}],"replies":[{"embeddable":true,"href":"https:\/\/www.xavierbellenger.com\/en\/wp-json\/wp\/v2\/comments?post=22836"}],"version-history":[{"count":10,"href":"https:\/\/www.xavierbellenger.com\/en\/wp-json\/wp\/v2\/pages\/22836\/revisions"}],"predecessor-version":[{"id":23049,"href":"https:\/\/www.xavierbellenger.com\/en\/wp-json\/wp\/v2\/pages\/22836\/revisions\/23049"}],"wp:featuredmedia":[{"embeddable":true,"href":"https:\/\/www.xavierbellenger.com\/en\/wp-json\/wp\/v2\/media\/22837"}],"wp:attachment":[{"href":"https:\/\/www.xavierbellenger.com\/en\/wp-json\/wp\/v2\/media?parent=22836"}],"curies":[{"name":"wp","href":"https:\/\/api.w.org\/{rel}","templated":true}]}}