{"id":6087,"date":"2025-01-31T17:08:14","date_gmt":"2025-01-31T16:08:14","guid":{"rendered":"https:\/\/new.xavierbellenger.com\/?page_id=6087"},"modified":"2026-05-12T21:46:58","modified_gmt":"2026-05-12T19:46:58","slug":"accueil","status":"publish","type":"page","link":"https:\/\/www.xavierbellenger.com\/en\/","title":{"rendered":"Accueil"},"content":{"rendered":"<p>[vc_row full_width=&#8221;stretch_row_content_no_spaces&#8221; full_height=&#8221;yes&#8221; enable_ovarlay=&#8221;true&#8221; el_class=&#8221;xb-banner-slider&#8221;][vc_column el_class=&#8221;xb-banner&#8221;][banner_slider type_slider=&#8221;myro&#8221; autoplay=&#8221;5&#8243;][banner_slider_items option_style=&#8221;myro&#8221; image=&#8221;6635&#8243;][banner_slider_items option_style=&#8221;myro&#8221; image=&#8221;6635&#8243;][banner_slider_items option_style=&#8221;myro&#8221; image=&#8221;9508&#8243;][banner_slider_items option_style=&#8221;myro&#8221; image=&#8221;6733&#8243;][banner_slider_items option_style=&#8221;myro&#8221; image=&#8221;6514&#8243;][banner_slider_items option_style=&#8221;myro&#8221; image=&#8221;6185&#8243;][banner_slider_items option_style=&#8221;myro&#8221; image=&#8221;6737&#8243;][banner_slider_items option_style=&#8221;myro&#8221; image=&#8221;6257&#8243;][banner_slider_items option_style=&#8221;myro&#8221; image=&#8221;6734&#8243;][banner_slider_items option_style=&#8221;myro&#8221; image=&#8221;6585&#8243;][banner_slider_items option_style=&#8221;myro&#8221; image=&#8221;6423&#8243;][banner_slider_items option_style=&#8221;myro&#8221; image=&#8221;6561&#8243;][\/banner_slider][\/vc_column][\/vc_row][vc_row desctop_mt=&#8221;margin-lg-50t&#8221; desctop_mb=&#8221;margin-lg-50b&#8221; desctop_md_mt=&#8221;margin-md-50t&#8221; desctop_md_mb=&#8221;margin-md-50b&#8221; tablets_mt=&#8221;margin-sm-30t&#8221; tablets_mb=&#8221;margin-sm-30b&#8221; mobile_mt=&#8221;margin-xs-20t&#8221; mobile_mb=&#8221;margin-xs-20b&#8221; el_class=&#8221;xb&#8221;][vc_column css=&#8221;.vc_custom_1737031804009{padding-top: 0px !important;}&#8221;][wiso_headings style=&#8221;text_center&#8221; title=&#8221;Hello&#8221; subtitle=&#8221;I&#8217;m Xavier&#8221;][vc_column_text el_class=&#8221;.me&#8221;]<\/p>\n<p style=\"text-align: center;\">With over<strong> 7 years of experience<\/strong> as a<strong> wedding photographer<\/strong>, I specialize in capturing lively weddings in stunning locations around <a href=\"\/en\/bordeaux\/\"><strong>Bordeaux<\/strong><\/a>, <strong>Saint-\u00c9milion<\/strong>, <strong>Arcachon<\/strong>, and their surroundings.<\/p>\n<p style=\"text-align: center;\">Passionate about photography, I love capturing the <strong>genuine emotions<\/strong> of your day. <strong>Candid shots<\/strong> are the best way to tell your story, including the moments you may not have been able to experience. Attentive to your needs, I will also offer advice to make your photos even more beautiful.<\/p>\n<p style=\"text-align: center;\">If you&#8217;re planning to celebrate your love in a<strong> beautiful venue<\/strong> in our region and are looking for a creative and enthusiastic photographer, contact me to immortalize your most precious moments. Let&#8217;s create unforgettable wedding memories together!<\/p>\n<p>[\/vc_column_text][wiso_button style=&#8221;a-btn&#8221; button=&#8221;url:%2Fen%2Fcontact%2F|title:Let&#8217;s%20talk%20!&#8221;][\/vc_column][\/vc_row][vc_row full_width=&#8221;stretch_row_content&#8221;][vc_column][wiso_services style=&#8221;tile&#8221; items_tile=&#8221;%5B%7B%22icon%22%3A%22icon-message-1-heart%22%2C%22title%22%3A%22Couple%22%2C%22subtitle%22%3A%22Take%20a%20moment%20to%20reconnect%20and%20enjoy%20a%20unique%20experience%20together%22%2C%22text%22%3A%22Capture%20your%20love%20with%20natural%20couple%20photography.%20Based%20in%20Bordeaux%2C%20I%20accompany%20you%20to%20capture%20your%20most%20beautiful%20moments%2C%20whether%20in%20the%20city%2C%20among%20the%20vineyards%2C%20or%20on%20the%20beaches%20of%20Arcachon.%20Each%20session%20is%20an%20opportunity%20to%20tell%20your%20story%20and%20highlight%20your%20connection.%20Whether%20for%20a%20proposal%2C%20a%20milestone%2C%20or%20simply%20to%20create%20beautiful%20memories%2C%20let&#8217;s%20create%20images%20that%20truly%20reflect%20you.%20%3Cbr%3E%3Cbr%3E%3Ca%20href%3D%5C%22%2Fen%2Fseance-couple%2F%5C%22%20class%3D%5C%22a-btn%5C%22%3ERead%20more%3C%2Fa%3E%22%2C%22image%22%3A%226278%22%7D%2C%7B%22icon%22%3A%22icon-diamond-ring%22%2C%22title%22%3A%22Wedding%22%2C%22subtitle%22%3A%22Capture%20your%20most%20beautiful%20moments%22%2C%22text%22%3A%22Trust%20me%20to%20capture%20every%20magical%20moment%20of%20your%20big%20day%2C%20whether%20you&#8217;re%20in%20Bordeaux%2C%20the%20Landes%2C%20the%20vineyards%20of%20M%C3%A9doc%2C%20or%20on%20the%20sunny%20beaches%20of%20Arcachon.%20With%20natural%2C%20emotional%2C%20and%20elegant%20photography%2C%20I%20capture%20the%20precious%20moments%20and%20unique%20details%20that%20tell%20your%20story.%20My%20goal%20is%20to%20reflect%20the%20atmosphere%20and%20emotions%20of%20this%20unforgettable%20day%2C%20adding%20a%20personal%20and%20timeless%20touch%2C%20perfectly%20suited%20to%20the%20stunning%20locations%20where%20your%20union%20takes%20place.%3Cbr%3E%3Cbr%3E%3Ca%20href%3D%5C%22%2Fen%2Fmariages%2F%5C%22%20class%3D%5C%22a-btn%5C%22%3ERead%20more%3C%2Fa%3E%22%2C%22image%22%3A%2224409%22%7D%2C%7B%22icon%22%3A%22icon-dream-house%22%2C%22title%22%3A%22Family%22%2C%22subtitle%22%3A%22Gather%20for%20a%20meaningful%20family%20moment%20and%20create%20unforgettable%20memories%22%2C%22text%22%3A%22Let%20me%20capture%20your%20precious%20family%20moments%2C%20whether%20at%20home%20or%20in%20a%20place%20that%E2%80%99s%20dear%20to%20you.%20Whether%20celebrating%20a%20family%20gathering%2C%20capturing%20a%20moment%20from%20your%20everyday%20life%2C%20or%20marking%20a%20special%20milestone%2C%20I%20am%20committed%20to%20creating%20authentic%20and%20emotional%20images.%20My%20goal%20is%20to%20tell%20the%20story%20of%20your%20family%20through%20natural%20photos%20that%20reflect%20your%20unique%20bond%20and%20the%20warm%20atmosphere%20of%20the%20places%20where%20you%20feel%20most%20at%20home%2C%20with%20a%20timeless%20and%20personal%20touch.%3Cbr%3E%3Cbr%3E%3Ca%20href%3D%5C%22%2Fen%2Fseance-famille%2F%5C%22%20class%3D%5C%22a-btn%5C%22%3ERead%20more%3C%2Fa%3E%22%2C%22image%22%3A%226181%22%7D%2C%7B%22icon%22%3A%22icon-bird%22%2C%22title%22%3A%22Pregnancy%22%2C%22subtitle%22%3A%22Experience%20a%20unique%20moment%20to%20celebrate%20the%20beauty%20of%20your%20pregnancy%22%2C%22text%22%3A%22As%20a%20maternity%20photographer%20in%20Bordeaux%2C%20I%20accompany%20you%20to%20capture%20this%20unique%20and%20emotional%20time%2C%20whether%20at%20home%20in%20your%20family%20sanctuary%20or%20in%20a%20place%20that%20inspires%20serenity%20and%20well-being.%20I%20capture%20the%20beauty%20of%20every%20moment%20with%20soft%2C%20tender%20images.%20My%20goal%20is%20to%20enhance%20your%20pregnancy%2C%20reflecting%20the%20anticipation%2C%20love%2C%20and%20connection%20through%20luminous%2C%20timeless%20photos.%3Cbr%3E%3Cbr%3E%3Ca%20href%3D%5C%22%2Fen%2Fseance-grossesse%5C%22%20class%3D%5C%22a-btn%5C%22%3ERead%20more%3C%2Fa%3E%22%2C%22image%22%3A%226192%22%7D%2C%7B%22icon%22%3A%22icon-love%22%2C%22title%22%3A%22Newborn%22%2C%22subtitle%22%3A%22Share%20a%20tender%20moment%20to%20capture%20the%20first%20moments%20of%20your%20newborn%22%2C%22text%22%3A%22As%20a%20newborn%20photographer%2C%20I%20accompany%20you%20to%20capture%20the%20first%20moments%20of%20your%20baby&#8217;s%20life%20at%20home.%20These%20early%20days%20are%20filled%20with%20tenderness%2C%20love%2C%20and%20unique%20moments%20that%20I%20capture%20through%20soft%2C%20heartfelt%20images.%20These%20photos%20are%20designed%20to%20help%20you%20relive%20these%20fleeting%20moments%20as%20your%20baby%20grows%2C%20preserving%20forever%20the%20delicacy%20and%20emotion%20of%20these%20first%20moments.%3Cbr%3E%3Cbr%3E%3Ca%20href%3D%5C%22%2Fen%2Fseance-nouveau-ne%2F%5C%22%20class%3D%5C%22a-btn%5C%22%3ERead%20more%3C%2Fa%3E%22%2C%22image%22%3A%226191%22%7D%5D&#8221;][\/vc_column][\/vc_row][vc_row desctop_mt=&#8221;margin-lg-50t&#8221; desctop_mb=&#8221;margin-lg-50b&#8221; desctop_md_mt=&#8221;margin-md-50t&#8221; desctop_md_mb=&#8221;margin-md-50b&#8221; tablets_mt=&#8221;margin-sm-40t&#8221; tablets_mb=&#8221;margin-sm-40b&#8221; mobile_mt=&#8221;margin-xs-20t&#8221; mobile_mb=&#8221;margin-xs-20b&#8221; el_class=&#8221;xb&#8221;][vc_column css=&#8221;.vc_custom_1737031664726{padding-top: 0px !important;}&#8221;][wiso_headings style=&#8221;text_center&#8221; title=&#8221;My vision&#8221;][vc_column_text el_class=&#8221;.me&#8221;]<\/p>\n<p style=\"text-align: center;\">My greatest ambition is to <strong>create powerful images<\/strong> that celebrate, across generations, the people we love and the good moments we&#8217;ve shared. <strong>Creativity<\/strong>, <strong>Simplicity<\/strong>, and <strong>Emotions<\/strong> are my guiding principles<\/p>\n<p>[\/vc_column_text][wiso_button style=&#8221;a-btn&#8221; button=&#8221;url:%2Fen%2Fhistoires%2F|title:See%20my%20latest%20work&#8221;][\/vc_column][\/vc_row][vc_row full_width=&#8221;stretch_row_content_no_spaces&#8221; gap=&#8221;30&#8243; css=&#8221;.vc_custom_1737059869927{background-color: #101820 !important;}&#8221;][vc_column css=&#8221;.vc_custom_1737032151107{padding-top: 0px !important;}&#8221;][vc_masonry_media_grid style=&#8221;lazy&#8221; items_per_page=&#8221;15&#8243; element_width=&#8221;3&#8243; gap=&#8221;15&#8243; initial_loading_animation=&#8221;fadeIn&#8221; grid_id=&#8221;vc_gid:1778614586641-38ff2d62-64bb-6&#8243; include=&#8221;6766,6751,6827,6833,6722,6812,6781,6813,6867,6980,6872,24460,6927,6805,6985,6870,6968,6999,6940,6937,6916,6889,6890,6810,6804,6753,6765,6779,6923,6913,6758,6970,6901,6840,24456,6845,6749,6729,24525,6720,6782,6809,6820,7084,7083,7065,7055,7025,7012,7017,6997,6953,6948,6926,6907,6898,6899,6853,6983,7041,7034,7013,6816&#8243;][\/vc_column][\/vc_row][vc_row desctop_mt=&#8221;margin-lg-50t&#8221; desctop_mb=&#8221;margin-lg-50b&#8221; desctop_md_mt=&#8221;margin-md-50t&#8221; desctop_md_mb=&#8221;margin-md-50b&#8221; tablets_mt=&#8221;margin-sm-30t&#8221; tablets_mb=&#8221;margin-sm-30b&#8221; mobile_mt=&#8221;margin-xs-20t&#8221; mobile_mb=&#8221;margin-xs-20b&#8221; el_class=&#8221;xb&#8221;][vc_column css=&#8221;.vc_custom_1737031693776{padding-top: 0px !important;}&#8221;][wiso_headings style=&#8221;text_center&#8221; title=&#8221;My style&#8221;][vc_column_text el_class=&#8221;.me&#8221;]<\/p>\n<p style=\"text-align: center;\">Here, no <strong>Fine Art<\/strong> or <strong>Moody style<\/strong>. I give my photos a <strong>natural<\/strong> look to keep them <strong>timeless<\/strong>. I ensure your photos won\u2019t be affected by trends. The world is full of color, so why not showcase them all?<\/p>\n<p>[\/vc_column_text][wiso_button style=&#8221;a-btn&#8221; button=&#8221;url:%2Fen%2Fcontact%2F|title:Does%20this%20resonate%20with%20you%3F%20Let&#8217;s%20talk!&#8221;][\/vc_column][\/vc_row][vc_row full_width=&#8221;stretch_row_content_no_spaces&#8221;][vc_column][banner_slider type_slider=&#8221;myro&#8221; autoplay=&#8221;5&#8243;][banner_slider_items option_style=&#8221;myro&#8221; subtitle=&#8221;Ch\u00e2teau de Seguin&#8221; title=&#8221;Marion &#038; Matthieu&#8221; btn_style=&#8221;a-btn-4&#8243; image=&#8221;24555&#8243; button=&#8221;url:%2Fen%2Fmariage-chateau-de-seguin-marion-matthieu%2F|title:Read%20more&#8221;][banner_slider_items option_style=&#8221;myro&#8221; subtitle=&#8221;Ch\u00e2teau de Garde&#8221; title=&#8221;Theresa &#038; J\u00e9r\u00f4me&#8221; btn_style=&#8221;a-btn-4&#8243; image=&#8221;22837&#8243; button=&#8221;url:https%3A%2F%2Fwww.xavierbellenger.com%2Fen%2Fmariage-chateau-garde-theresa-jerome%2F|title:Read%20more&#8221;][banner_slider_items option_style=&#8221;myro&#8221; subtitle=&#8221;Ch\u00e2teau Saint Georges&#8221; title=&#8221;Mathilde &#038; Axel&#8221; btn_style=&#8221;a-btn-4&#8243; image=&#8221;23216&#8243; button=&#8221;url:%2Fen%2Fmariage-chateau-saint-georges-mathilde-axel%2F|title:Read%20more&#8221;][banner_slider_items option_style=&#8221;myro&#8221; subtitle=&#8221;Domaine de Mahourat&#8221; title=&#8221;Ana\u00efs &#038; Samy&#8221; btn_style=&#8221;a-btn-4&#8243; image=&#8221;6707&#8243; button=&#8221;url:%2Fen%2Fmariage-domaine-mahourat-anais-samy%2F|title:Read%20more&#8221;][banner_slider_items option_style=&#8221;myro&#8221; subtitle=&#8221;Ch\u00e2teau de Seguin&#8221; title=&#8221;Emilie &#038; Benjamin&#8221; btn_style=&#8221;a-btn-4&#8243; image=&#8221;6470&#8243; button=&#8221;url:%2Fen%2Fmariage-chateau-de-seguin-emilie-benjamin%2F|title:Read%20more&#8221;][banner_slider_items option_style=&#8221;myro&#8221; subtitle=&#8221;Domaine de Valmont&#8221; title=&#8221;Olivia &#038; Corentin&#8221; btn_style=&#8221;a-btn-4&#8243; image=&#8221;7171&#8243; button=&#8221;url:%2Fen%2Fmariage-domaine-valmont-olivia-corentin%2F|title:Read%20more&#8221;][\/banner_slider][\/vc_column][\/vc_row][vc_row desctop_mt=&#8221;margin-lg-50t&#8221; desctop_mb=&#8221;margin-lg-50b&#8221; desctop_md_mt=&#8221;margin-md-50t&#8221; desctop_md_mb=&#8221;margin-md-50b&#8221; tablets_mt=&#8221;margin-sm-30t&#8221; tablets_mb=&#8221;margin-sm-30b&#8221; mobile_mt=&#8221;margin-xs-20t&#8221; mobile_mb=&#8221;margin-xs-20b&#8221; el_class=&#8221;xb-header&#8221;][vc_column css=&#8221;.vc_custom_1737031719396{padding-top: 0px !important;}&#8221;][wiso_headings style=&#8221;text_center&#8221; title=&#8221;Inquire&#8221;][vc_column_text el_class=&#8221;.me&#8221;]<\/p>\n<p style=\"text-align: center;\">Do you love my work and think I could be your <strong>photographer<\/strong>? Need more information or a personalized quote? Contact me through this form, and I will get back to you quickly!<\/p>\n<p>[\/vc_column_text][\/vc_column][\/vc_row][vc_row][vc_column el_class=&#8221;contact-form-mariage&#8221;]<div role=\"form\" class=\"wpcf7\" id=\"wpcf7-f5982-o1\" lang=\"en\" dir=\"ltr\">\n<div class=\"screen-reader-response\"><p role=\"status\" aria-live=\"polite\" aria-atomic=\"true\"><\/p> <ul><\/ul><\/div>\n<form action=\"\/en\/wp-json\/wp\/v2\/pages\/6087#wpcf7-f5982-o1\" method=\"post\" class=\"wpcf7-form init\" novalidate=\"novalidate\" data-status=\"init\">\n<div style=\"display: none;\">\n<input type=\"hidden\" name=\"_wpcf7\" value=\"5982\" \/>\n<input type=\"hidden\" name=\"_wpcf7_version\" value=\"5.4.1\" \/>\n<input type=\"hidden\" name=\"_wpcf7_locale\" value=\"en\" \/>\n<input type=\"hidden\" name=\"_wpcf7_unit_tag\" value=\"wpcf7-f5982-o1\" \/>\n<input type=\"hidden\" name=\"_wpcf7_container_post\" value=\"0\" \/>\n<input type=\"hidden\" name=\"_wpcf7_posted_data_hash\" value=\"\" \/>\n<input type=\"hidden\" name=\"lang\" value=\"en\" \/>\n<\/div>\n<p><label> Lastname *<br \/>\n    <span class=\"wpcf7-form-control-wrap your-name\"><input type=\"text\" name=\"your-name\" value=\"\" size=\"40\" class=\"wpcf7-form-control wpcf7-text wpcf7-validates-as-required\" aria-required=\"true\" aria-invalid=\"false\" \/><\/span> <\/label><\/p>\n<p><label> Firstname *<br \/>\n    <span class=\"wpcf7-form-control-wrap your-firstname\"><input type=\"text\" name=\"your-firstname\" value=\"\" size=\"40\" class=\"wpcf7-form-control wpcf7-text wpcf7-validates-as-required\" aria-required=\"true\" aria-invalid=\"false\" \/><\/span> <\/label><\/p>\n<p><label> Email *<br \/>\n    <span class=\"wpcf7-form-control-wrap your-email\"><input type=\"email\" name=\"your-email\" value=\"\" size=\"40\" class=\"wpcf7-form-control wpcf7-text wpcf7-email wpcf7-validates-as-required wpcf7-validates-as-email\" aria-required=\"true\" aria-invalid=\"false\" \/><\/span> <\/label><\/p>\n<p><label> Phone number *<br \/>\n    <span class=\"wpcf7-form-control-wrap your-phone\"><input type=\"tel\" name=\"your-phone\" value=\"\" size=\"40\" class=\"wpcf7-form-control wpcf7-text wpcf7-tel wpcf7-validates-as-required wpcf7-validates-as-tel\" aria-required=\"true\" aria-invalid=\"false\" \/><\/span> <\/label><\/p>\n<p><label> Your message *<br \/>\n    <span class=\"wpcf7-form-control-wrap your-message\"><textarea name=\"your-message\" cols=\"40\" rows=\"10\" class=\"wpcf7-form-control wpcf7-textarea wpcf7-validates-as-required\" aria-required=\"true\" aria-invalid=\"false\"><\/textarea><\/span> <\/label><br \/>\n<div id=\"cf7sr-6a044c4f005a3\" class=\"cf7sr-g-recaptcha\" data-theme=\"light\" data-type=\"image\" data-size=\"normal\" data-sitekey=\"6Lf0ZtYhAAAAAFckl5Aq4AEBi8EoLfMY-zzDwRwB\"><\/div><span class=\"wpcf7-form-control-wrap cf7sr-recaptcha\" data-name=\"cf7sr-recaptcha\"><input type=\"hidden\" name=\"cf7sr-recaptcha\" value=\"\" class=\"wpcf7-form-control\"><\/span><br \/>\n<input type=\"submit\" value=\"Send\" class=\"wpcf7-form-control wpcf7-submit\" \/><\/p>\n<p style=\"display: none !important;\" class=\"akismet-fields-container\" data-prefix=\"_wpcf7_ak_\"><label>&#916;<textarea name=\"_wpcf7_ak_hp_textarea\" cols=\"45\" rows=\"8\" maxlength=\"100\"><\/textarea><\/label><input type=\"hidden\" id=\"ak_js_1\" name=\"_wpcf7_ak_js\" value=\"2\"\/><script>document.getElementById( \"ak_js_1\" ).setAttribute( \"value\", ( new Date() ).getTime() );<\/script><\/p><div class=\"wpcf7-response-output\" aria-hidden=\"true\"><\/div><\/form><\/div>[\/vc_column][\/vc_row][vc_row full_width=&#8221;stretch_row&#8221; desctop_mt=&#8221;margin-lg-20t&#8221; desctop_md_mt=&#8221;margin-md-20t&#8221; tablets_mt=&#8221;margin-sm-20t&#8221; mobile_mt=&#8221;margin-xs-20t&#8221; css=&#8221;.vc_custom_1736935579987{background-image: url(\/wp-content\/uploads\/2025\/01\/Mariage-6.jpg?id=) !important;background-position: center !important;background-repeat: no-repeat !important;background-size: cover !important;}&#8221;][vc_column][wiso_testimonial autoplay=&#8221;5&#8243; loop=&#8221;true&#8221; color=&#8221;#ffffff&#8221;][wiso_testimonial_items author=&#8221;Olivia &#038; Corentin&#8221; position=&#8221;Mariage au Domaine de Valmont&#8221;]&#8221;Xavier a \u00e9t\u00e9 parfait ! Il nous a mit \u00e0 l\u2019aise, il nous a guid\u00e9 mais sans faire des poses fig\u00e9es, il a prit des moments de vie et \u00e7a c\u2019est vraiment pr\u00e9cieux. Nous sommes plus que combl\u00e9s des photos de notre mariage, on les regarde en boucle et elles nous font vraiment revivre ce moment. Tous nos invit\u00e9s aussi ont \u00e9t\u00e9 ravis des photos ! Merci encore mille fois Xavier !&#8221;[\/wiso_testimonial_items][wiso_testimonial_items author=&#8221;Jazmine &#038; Lambert&#8221; position=&#8221;Mariage au Ch\u00e2teau de Garde&#8221;]&#8221;Xavier was our photographer for our wedding in France at Chateau De garde. He\u2019s truly an amazing person to work with. Xavier\u2019s eye for certain shots was amazing. We loved our photos. For the wedding he came for both our events and took fabulous shots ! Talk about amazing ! I would highly recommend Xavier to anyone looking for a skilled photographer in the area. Merciiiii Xavier !!&#8221;[\/wiso_testimonial_items][wiso_testimonial_items author=&#8221;Sol\u00e8ne &#038; Marc&#8221; position=&#8221;Mariage \u00e0 la Maison Welcome&#8221;]&#8221;Nous sommes plus que ravis d\u2019avoir choisi Xavier pour notre mariage. Il a su capturer ces moments si pr\u00e9cieux de la meilleure des fa\u00e7ons. Communication fluide, toujours \u00e0 l\u2019\u00e9coute, il a contribu\u00e9 \u00e0 la r\u00e9ussite de cette journ\u00e9e.<br \/>\nMille merci !&#8221;[\/wiso_testimonial_items][wiso_testimonial_items author=&#8221;Charlotte &#038; Mathieu&#8221; position=&#8221;Mariage au Ch\u00e2teau Mader&#8221;]&#8221;Tr\u00e8s professionnel et sympathique, Xavier r\u00e9alise un travail de qualit\u00e9. Il sait mettre \u00e0 l&#8217;aise durant les s\u00e9ances, il est toujours \u00e0 la recherche du meilleur plan et il s&#8217;adapte aux envies de chacun. Nous avons fait appel \u00e0 lui pour notre mariage et nous sommes enti\u00e8rement satisfaits du rendu final des photos. Nous le recommandons et nous avons h\u00e2te de le retrouver pour immortaliser d&#8217;autres moments.&#8221;[\/wiso_testimonial_items][\/wiso_testimonial][\/vc_column][\/vc_row]<\/p>\n","protected":false},"excerpt":{"rendered":"<p>[vc_row full_width=&#8221;stretch_row_content_no_spaces&#8221; full_height=&#8221;yes&#8221; enable_ovarlay=&#8221;true&#8221; el_class=&#8221;xb-banner-slider&#8221;][vc_column el_class=&#8221;xb-banner&#8221;][banner_slider type_slider=&#8221;myro&#8221; autoplay=&#8221;5&#8243;][banner_slider_items option_style=&#8221;myro&#8221; image=&#8221;6635&#8243;][banner_slider_items option_style=&#8221;myro&#8221; image=&#8221;6635&#8243;][banner_slider_items option_style=&#8221;myro&#8221; image=&#8221;9508&#8243;][banner_slider_items option_style=&#8221;myro&#8221; image=&#8221;6733&#8243;][banner_slider_items option_style=&#8221;myro&#8221; image=&#8221;6514&#8243;][banner_slider_items option_style=&#8221;myro&#8221; image=&#8221;6185&#8243;][banner_slider_items option_style=&#8221;myro&#8221; image=&#8221;6737&#8243;][banner_slider_items option_style=&#8221;myro&#8221; image=&#8221;6257&#8243;][banner_slider_items option_style=&#8221;myro&#8221; image=&#8221;6734&#8243;][banner_slider_items option_style=&#8221;myro&#8221; image=&#8221;6585&#8243;][banner_slider_items option_style=&#8221;myro&#8221; image=&#8221;6423&#8243;][banner_slider_items option_style=&#8221;myro&#8221; image=&#8221;6561&#8243;][\/banner_slider][\/vc_column][\/vc_row][vc_row desctop_mt=&#8221;margin-lg-50t&#8221; desctop_mb=&#8221;margin-lg-50b&#8221; desctop_md_mt=&#8221;margin-md-50t&#8221; desctop_md_mb=&#8221;margin-md-50b&#8221; tablets_mt=&#8221;margin-sm-30t&#8221; tablets_mb=&#8221;margin-sm-30b&#8221; mobile_mt=&#8221;margin-xs-20t&#8221; mobile_mb=&#8221;margin-xs-20b&#8221; el_class=&#8221;xb&#8221;][vc_column css=&#8221;.vc_custom_1737031804009{padding-top: 0px !important;}&#8221;][wiso_headings style=&#8221;text_center&#8221; title=&#8221;Hello&#8221; subtitle=&#8221;I&#8217;m Xavier&#8221;][vc_column_text el_class=&#8221;.me&#8221;] With over 7 years of experience &#8230;<\/p>\n","protected":false},"author":1,"featured_media":0,"parent":0,"menu_order":0,"comment_status":"closed","ping_status":"closed","template":"","meta":{"footnotes":""},"_links":{"self":[{"href":"https:\/\/www.xavierbellenger.com\/en\/wp-json\/wp\/v2\/pages\/6087"}],"collection":[{"href":"https:\/\/www.xavierbellenger.com\/en\/wp-json\/wp\/v2\/pages"}],"about":[{"href":"https:\/\/www.xavierbellenger.com\/en\/wp-json\/wp\/v2\/types\/page"}],"author":[{"embeddable":true,"href":"https:\/\/www.xavierbellenger.com\/en\/wp-json\/wp\/v2\/users\/1"}],"replies":[{"embeddable":true,"href":"https:\/\/www.xavierbellenger.com\/en\/wp-json\/wp\/v2\/comments?post=6087"}],"version-history":[{"count":214,"href":"https:\/\/www.xavierbellenger.com\/en\/wp-json\/wp\/v2\/pages\/6087\/revisions"}],"predecessor-version":[{"id":24630,"href":"https:\/\/www.xavierbellenger.com\/en\/wp-json\/wp\/v2\/pages\/6087\/revisions\/24630"}],"wp:attachment":[{"href":"https:\/\/www.xavierbellenger.com\/en\/wp-json\/wp\/v2\/media?parent=6087"}],"curies":[{"name":"wp","href":"https:\/\/api.w.org\/{rel}","templated":true}]}}