{"id":8351,"date":"2025-01-15T16:27:17","date_gmt":"2025-01-15T15:27:17","guid":{"rendered":"https:\/\/new.xavierbellenger.com\/?page_id=8351"},"modified":"2025-12-16T14:03:27","modified_gmt":"2025-12-16T13:03:27","slug":"seance-famille","status":"publish","type":"page","link":"https:\/\/www.xavierbellenger.com\/en\/seance-famille\/","title":{"rendered":"Family photo shoot"},"content":{"rendered":"<p>[vc_row full_width=&#8221;stretch_row_content_no_spaces&#8221;][vc_column][wiso_banner style_banner=&#8221;simple&#8221; height=&#8221;full&#8221; style=&#8221;center_content&#8221; overlay=&#8221;yes&#8221; title=&#8221;Family&#8221; image=&#8221;7713&#8243; subtitle=&#8221;Photo shoot&#8221;][\/vc_column][\/vc_row][vc_row full_width=&#8221;stretch_row&#8221; desctop_lg_pb=&#8221;padding-lg-30b&#8221; desctop_pb=&#8221;padding-md-30b&#8221; tablets_pb=&#8221;padding-sm-30b&#8221; mobile_pb=&#8221;padding-xs-20b&#8221; el_class=&#8221;xb-header&#8221; css=&#8221;.vc_custom_1736869525935{background-color: #fdf9f6 !important;}&#8221;][vc_column][wiso_headings style=&#8221;text_center&#8221; title=&#8221;Family photo session&#8221; subtitle=&#8221;Energy and fun for your&#8221;][vc_column_text el_class=&#8221;.me&#8221;]<\/p>\n<p style=\"text-align: center;\"><a href=\"\/en\/photographe-famille-bordeaux\/\">Family photo sessions<\/a> are a great opportunity to have fun with your children, reconnect with grandparents, and gather siblings, cousins, and more. It\u2019s a time for your children to do what they\u2019re usually not allowed to do (who said, \u201cStop jumping on the bed!\u201d). If you want to capture the carefree nature of your kids, or the love between your grandparents despite 50 years of marriage, then you\u2019re in the right place!<\/p>\n<p style=\"text-align: center;\">Why not give a gift certificate for Christmas, surprise your partner who hasn\u2019t seen their family in a while, or simply treat yourself to a keepsake of a joyful moment? For 1.5 hours, we\u2019ll walk around, play, and make sure everyone has fun, so the photos are filled with enjoyment! Whether it\u2019s in the city of Bordeaux or Arcachon, in a park near your home, at the beach in La Salie (certainly one of my favorite spots), or at Porge, or even in the garden of your family home, we\u2019ll decide together what works best for your desires!<\/p>\n<p>[\/vc_column_text][wiso_button style=&#8221;a-btn&#8221; button=&#8221;url:%2Fen%2Fcontact%2F|title:Leave%20me%20a%20message!&#8221;][\/vc_column][\/vc_row][vc_row desctop_mt=&#8221;margin-lg-60t&#8221; desctop_mb=&#8221;margin-lg-35b&#8221; desctop_md_mt=&#8221;margin-md-60t&#8221; desctop_md_mb=&#8221;margin-md-35b&#8221; tablets_mt=&#8221;margin-sm-40t&#8221; tablets_mb=&#8221;margin-sm-20b&#8221; mobile_mt=&#8221;margin-xs-30t&#8221; mobile_mb=&#8221;margin-xs-10b&#8221; el_class=&#8221;xb&#8221;][vc_column css=&#8221;.vc_custom_1736866163144{padding-top: 0px !important;}&#8221;][wiso_headings style=&#8221;text_center&#8221; title=&#8221;Pricing&#8221; subtitle=&#8221;Packages for every desire&#8221;][\/vc_column][\/vc_row][vc_row full_width=&#8221;stretch_row&#8221; full_height=&#8221;yes&#8221; columns_placement=&#8221;top&#8221; equal_height=&#8221;yes&#8221; content_placement=&#8221;top&#8221; enable_ovarlay=&#8221;true&#8221; mobile_mb=&#8221;margin-xs-0b&#8221; desctop_lg_pt=&#8221;padding-lg-60t&#8221; desctop_lg_pb=&#8221;padding-lg-95b&#8221; mobile_pt=&#8221;padding-xs-15t&#8221; mobile_pb=&#8221;padding-xs-15b&#8221; css=&#8221;.vc_custom_1737365001907{background: #101820 url(\/wp-content\/uploads\/2025\/01\/Bebe-15.jpg?id=8778) !important;background-position: center !important;background-repeat: no-repeat !important;background-size: cover !important;}&#8221;][vc_column width=&#8221;1\/2&#8243; offset=&#8221;vc_col-lg-6 vc_col-md-6&#8243; css=&#8221;.vc_custom_1736865893796{padding-top: 0px !important;}&#8221;][vc_pricing subtitle=&#8221;150\u20ac&#8221; title=&#8221;Package n\u00b01&#8243; button=&#8221;url:%2Fen%2Fcontact%2F|title:Book%20now&#8221;]<\/p>\n<ul>\n<li>1-hour session<\/li>\n<li>15 HD photos<\/li>\n<li>Post-production (Selection, processing, and retouching)<\/li>\n<li>Online gallery<\/li>\n<li>5 \u20ac per additional photo<\/li>\n<\/ul>\n<p>[\/vc_pricing][\/vc_column][vc_column width=&#8221;1\/2&#8243; mobile_mt=&#8221;margin-xs-20t&#8221; offset=&#8221;vc_col-lg-6 vc_col-md-6&#8243; css=&#8221;.vc_custom_1736865983144{padding-top: 0px !important;}&#8221;][vc_pricing subtitle=&#8221;180\u20ac&#8221; title=&#8221;Package n\u00b02&#8243; button=&#8221;url:%2Fen%2Fcontact%2F|title:Book%20now&#8221;]<\/p>\n<ul>\n<li>1-hour session<\/li>\n<li>25 HD photos<\/li>\n<li>Post-production (Selection, processing, and retouching)<\/li>\n<li>Online gallery<\/li>\n<li>5 \u20ac per additional photo<\/li>\n<\/ul>\n<p>[\/vc_pricing][\/vc_column][vc_column width=&#8221;1\/2&#8243; desctop_mt=&#8221;margin-lg-30t&#8221; desctop_md_mt=&#8221;margin-md-30t&#8221; tablets_mt=&#8221;margin-sm-30t&#8221; mobile_mt=&#8221;margin-xs-20t&#8221; offset=&#8221;vc_col-lg-6 vc_col-md-6&#8243; css=&#8221;.vc_custom_1736866083264{padding-top: 0px !important;}&#8221;][vc_pricing subtitle=&#8221;220\u20ac&#8221; title=&#8221;Package n\u00b03&#8243; button=&#8221;url:%2Fen%2Fcontact%2F|title:Book%20now&#8221;]<\/p>\n<ul>\n<li>1-hour session<\/li>\n<li>All HD photos<\/li>\n<li>Post-production (Selection, processing, and retouching)<\/li>\n<li>Online gallery<\/li>\n<\/ul>\n<p>[\/vc_pricing][\/vc_column][vc_column width=&#8221;1\/2&#8243; desctop_mt=&#8221;margin-lg-30t&#8221; desctop_md_mt=&#8221;margin-md-30t&#8221; tablets_mt=&#8221;margin-sm-30t&#8221; mobile_mt=&#8221;margin-xs-20t&#8221; offset=&#8221;vc_col-lg-6 vc_col-md-6&#8243; css=&#8221;.vc_custom_1736866102679{padding-top: 0px !important;}&#8221;][vc_pricing subtitle=&#8221;Upon request&#8221; title=&#8221;Options&#8221; button=&#8221;url:%2Fen%2Fcontact%2F|title:Book%20now&#8221;]<\/p>\n<ul>\n<li>Session duration of your choice<\/li>\n<li>Additional photos<\/li>\n<li>Photo album<\/li>\n<li>Prints &#038; Enlargements<\/li>\n<\/ul>\n<p>[\/vc_pricing][\/vc_column][\/vc_row][vc_row desctop_mt=&#8221;margin-lg-60t&#8221; desctop_mb=&#8221;margin-lg-35b&#8221; desctop_md_mt=&#8221;margin-md-60t&#8221; desctop_md_mb=&#8221;margin-md-35b&#8221; tablets_mt=&#8221;margin-sm-40t&#8221; tablets_mb=&#8221;margin-sm-20b&#8221; mobile_mt=&#8221;margin-xs-20t&#8221; mobile_mb=&#8221;margin-xs-10b&#8221; el_class=&#8221;xb-header&#8221;][vc_column css=&#8221;.vc_custom_1736943833000{padding-top: 0px !important;}&#8221;][wiso_headings style=&#8221;text_center&#8221; title=&#8221;Inquire&#8221;][vc_column_text el_class=&#8221;.me&#8221;]<\/p>\n<p style=\"text-align: center;\">Do you love my work and think I could be your\u00a0<strong>photographer<\/strong>? Need more information or a personalized quote? Contact me through this form, and I will get back to you quickly!<\/p>\n<p>[\/vc_column_text][\/vc_column][\/vc_row][vc_row desctop_mb=&#8221;margin-lg-30b&#8221; desctop_md_mb=&#8221;margin-md-30b&#8221; tablets_mb=&#8221;margin-sm-20b&#8221; mobile_mb=&#8221;margin-xs-20b&#8221;][vc_column el_class=&#8221;contact-form-mariage&#8221;]<div role=\"form\" class=\"wpcf7\" id=\"wpcf7-f5982-o1\" lang=\"en\" dir=\"ltr\">\n<div class=\"screen-reader-response\"><p role=\"status\" aria-live=\"polite\" aria-atomic=\"true\"><\/p> <ul><\/ul><\/div>\n<form action=\"\/en\/wp-json\/wp\/v2\/pages\/8351#wpcf7-f5982-o1\" method=\"post\" class=\"wpcf7-form init\" novalidate=\"novalidate\" data-status=\"init\">\n<div style=\"display: none;\">\n<input type=\"hidden\" name=\"_wpcf7\" value=\"5982\" \/>\n<input type=\"hidden\" name=\"_wpcf7_version\" value=\"5.4.1\" \/>\n<input type=\"hidden\" name=\"_wpcf7_locale\" value=\"en\" \/>\n<input type=\"hidden\" name=\"_wpcf7_unit_tag\" value=\"wpcf7-f5982-o1\" \/>\n<input type=\"hidden\" name=\"_wpcf7_container_post\" value=\"0\" \/>\n<input type=\"hidden\" name=\"_wpcf7_posted_data_hash\" value=\"\" \/>\n<input type=\"hidden\" name=\"lang\" value=\"en\" \/>\n<\/div>\n<p><label> Lastname *<br \/>\n    <span class=\"wpcf7-form-control-wrap your-name\"><input type=\"text\" name=\"your-name\" value=\"\" size=\"40\" class=\"wpcf7-form-control wpcf7-text wpcf7-validates-as-required\" aria-required=\"true\" aria-invalid=\"false\" \/><\/span> <\/label><\/p>\n<p><label> Firstname *<br \/>\n    <span class=\"wpcf7-form-control-wrap your-firstname\"><input type=\"text\" name=\"your-firstname\" value=\"\" size=\"40\" class=\"wpcf7-form-control wpcf7-text wpcf7-validates-as-required\" aria-required=\"true\" aria-invalid=\"false\" \/><\/span> <\/label><\/p>\n<p><label> Email *<br \/>\n    <span class=\"wpcf7-form-control-wrap your-email\"><input type=\"email\" name=\"your-email\" value=\"\" size=\"40\" class=\"wpcf7-form-control wpcf7-text wpcf7-email wpcf7-validates-as-required wpcf7-validates-as-email\" aria-required=\"true\" aria-invalid=\"false\" \/><\/span> <\/label><\/p>\n<p><label> Phone number *<br \/>\n    <span class=\"wpcf7-form-control-wrap your-phone\"><input type=\"tel\" name=\"your-phone\" value=\"\" size=\"40\" class=\"wpcf7-form-control wpcf7-text wpcf7-tel wpcf7-validates-as-required wpcf7-validates-as-tel\" aria-required=\"true\" aria-invalid=\"false\" \/><\/span> <\/label><\/p>\n<p><label> Your message *<br \/>\n    <span class=\"wpcf7-form-control-wrap your-message\"><textarea name=\"your-message\" cols=\"40\" rows=\"10\" class=\"wpcf7-form-control wpcf7-textarea wpcf7-validates-as-required\" aria-required=\"true\" aria-invalid=\"false\"><\/textarea><\/span> <\/label><br \/>\n<div id=\"cf7sr-69f249afe8b75\" class=\"cf7sr-g-recaptcha\" data-theme=\"light\" data-type=\"image\" data-size=\"normal\" data-sitekey=\"6Lf0ZtYhAAAAAFckl5Aq4AEBi8EoLfMY-zzDwRwB\"><\/div><span class=\"wpcf7-form-control-wrap cf7sr-recaptcha\" data-name=\"cf7sr-recaptcha\"><input type=\"hidden\" name=\"cf7sr-recaptcha\" value=\"\" class=\"wpcf7-form-control\"><\/span><br \/>\n<input type=\"submit\" value=\"Send\" class=\"wpcf7-form-control wpcf7-submit\" \/><\/p>\n<p style=\"display: none !important;\" class=\"akismet-fields-container\" data-prefix=\"_wpcf7_ak_\"><label>&#916;<textarea name=\"_wpcf7_ak_hp_textarea\" cols=\"45\" rows=\"8\" maxlength=\"100\"><\/textarea><\/label><input type=\"hidden\" id=\"ak_js_1\" name=\"_wpcf7_ak_js\" value=\"181\"\/><script>document.getElementById( \"ak_js_1\" ).setAttribute( \"value\", ( new Date() ).getTime() );<\/script><\/p><div class=\"wpcf7-response-output\" aria-hidden=\"true\"><\/div><\/form><\/div>[\/vc_column][\/vc_row][vc_row full_width=&#8221;stretch_row_content_no_spaces&#8221; gap=&#8221;30&#8243; css=&#8221;.vc_custom_1736939081623{background-color: #101820 !important;}&#8221;][vc_column css=&#8221;.vc_custom_1736606296420{padding-top: 0px !important;}&#8221;][vc_masonry_media_grid style=&#8221;lazy&#8221; items_per_page=&#8221;15&#8243; element_width=&#8221;3&#8243; gap=&#8221;15&#8243; initial_loading_animation=&#8221;fadeIn&#8221; grid_id=&#8221;vc_gid:1765890176336-dd191bb7-448a-1&#8243; include=&#8221;7650,7691,7681,7678,7178,7138,7636,7659,7664,8355,7683,6832,7703,7721,8352,7729,6917,7750,7764,7577,7652,7662,7680,7699,7677,7709,7697,7720,8354,7727,6831,7752,7692,7682,7679,7663,7658,7654,7634,7578,7651,7637,8353,7704,7712,7723,7765,7690,7649,7635,7698,6830,7711,7753&#8243;][\/vc_column][\/vc_row][vc_row desctop_mt=&#8221;margin-lg-60t&#8221; desctop_mb=&#8221;margin-lg-35b&#8221; desctop_md_mt=&#8221;margin-md-60t&#8221; desctop_md_mb=&#8221;margin-md-35b&#8221; tablets_mt=&#8221;margin-sm-40t&#8221; tablets_mb=&#8221;margin-sm-20b&#8221; mobile_mt=&#8221;margin-xs-30t&#8221; mobile_mb=&#8221;margin-xs-10b&#8221; el_class=&#8221;xb-header&#8221;][vc_column css=&#8221;.vc_custom_1736944113765{padding-top: 0px !important;}&#8221;][wiso_headings style=&#8221;text_center&#8221; title=&#8221;Photoshoot session&#8221; subtitle=&#8221;Tips and tricks for your&#8221;][\/vc_column][\/vc_row][vc_row][vc_column][wiso_services style=&#8221;accordion&#8221; items_accordion=&#8221;%5B%7B%22title%22%3A%22How%20long%20does%20a%20photoshoot%20session%20last%3F%22%2C%22text%22%3A%22A%20photo%20session%20usually%20lasts%20between%201%20and%201.5%20hours.%20We%20take%20this%20time%20to%20stroll%20and%20capture%20images%20at%20a%20relaxed%20pace.%20I%20let%20the%20children%20play%20freely%20to%20get%20natural%20photos%20and%20ensure%20their%20enjoyment%20throughout%20the%20session.%22%7D%2C%7B%22title%22%3A%22What%20outfits%20should%20you%20choose%3F%22%2C%22text%22%3A%22For%20your%20session%2C%20opt%20for%20simple%20outfits%20without%20bold%20logos%20or%20overly%20bright%20colors.%20Soft%2C%20solid%20colors%20are%20ideal.%20You%20can%20also%20coordinate%20your%20outfits%20to%20create%20a%20cohesive%20and%20elegant%20theme.%22%7D%2C%7B%22title%22%3A%22What%20is%20the%20best%20time%20for%20a%20photo%20session%3F%22%2C%22text%22%3A%22Sessions%20usually%20take%20place%201.5%20hours%20before%20sunset%20to%20capture%20soft%2C%20warm%20light.%20However%2C%20if%20your%20children%20are%20young%2C%20I%20recommend%20scheduling%20the%20session%20in%20the%20late%20morning%20or%20after%20their%20afternoon%20nap.%20For%20the%20adventurous%2C%20it&#8217;s%20also%20possible%20to%20enjoy%20the%20sunrise!%22%7D%2C%7B%22title%22%3A%22Where%20to%20do%20the%20session%3F%22%2C%22text%22%3A%22With%207%20years%20of%20experience%20as%20a%20family%20photographer%2C%20I%20have%20had%20the%20opportunity%20to%20explore%20many%20locations.%20The%20various%20parks%20in%20the%20Bordeaux%20region%20offer%20diverse%20landscapes.%20The%20ocean%20beaches%20are%20perfect%20on%20sunny%20days%20for%20taking%20photos%20with%20your%20feet%20in%20the%20water.%22%7D%5D&#8221; image=&#8221;7791&#8243;][\/vc_column][\/vc_row][vc_row desctop_mt=&#8221;margin-lg-60t&#8221; desctop_mb=&#8221;margin-lg-35b&#8221; desctop_md_mt=&#8221;margin-md-60t&#8221; desctop_md_mb=&#8221;margin-md-35b&#8221; tablets_mt=&#8221;margin-sm-40t&#8221; tablets_mb=&#8221;margin-sm-20b&#8221; mobile_mt=&#8221;margin-xs-30t&#8221; mobile_mb=&#8221;margin-xs-10b&#8221; el_class=&#8221;xb-header&#8221;][vc_column css=&#8221;.vc_custom_1736943813450{padding-top: 0px !important;}&#8221;][wiso_headings style=&#8221;text_center&#8221; title=&#8221;Latest work&#8221; subtitle=&#8221;Discover my&#8221;][\/vc_column][\/vc_row][vc_row full_width=&#8221;stretch_row_content_no_spaces&#8221;][vc_column][banner_slider type_slider=&#8221;myro&#8221; autoplay=&#8221;5&#8243;][banner_slider_items option_style=&#8221;myro&#8221; subtitle=&#8221;Bois des sources du Peugue &#8211; Pessac&#8221; title=&#8221;Marion &#038; J\u00e9r\u00f4me&#8221; btn_style=&#8221;a-btn-4&#8243; image=&#8221;14767&#8243; button=&#8221;url:%2Fen%2Fseance-famille-pessac-marion-jerome%2F|title:Read%20more&#8221;][banner_slider_items option_style=&#8221;myro&#8221; subtitle=&#8221;La Salie Beach&#8221; title=&#8221;Cindy &#038; Yohan&#8221; btn_style=&#8221;a-btn-4&#8243; image=&#8221;15627&#8243; button=&#8221;url:%2Fen%2Fseance-famille-plage-salie-cindy-yohan%2F|title:Read%20more&#8221;][banner_slider_items option_style=&#8221;myro&#8221; subtitle=&#8221;Andernos-les-bains&#8221; title=&#8221;Audrey &#038; Alexis&#8221; btn_style=&#8221;a-btn-4&#8243; image=&#8221;14706&#8243; button=&#8221;url:%2Fen%2Fseance-famille-andernos-audrey-alexis%2F|title:Read%20more&#8221;][banner_slider_items option_style=&#8221;myro&#8221; subtitle=&#8221;The Floral Park of Bordeaux&#8221; title=&#8221;Marion &#038; Flavien&#8221; btn_style=&#8221;a-btn-4&#8243; image=&#8221;14805&#8243; button=&#8221;url:%2Fen%2Fseance-famille-bordeaux-parc-floral-marion-flavien%2F|title:Read%20more&#8221;][\/banner_slider][\/vc_column][\/vc_row][vc_row full_width=&#8221;stretch_row&#8221; mobile_mb=&#8221;margin-xs-0b&#8221; desctop_lg_pb=&#8221;padding-lg-35b&#8221; desctop_pb=&#8221;padding-md-35b&#8221; tablets_pb=&#8221;padding-sm-20b&#8221; mobile_pb=&#8221;padding-xs-10b&#8221; el_class=&#8221;xb-header&#8221; css=&#8221;.vc_custom_1736939389120{padding-top: 0px !important;background-color: #fdf9f6 !important;}&#8221;][vc_column][wiso_headings style=&#8221;text_center&#8221; title=&#8221;Playgrounds&#8221; subtitle=&#8221;Places to have fun and enjoy a great time with family&#8221;][vc_column_text el_class=&#8221;.me&#8221;]<\/p>\n<p style=\"text-align: center;\">As a photographer specializing in family photos, I offer several locations for your session: parks in Bordeaux, L\u00e9ognan, or Pessac, beaches in Le Porge, Lacanau, or La Salie. These are all perfect settings to share a pleasant moment with your family.<\/p>\n<p>[\/vc_column_text][\/vc_column][\/vc_row][vc_row full_width=&#8221;stretch_row&#8221; gap=&#8221;35&#8243; equal_height=&#8221;yes&#8221; content_placement=&#8221;top&#8221; el_class=&#8221;xb mod-number mod-left&#8221; css=&#8221;.vc_custom_1736865173473{background-color: #fdf9f6 !important;}&#8221;][vc_column width=&#8221;1\/2&#8243; css=&#8221;.vc_custom_1736691497929{padding-top: 20px !important;}&#8221;][vc_column_text el_class=&#8221;seances-description&#8221;]<\/p>\n<p style=\"text-align: left;\">Between pine forests, dunes, and the beach<\/p>\n<p>[\/vc_column_text][vc_column_text el_class=&#8221;underlined-header&#8221;]Le Porge[\/vc_column_text][vc_single_image image=&#8221;8362&#8243; img_size=&#8221;full&#8221;][vc_separator align=&#8221;align_left&#8221; el_width=&#8221;30&#8243; css=&#8221;.vc_custom_1736594237003{padding-top: 40px !important;padding-bottom: 30px !important;}&#8221;][vc_column_text css=&#8221;.vc_custom_1738178937485{margin-bottom: 20px !important;}&#8221;]Choosing the beach of Porge Oc\u00e9an for your session means enjoying a vast and diverse space: between the pine forest, dunes, and the ocean, you&#8217;ll have the freedom to run, dance, and have fun in the water.<\/p>\n<p>The beach also offers large open areas, perfect for enjoying peaceful moments in complete privacy.<\/p>\n<p>End your session with your feet in the water or let the waves carry you for memorable, emotional photos![\/vc_column_text][\/vc_column][vc_column width=&#8221;1\/2&#8243; css=&#8221;.vc_custom_1736865710160{padding-top: 20px !important;}&#8221;][vc_column_text el_class=&#8221;seances-description&#8221;]Forest, boardwalks, and playgrounds[\/vc_column_text][vc_column_text el_class=&#8221;underlined-header&#8221;]The woods of the Peugue Springs[\/vc_column_text][vc_single_image image=&#8221;8366&#8243; img_size=&#8221;full&#8221;][vc_separator align=&#8221;align_left&#8221; el_width=&#8221;30&#8243; css=&#8221;.vc_custom_1736594237003{padding-top: 40px !important;padding-bottom: 30px !important;}&#8221;][vc_column_text css=&#8221;.vc_custom_1738179031300{margin-bottom: 20px !important;}&#8221;]The woods of the Peugue Springs are a perfect location for a photo session in the heart of nature, just a stone&#8217;s throw from Bordeaux and by the water. From the parking lot, you&#8217;ll walk through a pine forest before reaching a picturesque pond, accessible via a wooden footbridge.<\/p>\n<p>The park also offers relaxation areas, such as a playground, allowing your children to play freely during the session.<\/p>\n<p>This natural setting, with its mix of water and greenery, is the ideal place to capture precious moments while enjoying the beauty of the pond and the local wildlife.[\/vc_column_text][\/vc_column][\/vc_row][vc_row full_width=&#8221;stretch_row&#8221; gap=&#8221;35&#8243; equal_height=&#8221;yes&#8221; content_placement=&#8221;top&#8221; desctop_lg_pb=&#8221;padding-lg-20b&#8221; desctop_pb=&#8221;padding-md-20b&#8221; tablets_pb=&#8221;padding-sm-20b&#8221; mobile_pb=&#8221;padding-xs-20b&#8221; el_class=&#8221;xb mod-number mod-left&#8221; css=&#8221;.vc_custom_1737059714950{background-color: #fdf9f6 !important;}&#8221;][vc_column width=&#8221;1\/2&#8243; css=&#8221;.vc_custom_1736864784854{padding-top: 20px !important;}&#8221;][vc_column_text el_class=&#8221;seances-description&#8221;]Ready to race down the dunes?[\/vc_column_text][vc_column_text el_class=&#8221;underlined-header&#8221;]Dune du Pilat[\/vc_column_text][vc_single_image image=&#8221;8361&#8243; img_size=&#8221;full&#8221;][vc_separator align=&#8221;align_left&#8221; el_width=&#8221;30&#8243; css=&#8221;.vc_custom_1736594237003{padding-top: 40px !important;padding-bottom: 30px !important;}&#8221;][vc_column_text css=&#8221;.vc_custom_1738178879400{margin-bottom: 20px !important;}&#8221;]Choosing the Dune of Pilat for your photo session means immersing yourself in a breathtaking setting, where sky, sand, and ocean blend harmoniously. Whether at the top of the dune, with a panoramic view of Arcachon Bay and the surrounding forest, or on the beach below, every moment becomes unique and magical.<\/p>\n<p>Enjoy the vast stretches of sand to run, play, or simply admire the sunrise or sunset. The summit of the dune provides a spectacular backdrop for aerial and poetic shots, while the beach invites intimate moments, with feet in the water or gently rocked by the waves.[\/vc_column_text][\/vc_column][vc_column width=&#8221;1\/2&#8243; css=&#8221;.vc_custom_1736864789501{padding-top: 20px !important;}&#8221;][vc_column_text el_class=&#8221;seances-description&#8221;]Nature, lake, and artificial caves[\/vc_column_text][vc_column_text el_class=&#8221;underlined-header&#8221;]Majolan Park[\/vc_column_text][vc_single_image image=&#8221;8364&#8243; img_size=&#8221;full&#8221;][vc_separator align=&#8221;align_left&#8221; el_width=&#8221;30&#8243; css=&#8221;.vc_custom_1736594237003{padding-top: 40px !important;padding-bottom: 30px !important;}&#8221;][vc_column_text css=&#8221;.vc_custom_1738178706840{margin-bottom: 20px !important;}&#8221;]Choosing Majolan Park in Blanquefort for your photo session means stepping into an enchanting setting that blends nature and mystery. With its peaceful lake, artificial caves, and romantic bridges, every corner of the park offers a unique atmosphere for unforgettable shots.<\/p>\n<p>Stroll along the shaded paths, explore the caves, or pose by the water for photos filled with softness and serenity. The park is also perfect for capturing moments of intimacy and connection in a lush and soothing environment.[\/vc_column_text][\/vc_column][\/vc_row][vc_row full_width=&#8221;stretch_row&#8221; css=&#8221;.vc_custom_1737366112161{background-image: url(\/wp-content\/uploads\/2025\/01\/Mariage-6.jpg?id=) !important;background-position: center !important;background-repeat: no-repeat !important;background-size: cover !important;}&#8221;][vc_column][wiso_testimonial autoplay=&#8221;5&#8243; loop=&#8221;true&#8221; color=&#8221;#ffffff&#8221;][wiso_testimonial_items author=&#8221;Olivia &#038; Corentin&#8221; position=&#8221;Mariage au Domaine de Valmont&#8221;]&#8221;Xavier a \u00e9t\u00e9 parfait ! Il nous a mit \u00e0 l\u2019aise, il nous a guid\u00e9 mais sans faire des poses fig\u00e9es, il a prit des moments de vie et \u00e7a c\u2019est vraiment pr\u00e9cieux. Nous sommes plus que combl\u00e9s des photos de notre mariage, on les regarde en boucle et elles nous font vraiment revivre ce moment. Tous nos invit\u00e9s aussi ont \u00e9t\u00e9 ravis des photos ! Merci encore mille fois Xavier !&#8221;[\/wiso_testimonial_items][wiso_testimonial_items author=&#8221;Jazmine &#038; Lambert&#8221; position=&#8221;Mariage au Ch\u00e2teau de Garde&#8221;]&#8221;Xavier was our photographer for our wedding in France at Chateau De garde. He\u2019s truly an amazing person to work with. Xavier\u2019s eye for certain shots was amazing. We loved our photos. For the wedding he came for both our events and took fabulous shots ! Talk about amazing ! I would highly recommend Xavier to anyone looking for a skilled photographer in the area. Merciiiii Xavier !!&#8221;[\/wiso_testimonial_items][wiso_testimonial_items author=&#8221;Sol\u00e8ne &#038; Marc&#8221; position=&#8221;Mariage \u00e0 la Maison Welcome&#8221;]&#8221;Nous sommes plus que ravis d\u2019avoir choisi Xavier pour notre mariage. Il a su capturer ces moments si pr\u00e9cieux de la meilleure des fa\u00e7ons. Communication fluide, toujours \u00e0 l\u2019\u00e9coute, il a contribu\u00e9 \u00e0 la r\u00e9ussite de cette journ\u00e9e.<br \/>\nMille merci !&#8221;[\/wiso_testimonial_items][wiso_testimonial_items author=&#8221;Charlotte &#038; Mathieu&#8221; position=&#8221;Mariage au Ch\u00e2teau Mader&#8221;]&#8221;Tr\u00e8s professionnel et sympathique, Xavier r\u00e9alise un travail de qualit\u00e9. Il sait mettre \u00e0 l&#8217;aise durant les s\u00e9ances, il est toujours \u00e0 la recherche du meilleur plan et il s&#8217;adapte aux envies de chacun. Nous avons fait appel \u00e0 lui pour notre mariage et nous sommes enti\u00e8rement satisfaits du rendu final des photos. Nous le recommandons et nous avons h\u00e2te de le retrouver pour immortaliser d&#8217;autres moments.&#8221;[\/wiso_testimonial_items][\/wiso_testimonial][\/vc_column][\/vc_row]<\/p>\n","protected":false},"excerpt":{"rendered":"<p>[vc_row full_width=&#8221;stretch_row_content_no_spaces&#8221;][vc_column][wiso_banner style_banner=&#8221;simple&#8221; height=&#8221;full&#8221; style=&#8221;center_content&#8221; overlay=&#8221;yes&#8221; title=&#8221;Family&#8221; image=&#8221;7713&#8243; subtitle=&#8221;Photo shoot&#8221;][\/vc_column][\/vc_row][vc_row full_width=&#8221;stretch_row&#8221; desctop_lg_pb=&#8221;padding-lg-30b&#8221; desctop_pb=&#8221;padding-md-30b&#8221; tablets_pb=&#8221;padding-sm-30b&#8221; mobile_pb=&#8221;padding-xs-20b&#8221; el_class=&#8221;xb-header&#8221; css=&#8221;.vc_custom_1736869525935{background-color: #fdf9f6 !important;}&#8221;][vc_column][wiso_headings style=&#8221;text_center&#8221; title=&#8221;Family photo session&#8221; subtitle=&#8221;Energy and fun for your&#8221;][vc_column_text el_class=&#8221;.me&#8221;] Family photo sessions are a great opportunity to have fun with your children, reconnect with grandparents, and gather siblings, cousins, and more. It\u2019s a time for &#8230;<\/p>\n","protected":false},"author":1,"featured_media":0,"parent":0,"menu_order":0,"comment_status":"closed","ping_status":"closed","template":"","meta":{"footnotes":""},"_links":{"self":[{"href":"https:\/\/www.xavierbellenger.com\/en\/wp-json\/wp\/v2\/pages\/8351"}],"collection":[{"href":"https:\/\/www.xavierbellenger.com\/en\/wp-json\/wp\/v2\/pages"}],"about":[{"href":"https:\/\/www.xavierbellenger.com\/en\/wp-json\/wp\/v2\/types\/page"}],"author":[{"embeddable":true,"href":"https:\/\/www.xavierbellenger.com\/en\/wp-json\/wp\/v2\/users\/1"}],"replies":[{"embeddable":true,"href":"https:\/\/www.xavierbellenger.com\/en\/wp-json\/wp\/v2\/comments?post=8351"}],"version-history":[{"count":30,"href":"https:\/\/www.xavierbellenger.com\/en\/wp-json\/wp\/v2\/pages\/8351\/revisions"}],"predecessor-version":[{"id":22832,"href":"https:\/\/www.xavierbellenger.com\/en\/wp-json\/wp\/v2\/pages\/8351\/revisions\/22832"}],"wp:attachment":[{"href":"https:\/\/www.xavierbellenger.com\/en\/wp-json\/wp\/v2\/media?parent=8351"}],"curies":[{"name":"wp","href":"https:\/\/api.w.org\/{rel}","templated":true}]}}