{"id":8618,"date":"2025-01-17T09:00:38","date_gmt":"2025-01-17T08:00:38","guid":{"rendered":"https:\/\/new.xavierbellenger.com\/?page_id=8618"},"modified":"2025-12-16T14:04:30","modified_gmt":"2025-12-16T13:04:30","slug":"seance-grossesse","status":"publish","type":"page","link":"https:\/\/www.xavierbellenger.com\/en\/seance-grossesse\/","title":{"rendered":"Pregnancy photo shoot"},"content":{"rendered":"<p>[vc_row full_width=&#8221;stretch_row_content_no_spaces&#8221;][vc_column][wiso_banner style_banner=&#8221;simple&#8221; height=&#8221;full&#8221; style=&#8221;center_content&#8221; overlay=&#8221;yes&#8221; title=&#8221;Pregnancy&#8221; image=&#8221;6365&#8243; subtitle=&#8221;Photo shoot&#8221;][\/vc_column][\/vc_row][vc_row full_width=&#8221;stretch_row&#8221; desctop_lg_pb=&#8221;padding-lg-30b&#8221; desctop_pb=&#8221;padding-md-30b&#8221; tablets_pb=&#8221;padding-sm-30b&#8221; mobile_pb=&#8221;padding-xs-20b&#8221; el_class=&#8221;xb-header&#8221; css=&#8221;.vc_custom_1736869525935{background-color: #fdf9f6 !important;}&#8221;][vc_column][wiso_headings style=&#8221;text_center&#8221; title=&#8221;Maternity photoshoot&#8221; subtitle=&#8221;Softness &#038; Poetry for your&#8221;][vc_column_text el_class=&#8221;.me&#8221;]<\/p>\n<p style=\"text-align: center;\">9 months&#8230; This precious time during which life is being created, and each day brings you closer to meeting your baby. Your body changes, your curves take shape, and every moment deserves to be captured. A <a href=\"\/en\/photographe-grossesse-bordeaux\/\">maternity photoshoot<\/a> is the perfect way to immortalize these unique moments.<\/p>\n<p style=\"text-align: center;\">These maternity photos are more than just a keepsake; they mark the beginning of your journey as parents. Whether alone, with your partner, or with your children, these shots tell the story of your growing family. Whether you prefer a cozy indoor ambiance for soft and intimate images or a natural outdoor setting \u2013 in the forest or on the beach \u2013 these photos will be taken in a place that reflects who you are.<\/p>\n<p>[\/vc_column_text][wiso_button style=&#8221;a-btn&#8221; button=&#8221;url:%2Fen%2Fcontact%2F|title:Let&#8217;s%20talk%20about%20it!&#8221;][\/vc_column][\/vc_row][vc_row desctop_mt=&#8221;margin-lg-60t&#8221; desctop_mb=&#8221;margin-lg-35b&#8221; desctop_md_mt=&#8221;margin-md-60t&#8221; desctop_md_mb=&#8221;margin-md-35b&#8221; tablets_mt=&#8221;margin-sm-40t&#8221; tablets_mb=&#8221;margin-sm-20b&#8221; mobile_mt=&#8221;margin-xs-30t&#8221; mobile_mb=&#8221;margin-xs-10b&#8221; el_class=&#8221;xb&#8221;][vc_column css=&#8221;.vc_custom_1736866163144{padding-top: 0px !important;}&#8221;][wiso_headings style=&#8221;text_center&#8221; title=&#8221;Pricing&#8221; subtitle=&#8221;Packages for every desire&#8221;][\/vc_column][\/vc_row][vc_row full_width=&#8221;stretch_row&#8221; full_height=&#8221;yes&#8221; columns_placement=&#8221;top&#8221; equal_height=&#8221;yes&#8221; content_placement=&#8221;top&#8221; enable_ovarlay=&#8221;true&#8221; mobile_mb=&#8221;margin-xs-0b&#8221; desctop_lg_pt=&#8221;padding-lg-60t&#8221; desctop_lg_pb=&#8221;padding-lg-95b&#8221; mobile_pt=&#8221;padding-xs-15t&#8221; mobile_pb=&#8221;padding-xs-15b&#8221; css=&#8221;.vc_custom_1737364648676{background: #101820 url(\/wp-content\/uploads\/2025\/01\/Grossesse-122.jpg?id=8761) !important;background-position: center !important;background-repeat: no-repeat !important;background-size: cover !important;}&#8221;][vc_column width=&#8221;1\/2&#8243; offset=&#8221;vc_col-lg-6 vc_col-md-6&#8243; css=&#8221;.vc_custom_1736865893796{padding-top: 0px !important;}&#8221;][vc_pricing subtitle=&#8221;150\u20ac&#8221; title=&#8221;Package n\u00b01&#8243; button=&#8221;url:%2Fen%2Fcontact%2F|title:Book%20now&#8221;]<\/p>\n<ul>\n<li>1-hour session<\/li>\n<li>15 HD photos<\/li>\n<li>Post-production (Selection, processing, and retouching)<\/li>\n<li>Online gallery<\/li>\n<li>5 \u20ac per additional photo<\/li>\n<\/ul>\n<p>[\/vc_pricing][\/vc_column][vc_column width=&#8221;1\/2&#8243; mobile_mt=&#8221;margin-xs-20t&#8221; offset=&#8221;vc_col-lg-6 vc_col-md-6&#8243; css=&#8221;.vc_custom_1736865983144{padding-top: 0px !important;}&#8221;][vc_pricing subtitle=&#8221;180\u20ac&#8221; title=&#8221;Package n\u00b02&#8243; button=&#8221;url:%2Fen%2Fcontact%2F|title:Book%20now&#8221;]<\/p>\n<ul>\n<li>1-hour session<\/li>\n<li>25 HD photos<\/li>\n<li>Post-production (Selection, processing, and retouching)<\/li>\n<li>Online gallery<\/li>\n<li>5 \u20ac per additional photo<\/li>\n<\/ul>\n<p>[\/vc_pricing][\/vc_column][vc_column width=&#8221;1\/2&#8243; desctop_mt=&#8221;margin-lg-30t&#8221; desctop_md_mt=&#8221;margin-md-30t&#8221; tablets_mt=&#8221;margin-sm-30t&#8221; mobile_mt=&#8221;margin-xs-20t&#8221; offset=&#8221;vc_col-lg-6 vc_col-md-6&#8243; css=&#8221;.vc_custom_1736866083264{padding-top: 0px !important;}&#8221;][vc_pricing subtitle=&#8221;220\u20ac&#8221; title=&#8221;Package n\u00b03&#8243; button=&#8221;url:%2Fen%2Fcontact%2F|title:Book%20now&#8221;]<\/p>\n<ul>\n<li>1-hour session<\/li>\n<li>All HD photos<\/li>\n<li>Post-production (Selection, processing, and retouching)<\/li>\n<li>Online gallery<\/li>\n<\/ul>\n<p>[\/vc_pricing][\/vc_column][vc_column width=&#8221;1\/2&#8243; desctop_mt=&#8221;margin-lg-30t&#8221; desctop_md_mt=&#8221;margin-md-30t&#8221; tablets_mt=&#8221;margin-sm-30t&#8221; mobile_mt=&#8221;margin-xs-20t&#8221; offset=&#8221;vc_col-lg-6 vc_col-md-6&#8243; css=&#8221;.vc_custom_1736866102679{padding-top: 0px !important;}&#8221;][vc_pricing subtitle=&#8221;Upon request&#8221; title=&#8221;Options&#8221; button=&#8221;url:%2Fen%2Fcontact%2F|title:Book%20now&#8221;]<\/p>\n<ul>\n<li>Session duration of your choice<\/li>\n<li>Additional photos<\/li>\n<li>Photo album<\/li>\n<li>Prints &#038; Enlargements<\/li>\n<\/ul>\n<p>[\/vc_pricing][\/vc_column][\/vc_row][vc_row desctop_mt=&#8221;margin-lg-60t&#8221; desctop_mb=&#8221;margin-lg-35b&#8221; desctop_md_mt=&#8221;margin-md-60t&#8221; desctop_md_mb=&#8221;margin-md-35b&#8221; tablets_mt=&#8221;margin-sm-40t&#8221; tablets_mb=&#8221;margin-sm-20b&#8221; mobile_mt=&#8221;margin-xs-20t&#8221; mobile_mb=&#8221;margin-xs-10b&#8221; el_class=&#8221;xb-header&#8221;][vc_column css=&#8221;.vc_custom_1736943833000{padding-top: 0px !important;}&#8221;][wiso_headings style=&#8221;text_center&#8221; title=&#8221;Inquire&#8221;][vc_column_text el_class=&#8221;.me&#8221;]<\/p>\n<p style=\"text-align: center;\">Do you love my work and think I could be your\u00a0<strong>photographer<\/strong>? Need more information or a personalized quote? Contact me through this form, and I will get back to you quickly!<\/p>\n<p>[\/vc_column_text][\/vc_column][\/vc_row][vc_row desctop_mb=&#8221;margin-lg-30b&#8221; desctop_md_mb=&#8221;margin-md-30b&#8221; tablets_mb=&#8221;margin-sm-20b&#8221; mobile_mb=&#8221;margin-xs-20b&#8221;][vc_column el_class=&#8221;contact-form-mariage&#8221;]<div role=\"form\" class=\"wpcf7\" id=\"wpcf7-f5982-o1\" lang=\"en\" dir=\"ltr\">\n<div class=\"screen-reader-response\"><p role=\"status\" aria-live=\"polite\" aria-atomic=\"true\"><\/p> <ul><\/ul><\/div>\n<form action=\"\/en\/wp-json\/wp\/v2\/pages\/8618#wpcf7-f5982-o1\" method=\"post\" class=\"wpcf7-form init\" novalidate=\"novalidate\" data-status=\"init\">\n<div style=\"display: none;\">\n<input type=\"hidden\" name=\"_wpcf7\" value=\"5982\" \/>\n<input type=\"hidden\" name=\"_wpcf7_version\" value=\"5.4.1\" \/>\n<input type=\"hidden\" name=\"_wpcf7_locale\" value=\"en\" \/>\n<input type=\"hidden\" name=\"_wpcf7_unit_tag\" value=\"wpcf7-f5982-o1\" \/>\n<input type=\"hidden\" name=\"_wpcf7_container_post\" value=\"0\" \/>\n<input type=\"hidden\" name=\"_wpcf7_posted_data_hash\" value=\"\" \/>\n<input type=\"hidden\" name=\"lang\" value=\"en\" \/>\n<\/div>\n<p><label> Lastname *<br \/>\n    <span class=\"wpcf7-form-control-wrap your-name\"><input type=\"text\" name=\"your-name\" value=\"\" size=\"40\" class=\"wpcf7-form-control wpcf7-text wpcf7-validates-as-required\" aria-required=\"true\" aria-invalid=\"false\" \/><\/span> <\/label><\/p>\n<p><label> Firstname *<br \/>\n    <span class=\"wpcf7-form-control-wrap your-firstname\"><input type=\"text\" name=\"your-firstname\" value=\"\" size=\"40\" class=\"wpcf7-form-control wpcf7-text wpcf7-validates-as-required\" aria-required=\"true\" aria-invalid=\"false\" \/><\/span> <\/label><\/p>\n<p><label> Email *<br \/>\n    <span class=\"wpcf7-form-control-wrap your-email\"><input type=\"email\" name=\"your-email\" value=\"\" size=\"40\" class=\"wpcf7-form-control wpcf7-text wpcf7-email wpcf7-validates-as-required wpcf7-validates-as-email\" aria-required=\"true\" aria-invalid=\"false\" \/><\/span> <\/label><\/p>\n<p><label> Phone number *<br \/>\n    <span class=\"wpcf7-form-control-wrap your-phone\"><input type=\"tel\" name=\"your-phone\" value=\"\" size=\"40\" class=\"wpcf7-form-control wpcf7-text wpcf7-tel wpcf7-validates-as-required wpcf7-validates-as-tel\" aria-required=\"true\" aria-invalid=\"false\" \/><\/span> <\/label><\/p>\n<p><label> Your message *<br \/>\n    <span class=\"wpcf7-form-control-wrap your-message\"><textarea name=\"your-message\" cols=\"40\" rows=\"10\" class=\"wpcf7-form-control wpcf7-textarea wpcf7-validates-as-required\" aria-required=\"true\" aria-invalid=\"false\"><\/textarea><\/span> <\/label><br \/>\n<div id=\"cf7sr-6a044e88c0420\" class=\"cf7sr-g-recaptcha\" data-theme=\"light\" data-type=\"image\" data-size=\"normal\" data-sitekey=\"6Lf0ZtYhAAAAAFckl5Aq4AEBi8EoLfMY-zzDwRwB\"><\/div><span class=\"wpcf7-form-control-wrap cf7sr-recaptcha\" data-name=\"cf7sr-recaptcha\"><input type=\"hidden\" name=\"cf7sr-recaptcha\" value=\"\" class=\"wpcf7-form-control\"><\/span><br \/>\n<input type=\"submit\" value=\"Send\" class=\"wpcf7-form-control wpcf7-submit\" \/><\/p>\n<p style=\"display: none !important;\" class=\"akismet-fields-container\" data-prefix=\"_wpcf7_ak_\"><label>&#916;<textarea name=\"_wpcf7_ak_hp_textarea\" cols=\"45\" rows=\"8\" maxlength=\"100\"><\/textarea><\/label><input type=\"hidden\" id=\"ak_js_1\" name=\"_wpcf7_ak_js\" value=\"148\"\/><script>document.getElementById( \"ak_js_1\" ).setAttribute( \"value\", ( new Date() ).getTime() );<\/script><\/p><div class=\"wpcf7-response-output\" aria-hidden=\"true\"><\/div><\/form><\/div>[\/vc_column][\/vc_row][vc_row full_width=&#8221;stretch_row_content_no_spaces&#8221; gap=&#8221;30&#8243; css=&#8221;.vc_custom_1736939081623{background-color: #101820 !important;}&#8221;][vc_column css=&#8221;.vc_custom_1736606296420{padding-top: 0px !important;}&#8221;][vc_masonry_media_grid style=&#8221;lazy&#8221; items_per_page=&#8221;15&#8243; element_width=&#8221;3&#8243; gap=&#8221;15&#8243; initial_loading_animation=&#8221;fadeIn&#8221; grid_id=&#8221;vc_gid:1765890240762-3c5c6847-37d0-1&#8243; include=&#8221;8702,8737,8713,8634,8647,8657,8664,8752,8675,8639,8685,8689,8709,8712,7632,8726,8734,8730,8716,8694,8758,8690,8754,8681,8668,8661,8648,8646,8633,8748,8638,8718,8704,8683,8679,8750,8670,8663,8649,8644,8632,8637,8653,8672,8700,8711,8707,8729,8738,8724,8753,8684,8654,8645,8665,8676,8688,8701,7631,8727,8757,8721,8736,7628,8641,8749,8635,8673,8682,8746,8658,8698,8710,8715,8755,8723,8762,8732,8678,8659,8650,8640,7630,8760,8751,8728,8720,8717,8708,8687,8671,8677,8696,8656,8636,8735,8731,7629,8747,8756,8759&#8243;][\/vc_column][\/vc_row][vc_row desctop_mt=&#8221;margin-lg-60t&#8221; desctop_mb=&#8221;margin-lg-35b&#8221; desctop_md_mt=&#8221;margin-md-60t&#8221; desctop_md_mb=&#8221;margin-md-35b&#8221; tablets_mt=&#8221;margin-sm-40t&#8221; tablets_mb=&#8221;margin-sm-20b&#8221; mobile_mt=&#8221;margin-xs-30t&#8221; mobile_mb=&#8221;margin-xs-10b&#8221; el_class=&#8221;xb-header&#8221;][vc_column css=&#8221;.vc_custom_1736944113765{padding-top: 0px !important;}&#8221;][wiso_headings style=&#8221;text_center&#8221; title=&#8221;Photoshoot session&#8221; subtitle=&#8221;Tips and tricks for your&#8221;][\/vc_column][\/vc_row][vc_row][vc_column][wiso_services style=&#8221;accordion&#8221; items_accordion=&#8221;%5B%7B%22title%22%3A%22How%20long%20does%20a%20photoshoot%20session%20last%3F%22%2C%22text%22%3A%22A%20maternity%20photo%20session%20typically%20lasts%20about%20an%20hour.%20We%20take%20this%20time%20to%20walk%20around%20and%20capture%20images%20at%20a%20relaxed%20pace.%20I%E2%80%99ll%20guide%20you%20if%20needed%20to%20help%20you%20feel%20comfortable%20and%20ensure%20we%20create%20beautiful%20photos.%22%7D%2C%7B%22title%22%3A%22What%20outfits%20should%20you%20choose%3F%22%2C%22text%22%3A%22For%20your%20session%2C%20opt%20for%20simple%20outfits%20without%20visible%20logos%20or%20overly%20bright%20colors.%20Soft%2C%20solid%20tones%20are%20ideal.%20A%20dress%20for%20a%20bohemian%20look%2C%20unbuttoned%20jeans%20for%20a%20laid-back%20style%2C%20or%20accessories%20like%20a%20hat%20or%20a%20bola%20are%20perfect%20for%20this%20type%20of%20shoot.%22%7D%2C%7B%22title%22%3A%22What%20is%20the%20best%20time%20for%20a%20photo%20session%3F%22%2C%22text%22%3A%22Sessions%20generally%20take%20place%201.5%20hours%20before%20sunset%20to%20take%20advantage%20of%20soft%20lighting.%20However%2C%20we%20can%20adjust%20the%20timing%20based%20on%20your%20well-being.%22%7D%2C%7B%22title%22%3A%22Where%20to%20do%20the%20session%3F%22%2C%22text%22%3A%22With%207%20years%20of%20experience%20as%20a%20photographer%2C%20I&#8217;ve%20had%20the%20opportunity%20to%20explore%20many%20locations.%20The%20various%20parks%20in%20the%20Bordeaux%20region%20offer%20diverse%20landscapes%2C%20and%20the%20ocean%20beaches%20are%20perfect%20on%20sunny%20days%20for%20capturing%20photos%20with%20your%20feet%20in%20the%20water.%22%7D%2C%7B%22title%22%3A%22When%20to%20do%20the%20session%20%3F%22%2C%22text%22%3A%22The%20ideal%20time%20for%20a%20maternity%20photoshoot%20is%20around%20the%207th%20month.%20This%20is%20typically%20when%20your%20belly%20has%20rounded%20out%20nicely%2C%20and%20you%20are%20not%20yet%20too%20tired%20or%20restricted%20in%20your%20movements.%22%7D%5D&#8221; image=&#8221;7791&#8243;][\/vc_column][\/vc_row][vc_row desctop_mt=&#8221;margin-lg-60t&#8221; desctop_mb=&#8221;margin-lg-35b&#8221; desctop_md_mt=&#8221;margin-md-60t&#8221; desctop_md_mb=&#8221;margin-md-35b&#8221; tablets_mt=&#8221;margin-sm-40t&#8221; tablets_mb=&#8221;margin-sm-20b&#8221; mobile_mt=&#8221;margin-xs-30t&#8221; mobile_mb=&#8221;margin-xs-10b&#8221; el_class=&#8221;xb-header&#8221;][vc_column css=&#8221;.vc_custom_1736943813450{padding-top: 0px !important;}&#8221;][wiso_headings style=&#8221;text_center&#8221; title=&#8221;Latest work&#8221; subtitle=&#8221;Discover my&#8221;][\/vc_column][\/vc_row][vc_row full_width=&#8221;stretch_row_content_no_spaces&#8221;][vc_column][banner_slider type_slider=&#8221;myro&#8221; autoplay=&#8221;5&#8243;][banner_slider_items option_style=&#8221;myro&#8221; subtitle=&#8221;La Salie Beach&#8221; title=&#8221;Vanessa &#038; Jason&#8221; btn_style=&#8221;a-btn-4&#8243; image=&#8221;14945&#8243; button=&#8221;url:%2Fen%2Fseance-grossesse-plage-salie-arcachon-vanessa-jason%2F|title:Read%20more&#8221;][banner_slider_items option_style=&#8221;myro&#8221; subtitle=&#8221;The Paloumey pond&#8221; title=&#8221;Marie-Julie &#038; Mathieu&#8221; btn_style=&#8221;a-btn-4&#8243; image=&#8221;14949&#8243; button=&#8221;url:%2Fen%2Fseance-grossesse-ludon-medoc-marie-julie-mathieu%2F|title:Read%20more&#8221;][banner_slider_items option_style=&#8221;myro&#8221; subtitle=&#8221;Majolan park &#8211; Blanquefort&#8221; title=&#8221;Marion &#038; Guillaume&#8221; btn_style=&#8221;a-btn-4&#8243; button=&#8221;url:%2Fen%2Fseance-grossesse-a-blanquefort-marion-guillaume%2F|title:Read%20more&#8221; image=&#8221;14857&#8243;][\/banner_slider][\/vc_column][\/vc_row][vc_row full_width=&#8221;stretch_row&#8221; mobile_mb=&#8221;margin-xs-0b&#8221; desctop_lg_pb=&#8221;padding-lg-35b&#8221; desctop_pb=&#8221;padding-md-35b&#8221; tablets_pb=&#8221;padding-sm-20b&#8221; mobile_pb=&#8221;padding-xs-10b&#8221; el_class=&#8221;xb-header&#8221; css=&#8221;.vc_custom_1736939389120{padding-top: 0px !important;background-color: #fdf9f6 !important;}&#8221;][vc_column][wiso_headings style=&#8221;text_center&#8221; title=&#8221;Playgrounds&#8221; subtitle=&#8221;Places to relax and enjoy a great time for your photoshoot&#8221;][vc_column_text el_class=&#8221;.me&#8221;]<\/p>\n<p style=\"text-align: center;\">As a photographer specializing in maternity photography, I offer several locations for your session: parks in Bordeaux, lakes or ponds in Ludon-M\u00e9doc, the beaches of Le Porge, Lacanau, or La Salie. Each of these settings provides a perfect backdrop to capture your pregnancy memories.<\/p>\n<p>[\/vc_column_text][\/vc_column][\/vc_row][vc_row full_width=&#8221;stretch_row&#8221; gap=&#8221;35&#8243; equal_height=&#8221;yes&#8221; content_placement=&#8221;top&#8221; el_class=&#8221;xb mod-number mod-left&#8221; css=&#8221;.vc_custom_1736865173473{background-color: #fdf9f6 !important;}&#8221;][vc_column width=&#8221;1\/2&#8243; css=&#8221;.vc_custom_1736691497929{padding-top: 20px !important;}&#8221;][vc_column_text el_class=&#8221;seances-description&#8221;]<\/p>\n<p style=\"text-align: left;\">An exceptional golden light<\/p>\n<p>[\/vc_column_text][vc_column_text el_class=&#8221;underlined-header&#8221;]The Paloumey Pond[\/vc_column_text][vc_single_image image=&#8221;8591&#8243; img_size=&#8221;full&#8221;][vc_separator align=&#8221;align_left&#8221; el_width=&#8221;30&#8243; css=&#8221;.vc_custom_1736594237003{padding-top: 40px !important;padding-bottom: 30px !important;}&#8221;][vc_column_text css=&#8221;.vc_custom_1738174489255{margin-bottom: 20px !important;}&#8221;]Choosing the Paloumey Pond in Ludon-M\u00e9doc for your photo session means enjoying a peaceful and natural setting enhanced by an exceptional sunset light. With golden reflections on the water and the surrounding landscapes, this location offers a magical and soothing atmosphere.<\/p>\n<p>Take a walk through the tall grasses, capture moments of closeness under the trees, or pose facing the pond bathed in the last rays of daylight. Every moment becomes unique in this serene setting.<\/p>\n<p>End your session with a sunset in warm, captivating tones, perfect for unforgettable photos full of emotion.[\/vc_column_text][\/vc_column][vc_column width=&#8221;1\/2&#8243; css=&#8221;.vc_custom_1736865710160{padding-top: 20px !important;}&#8221;][vc_column_text el_class=&#8221;seances-description&#8221;]A large park with multiple settings[\/vc_column_text][vc_column_text el_class=&#8221;underlined-header&#8221;]The Floral Park of Bordeaux[\/vc_column_text][vc_single_image image=&#8221;8630&#8243; img_size=&#8221;full&#8221;][vc_separator align=&#8221;align_left&#8221; el_width=&#8221;30&#8243; css=&#8221;.vc_custom_1736594237003{padding-top: 40px !important;padding-bottom: 30px !important;}&#8221;][vc_column_text css=&#8221;.vc_custom_1738174551164{margin-bottom: 20px !important;}&#8221;]The Floral Park of Bordeaux, also known as the &#8220;Barails Ecological Reserve,&#8221; is an exceptional location near the Matmut Atlantique Stadium. This expansive and diverse park offers a multitude of settings: peony gardens, peaceful streams, a bamboo grove, and many other areas perfect for escaping into nature.<\/p>\n<p>Ideal for a photo session, it transforms into a true haven of light at sunset, providing a soft and warm atmosphere.[\/vc_column_text][\/vc_column][\/vc_row][vc_row full_width=&#8221;stretch_row&#8221; gap=&#8221;35&#8243; equal_height=&#8221;yes&#8221; content_placement=&#8221;top&#8221; desctop_lg_pb=&#8221;padding-lg-20b&#8221; desctop_pb=&#8221;padding-md-20b&#8221; tablets_pb=&#8221;padding-sm-20b&#8221; mobile_pb=&#8221;padding-xs-20b&#8221; el_class=&#8221;xb mod-number mod-left&#8221; css=&#8221;.vc_custom_1737059714950{background-color: #fdf9f6 !important;}&#8221;][vc_column width=&#8221;1\/2&#8243; css=&#8221;.vc_custom_1736864784854{padding-top: 20px !important;}&#8221;][vc_column_text el_class=&#8221;seances-description&#8221;]Ready to race down the dunes?[\/vc_column_text][vc_column_text el_class=&#8221;underlined-header&#8221;]Dune du Pilat[\/vc_column_text][vc_single_image image=&#8221;8361&#8243; img_size=&#8221;full&#8221;][vc_separator align=&#8221;align_left&#8221; el_width=&#8221;30&#8243; css=&#8221;.vc_custom_1736594237003{padding-top: 40px !important;padding-bottom: 30px !important;}&#8221;][vc_column_text css=&#8221;.vc_custom_1738174601084{margin-bottom: 20px !important;}&#8221;]Choosing the Dune of Pilat for your photo session means immersing yourself in a breathtaking setting, where sky, sand, and ocean blend harmoniously. Whether at the top of the dune, with a panoramic view of Arcachon Bay and the surrounding forest, or on the beach below, every moment becomes unique and magical.<\/p>\n<p>Enjoy the vast stretches of sand to run, play, or simply admire the sunrise or sunset. The summit of the dune provides a spectacular backdrop for aerial and poetic shots, while the beach invites intimate moments, with feet in the water or gently rocked by the waves.[\/vc_column_text][\/vc_column][vc_column width=&#8221;1\/2&#8243; css=&#8221;.vc_custom_1736864789501{padding-top: 20px !important;}&#8221;][vc_column_text el_class=&#8221;seances-description&#8221;]Nature, lake, and artificial caves[\/vc_column_text][vc_column_text el_class=&#8221;underlined-header&#8221;]Majolan Park[\/vc_column_text][vc_single_image image=&#8221;8364&#8243; img_size=&#8221;full&#8221;][vc_separator align=&#8221;align_left&#8221; el_width=&#8221;30&#8243; css=&#8221;.vc_custom_1736594237003{padding-top: 40px !important;padding-bottom: 30px !important;}&#8221;][vc_column_text css=&#8221;.vc_custom_1738174698216{margin-bottom: 20px !important;}&#8221;]Choosing Majolan Park in Blanquefort for your photo session means stepping into an enchanting setting that blends nature and mystery. With its peaceful lake, artificial caves, and romantic bridges, every corner of the park offers a unique atmosphere for unforgettable shots.<\/p>\n<p>Stroll along the shaded paths, explore the caves, or pose by the water for photos filled with softness and serenity. The park is also perfect for capturing moments of intimacy and connection in a lush and soothing environment.[\/vc_column_text][\/vc_column][\/vc_row][vc_row full_width=&#8221;stretch_row&#8221; css=&#8221;.vc_custom_1737366266808{background-image: url(\/wp-content\/uploads\/2025\/01\/Mariage-6.jpg?id=) !important;background-position: center !important;background-repeat: no-repeat !important;background-size: cover !important;}&#8221;][vc_column][wiso_testimonial autoplay=&#8221;5&#8243; loop=&#8221;true&#8221; color=&#8221;#ffffff&#8221;][wiso_testimonial_items author=&#8221;Olivia &#038; Corentin&#8221; position=&#8221;Mariage au Domaine de Valmont&#8221;]&#8221;Xavier a \u00e9t\u00e9 parfait ! Il nous a mit \u00e0 l\u2019aise, il nous a guid\u00e9 mais sans faire des poses fig\u00e9es, il a prit des moments de vie et \u00e7a c\u2019est vraiment pr\u00e9cieux. Nous sommes plus que combl\u00e9s des photos de notre mariage, on les regarde en boucle et elles nous font vraiment revivre ce moment. Tous nos invit\u00e9s aussi ont \u00e9t\u00e9 ravis des photos ! Merci encore mille fois Xavier !&#8221;[\/wiso_testimonial_items][wiso_testimonial_items author=&#8221;Jazmine &#038; Lambert&#8221; position=&#8221;Mariage au Ch\u00e2teau de Garde&#8221;]&#8221;Xavier was our photographer for our wedding in France at Chateau De garde. He\u2019s truly an amazing person to work with. Xavier\u2019s eye for certain shots was amazing. We loved our photos. For the wedding he came for both our events and took fabulous shots ! Talk about amazing ! I would highly recommend Xavier to anyone looking for a skilled photographer in the area. Merciiiii Xavier !!&#8221;[\/wiso_testimonial_items][wiso_testimonial_items author=&#8221;Sol\u00e8ne &#038; Marc&#8221; position=&#8221;Mariage \u00e0 la Maison Welcome&#8221;]&#8221;Nous sommes plus que ravis d\u2019avoir choisi Xavier pour notre mariage. Il a su capturer ces moments si pr\u00e9cieux de la meilleure des fa\u00e7ons. Communication fluide, toujours \u00e0 l\u2019\u00e9coute, il a contribu\u00e9 \u00e0 la r\u00e9ussite de cette journ\u00e9e.<br \/>\nMille merci !&#8221;[\/wiso_testimonial_items][wiso_testimonial_items author=&#8221;Charlotte &#038; Mathieu&#8221; position=&#8221;Mariage au Ch\u00e2teau Mader&#8221;]&#8221;Tr\u00e8s professionnel et sympathique, Xavier r\u00e9alise un travail de qualit\u00e9. Il sait mettre \u00e0 l&#8217;aise durant les s\u00e9ances, il est toujours \u00e0 la recherche du meilleur plan et il s&#8217;adapte aux envies de chacun. Nous avons fait appel \u00e0 lui pour notre mariage et nous sommes enti\u00e8rement satisfaits du rendu final des photos. Nous le recommandons et nous avons h\u00e2te de le retrouver pour immortaliser d&#8217;autres moments.&#8221;[\/wiso_testimonial_items][\/wiso_testimonial][\/vc_column][\/vc_row]<\/p>\n","protected":false},"excerpt":{"rendered":"<p>[vc_row full_width=&#8221;stretch_row_content_no_spaces&#8221;][vc_column][wiso_banner style_banner=&#8221;simple&#8221; height=&#8221;full&#8221; style=&#8221;center_content&#8221; overlay=&#8221;yes&#8221; title=&#8221;Pregnancy&#8221; image=&#8221;6365&#8243; subtitle=&#8221;Photo shoot&#8221;][\/vc_column][\/vc_row][vc_row full_width=&#8221;stretch_row&#8221; desctop_lg_pb=&#8221;padding-lg-30b&#8221; desctop_pb=&#8221;padding-md-30b&#8221; tablets_pb=&#8221;padding-sm-30b&#8221; mobile_pb=&#8221;padding-xs-20b&#8221; el_class=&#8221;xb-header&#8221; css=&#8221;.vc_custom_1736869525935{background-color: #fdf9f6 !important;}&#8221;][vc_column][wiso_headings style=&#8221;text_center&#8221; title=&#8221;Maternity photoshoot&#8221; subtitle=&#8221;Softness &#038; Poetry for your&#8221;][vc_column_text el_class=&#8221;.me&#8221;] 9 months&#8230; This precious time during which life is being created, and each day brings you closer to meeting your baby. Your body changes, your curves take &#8230;<\/p>\n","protected":false},"author":1,"featured_media":0,"parent":0,"menu_order":0,"comment_status":"closed","ping_status":"closed","template":"","meta":{"footnotes":""},"_links":{"self":[{"href":"https:\/\/www.xavierbellenger.com\/en\/wp-json\/wp\/v2\/pages\/8618"}],"collection":[{"href":"https:\/\/www.xavierbellenger.com\/en\/wp-json\/wp\/v2\/pages"}],"about":[{"href":"https:\/\/www.xavierbellenger.com\/en\/wp-json\/wp\/v2\/types\/page"}],"author":[{"embeddable":true,"href":"https:\/\/www.xavierbellenger.com\/en\/wp-json\/wp\/v2\/users\/1"}],"replies":[{"embeddable":true,"href":"https:\/\/www.xavierbellenger.com\/en\/wp-json\/wp\/v2\/comments?post=8618"}],"version-history":[{"count":25,"href":"https:\/\/www.xavierbellenger.com\/en\/wp-json\/wp\/v2\/pages\/8618\/revisions"}],"predecessor-version":[{"id":22833,"href":"https:\/\/www.xavierbellenger.com\/en\/wp-json\/wp\/v2\/pages\/8618\/revisions\/22833"}],"wp:attachment":[{"href":"https:\/\/www.xavierbellenger.com\/en\/wp-json\/wp\/v2\/media?parent=8618"}],"curies":[{"name":"wp","href":"https:\/\/api.w.org\/{rel}","templated":true}]}}