{"id":9448,"date":"2025-01-18T16:05:18","date_gmt":"2025-01-18T15:05:18","guid":{"rendered":"https:\/\/new.xavierbellenger.com\/?page_id=9448"},"modified":"2026-01-19T22:00:53","modified_gmt":"2026-01-19T21:00:53","slug":"chateau-de-garde","status":"publish","type":"page","link":"https:\/\/www.xavierbellenger.com\/en\/chateau-de-garde\/","title":{"rendered":"Ch\u00e2teau de Garde"},"content":{"rendered":"<p>[vc_row full_width=&#8221;stretch_row_content_no_spaces&#8221;][vc_column][wiso_banner style_banner=&#8221;simple&#8221; height=&#8221;full&#8221; style=&#8221;center_content&#8221; overlay=&#8221;yes&#8221; title=&#8221;Ch\u00e2teau de Garde&#8221; image=&#8221;9070&#8243; subtitle=&#8221;Votre mariage au&#8221;][\/vc_column][\/vc_row][vc_row full_width=&#8221;stretch_row&#8221; el_class=&#8221;xb-header&#8221; css=&#8221;.vc_custom_1737213692236{background-color: #fdf9f6 !important;}&#8221;][vc_column][wiso_headings style=&#8221;text_center&#8221; title=&#8221;Lieu unique&#8221; subtitle=&#8221;Les atouts de ce&#8221;][\/vc_column][\/vc_row][vc_row full_width=&#8221;stretch_row&#8221; gap=&#8221;35&#8243; equal_height=&#8221;yes&#8221; content_placement=&#8221;top&#8221; el_class=&#8221;xb mod-number mod-left&#8221; css=&#8221;.vc_custom_1736865173473{background-color: #fdf9f6 !important;}&#8221;][vc_column width=&#8221;1\/2&#8243; css=&#8221;.vc_custom_1736691497929{padding-top: 20px !important;}&#8221;][vc_column_text el_class=&#8221;underlined-header&#8221;]Le lieu[\/vc_column_text][vc_single_image image=&#8221;9060&#8243; img_size=&#8221;full&#8221;][vc_separator align=&#8221;align_left&#8221; el_width=&#8221;30&#8243; css=&#8221;.vc_custom_1736594237003{padding-top: 40px !important;padding-bottom: 30px !important;}&#8221;][vc_column_text css=&#8221;.vc_custom_1737213434295{margin-bottom: 20px !important;}&#8221;]Le <strong>Ch\u00e2teau de Gard<\/strong>e est situ\u00e9 au c\u0153ur des vignobles bordelais, \u00e0 seulement 35 minutes de Bordeaux et 10 km de <strong>Saint-Emilion<\/strong>, class\u00e9 au patrimoine mondial de l&#8217;UNESCO. Entour\u00e9 de <strong>6 hectares de vignes<\/strong>, ce domaine authentique et \u00e9l\u00e9gant m\u00eale harmonieusement architecture et nature. Entre b\u00e2tisse du XVIIIe si\u00e8cle et parc arbor\u00e9, le Ch\u00e2teau de Garde offre un <strong>cadre d&#8217;exception<\/strong>, propice \u00e0 des mariages uniques, tout en b\u00e9n\u00e9ficiant d&#8217;une tranquillit\u00e9 parfaite, loin de l&#8217;agitation urbaine.[\/vc_column_text][\/vc_column][vc_column width=&#8221;1\/2&#8243; css=&#8221;.vc_custom_1736865710160{padding-top: 20px !important;}&#8221;][vc_column_text el_class=&#8221;underlined-header&#8221;]La salle de r\u00e9ception[\/vc_column_text][vc_single_image image=&#8221;9088&#8243; img_size=&#8221;full&#8221;][vc_separator align=&#8221;align_left&#8221; el_width=&#8221;30&#8243; css=&#8221;.vc_custom_1736594237003{padding-top: 40px !important;padding-bottom: 30px !important;}&#8221;][vc_column_text css=&#8221;.vc_custom_1737213471330{margin-bottom: 20px !important;}&#8221;]La <strong>salle de r\u00e9ception<\/strong> du Ch\u00e2teau de Garde, dot\u00e9e de murs en <strong>pierres apparentes<\/strong> et d&#8217;un parquet en <strong>ch\u00eane massif<\/strong>, est un lieu raffin\u00e9 et lumineux, pouvant accueillir jusqu&#8217;\u00e0 <strong>120 personnes<\/strong>. Son atmosph\u00e8re chaleureuse et \u00e9l\u00e9gante s\u2019adapte \u00e0 tous types d\u2019\u00e9v\u00e9nements, qu\u2019il s\u2019agisse d\u2019un mariage, d\u2019un s\u00e9minaire ou d\u2019une c\u00e9l\u00e9bration particuli\u00e8re. Le mobilier int\u00e9rieur, en <strong>bois naturel<\/strong>, ajoute une touche de convivialit\u00e9 et de confort pour chaque invit\u00e9.[\/vc_column_text][\/vc_column][\/vc_row][vc_row full_width=&#8221;stretch_row&#8221; gap=&#8221;35&#8243; equal_height=&#8221;yes&#8221; content_placement=&#8221;top&#8221; el_class=&#8221;xb mod-number mod-left&#8221; css=&#8221;.vc_custom_1736865173473{background-color: #fdf9f6 !important;}&#8221;][vc_column width=&#8221;1\/2&#8243; css=&#8221;.vc_custom_1736691497929{padding-top: 20px !important;}&#8221;][vc_column_text el_class=&#8221;underlined-header&#8221;]Votre c\u00e9r\u00e9monie[\/vc_column_text][vc_single_image image=&#8221;9087&#8243; img_size=&#8221;full&#8221;][vc_separator align=&#8221;align_left&#8221; el_width=&#8221;30&#8243; css=&#8221;.vc_custom_1736594237003{padding-top: 40px !important;padding-bottom: 30px !important;}&#8221;][vc_column_text css=&#8221;.vc_custom_1737213503879{margin-bottom: 20px !important;}&#8221;]Le domaine offre plusieurs options pour la <strong>c\u00e9r\u00e9monie<\/strong>, qu&#8217;elle se d\u00e9roule <strong>en plein air ou en int\u00e9rieur<\/strong>. Vous pourrez \u00e9changer vos v\u0153ux dans le <strong>parc<\/strong>, <strong>sous le pr\u00e9au<\/strong> ou dans le <strong>patio<\/strong> pour des mariages plus intimes. Chaque espace, soigneusement am\u00e9nag\u00e9, permet de personnaliser la c\u00e9r\u00e9monie selon vos envies, tout en profitant du cadre idyllique des vignes et du ch\u00e2teau, cr\u00e9ant ainsi un souvenir inoubliable.[\/vc_column_text][\/vc_column][vc_column width=&#8221;1\/2&#8243; css=&#8221;.vc_custom_1736865710160{padding-top: 20px !important;}&#8221;][vc_column_text el_class=&#8221;underlined-header&#8221;]Les h\u00e9bergements[\/vc_column_text][vc_single_image image=&#8221;9069&#8243; img_size=&#8221;full&#8221;][vc_separator align=&#8221;align_left&#8221; el_width=&#8221;30&#8243; css=&#8221;.vc_custom_1736594237003{padding-top: 40px !important;padding-bottom: 30px !important;}&#8221;][vc_column_text css=&#8221;.vc_custom_1737213628465{margin-bottom: 20px !important;}&#8221;]Le <strong>Ch\u00e2teau de Garde<\/strong> propose une large gamme d\u2019h\u00e9bergements, alliant confort et charme. Six chambres \u00e9l\u00e9gantes sont disponibles dans le ch\u00e2teau, dont une <strong>suite des mari\u00e9s de 45 m\u00b2<\/strong> avec baignoire en \u00eelot. Dans la <strong>Maison du M\u00e9tayer<\/strong>, sept chambres suppl\u00e9mentaires offrent un cadre reposant, dont certaines disposent de mezzanines. Le domaine dispose \u00e9galement d\u2019un dortoir de luxe pour accueillir jusqu\u2019\u00e0 <strong>20 personnes<\/strong>. Chaque chambre et espace est con\u00e7u pour offrir intimit\u00e9 et s\u00e9r\u00e9nit\u00e9, garantissant un s\u00e9jour agr\u00e9able pour tous vos invit\u00e9s.[\/vc_column_text][\/vc_column][\/vc_row][vc_row desctop_mt=&#8221;margin-lg-60t&#8221; desctop_mb=&#8221;margin-lg-20b&#8221; desctop_md_mt=&#8221;margin-md-60t&#8221; desctop_md_mb=&#8221;margin-md-20b&#8221; tablets_mt=&#8221;margin-sm-40t&#8221; tablets_mb=&#8221;margin-sm-5b&#8221; mobile_mt=&#8221;margin-xs-30t&#8221; el_class=&#8221;xb-header&#8221;][vc_column css=&#8221;.vc_custom_1736863644773{padding-top: 0px !important;}&#8221;][wiso_headings style=&#8221;text_center&#8221; title=&#8221;Images&#8221; subtitle=&#8221;D\u00e9couvrez en plus gr\u00e2ce \u00e0 ces quelques&#8221;][\/vc_column][\/vc_row][vc_row full_width=&#8221;stretch_row_content_no_spaces&#8221; gap=&#8221;30&#8243; desctop_mb=&#8221;margin-lg-0b&#8221; desctop_md_mb=&#8221;margin-md-0b&#8221; tablets_mb=&#8221;margin-sm-0b&#8221; mobile_mb=&#8221;margin-xs-0b&#8221; css=&#8221;.vc_custom_1737099575300{background-color: #101820 !important;}&#8221;][vc_column css=&#8221;.vc_custom_1736606296420{padding-top: 0px !important;}&#8221;][vc_row_inner][vc_column_inner css=&#8221;.vc_custom_1736685574917{margin-bottom: 20px !important;}&#8221;][vc_masonry_media_grid element_width=&#8221;3&#8243; gap=&#8221;15&#8243; initial_loading_animation=&#8221;fadeIn&#8221; grid_id=&#8221;vc_gid:1768856410424-aa310fcb-7c4d-6&#8243; include=&#8221;9068,9088,9077,9062,9087,9086,9085,9084,9083,9082,9081,9080,9079,9078,9056,9076,9075,9074,9073,9072,9071,9070,9069,9067,9066,9065,9064,9063,9061,9060,9058,9057&#8243;][\/vc_column_inner][\/vc_row_inner][\/vc_column][\/vc_row][vc_row desctop_mt=&#8221;margin-lg-60t&#8221; desctop_mb=&#8221;margin-lg-35b&#8221; desctop_md_mt=&#8221;margin-md-60t&#8221; desctop_md_mb=&#8221;margin-md-35b&#8221; tablets_mt=&#8221;margin-sm-40t&#8221; tablets_mb=&#8221;margin-sm-20b&#8221; mobile_mt=&#8221;margin-xs-30t&#8221; mobile_mb=&#8221;margin-xs-10b&#8221; el_class=&#8221;xb-header&#8221;][vc_column css=&#8221;.vc_custom_1736863644773{padding-top: 0px !important;}&#8221;][wiso_headings style=&#8221;text_center&#8221; title=&#8221;Ch\u00e2teau de Garde&#8221; subtitle=&#8221;Quelques reportages au&#8221;][\/vc_column][\/vc_row][vc_row full_width=&#8221;stretch_row_content_no_spaces&#8221;][vc_column][banner_slider type_slider=&#8221;myro&#8221; autoplay=&#8221;5&#8243;][banner_slider_items option_style=&#8221;myro&#8221; subtitle=&#8221;Ch\u00e2teau de Garde&#8221; title=&#8221;Theresa &#038; J\u00e9r\u00f4me&#8221; btn_style=&#8221;a-btn-4&#8243; image=&#8221;22837&#8243; button=&#8221;url:%2Fen%2Fmariage-chateau-garde-theresa-jerome%2F|title:Read%20more&#8221;][banner_slider_items option_style=&#8221;myro&#8221; subtitle=&#8221;Ch\u00e2teau de Garde&#8221; title=&#8221;Mathilde &#038; Romain&#8221; btn_style=&#8221;a-btn-4&#8243; image=&#8221;12657&#8243; button=&#8221;url:%2Fmariage-chateau-de-garde-mathilde-romain%2F|title:D%C3%A9couvrir&#8221;][banner_slider_items option_style=&#8221;myro&#8221; subtitle=&#8221;Ch\u00e2teau de Garde&#8221; title=&#8221;Jazmine &#038; Lambert&#8221; btn_style=&#8221;a-btn-4&#8243; image=&#8221;14645&#8243; button=&#8221;url:%2Fmariage-chateau-de-garde-jazmine-lambert%2F|title:D%C3%A9couvrir&#8221;][\/banner_slider][\/vc_column][\/vc_row][vc_row desctop_mt=&#8221;margin-lg-50t&#8221; desctop_mb=&#8221;margin-lg-40b&#8221; desctop_md_mt=&#8221;margin-md-50t&#8221; desctop_md_mb=&#8221;margin-md-40b&#8221; tablets_mt=&#8221;margin-sm-50t&#8221; tablets_mb=&#8221;margin-sm-30b&#8221; mobile_mt=&#8221;margin-xs-40t&#8221; mobile_mb=&#8221;margin-xs-30b&#8221; el_class=&#8221;xb-header&#8221;][vc_column][wiso_headings style=&#8221;text_center&#8221; title=&#8221;Contactez-moi&#8221;][vc_column_text el_class=&#8221;.me&#8221;]<\/p>\n<p style=\"text-align: center;\">Vous aimez mon travail et vous pensez que je peux \u00eatre votre <strong>photographe<\/strong> ? Besoin de plus d&#8217;informations ou d&#8217;un devis personnalis\u00e9 ? Contactez-moi via ce formulaire, je vous r\u00e9pondrai rapidement !<\/p>\n<p>[\/vc_column_text][\/vc_column][\/vc_row][vc_row desctop_mb=&#8221;margin-lg-30b&#8221; desctop_md_mb=&#8221;margin-md-30b&#8221; tablets_mb=&#8221;margin-sm-20b&#8221; mobile_mb=&#8221;margin-xs-20b&#8221;][vc_column el_class=&#8221;contact-form-mariage&#8221;]<div role=\"form\" class=\"wpcf7\" id=\"wpcf7-f5982-o1\" lang=\"en\" dir=\"ltr\">\n<div class=\"screen-reader-response\"><p role=\"status\" aria-live=\"polite\" aria-atomic=\"true\"><\/p> <ul><\/ul><\/div>\n<form action=\"\/en\/wp-json\/wp\/v2\/pages\/9448#wpcf7-f5982-o1\" method=\"post\" class=\"wpcf7-form init\" novalidate=\"novalidate\" data-status=\"init\">\n<div style=\"display: none;\">\n<input type=\"hidden\" name=\"_wpcf7\" value=\"5982\" \/>\n<input type=\"hidden\" name=\"_wpcf7_version\" value=\"5.4.1\" \/>\n<input type=\"hidden\" name=\"_wpcf7_locale\" value=\"en\" \/>\n<input type=\"hidden\" name=\"_wpcf7_unit_tag\" value=\"wpcf7-f5982-o1\" \/>\n<input type=\"hidden\" name=\"_wpcf7_container_post\" value=\"0\" \/>\n<input type=\"hidden\" name=\"_wpcf7_posted_data_hash\" value=\"\" \/>\n<input type=\"hidden\" name=\"lang\" value=\"en\" \/>\n<\/div>\n<p><label> Lastname *<br \/>\n    <span class=\"wpcf7-form-control-wrap your-name\"><input type=\"text\" name=\"your-name\" value=\"\" size=\"40\" class=\"wpcf7-form-control wpcf7-text wpcf7-validates-as-required\" aria-required=\"true\" aria-invalid=\"false\" \/><\/span> <\/label><\/p>\n<p><label> Firstname *<br \/>\n    <span class=\"wpcf7-form-control-wrap your-firstname\"><input type=\"text\" name=\"your-firstname\" value=\"\" size=\"40\" class=\"wpcf7-form-control wpcf7-text wpcf7-validates-as-required\" aria-required=\"true\" aria-invalid=\"false\" \/><\/span> <\/label><\/p>\n<p><label> Email *<br \/>\n    <span class=\"wpcf7-form-control-wrap your-email\"><input type=\"email\" name=\"your-email\" value=\"\" size=\"40\" class=\"wpcf7-form-control wpcf7-text wpcf7-email wpcf7-validates-as-required wpcf7-validates-as-email\" aria-required=\"true\" aria-invalid=\"false\" \/><\/span> <\/label><\/p>\n<p><label> Phone number *<br \/>\n    <span class=\"wpcf7-form-control-wrap your-phone\"><input type=\"tel\" name=\"your-phone\" value=\"\" size=\"40\" class=\"wpcf7-form-control wpcf7-text wpcf7-tel wpcf7-validates-as-required wpcf7-validates-as-tel\" aria-required=\"true\" aria-invalid=\"false\" \/><\/span> <\/label><\/p>\n<p><label> Your message *<br \/>\n    <span class=\"wpcf7-form-control-wrap your-message\"><textarea name=\"your-message\" cols=\"40\" rows=\"10\" class=\"wpcf7-form-control wpcf7-textarea wpcf7-validates-as-required\" aria-required=\"true\" aria-invalid=\"false\"><\/textarea><\/span> <\/label><br \/>\n<div id=\"cf7sr-69fa474ebb9fa\" class=\"cf7sr-g-recaptcha\" data-theme=\"light\" data-type=\"image\" data-size=\"normal\" data-sitekey=\"6Lf0ZtYhAAAAAFckl5Aq4AEBi8EoLfMY-zzDwRwB\"><\/div><span class=\"wpcf7-form-control-wrap cf7sr-recaptcha\" data-name=\"cf7sr-recaptcha\"><input type=\"hidden\" name=\"cf7sr-recaptcha\" value=\"\" class=\"wpcf7-form-control\"><\/span><br \/>\n<input type=\"submit\" value=\"Send\" class=\"wpcf7-form-control wpcf7-submit\" \/><\/p>\n<p style=\"display: none !important;\" class=\"akismet-fields-container\" data-prefix=\"_wpcf7_ak_\"><label>&#916;<textarea name=\"_wpcf7_ak_hp_textarea\" cols=\"45\" rows=\"8\" maxlength=\"100\"><\/textarea><\/label><input type=\"hidden\" id=\"ak_js_1\" name=\"_wpcf7_ak_js\" value=\"27\"\/><script>document.getElementById( \"ak_js_1\" ).setAttribute( \"value\", ( new Date() ).getTime() );<\/script><\/p><div class=\"wpcf7-response-output\" aria-hidden=\"true\"><\/div><\/form><\/div>[\/vc_column][\/vc_row][vc_row full_width=&#8221;stretch_row&#8221; desctop_mt=&#8221;margin-lg-20t&#8221; desctop_md_mt=&#8221;margin-md-20t&#8221; tablets_mt=&#8221;margin-sm-20t&#8221; mobile_mt=&#8221;margin-xs-20t&#8221; css=&#8221;.vc_custom_1736937257690{background-image: url(\/wp-content\/uploads\/2025\/01\/Mariage-6.jpg?id=) !important;background-position: center !important;background-repeat: no-repeat !important;background-size: cover !important;}&#8221;][vc_column][wiso_testimonial autoplay=&#8221;5&#8243; loop=&#8221;true&#8221; color=&#8221;#ffffff&#8221;][wiso_testimonial_items author=&#8221;Olivia &#038; Corentin&#8221; position=&#8221;Mariage au Domaine de Valmont&#8221;]&#8221;Xavier a \u00e9t\u00e9 parfait ! Il nous a mit \u00e0 l\u2019aise, il nous a guid\u00e9 mais sans faire des poses fig\u00e9es, il a prit des moments de vie et \u00e7a c\u2019est vraiment pr\u00e9cieux. Nous sommes plus que combl\u00e9s des photos de notre mariage, on les regarde en boucle et elles nous font vraiment revivre ce moment. Tous nos invit\u00e9s aussi ont \u00e9t\u00e9 ravis des photos ! Merci encore mille fois Xavier !&#8221;[\/wiso_testimonial_items][wiso_testimonial_items author=&#8221;Jazmine &#038; Lambert&#8221; position=&#8221;Mariage au Ch\u00e2teau de Garde&#8221;]&#8221;Xavier was our photographer for our wedding in France at Chateau De garde. He\u2019s truly an amazing person to work with. Xavier\u2019s eye for certain shots was amazing. We loved our photos. For the wedding he came for both our events and took fabulous shots ! Talk about amazing ! I would highly recommend Xavier to anyone looking for a skilled photographer in the area. Merciiiii Xavier !!&#8221;[\/wiso_testimonial_items][wiso_testimonial_items author=&#8221;Sol\u00e8ne &#038; Marc&#8221; position=&#8221;Mariage \u00e0 la Maison Welcome&#8221;]&#8221;Nous sommes plus que ravis d\u2019avoir choisi Xavier pour notre mariage. Il a su capturer ces moments si pr\u00e9cieux de la meilleure des fa\u00e7ons. Communication fluide, toujours \u00e0 l\u2019\u00e9coute, il a contribu\u00e9 \u00e0 la r\u00e9ussite de cette journ\u00e9e.<br \/>\nMille merci !&#8221;[\/wiso_testimonial_items][wiso_testimonial_items author=&#8221;Charlotte &#038; Mathieu&#8221; position=&#8221;Mariage au Ch\u00e2teau Mader&#8221;]&#8221;Tr\u00e8s professionnel et sympathique, Xavier r\u00e9alise un travail de qualit\u00e9. Il sait mettre \u00e0 l&#8217;aise durant les s\u00e9ances, il est toujours \u00e0 la recherche du meilleur plan et il s&#8217;adapte aux envies de chacun. Nous avons fait appel \u00e0 lui pour notre mariage et nous sommes enti\u00e8rement satisfaits du rendu final des photos. Nous le recommandons et nous avons h\u00e2te de le retrouver pour immortaliser d&#8217;autres moments.&#8221;[\/wiso_testimonial_items][\/wiso_testimonial][\/vc_column][\/vc_row]<\/p>\n","protected":false},"excerpt":{"rendered":"<p>[vc_row full_width=&#8221;stretch_row_content_no_spaces&#8221;][vc_column][wiso_banner style_banner=&#8221;simple&#8221; height=&#8221;full&#8221; style=&#8221;center_content&#8221; overlay=&#8221;yes&#8221; title=&#8221;Ch\u00e2teau de Garde&#8221; image=&#8221;9070&#8243; subtitle=&#8221;Votre mariage au&#8221;][\/vc_column][\/vc_row][vc_row full_width=&#8221;stretch_row&#8221; el_class=&#8221;xb-header&#8221; css=&#8221;.vc_custom_1737213692236{background-color: #fdf9f6 !important;}&#8221;][vc_column][wiso_headings style=&#8221;text_center&#8221; title=&#8221;Lieu unique&#8221; subtitle=&#8221;Les atouts de ce&#8221;][\/vc_column][\/vc_row][vc_row full_width=&#8221;stretch_row&#8221; gap=&#8221;35&#8243; equal_height=&#8221;yes&#8221; content_placement=&#8221;top&#8221; el_class=&#8221;xb mod-number mod-left&#8221; css=&#8221;.vc_custom_1736865173473{background-color: #fdf9f6 !important;}&#8221;][vc_column width=&#8221;1\/2&#8243; css=&#8221;.vc_custom_1736691497929{padding-top: 20px !important;}&#8221;][vc_column_text el_class=&#8221;underlined-header&#8221;]Le lieu[\/vc_column_text][vc_single_image image=&#8221;9060&#8243; img_size=&#8221;full&#8221;][vc_separator align=&#8221;align_left&#8221; el_width=&#8221;30&#8243; css=&#8221;.vc_custom_1736594237003{padding-top: 40px !important;padding-bottom: 30px !important;}&#8221;][vc_column_text css=&#8221;.vc_custom_1737213434295{margin-bottom: 20px !important;}&#8221;]Le Ch\u00e2teau de &#8230;<\/p>\n","protected":false},"author":1,"featured_media":0,"parent":0,"menu_order":0,"comment_status":"closed","ping_status":"closed","template":"","meta":{"footnotes":""},"_links":{"self":[{"href":"https:\/\/www.xavierbellenger.com\/en\/wp-json\/wp\/v2\/pages\/9448"}],"collection":[{"href":"https:\/\/www.xavierbellenger.com\/en\/wp-json\/wp\/v2\/pages"}],"about":[{"href":"https:\/\/www.xavierbellenger.com\/en\/wp-json\/wp\/v2\/types\/page"}],"author":[{"embeddable":true,"href":"https:\/\/www.xavierbellenger.com\/en\/wp-json\/wp\/v2\/users\/1"}],"replies":[{"embeddable":true,"href":"https:\/\/www.xavierbellenger.com\/en\/wp-json\/wp\/v2\/comments?post=9448"}],"version-history":[{"count":17,"href":"https:\/\/www.xavierbellenger.com\/en\/wp-json\/wp\/v2\/pages\/9448\/revisions"}],"predecessor-version":[{"id":23053,"href":"https:\/\/www.xavierbellenger.com\/en\/wp-json\/wp\/v2\/pages\/9448\/revisions\/23053"}],"wp:attachment":[{"href":"https:\/\/www.xavierbellenger.com\/en\/wp-json\/wp\/v2\/media?parent=9448"}],"curies":[{"name":"wp","href":"https:\/\/api.w.org\/{rel}","templated":true}]}}