{"id":9459,"date":"2025-01-18T16:35:26","date_gmt":"2025-01-18T15:35:26","guid":{"rendered":"https:\/\/new.xavierbellenger.com\/?page_id=9459"},"modified":"2025-02-07T14:22:04","modified_gmt":"2025-02-07T13:22:04","slug":"domaine-de-mahourat","status":"publish","type":"page","link":"https:\/\/www.xavierbellenger.com\/en\/domaine-de-mahourat\/","title":{"rendered":"Domaine de Mahourat"},"content":{"rendered":"<p>[vc_row full_width=&#8221;stretch_row_content_no_spaces&#8221;][vc_column][wiso_banner style_banner=&#8221;simple&#8221; height=&#8221;full&#8221; style=&#8221;center_content&#8221; overlay=&#8221;yes&#8221; title=&#8221;Domaine de Mahourat&#8221; image=&#8221;9237&#8243; subtitle=&#8221;Votre mariage au&#8221;][\/vc_column][\/vc_row][vc_row full_width=&#8221;stretch_row&#8221; el_class=&#8221;xb-header&#8221; css=&#8221;.vc_custom_1737213692236{background-color: #fdf9f6 !important;}&#8221;][vc_column][wiso_headings style=&#8221;text_center&#8221; title=&#8221;Lieu unique&#8221; subtitle=&#8221;Les atouts de ce&#8221;][\/vc_column][\/vc_row][vc_row full_width=&#8221;stretch_row&#8221; gap=&#8221;35&#8243; equal_height=&#8221;yes&#8221; content_placement=&#8221;top&#8221; el_class=&#8221;xb mod-number mod-left&#8221; css=&#8221;.vc_custom_1736865173473{background-color: #fdf9f6 !important;}&#8221;][vc_column width=&#8221;1\/2&#8243; css=&#8221;.vc_custom_1736691497929{padding-top: 20px !important;}&#8221;][vc_column_text el_class=&#8221;underlined-header&#8221;]Le lieu[\/vc_column_text][vc_single_image image=&#8221;9211&#8243; img_size=&#8221;full&#8221;][vc_separator align=&#8221;align_left&#8221; el_width=&#8221;30&#8243; css=&#8221;.vc_custom_1736594237003{padding-top: 40px !important;padding-bottom: 30px !important;}&#8221;][vc_column_text css=&#8221;.vc_custom_1737214837903{margin-bottom: 20px !important;}&#8221;]Le <strong>Domaine de Mahourat<\/strong>, situ\u00e9 au c\u0153ur de l\u2019<strong>Entre Deux Mers<\/strong>, est un v\u00e9ritable havre de paix o\u00f9 vignes et champs \u00e0 perte de vue se rencontrent. Ce lieu charg\u00e9 d\u2019histoire, datant du <strong>XV\u1d49 si\u00e8cle<\/strong>, vous accueille dans un cadre enchanteur, au bout d\u2019une majestueuse <strong>all\u00e9e de platanes<\/strong> centenaires. Entour\u00e9 d\u2019un <strong>parc arbor\u00e9 de 5 hectare<\/strong>s, il offre un cadre exceptionnel pour des \u00e9v\u00e9nements m\u00e9morables. \u00c0 seulement <strong>35 minutes de Bordeaux<\/strong>, le domaine allie tranquillit\u00e9 et accessibilit\u00e9, parfait pour un mariage ou toute autre c\u00e9l\u00e9bration.[\/vc_column_text][\/vc_column][vc_column width=&#8221;1\/2&#8243; css=&#8221;.vc_custom_1736865710160{padding-top: 20px !important;}&#8221;][vc_column_text el_class=&#8221;underlined-header&#8221;]La salle de r\u00e9ception[\/vc_column_text][vc_single_image image=&#8221;9251&#8243; img_size=&#8221;full&#8221;][vc_separator align=&#8221;align_left&#8221; el_width=&#8221;30&#8243; css=&#8221;.vc_custom_1736594237003{padding-top: 40px !important;padding-bottom: 30px !important;}&#8221;][vc_column_text css=&#8221;.vc_custom_1737214887683{margin-bottom: 20px !important;}&#8221;]La <strong>salle de r\u00e9ception<\/strong>, spacieuse et lumineuse, s\u2019\u00e9tend sur <strong>295 m\u00b2<\/strong> et peut accueillir jusqu\u2019\u00e0 <strong>250 personnes<\/strong>, avec la possibilit\u00e9 d\u2019accueillir encore plus de convives lors d\u2019un cocktail ext\u00e9rieur. Son architecture m\u00eale authenticit\u00e9 et confort moderne, avec des <strong>pierres apparentes<\/strong> et une charpente visible. La grande baie vitr\u00e9e en accord\u00e9on permet de profiter d\u2019une vue imprenable sur le parc et le <strong>verger<\/strong>, et d\u2019acc\u00e9der directement \u00e0 la terrasse. La salle est enti\u00e8rement \u00e9quip\u00e9e, avec climatisation, wifi et vid\u00e9oprojecteur HD, offrant ainsi un environnement optimal pour tous types d\u2019\u00e9v\u00e9nements.[\/vc_column_text][\/vc_column][\/vc_row][vc_row full_width=&#8221;stretch_row&#8221; gap=&#8221;35&#8243; equal_height=&#8221;yes&#8221; content_placement=&#8221;top&#8221; el_class=&#8221;xb mod-number mod-left&#8221; css=&#8221;.vc_custom_1736865173473{background-color: #fdf9f6 !important;}&#8221;][vc_column width=&#8221;1\/2&#8243; css=&#8221;.vc_custom_1736691497929{padding-top: 20px !important;}&#8221;][vc_column_text el_class=&#8221;underlined-header&#8221;]Votre c\u00e9r\u00e9monie[\/vc_column_text][vc_single_image image=&#8221;9232&#8243; img_size=&#8221;full&#8221;][vc_separator align=&#8221;align_left&#8221; el_width=&#8221;30&#8243; css=&#8221;.vc_custom_1736594237003{padding-top: 40px !important;padding-bottom: 30px !important;}&#8221;][vc_column_text css=&#8221;.vc_custom_1737214925778{margin-bottom: 20px !important;}&#8221;]Le <strong>Domaine de Mahourat<\/strong> offre de multiples options pour la c\u00e9r\u00e9monie, que ce soit en plein air dans le <strong>parc<\/strong> ou sous le <strong>pr\u00e9au<\/strong> en bois \u00e9clair\u00e9, situ\u00e9 au bord de l\u2019\u00e9tang s\u00e9curis\u00e9. Cette derni\u00e8re option est id\u00e9ale pour une c\u00e9r\u00e9monie la\u00efque champ\u00eatre et \u00e9l\u00e9gante. Le domaine dispose \u00e9galement d\u2019un <strong>petit salon<\/strong>, \u00e9quip\u00e9 d\u2019un vid\u00e9o-projecteur, pour des c\u00e9r\u00e9monies intimes ou des moments de r\u00e9flexion, et un grand parking priv\u00e9 s\u00e9curis\u00e9 pour vos invit\u00e9s.[\/vc_column_text][\/vc_column][vc_column width=&#8221;1\/2&#8243; css=&#8221;.vc_custom_1736865710160{padding-top: 20px !important;}&#8221;][vc_column_text el_class=&#8221;underlined-header&#8221;]Les h\u00e9bergements[\/vc_column_text][vc_single_image image=&#8221;9216&#8243; img_size=&#8221;full&#8221;][vc_separator align=&#8221;align_left&#8221; el_width=&#8221;30&#8243; css=&#8221;.vc_custom_1736594237003{padding-top: 40px !important;padding-bottom: 30px !important;}&#8221;][vc_column_text css=&#8221;.vc_custom_1737214963326{margin-bottom: 20px !important;}&#8221;]Le domaine propose une vari\u00e9t\u00e9 d\u2019h\u00e9bergements pour prolonger l\u2019exp\u00e9rience de votre mariage. La <strong>grande suite nuptiale de 60 m\u00b2<\/strong>, \u00e9quip\u00e9e d\u2019une literie en 160 cm et d\u2019un espace confortable, est id\u00e9ale pour les mari\u00e9s. Un <strong>dortoir<\/strong> de style refuge avec 14 couchages et un g\u00eete de la grande tour pour 7 personnes offrent \u00e9galement des solutions pratiques et confortables pour vos invit\u00e9s. <strong>Trois tipis nomades<\/strong>, pouvant accueillir 8 \u00e0 10 personnes chacun, sont disponibles pour une exp\u00e9rience insolite. Le domaine dispose \u00e9galement d\u2019une chambre de plain-pied pour 2 personnes et d\u2019autres h\u00e9bergements \u00e0 proximit\u00e9, tels que des chambres d\u2019h\u00f4tes et des h\u00f4tels, pour accueillir l&#8217;ensemble de vos invit\u00e9s. Un service de transport est \u00e9galement propos\u00e9 pour garantir le confort et la s\u00e9curit\u00e9 de tous.[\/vc_column_text][\/vc_column][\/vc_row][vc_row desctop_mt=&#8221;margin-lg-60t&#8221; desctop_mb=&#8221;margin-lg-20b&#8221; desctop_md_mt=&#8221;margin-md-60t&#8221; desctop_md_mb=&#8221;margin-md-20b&#8221; tablets_mt=&#8221;margin-sm-40t&#8221; tablets_mb=&#8221;margin-sm-5b&#8221; mobile_mt=&#8221;margin-xs-30t&#8221; el_class=&#8221;xb-header&#8221;][vc_column css=&#8221;.vc_custom_1736863644773{padding-top: 0px !important;}&#8221;][wiso_headings style=&#8221;text_center&#8221; title=&#8221;Images&#8221; subtitle=&#8221;D\u00e9couvrez en plus gr\u00e2ce \u00e0 ces quelques&#8221;][\/vc_column][\/vc_row][vc_row full_width=&#8221;stretch_row_content_no_spaces&#8221; gap=&#8221;30&#8243; desctop_mb=&#8221;margin-lg-0b&#8221; desctop_md_mb=&#8221;margin-md-0b&#8221; tablets_mb=&#8221;margin-sm-0b&#8221; mobile_mb=&#8221;margin-xs-0b&#8221; css=&#8221;.vc_custom_1737099575300{background-color: #101820 !important;}&#8221;][vc_column css=&#8221;.vc_custom_1736606296420{padding-top: 0px !important;}&#8221;][vc_row_inner][vc_column_inner css=&#8221;.vc_custom_1736685574917{margin-bottom: 20px !important;}&#8221;][vc_masonry_media_grid element_width=&#8221;3&#8243; gap=&#8221;15&#8243; initial_loading_animation=&#8221;fadeIn&#8221; grid_id=&#8221;vc_gid:1737844207230-8cb1b440-b8c5-1&#8243; include=&#8221;9211,9242,9227,9228,9229,9215,9223,9221,9238,9247,9259,9260,9262,9255,9214,9209,9207,9218,9234,9233,9208,9236,9244,9246,9241,9257,9240,9216,9254,9256,9258,9250,9249,9235,9226,9222,9210,9224&#8243;][\/vc_column_inner][\/vc_row_inner][\/vc_column][\/vc_row][vc_row desctop_mt=&#8221;margin-lg-60t&#8221; desctop_mb=&#8221;margin-lg-35b&#8221; desctop_md_mt=&#8221;margin-md-60t&#8221; desctop_md_mb=&#8221;margin-md-35b&#8221; tablets_mt=&#8221;margin-sm-40t&#8221; tablets_mb=&#8221;margin-sm-20b&#8221; mobile_mt=&#8221;margin-xs-30t&#8221; mobile_mb=&#8221;margin-xs-10b&#8221; el_class=&#8221;xb-header&#8221;][vc_column css=&#8221;.vc_custom_1736863644773{padding-top: 0px !important;}&#8221;][wiso_headings style=&#8221;text_center&#8221; title=&#8221;Domaine de Mahourat&#8221; subtitle=&#8221;Quelques reportages au&#8221;][\/vc_column][\/vc_row][vc_row full_width=&#8221;stretch_row_content_no_spaces&#8221;][vc_column][banner_slider type_slider=&#8221;myro&#8221; autoplay=&#8221;5&#8243;][banner_slider_items option_style=&#8221;myro&#8221; subtitle=&#8221;Domaine de Mahourat&#8221; title=&#8221;Ana\u00efs &#038; Samy&#8221; btn_style=&#8221;a-btn-4&#8243; image=&#8221;6707&#8243; button=&#8221;url:%2Fmariage-domaine-mahourat-anais-samy%2F|title:D%C3%A9couvrir&#8221;][banner_slider_items option_style=&#8221;myro&#8221; subtitle=&#8221;Domaine de Mahourat&#8221; title=&#8221;Lucille &#038; Philippe&#8221; btn_style=&#8221;a-btn-4&#8243; image=&#8221;10348&#8243; button=&#8221;url:%2Fmariage-domaine-mahourat-lucille-philippe%2F|title:D%C3%A9couvrir&#8221;][\/banner_slider][\/vc_column][\/vc_row][vc_row desctop_mt=&#8221;margin-lg-50t&#8221; desctop_mb=&#8221;margin-lg-40b&#8221; desctop_md_mt=&#8221;margin-md-50t&#8221; desctop_md_mb=&#8221;margin-md-40b&#8221; tablets_mt=&#8221;margin-sm-50t&#8221; tablets_mb=&#8221;margin-sm-30b&#8221; mobile_mt=&#8221;margin-xs-40t&#8221; mobile_mb=&#8221;margin-xs-30b&#8221; el_class=&#8221;xb-header&#8221;][vc_column][wiso_headings style=&#8221;text_center&#8221; title=&#8221;Contactez-moi&#8221;][vc_column_text el_class=&#8221;.me&#8221;]<\/p>\n<p style=\"text-align: center;\">Vous aimez mon travail et vous pensez que je peux \u00eatre votre <strong>photographe<\/strong> ? Besoin de plus d&#8217;informations ou d&#8217;un devis personnalis\u00e9 ? Contactez-moi via ce formulaire, je vous r\u00e9pondrai rapidement !<\/p>\n<p>[\/vc_column_text][\/vc_column][\/vc_row][vc_row desctop_mb=&#8221;margin-lg-30b&#8221; desctop_md_mb=&#8221;margin-md-30b&#8221; tablets_mb=&#8221;margin-sm-20b&#8221; mobile_mb=&#8221;margin-xs-20b&#8221;][vc_column el_class=&#8221;contact-form-mariage&#8221;]<div role=\"form\" class=\"wpcf7\" id=\"wpcf7-f5982-o1\" lang=\"en\" dir=\"ltr\">\n<div class=\"screen-reader-response\"><p role=\"status\" aria-live=\"polite\" aria-atomic=\"true\"><\/p> <ul><\/ul><\/div>\n<form action=\"\/en\/wp-json\/wp\/v2\/pages\/9459#wpcf7-f5982-o1\" method=\"post\" class=\"wpcf7-form init\" novalidate=\"novalidate\" data-status=\"init\">\n<div style=\"display: none;\">\n<input type=\"hidden\" name=\"_wpcf7\" value=\"5982\" \/>\n<input type=\"hidden\" name=\"_wpcf7_version\" value=\"5.4.1\" \/>\n<input type=\"hidden\" name=\"_wpcf7_locale\" value=\"en\" \/>\n<input type=\"hidden\" name=\"_wpcf7_unit_tag\" value=\"wpcf7-f5982-o1\" \/>\n<input type=\"hidden\" name=\"_wpcf7_container_post\" value=\"0\" \/>\n<input type=\"hidden\" name=\"_wpcf7_posted_data_hash\" value=\"\" \/>\n<input type=\"hidden\" name=\"lang\" value=\"en\" \/>\n<\/div>\n<p><label> Lastname *<br \/>\n    <span class=\"wpcf7-form-control-wrap your-name\"><input type=\"text\" name=\"your-name\" value=\"\" size=\"40\" class=\"wpcf7-form-control wpcf7-text wpcf7-validates-as-required\" aria-required=\"true\" aria-invalid=\"false\" \/><\/span> <\/label><\/p>\n<p><label> Firstname *<br \/>\n    <span class=\"wpcf7-form-control-wrap your-firstname\"><input type=\"text\" name=\"your-firstname\" value=\"\" size=\"40\" class=\"wpcf7-form-control wpcf7-text wpcf7-validates-as-required\" aria-required=\"true\" aria-invalid=\"false\" \/><\/span> <\/label><\/p>\n<p><label> Email *<br \/>\n    <span class=\"wpcf7-form-control-wrap your-email\"><input type=\"email\" name=\"your-email\" value=\"\" size=\"40\" class=\"wpcf7-form-control wpcf7-text wpcf7-email wpcf7-validates-as-required wpcf7-validates-as-email\" aria-required=\"true\" aria-invalid=\"false\" \/><\/span> <\/label><\/p>\n<p><label> Phone number *<br \/>\n    <span class=\"wpcf7-form-control-wrap your-phone\"><input type=\"tel\" name=\"your-phone\" value=\"\" size=\"40\" class=\"wpcf7-form-control wpcf7-text wpcf7-tel wpcf7-validates-as-required wpcf7-validates-as-tel\" aria-required=\"true\" aria-invalid=\"false\" \/><\/span> <\/label><\/p>\n<p><label> Your message *<br \/>\n    <span class=\"wpcf7-form-control-wrap your-message\"><textarea name=\"your-message\" cols=\"40\" rows=\"10\" class=\"wpcf7-form-control wpcf7-textarea wpcf7-validates-as-required\" aria-required=\"true\" aria-invalid=\"false\"><\/textarea><\/span> <\/label><br \/>\n<div id=\"cf7sr-69fa474ec0f2b\" class=\"cf7sr-g-recaptcha\" data-theme=\"light\" data-type=\"image\" data-size=\"normal\" data-sitekey=\"6Lf0ZtYhAAAAAFckl5Aq4AEBi8EoLfMY-zzDwRwB\"><\/div><span class=\"wpcf7-form-control-wrap cf7sr-recaptcha\" data-name=\"cf7sr-recaptcha\"><input type=\"hidden\" name=\"cf7sr-recaptcha\" value=\"\" class=\"wpcf7-form-control\"><\/span><br \/>\n<input type=\"submit\" value=\"Send\" class=\"wpcf7-form-control wpcf7-submit\" \/><\/p>\n<p style=\"display: none !important;\" class=\"akismet-fields-container\" data-prefix=\"_wpcf7_ak_\"><label>&#916;<textarea name=\"_wpcf7_ak_hp_textarea\" cols=\"45\" rows=\"8\" maxlength=\"100\"><\/textarea><\/label><input type=\"hidden\" id=\"ak_js_1\" name=\"_wpcf7_ak_js\" value=\"137\"\/><script>document.getElementById( \"ak_js_1\" ).setAttribute( \"value\", ( new Date() ).getTime() );<\/script><\/p><div class=\"wpcf7-response-output\" aria-hidden=\"true\"><\/div><\/form><\/div>[\/vc_column][\/vc_row][vc_row full_width=&#8221;stretch_row&#8221; desctop_mt=&#8221;margin-lg-20t&#8221; desctop_md_mt=&#8221;margin-md-20t&#8221; tablets_mt=&#8221;margin-sm-20t&#8221; mobile_mt=&#8221;margin-xs-20t&#8221; css=&#8221;.vc_custom_1736937257690{background-image: url(\/wp-content\/uploads\/2025\/01\/Mariage-6.jpg?id=) !important;background-position: center !important;background-repeat: no-repeat !important;background-size: cover !important;}&#8221;][vc_column][wiso_testimonial autoplay=&#8221;5&#8243; loop=&#8221;true&#8221; color=&#8221;#ffffff&#8221;][wiso_testimonial_items author=&#8221;Olivia &#038; Corentin&#8221; position=&#8221;Mariage au Domaine de Valmont&#8221;]&#8221;Xavier a \u00e9t\u00e9 parfait ! Il nous a mit \u00e0 l\u2019aise, il nous a guid\u00e9 mais sans faire des poses fig\u00e9es, il a prit des moments de vie et \u00e7a c\u2019est vraiment pr\u00e9cieux. Nous sommes plus que combl\u00e9s des photos de notre mariage, on les regarde en boucle et elles nous font vraiment revivre ce moment. Tous nos invit\u00e9s aussi ont \u00e9t\u00e9 ravis des photos ! Merci encore mille fois Xavier !&#8221;[\/wiso_testimonial_items][wiso_testimonial_items author=&#8221;Jazmine &#038; Lambert&#8221; position=&#8221;Mariage au Ch\u00e2teau de Garde&#8221;]&#8221;Xavier was our photographer for our wedding in France at Chateau De garde. He\u2019s truly an amazing person to work with. Xavier\u2019s eye for certain shots was amazing. We loved our photos. For the wedding he came for both our events and took fabulous shots ! Talk about amazing ! I would highly recommend Xavier to anyone looking for a skilled photographer in the area. Merciiiii Xavier !!&#8221;[\/wiso_testimonial_items][wiso_testimonial_items author=&#8221;Sol\u00e8ne &#038; Marc&#8221; position=&#8221;Mariage \u00e0 la Maison Welcome&#8221;]&#8221;Nous sommes plus que ravis d\u2019avoir choisi Xavier pour notre mariage. Il a su capturer ces moments si pr\u00e9cieux de la meilleure des fa\u00e7ons. Communication fluide, toujours \u00e0 l\u2019\u00e9coute, il a contribu\u00e9 \u00e0 la r\u00e9ussite de cette journ\u00e9e.<br \/>\nMille merci !&#8221;[\/wiso_testimonial_items][wiso_testimonial_items author=&#8221;Charlotte &#038; Mathieu&#8221; position=&#8221;Mariage au Ch\u00e2teau Mader&#8221;]&#8221;Tr\u00e8s professionnel et sympathique, Xavier r\u00e9alise un travail de qualit\u00e9. Il sait mettre \u00e0 l&#8217;aise durant les s\u00e9ances, il est toujours \u00e0 la recherche du meilleur plan et il s&#8217;adapte aux envies de chacun. Nous avons fait appel \u00e0 lui pour notre mariage et nous sommes enti\u00e8rement satisfaits du rendu final des photos. Nous le recommandons et nous avons h\u00e2te de le retrouver pour immortaliser d&#8217;autres moments.&#8221;[\/wiso_testimonial_items][\/wiso_testimonial][\/vc_column][\/vc_row]<\/p>\n","protected":false},"excerpt":{"rendered":"<p>[vc_row full_width=&#8221;stretch_row_content_no_spaces&#8221;][vc_column][wiso_banner style_banner=&#8221;simple&#8221; height=&#8221;full&#8221; style=&#8221;center_content&#8221; overlay=&#8221;yes&#8221; title=&#8221;Domaine de Mahourat&#8221; image=&#8221;9237&#8243; subtitle=&#8221;Votre mariage au&#8221;][\/vc_column][\/vc_row][vc_row full_width=&#8221;stretch_row&#8221; el_class=&#8221;xb-header&#8221; css=&#8221;.vc_custom_1737213692236{background-color: #fdf9f6 !important;}&#8221;][vc_column][wiso_headings style=&#8221;text_center&#8221; title=&#8221;Lieu unique&#8221; subtitle=&#8221;Les atouts de ce&#8221;][\/vc_column][\/vc_row][vc_row full_width=&#8221;stretch_row&#8221; gap=&#8221;35&#8243; equal_height=&#8221;yes&#8221; content_placement=&#8221;top&#8221; el_class=&#8221;xb mod-number mod-left&#8221; css=&#8221;.vc_custom_1736865173473{background-color: #fdf9f6 !important;}&#8221;][vc_column width=&#8221;1\/2&#8243; css=&#8221;.vc_custom_1736691497929{padding-top: 20px !important;}&#8221;][vc_column_text el_class=&#8221;underlined-header&#8221;]Le lieu[\/vc_column_text][vc_single_image image=&#8221;9211&#8243; img_size=&#8221;full&#8221;][vc_separator align=&#8221;align_left&#8221; el_width=&#8221;30&#8243; css=&#8221;.vc_custom_1736594237003{padding-top: 40px !important;padding-bottom: 30px !important;}&#8221;][vc_column_text css=&#8221;.vc_custom_1737214837903{margin-bottom: 20px !important;}&#8221;]Le Domaine de &#8230;<\/p>\n","protected":false},"author":1,"featured_media":0,"parent":0,"menu_order":0,"comment_status":"closed","ping_status":"closed","template":"","meta":{"footnotes":""},"_links":{"self":[{"href":"https:\/\/www.xavierbellenger.com\/en\/wp-json\/wp\/v2\/pages\/9459"}],"collection":[{"href":"https:\/\/www.xavierbellenger.com\/en\/wp-json\/wp\/v2\/pages"}],"about":[{"href":"https:\/\/www.xavierbellenger.com\/en\/wp-json\/wp\/v2\/types\/page"}],"author":[{"embeddable":true,"href":"https:\/\/www.xavierbellenger.com\/en\/wp-json\/wp\/v2\/users\/1"}],"replies":[{"embeddable":true,"href":"https:\/\/www.xavierbellenger.com\/en\/wp-json\/wp\/v2\/comments?post=9459"}],"version-history":[{"count":10,"href":"https:\/\/www.xavierbellenger.com\/en\/wp-json\/wp\/v2\/pages\/9459\/revisions"}],"predecessor-version":[{"id":17872,"href":"https:\/\/www.xavierbellenger.com\/en\/wp-json\/wp\/v2\/pages\/9459\/revisions\/17872"}],"wp:attachment":[{"href":"https:\/\/www.xavierbellenger.com\/en\/wp-json\/wp\/v2\/media?parent=9459"}],"curies":[{"name":"wp","href":"https:\/\/api.w.org\/{rel}","templated":true}]}}