{"id":9481,"date":"2025-01-18T17:59:31","date_gmt":"2025-01-18T16:59:31","guid":{"rendered":"https:\/\/new.xavierbellenger.com\/?page_id=9481"},"modified":"2025-02-07T14:26:26","modified_gmt":"2025-02-07T13:26:26","slug":"chateau-gassies","status":"publish","type":"page","link":"https:\/\/www.xavierbellenger.com\/en\/chateau-gassies\/","title":{"rendered":"Ch\u00e2teau Gassies"},"content":{"rendered":"<p>[vc_row full_width=&#8221;stretch_row_content_no_spaces&#8221;][vc_column][wiso_banner style_banner=&#8221;simple&#8221; height=&#8221;full&#8221; style=&#8221;center_content&#8221; overlay=&#8221;yes&#8221; title=&#8221;Ch\u00e2teau Gassies&#8221; image=&#8221;9092&#8243; subtitle=&#8221;Votre mariage au&#8221;][\/vc_column][\/vc_row][vc_row full_width=&#8221;stretch_row&#8221; el_class=&#8221;xb-header&#8221; css=&#8221;.vc_custom_1737213692236{background-color: #fdf9f6 !important;}&#8221;][vc_column][wiso_headings style=&#8221;text_center&#8221; title=&#8221;Lieu unique&#8221; subtitle=&#8221;Les atouts de ce&#8221;][\/vc_column][\/vc_row][vc_row full_width=&#8221;stretch_row&#8221; gap=&#8221;35&#8243; equal_height=&#8221;yes&#8221; content_placement=&#8221;top&#8221; el_class=&#8221;xb mod-number mod-left&#8221; css=&#8221;.vc_custom_1736865173473{background-color: #fdf9f6 !important;}&#8221;][vc_column width=&#8221;1\/2&#8243; css=&#8221;.vc_custom_1736691497929{padding-top: 20px !important;}&#8221;][vc_column_text el_class=&#8221;underlined-header&#8221;]Le lieu[\/vc_column_text][vc_single_image image=&#8221;9113&#8243; img_size=&#8221;full&#8221;][vc_separator align=&#8221;align_left&#8221; el_width=&#8221;30&#8243; css=&#8221;.vc_custom_1736594237003{padding-top: 40px !important;padding-bottom: 30px !important;}&#8221;][vc_column_text css=&#8221;.vc_custom_1737221579294{margin-bottom: 20px !important;}&#8221;]Le <strong>Ch\u00e2teau Gassies<\/strong>, situ\u00e9 \u00e0 Latresne, \u00e0 quelques minutes seulement de Bordeaux, est un havre de paix nich\u00e9 au c\u0153ur d\u2019un vaste parc verdoyant. Ce domaine enchanteur, o\u00f9 r\u00e8gnent <strong>ch\u00eanes centenaires<\/strong> et <strong>c\u00e8dres majestueux<\/strong>, incarne l&#8217;\u00e9l\u00e9gance et la s\u00e9r\u00e9nit\u00e9 pour un mariage inoubliable. Avec ses <strong>vues imprenables sur Bordeaux<\/strong> depuis la terrasse Ouest, ce lieu d\u2019exception offre un cadre romantique et raffin\u00e9 pour c\u00e9l\u00e9brer l\u2019un des plus beaux jours de votre vie.[\/vc_column_text][\/vc_column][vc_column width=&#8221;1\/2&#8243; css=&#8221;.vc_custom_1736865710160{padding-top: 20px !important;}&#8221;][vc_column_text el_class=&#8221;underlined-header&#8221;]La salle de r\u00e9ception[\/vc_column_text][vc_single_image image=&#8221;9106&#8243; img_size=&#8221;full&#8221;][vc_separator align=&#8221;align_left&#8221; el_width=&#8221;30&#8243; css=&#8221;.vc_custom_1736594237003{padding-top: 40px !important;padding-bottom: 30px !important;}&#8221;][vc_column_text css=&#8221;.vc_custom_1737221612024{margin-bottom: 20px !important;}&#8221;]La <strong>salle de r\u00e9ception<\/strong> Charles X, d\u2019une superficie de <strong>190 m\u00b2<\/strong>, peut accueillir jusqu\u2019\u00e0 <strong>150 invit\u00e9s<\/strong>. Orn\u00e9e de murs en <strong>pierre de taille<\/strong>, de poutres en bois, de lustres en cristal et de miroirs anciens, elle constitue un espace somptueux pour un d\u00eener de mariage \u00e9l\u00e9gant. Son charme authentique n\u00e9cessite peu de d\u00e9coration suppl\u00e9mentaire pour sublimer votre \u00e9v\u00e9nement. Les tables et chaises sont fournies, et l\u2019atmosph\u00e8re chaleureuse et romantique de la salle est id\u00e9ale pour une c\u00e9l\u00e9bration unique et m\u00e9morable.[\/vc_column_text][\/vc_column][\/vc_row][vc_row full_width=&#8221;stretch_row&#8221; gap=&#8221;35&#8243; equal_height=&#8221;yes&#8221; content_placement=&#8221;top&#8221; el_class=&#8221;xb mod-number mod-left&#8221; css=&#8221;.vc_custom_1736865173473{background-color: #fdf9f6 !important;}&#8221;][vc_column width=&#8221;1\/2&#8243; css=&#8221;.vc_custom_1736691497929{padding-top: 20px !important;}&#8221;][vc_column_text el_class=&#8221;underlined-header&#8221;]Votre c\u00e9r\u00e9monie[\/vc_column_text][vc_single_image image=&#8221;9119&#8243; img_size=&#8221;full&#8221;][vc_separator align=&#8221;align_left&#8221; el_width=&#8221;30&#8243; css=&#8221;.vc_custom_1736594237003{padding-top: 40px !important;padding-bottom: 30px !important;}&#8221;][vc_column_text css=&#8221;.vc_custom_1737221643954{margin-bottom: 20px !important;}&#8221;]Le <strong>Ch\u00e2teau Gassies<\/strong> offre plusieurs options pour votre c\u00e9r\u00e9monie. Vous pouvez \u00e9changer vos v\u0153ux dans la <strong>clairi\u00e8re ombrag\u00e9e<\/strong> par des ch\u00eanes centenaires, au c\u0153ur du parc, pour une ambiance naturelle et intime. Alternativement, le <strong>pr\u00e9au du XIXe si\u00e8cle<\/strong>, avec ses charmantes fen\u00eatres cintr\u00e9es, offre un cadre abrit\u00e9 et plein de caract\u00e8re pour accueillir votre union. Apr\u00e8s la c\u00e9r\u00e9monie, un cocktail \u00e9l\u00e9gant peut \u00eatre organis\u00e9 sur la terrasse Ouest, face au coucher de soleil, sous le regard bienveillant du majestueux C\u00e8dre du Liban.[\/vc_column_text][\/vc_column][vc_column width=&#8221;1\/2&#8243; css=&#8221;.vc_custom_1736865710160{padding-top: 20px !important;}&#8221;][vc_column_text el_class=&#8221;underlined-header&#8221;]Les h\u00e9bergements[\/vc_column_text][vc_single_image image=&#8221;9116&#8243; img_size=&#8221;full&#8221;][vc_separator align=&#8221;align_left&#8221; el_width=&#8221;30&#8243; css=&#8221;.vc_custom_1736594237003{padding-top: 40px !important;padding-bottom: 30px !important;}&#8221;][vc_column_text css=&#8221;.vc_custom_1737221680542{margin-bottom: 20px !important;}&#8221;]Pour prolonger ce moment magique, le Ch\u00e2teau Gassies propose <strong>cinq suites spacieuses<\/strong> et luxueuses, parfaites pour accueillir les mari\u00e9s et leurs proches. Parmi elles, la <strong>suite C\u00e8dre<\/strong>, lumineuse et dot\u00e9e d\u2019un lit \u00e0 baldaquin, offre un cadre parfait pour les pr\u00e9paratifs et une nuit de noces inoubliable. Chaque suite, <strong>de 30 \u00e0 47 m\u00b2<\/strong>, est meubl\u00e9e avec des antiquit\u00e9s \u00e9l\u00e9gantes et \u00e9quip\u00e9e de tout le confort moderne, incluant t\u00e9l\u00e9vision, machine \u00e0 caf\u00e9 et plateau de courtoisie. Le petit-d\u00e9jeuner continental, comprenant viennoiseries, fruits frais, fromage blanc et boissons chaudes, est inclus. Les invit\u00e9s ont \u00e9galement acc\u00e8s \u00e0 la piscine, \u00e0 un espace bien-\u00eatre avec sauna et hammam, et \u00e0 des installations sportives telles qu\u2019un terrain multisport et un boulodrome.[\/vc_column_text][\/vc_column][\/vc_row][vc_row desctop_mt=&#8221;margin-lg-60t&#8221; desctop_mb=&#8221;margin-lg-20b&#8221; desctop_md_mt=&#8221;margin-md-60t&#8221; desctop_md_mb=&#8221;margin-md-20b&#8221; tablets_mt=&#8221;margin-sm-40t&#8221; tablets_mb=&#8221;margin-sm-5b&#8221; mobile_mt=&#8221;margin-xs-30t&#8221; el_class=&#8221;xb-header&#8221;][vc_column css=&#8221;.vc_custom_1736863644773{padding-top: 0px !important;}&#8221;][wiso_headings style=&#8221;text_center&#8221; title=&#8221;Images&#8221; subtitle=&#8221;D\u00e9couvrez en plus gr\u00e2ce \u00e0 ces quelques&#8221;][\/vc_column][\/vc_row][vc_row full_width=&#8221;stretch_row_content_no_spaces&#8221; gap=&#8221;30&#8243; desctop_mb=&#8221;margin-lg-0b&#8221; desctop_md_mb=&#8221;margin-md-0b&#8221; tablets_mb=&#8221;margin-sm-0b&#8221; mobile_mb=&#8221;margin-xs-0b&#8221; css=&#8221;.vc_custom_1737099575300{background-color: #101820 !important;}&#8221;][vc_column css=&#8221;.vc_custom_1736606296420{padding-top: 0px !important;}&#8221;][vc_row_inner][vc_column_inner css=&#8221;.vc_custom_1736685574917{margin-bottom: 20px !important;}&#8221;][vc_masonry_media_grid element_width=&#8221;3&#8243; gap=&#8221;15&#8243; initial_loading_animation=&#8221;fadeIn&#8221; grid_id=&#8221;vc_gid:1737824359678-95200978-3ed1-7&#8243; include=&#8221;9089,9124,9123,9122,9121,9120,9119,9118,9117,9116,9115,9101,9113,9125,9112,9111,9110,9109,9094,9108,9107,9114,9106,9105,9104,9103,9102,9100,9099,9098,9097,9096,9095,9093,9092,9091,9090,9126&#8243;][\/vc_column_inner][\/vc_row_inner][\/vc_column][\/vc_row][vc_row desctop_mt=&#8221;margin-lg-60t&#8221; desctop_mb=&#8221;margin-lg-35b&#8221; desctop_md_mt=&#8221;margin-md-60t&#8221; desctop_md_mb=&#8221;margin-md-35b&#8221; tablets_mt=&#8221;margin-sm-40t&#8221; tablets_mb=&#8221;margin-sm-20b&#8221; mobile_mt=&#8221;margin-xs-30t&#8221; mobile_mb=&#8221;margin-xs-10b&#8221; el_class=&#8221;xb-header&#8221;][vc_column css=&#8221;.vc_custom_1736863644773{padding-top: 0px !important;}&#8221;][wiso_headings style=&#8221;text_center&#8221; title=&#8221;Ch\u00e2teau Gassies&#8221; subtitle=&#8221;Un reportage photos au&#8221;][\/vc_column][\/vc_row][vc_row full_width=&#8221;stretch_row_content_no_spaces&#8221;][vc_column][banner_slider type_slider=&#8221;myro&#8221;][banner_slider_items option_style=&#8221;myro&#8221; subtitle=&#8221;Ch\u00e2teau Gassies&#8221; title=&#8221;Marl\u00e8ne &#038; Kevin&#8221; btn_style=&#8221;a-btn-4&#8243; image=&#8221;13299&#8243; button=&#8221;url:%2Fmariage-chateau-gassies-marlene-kevin%2F|title:D%C3%A9couvrir&#8221;][\/banner_slider][\/vc_column][\/vc_row][vc_row desctop_mt=&#8221;margin-lg-50t&#8221; desctop_mb=&#8221;margin-lg-40b&#8221; desctop_md_mt=&#8221;margin-md-50t&#8221; desctop_md_mb=&#8221;margin-md-40b&#8221; tablets_mt=&#8221;margin-sm-50t&#8221; tablets_mb=&#8221;margin-sm-30b&#8221; mobile_mt=&#8221;margin-xs-40t&#8221; mobile_mb=&#8221;margin-xs-30b&#8221; el_class=&#8221;xb-header&#8221;][vc_column][wiso_headings style=&#8221;text_center&#8221; title=&#8221;Contactez-moi&#8221;][vc_column_text el_class=&#8221;.me&#8221;]<\/p>\n<p style=\"text-align: center;\">Vous aimez mon travail et vous pensez que je peux \u00eatre votre <strong>photographe<\/strong> ? Besoin de plus d&#8217;informations ou d&#8217;un devis personnalis\u00e9 ? Contactez-moi via ce formulaire, je vous r\u00e9pondrai rapidement !<\/p>\n<p>[\/vc_column_text][\/vc_column][\/vc_row][vc_row desctop_mb=&#8221;margin-lg-30b&#8221; desctop_md_mb=&#8221;margin-md-30b&#8221; tablets_mb=&#8221;margin-sm-20b&#8221; mobile_mb=&#8221;margin-xs-20b&#8221;][vc_column el_class=&#8221;contact-form-mariage&#8221;]<div role=\"form\" class=\"wpcf7\" id=\"wpcf7-f5982-o1\" lang=\"en\" dir=\"ltr\">\n<div class=\"screen-reader-response\"><p role=\"status\" aria-live=\"polite\" aria-atomic=\"true\"><\/p> <ul><\/ul><\/div>\n<form action=\"\/en\/wp-json\/wp\/v2\/pages\/9481#wpcf7-f5982-o1\" method=\"post\" class=\"wpcf7-form init\" novalidate=\"novalidate\" data-status=\"init\">\n<div style=\"display: none;\">\n<input type=\"hidden\" name=\"_wpcf7\" value=\"5982\" \/>\n<input type=\"hidden\" name=\"_wpcf7_version\" value=\"5.4.1\" \/>\n<input type=\"hidden\" name=\"_wpcf7_locale\" value=\"en\" \/>\n<input type=\"hidden\" name=\"_wpcf7_unit_tag\" value=\"wpcf7-f5982-o1\" \/>\n<input type=\"hidden\" name=\"_wpcf7_container_post\" value=\"0\" \/>\n<input type=\"hidden\" name=\"_wpcf7_posted_data_hash\" value=\"\" \/>\n<input type=\"hidden\" name=\"lang\" value=\"en\" \/>\n<\/div>\n<p><label> Lastname *<br \/>\n    <span class=\"wpcf7-form-control-wrap your-name\"><input type=\"text\" name=\"your-name\" value=\"\" size=\"40\" class=\"wpcf7-form-control wpcf7-text wpcf7-validates-as-required\" aria-required=\"true\" aria-invalid=\"false\" \/><\/span> <\/label><\/p>\n<p><label> Firstname *<br \/>\n    <span class=\"wpcf7-form-control-wrap your-firstname\"><input type=\"text\" name=\"your-firstname\" value=\"\" size=\"40\" class=\"wpcf7-form-control wpcf7-text wpcf7-validates-as-required\" aria-required=\"true\" aria-invalid=\"false\" \/><\/span> <\/label><\/p>\n<p><label> Email *<br \/>\n    <span class=\"wpcf7-form-control-wrap your-email\"><input type=\"email\" name=\"your-email\" value=\"\" size=\"40\" class=\"wpcf7-form-control wpcf7-text wpcf7-email wpcf7-validates-as-required wpcf7-validates-as-email\" aria-required=\"true\" aria-invalid=\"false\" \/><\/span> <\/label><\/p>\n<p><label> Phone number *<br \/>\n    <span class=\"wpcf7-form-control-wrap your-phone\"><input type=\"tel\" name=\"your-phone\" value=\"\" size=\"40\" class=\"wpcf7-form-control wpcf7-text wpcf7-tel wpcf7-validates-as-required wpcf7-validates-as-tel\" aria-required=\"true\" aria-invalid=\"false\" \/><\/span> <\/label><\/p>\n<p><label> Your message *<br \/>\n    <span class=\"wpcf7-form-control-wrap your-message\"><textarea name=\"your-message\" cols=\"40\" rows=\"10\" class=\"wpcf7-form-control wpcf7-textarea wpcf7-validates-as-required\" aria-required=\"true\" aria-invalid=\"false\"><\/textarea><\/span> <\/label><br \/>\n<div id=\"cf7sr-69fa486346519\" class=\"cf7sr-g-recaptcha\" data-theme=\"light\" data-type=\"image\" data-size=\"normal\" data-sitekey=\"6Lf0ZtYhAAAAAFckl5Aq4AEBi8EoLfMY-zzDwRwB\"><\/div><span class=\"wpcf7-form-control-wrap cf7sr-recaptcha\" data-name=\"cf7sr-recaptcha\"><input type=\"hidden\" name=\"cf7sr-recaptcha\" value=\"\" class=\"wpcf7-form-control\"><\/span><br \/>\n<input type=\"submit\" value=\"Send\" class=\"wpcf7-form-control wpcf7-submit\" \/><\/p>\n<p style=\"display: none !important;\" class=\"akismet-fields-container\" data-prefix=\"_wpcf7_ak_\"><label>&#916;<textarea name=\"_wpcf7_ak_hp_textarea\" cols=\"45\" rows=\"8\" maxlength=\"100\"><\/textarea><\/label><input type=\"hidden\" id=\"ak_js_1\" name=\"_wpcf7_ak_js\" value=\"154\"\/><script>document.getElementById( \"ak_js_1\" ).setAttribute( \"value\", ( new Date() ).getTime() );<\/script><\/p><div class=\"wpcf7-response-output\" aria-hidden=\"true\"><\/div><\/form><\/div>[\/vc_column][\/vc_row][vc_row full_width=&#8221;stretch_row&#8221; desctop_mt=&#8221;margin-lg-20t&#8221; desctop_md_mt=&#8221;margin-md-20t&#8221; tablets_mt=&#8221;margin-sm-20t&#8221; mobile_mt=&#8221;margin-xs-20t&#8221; css=&#8221;.vc_custom_1736937257690{background-image: url(\/wp-content\/uploads\/2025\/01\/Mariage-6.jpg?id=) !important;background-position: center !important;background-repeat: no-repeat !important;background-size: cover !important;}&#8221;][vc_column][wiso_testimonial autoplay=&#8221;5&#8243; loop=&#8221;true&#8221; color=&#8221;#ffffff&#8221;][wiso_testimonial_items author=&#8221;Olivia &#038; Corentin&#8221; position=&#8221;Mariage au Domaine de Valmont&#8221;]&#8221;Xavier a \u00e9t\u00e9 parfait ! Il nous a mit \u00e0 l\u2019aise, il nous a guid\u00e9 mais sans faire des poses fig\u00e9es, il a prit des moments de vie et \u00e7a c\u2019est vraiment pr\u00e9cieux. Nous sommes plus que combl\u00e9s des photos de notre mariage, on les regarde en boucle et elles nous font vraiment revivre ce moment. Tous nos invit\u00e9s aussi ont \u00e9t\u00e9 ravis des photos ! Merci encore mille fois Xavier !&#8221;[\/wiso_testimonial_items][wiso_testimonial_items author=&#8221;Jazmine &#038; Lambert&#8221; position=&#8221;Mariage au Ch\u00e2teau de Garde&#8221;]&#8221;Xavier was our photographer for our wedding in France at Chateau De garde. He\u2019s truly an amazing person to work with. Xavier\u2019s eye for certain shots was amazing. We loved our photos. For the wedding he came for both our events and took fabulous shots ! Talk about amazing ! I would highly recommend Xavier to anyone looking for a skilled photographer in the area. Merciiiii Xavier !!&#8221;[\/wiso_testimonial_items][wiso_testimonial_items author=&#8221;Sol\u00e8ne &#038; Marc&#8221; position=&#8221;Mariage \u00e0 la Maison Welcome&#8221;]&#8221;Nous sommes plus que ravis d\u2019avoir choisi Xavier pour notre mariage. Il a su capturer ces moments si pr\u00e9cieux de la meilleure des fa\u00e7ons. Communication fluide, toujours \u00e0 l\u2019\u00e9coute, il a contribu\u00e9 \u00e0 la r\u00e9ussite de cette journ\u00e9e.<br \/>\nMille merci !&#8221;[\/wiso_testimonial_items][wiso_testimonial_items author=&#8221;Charlotte &#038; Mathieu&#8221; position=&#8221;Mariage au Ch\u00e2teau Mader&#8221;]&#8221;Tr\u00e8s professionnel et sympathique, Xavier r\u00e9alise un travail de qualit\u00e9. Il sait mettre \u00e0 l&#8217;aise durant les s\u00e9ances, il est toujours \u00e0 la recherche du meilleur plan et il s&#8217;adapte aux envies de chacun. Nous avons fait appel \u00e0 lui pour notre mariage et nous sommes enti\u00e8rement satisfaits du rendu final des photos. Nous le recommandons et nous avons h\u00e2te de le retrouver pour immortaliser d&#8217;autres moments.&#8221;[\/wiso_testimonial_items][\/wiso_testimonial][\/vc_column][\/vc_row]<\/p>\n","protected":false},"excerpt":{"rendered":"<p>[vc_row full_width=&#8221;stretch_row_content_no_spaces&#8221;][vc_column][wiso_banner style_banner=&#8221;simple&#8221; height=&#8221;full&#8221; style=&#8221;center_content&#8221; overlay=&#8221;yes&#8221; title=&#8221;Ch\u00e2teau Gassies&#8221; image=&#8221;9092&#8243; subtitle=&#8221;Votre mariage au&#8221;][\/vc_column][\/vc_row][vc_row full_width=&#8221;stretch_row&#8221; el_class=&#8221;xb-header&#8221; css=&#8221;.vc_custom_1737213692236{background-color: #fdf9f6 !important;}&#8221;][vc_column][wiso_headings style=&#8221;text_center&#8221; title=&#8221;Lieu unique&#8221; subtitle=&#8221;Les atouts de ce&#8221;][\/vc_column][\/vc_row][vc_row full_width=&#8221;stretch_row&#8221; gap=&#8221;35&#8243; equal_height=&#8221;yes&#8221; content_placement=&#8221;top&#8221; el_class=&#8221;xb mod-number mod-left&#8221; css=&#8221;.vc_custom_1736865173473{background-color: #fdf9f6 !important;}&#8221;][vc_column width=&#8221;1\/2&#8243; css=&#8221;.vc_custom_1736691497929{padding-top: 20px !important;}&#8221;][vc_column_text el_class=&#8221;underlined-header&#8221;]Le lieu[\/vc_column_text][vc_single_image image=&#8221;9113&#8243; img_size=&#8221;full&#8221;][vc_separator align=&#8221;align_left&#8221; el_width=&#8221;30&#8243; css=&#8221;.vc_custom_1736594237003{padding-top: 40px !important;padding-bottom: 30px !important;}&#8221;][vc_column_text css=&#8221;.vc_custom_1737221579294{margin-bottom: 20px !important;}&#8221;]Le Ch\u00e2teau Gassies, situ\u00e9 &#8230;<\/p>\n","protected":false},"author":1,"featured_media":0,"parent":0,"menu_order":0,"comment_status":"closed","ping_status":"closed","template":"","meta":{"footnotes":""},"_links":{"self":[{"href":"https:\/\/www.xavierbellenger.com\/en\/wp-json\/wp\/v2\/pages\/9481"}],"collection":[{"href":"https:\/\/www.xavierbellenger.com\/en\/wp-json\/wp\/v2\/pages"}],"about":[{"href":"https:\/\/www.xavierbellenger.com\/en\/wp-json\/wp\/v2\/types\/page"}],"author":[{"embeddable":true,"href":"https:\/\/www.xavierbellenger.com\/en\/wp-json\/wp\/v2\/users\/1"}],"replies":[{"embeddable":true,"href":"https:\/\/www.xavierbellenger.com\/en\/wp-json\/wp\/v2\/comments?post=9481"}],"version-history":[{"count":10,"href":"https:\/\/www.xavierbellenger.com\/en\/wp-json\/wp\/v2\/pages\/9481\/revisions"}],"predecessor-version":[{"id":17875,"href":"https:\/\/www.xavierbellenger.com\/en\/wp-json\/wp\/v2\/pages\/9481\/revisions\/17875"}],"wp:attachment":[{"href":"https:\/\/www.xavierbellenger.com\/en\/wp-json\/wp\/v2\/media?parent=9481"}],"curies":[{"name":"wp","href":"https:\/\/api.w.org\/{rel}","templated":true}]}}