{"id":9700,"date":"2025-01-31T12:29:37","date_gmt":"2025-01-31T11:29:37","guid":{"rendered":"https:\/\/new.xavierbellenger.com\/?page_id=9700"},"modified":"2025-01-31T18:21:23","modified_gmt":"2025-01-31T17:21:23","slug":"histoires","status":"publish","type":"page","link":"https:\/\/www.xavierbellenger.com\/en\/histoires\/","title":{"rendered":"Stories"},"content":{"rendered":"<p>[vc_row full_width=&#8221;stretch_row_content_no_spaces&#8221;][vc_column][wiso_banner style_banner=&#8221;simple&#8221; height=&#8221;full&#8221; style=&#8221;center_content&#8221; overlay=&#8221;yes&#8221; title=&#8221;Stories&#8221; image=&#8221;9808&#8243; subtitle=&#8221;Let me tell your&#8221;][\/vc_column][\/vc_row][vc_row full_width=&#8221;stretch_row&#8221; desctop_mt=&#8221;margin-lg-50t&#8221; desctop_md_mt=&#8221;margin-md-50t&#8221; tablets_mt=&#8221;margin-sm-40t&#8221; mobile_mt=&#8221;margin-xs-25t&#8221; desctop_lg_pb=&#8221;padding-lg-30b&#8221; desctop_pb=&#8221;padding-md-30b&#8221; tablets_pb=&#8221;padding-sm-30b&#8221; mobile_pb=&#8221;padding-xs-20b&#8221; el_class=&#8221;xb-header&#8221;][vc_column][wiso_headings style=&#8221;text_center&#8221; title=&#8221;Your memories&#8221; subtitle=&#8221;in photos&#8221;][\/vc_column][\/vc_row][vc_row full_width=&#8221;stretch_row&#8221; desctop_lg_pb=&#8221;padding-lg-30b&#8221; desctop_pb=&#8221;padding-md-30b&#8221; tablets_pb=&#8221;padding-sm-30b&#8221; mobile_pb=&#8221;padding-xs-20b&#8221; el_class=&#8221;xb&#8221;][vc_column width=&#8221;1\/2&#8243; el_class=&#8221;paragraph&#8221;][vc_column_text el_class=&#8221;.me&#8221;]Over the past seven years, I\u2019ve had the privilege of capturing your most beautiful moments! Maternity sessions, family photos, marriage proposals, bachelorette parties, births, and weddings\u2014this page gathers a collection of unique stories and precious memories that I\u2019ve had the honor of photographing and that I\u2019m proud to share with you.<\/p>\n<p>You\u2019ll also find a glimpse into the weddings I\u2019ve been a part of: emotional preparations, intimate ceremonies, romantic couple portraits, and festive receptions.[\/vc_column_text][\/vc_column][vc_column width=&#8221;1\/2&#8243; el_class=&#8221;paragraph&#8221;][vc_column_text el_class=&#8221;.me&#8221;]Whether in Bordeaux, around the Arcachon Bay, in the Landes, or anywhere in Nouvelle-Aquitaine, each session is a new adventure, and I\u2019m proud to be able to share these timeless memories with you.<\/p>\n<p>I invite you to immerse yourself in these stories of love, family, commitment, and joy that have been entrusted to me, and to imagine how I could capture the precious moments of your own special day.<\/p>\n<p>As a professional photographer in Bordeaux, I travel throughout the region to create timeless memories, with discretion and creativity.[\/vc_column_text][\/vc_column][\/vc_row][vc_row desctop_mb=&#8221;margin-lg-40b&#8221; desctop_md_mb=&#8221;margin-md-40b&#8221; tablets_mb=&#8221;margin-sm-30b&#8221; mobile_mb=&#8221;margin-xs-20b&#8221;][vc_column][wiso_button style=&#8221;a-btn&#8221; button=&#8221;url:%2Fen%2Fcontact%2F|title:Leave%20me%20a%20message!&#8221;][\/vc_column][\/vc_row][vc_row full_width=&#8221;stretch_row_content&#8221; gap=&#8221;30&#8243; el_class=&#8221;xb-grid&#8221;][vc_column css=&#8221;.vc_custom_1737580510338{padding-top: 0px !important;padding-right: 0px !important;padding-left: 0px !important;}&#8221;]<!-- The Grid Plugin Version 2.7.7 --><!-- The Grid Wrapper Start --><div class=\"tg-grid-wrapper tg-txt full-height\" id=\"grid-15773\" data-version=\"2.7.7\"><!-- The Grid Styles --><style class=\"tg-grid-styles\" type=\"text\/css\" scoped>#grid-15773 .tg-nav-color:not(.dots):not(.tg-dropdown-value):not(.tg-dropdown-title):hover,#grid-15773 .tg-nav-color:hover .tg-nav-color,#grid-15773 .tg-page-number.tg-page-current,#grid-15773 .tg-filter.tg-filter-active span{color:#ff6863}#grid-15773 .tg-filter:before,#grid-15773 .tg-filter.tg-filter-active:before{color:#999999}#grid-15773 .tg-dropdown-holder,#grid-15773 .tg-search-inner,#grid-15773 .tg-sorter-order{border:1px solid #DDDDDD}#grid-15773 .tg-search-clear,#grid-15773 .tg-search-clear:hover{border:none;border-left:1px solid #DDDDDD}.tg-txt .tg-nav-font,.tg-txt input[type=text].tg-search{font-size:14px;font-weight:600}.tg-txt .tg-search::-webkit-input-placeholder{font-size:14px}.tg-txt .tg-search::-moz-placeholder{font-size:14px}.tg-txt .tg-search:-ms-input-placeholder{font-size:14px}.tg-txt .tg-icon-left-arrow:before{content:\"\\e604\";font-size:32px;font-weight:100}.tg-txt .tg-icon-right-arrow:before{content:\"\\e602\";font-size:32px;font-weight:100}.tg-txt .tg-icon-dropdown-open:before,.tg-txt .tg-icon-sorter-down:before{content:\"\\e60a\"}.tg-txt .tg-icon-sorter-up:before{content:\"\\e609\"}.tg-txt .tg-search-clear:before{content:\"\\e611\";font-weight:300}.tg-txt .tg-search-icon:before{content:\"\\e62e\";font-size:16px;font-weight:600}#grid-15773 .tg-nav-color,#grid-15773 .tg-search-icon:hover:before,#grid-15773 .tg-search-icon:hover input,#grid-15773 .tg-disabled:hover .tg-icon-left-arrow,#grid-15773 .tg-disabled:hover .tg-icon-right-arrow,#grid-15773 .tg-dropdown-title.tg-nav-color:hover{color:#999999}#grid-15773 input.tg-search:hover{color:#999999 !important}#grid-15773 input.tg-search::-webkit-input-placeholder{color:#999999}#grid-15773 input.tg-search::-moz-placeholder{color:#999999;opacity:1}#grid-15773 input.tg-search:-ms-input-placeholder{color:#999999}.grid-15773 .tg-dropdown-item{color:#777777;background:#ffffff}.grid-15773 .tg-filter-active,.grid-15773 .tg-dropdown-item:hover{color:#444444;background:#f5f6fa}#grid-15773 .tg-slider-bullets li.tg-active-item span{background:#59585b}#grid-15773 .tg-slider-bullets li span{background:#DDDDDD}#grid-15773 .tg-grid-area-bottom1{text-align:center}@font-face{font-family:'Open Sans';font-style:normal;font-weight:600;src:local('Open Sans SemiBold'),local('OpenSans-SemiBold'),url(http:\/\/fonts.gstatic.com\/s\/opensans\/v15\/mem5YaGs126MiZpBA-UNirkOUuhs.ttf) format('truetype')}.tg-wiso-1 a:not([class*=\"tg-element-\"]),.tg-wiso-1 a:not([class*=\"tg-element-\"]):active,.tg-wiso-1 a:not([class*=\"tg-element-\"]):focus,.tg-wiso-1 [class*=\"tg-element-\"] *:not(del){margin:0;padding:0;color:inherit !important;text-align:inherit;font-size:inherit;font-style:inherit;line-height:inherit;font-weight:inherit;text-transform:inherit;text-decoration:inherit;-webkit-box-shadow:none;box-shadow:none;border:none}.tg-wiso-1 [class*=\"tg-element-\"],.tg-wiso-1 .tg-item-overlay,.tg-wiso-1 .tg-center-holder,.tg-wiso-1 .tg-center-inner > *{vertical-align:middle}.tg-wiso-1 .tg-item-overlay{background-color:rgba(0,0,0,0.01) !important;position:absolute;display:block;top:0;left:0;bottom:0;right:0}.tg-wiso-1 .tg-element-1{position:relative;font-size:12px;line-height:2em;color:#222222 !important;font-weight:600;font-family:Open Sans;text-transform:uppercase;letter-spacing:2px;background-color:#ffffff !important;display:inline-block;margin:0;padding:15px 35px;-webkit-transition:all 300ms ease;-moz-transition:all 300ms ease;-ms-transition:all 300ms ease;transition:all 300ms ease}.tg-wiso-1 .tg-element-1:hover{color:#ffffff !important;background-color:#222222 !important;opacity:1 !important}.tg-wiso-1 a{transition:none}.tg-wiso-1 .title{position:relative}.tg-wiso-1 .title::after{content:\"\\f3d6\";font-family:\"Ionicons\";position:absolute;font-size:24px;color:#fff;right:20px;opacity:0;visibility:hidden;transition:opacity .3s ease,visibility .3s ease}.tg-wiso-1 .title:hover{padding-right:65px}.tg-wiso-1 .title:hover::after{opacity:1;visibility:visible}.tg-item .tg-dark div,.tg-item .tg-dark h1,.tg-item .tg-dark h1 a,.tg-item .tg-dark h2,.tg-item .tg-dark h2 a,.tg-item .tg-dark h3,.tg-item .tg-dark h3 a,.tg-item .tg-dark h4,.tg-item .tg-dark h4 a,.tg-item .tg-dark h5,.tg-item .tg-dark h5 a,.tg-item .tg-dark h6,.tg-item .tg-dark h6 a,.tg-item .tg-dark a,.tg-item .tg-dark a.tg-link-url,.tg-item .tg-dark i,.tg-item .tg-dark .tg-media-button,.tg-item .tg-dark .tg-item-price span{color:#444444;fill:#444444;stroke:#444444;border-color:#444444}.tg-item .tg-dark p,.tg-item .tg-dark ol,.tg-item .tg-dark ul,.tg-item .tg-dark li{color:#777777;fill:#777777;stroke:#777777;border-color:#777777}.tg-item .tg-dark span,.tg-item .tg-dark .no-liked .to-heart-icon path,.tg-item .tg-dark .empty-heart .to-heart-icon path,.tg-item .tg-dark .tg-item-comment i,.tg-item .tg-dark .tg-item-price del span{color:#999999;fill:#999999;stroke:#999999;border-color:#999999}.tg-item .tg-light div,.tg-item .tg-light h1,.tg-item .tg-light h1 a,.tg-item .tg-light h2,.tg-item .tg-light h2 a,.tg-item .tg-light h3,.tg-item .tg-light h3 a,.tg-item .tg-light h4,.tg-item .tg-light h4 a,.tg-item .tg-light h5,.tg-item .tg-light h5 a,.tg-item .tg-light h6,.tg-item .tg-light h6 a,.tg-item .tg-light a,.tg-item .tg-light a.tg-link-url,.tg-item .tg-light i,.tg-item .tg-light .tg-media-button,.tg-item .tg-light .tg-item-price span{color:#ffffff;fill:#ffffff;stroke:#ffffff;border-color:#ffffff}.tg-item .tg-light p,.tg-item .tg-light ol,.tg-item .tg-light ul,.tg-item .tg-light li{color:#f5f5f5;fill:#f5f5f5;stroke:#f5f5f5;border-color:#f5f5f5}.tg-item .tg-light span,.tg-item .tg-light .no-liked .to-heart-icon path,.tg-item .tg-light .empty-heart .to-heart-icon path,.tg-item .tg-light .tg-item-comment i,.tg-item .tg-light .tg-item-price del span{color:#f6f6f6;fill:#f6f6f6;stroke:#f6f6f6;border-color:#f6f6f6}#grid-15773 .tg-item-content-holder{background-color:#ffffff}#grid-15773 .tg-item-overlay{background-color:rgba(22,22,22,0.65)}<\/style><!-- The Grid Item Sizer --><div class=\"tg-grid-sizer\"><\/div><!-- The Grid Gutter Sizer --><div class=\"tg-gutter-sizer\"><\/div><!-- The Grid Items Holder --><div class=\"tg-grid-holder tg-layout-grid\"  data-name=\"Stories\"  data-style=\"grid\" data-row=\"1\" data-layout=\"vertical\" data-rtl=\"\" data-fitrows=\"\" data-filtercomb=\"\" data-filterlogic=\"AND\" data-filterload =\"\" data-sortbyload =\"\" data-orderload =\"false\" data-fullwidth=\"\" data-fullheight=\"null\" data-gutters=\"[[320,10],[480,10],[768,20],[980,20],[1200,20],[9999,20]]\" data-slider='{\"itemNav\":\"null\",\"swingSpeed\":0.1,\"cycleBy\":\"null\",\"cycle\":5000,\"startAt\":1}' data-ratio=\"1.00\" data-cols=\"[[320,1],[480,1],[768,2],[980,3],[1200,3],[9999,3]]\" data-rows=\"[[320,200],[480,200],[768,220],[980,342],[1200,339],[9999,362]]\" data-animation='{&quot;name&quot;:&quot;Fade in&quot;,&quot;visible&quot;:&quot;&quot;,&quot;hidden&quot;:&quot;&quot;}' data-transition=\"700ms\" data-ajaxmethod=\"load_more\" data-ajaxdelay=\"100\" data-preloader=\"\" data-itemdelay=\"100\" data-gallery=\"\" data-ajax=\"\"><!-- The Grid item #1 --><article class=\"tg-item tg-post-23056 tg-wiso-1\" data-row=\"1\" data-col=\"1\"><div class=\"tg-item-inner\"><div class=\"tg-item-media-holder tg-light\"><div class=\"tg-item-media-inner\"><div class=\"tg-item-image\" style=\"background-image: url(https:\/\/www.xavierbellenger.com\/wp-content\/uploads\/2026\/01\/MA-169.jpg)\"><\/div><\/div><div class=\"tg-item-media-content \"><div class=\"tg-item-overlay\"><\/div><div class=\"tg-bottom-holder\"><h3 class=\"tg-item-title tg-element-1 title\"><a target=\"_self\" href=\"https:\/\/www.xavierbellenger.com\/en\/mariage-chateau-saint-georges-mathilde-axel\/\">Wedding at Ch\u00e2teau Saint Georges &#8211; Mathilde &#038; Axel<\/a><\/h3><\/div><\/div><\/div><\/div><\/article><!-- The Grid item #2 --><article class=\"tg-item tg-post-22836 tg-wiso-1\" data-row=\"1\" data-col=\"1\"><div class=\"tg-item-inner\"><div class=\"tg-item-media-holder tg-light\"><div class=\"tg-item-media-inner\"><div class=\"tg-item-image\" style=\"background-image: url(https:\/\/www.xavierbellenger.com\/wp-content\/uploads\/2026\/01\/Banner-TJ-1.jpg)\"><\/div><\/div><div class=\"tg-item-media-content \"><div class=\"tg-item-overlay\"><\/div><div class=\"tg-bottom-holder\"><h3 class=\"tg-item-title tg-element-1 title\"><a target=\"_self\" href=\"https:\/\/www.xavierbellenger.com\/en\/mariage-chateau-garde-theresa-jerome\/\">Wedding at Ch\u00e2teau de Garde &#8211; Theresa &#038; J\u00e9r\u00f4me<\/a><\/h3><\/div><\/div><\/div><\/div><\/article><!-- The Grid item #3 --><article class=\"tg-item tg-post-22062 tg-wiso-1\" data-row=\"1\" data-col=\"1\"><div class=\"tg-item-inner\"><div class=\"tg-item-media-holder tg-light\"><div class=\"tg-item-media-inner\"><div class=\"tg-item-image\" style=\"background-image: url(https:\/\/www.xavierbellenger.com\/wp-content\/uploads\/2025\/10\/JP-921-1.jpg)\"><\/div><\/div><div class=\"tg-item-media-content \"><div class=\"tg-item-overlay\"><\/div><div class=\"tg-bottom-holder\"><h3 class=\"tg-item-title tg-element-1 title\"><a target=\"_self\" href=\"https:\/\/www.xavierbellenger.com\/en\/mariage-chateau-rigaud-joely-patrick\/\">Wedding at Ch\u00e2teau Rigaud &#8211; Joely &#038; Patrick<\/a><\/h3><\/div><\/div><\/div><\/div><\/article><!-- The Grid item #4 --><article class=\"tg-item tg-post-13541 tg-wiso-1\" data-row=\"1\" data-col=\"1\"><div class=\"tg-item-inner\"><div class=\"tg-item-media-holder tg-light\"><div class=\"tg-item-media-inner\"><div class=\"tg-item-image\" style=\"background-image: url(https:\/\/www.xavierbellenger.com\/wp-content\/uploads\/2025\/01\/Portfolio-402.jpg)\"><\/div><\/div><div class=\"tg-item-media-content \"><div class=\"tg-item-overlay\"><\/div><div class=\"tg-bottom-holder\"><h3 class=\"tg-item-title tg-element-1 title\"><a target=\"_self\" href=\"https:\/\/www.xavierbellenger.com\/en\/mariage-domaine-mahourat-anais-samy\/\">Wedding at Domaine de Mahourat &#8211; Ana\u00efs &#038; Samy<\/a><\/h3><\/div><\/div><\/div><\/div><\/article><!-- The Grid item #5 --><article class=\"tg-item tg-post-14344 tg-wiso-1\" data-row=\"1\" data-col=\"1\"><div class=\"tg-item-inner\"><div class=\"tg-item-media-holder tg-light\"><div class=\"tg-item-media-inner\"><div class=\"tg-item-image\" style=\"background-image: url(https:\/\/www.xavierbellenger.com\/wp-content\/uploads\/2025\/01\/OC-129.jpg)\"><\/div><\/div><div class=\"tg-item-media-content \"><div class=\"tg-item-overlay\"><\/div><div class=\"tg-bottom-holder\"><h3 class=\"tg-item-title tg-element-1 title\"><a target=\"_self\" href=\"https:\/\/www.xavierbellenger.com\/en\/mariage-domaine-valmont-olivia-corentin\/\">Wedding at Domaine de Valmont &#8211; Olivia &#038; Corentin<\/a><\/h3><\/div><\/div><\/div><\/div><\/article><!-- The Grid item #6 --><article class=\"tg-item tg-post-14555 tg-wiso-1\" data-row=\"1\" data-col=\"1\"><div class=\"tg-item-inner\"><div class=\"tg-item-media-holder tg-light\"><div class=\"tg-item-media-inner\"><div class=\"tg-item-image\" style=\"background-image: url(https:\/\/www.xavierbellenger.com\/wp-content\/uploads\/2025\/01\/JL-88.jpg)\"><\/div><\/div><div class=\"tg-item-media-content \"><div class=\"tg-item-overlay\"><\/div><div class=\"tg-bottom-holder\"><h3 class=\"tg-item-title tg-element-1 title\"><a target=\"_self\" href=\"https:\/\/www.xavierbellenger.com\/en\/mariage-chateau-de-garde-jazmine-lambert\/\">Wedding at Ch\u00e2teau de Garde &#8211; Jazmine &#038; Lambert<\/a><\/h3><\/div><\/div><\/div><\/div><\/article><!-- The Grid item #7 --><article class=\"tg-item tg-post-10979 tg-wiso-1\" data-row=\"1\" data-col=\"1\"><div class=\"tg-item-inner\"><div class=\"tg-item-media-holder tg-light\"><div class=\"tg-item-media-inner\"><div class=\"tg-item-image\" style=\"background-image: url(https:\/\/www.xavierbellenger.com\/wp-content\/uploads\/2025\/01\/EB-432.jpg)\"><\/div><\/div><div class=\"tg-item-media-content \"><div class=\"tg-item-overlay\"><\/div><div class=\"tg-bottom-holder\"><h3 class=\"tg-item-title tg-element-1 title\"><a target=\"_self\" href=\"https:\/\/www.xavierbellenger.com\/en\/mariage-chateau-de-seguin-emilie-benjamin\/\">Wedding at Ch\u00e2teau de Seguin &#8211; Emilie &#038; Benjamin<\/a><\/h3><\/div><\/div><\/div><\/div><\/article><!-- The Grid item #8 --><article class=\"tg-item tg-post-14766 tg-wiso-1\" data-row=\"1\" data-col=\"1\"><div class=\"tg-item-inner\"><div class=\"tg-item-media-holder tg-light\"><div class=\"tg-item-media-inner\"><div class=\"tg-item-image\" style=\"background-image: url(https:\/\/www.xavierbellenger.com\/wp-content\/uploads\/2025\/01\/MJ-3.jpg)\"><\/div><\/div><div class=\"tg-item-media-content \"><div class=\"tg-item-overlay\"><\/div><div class=\"tg-bottom-holder\"><h3 class=\"tg-item-title tg-element-1 title\"><a target=\"_self\" href=\"https:\/\/www.xavierbellenger.com\/en\/seance-famille-pessac-marion-jerome\/\">Family photo shoot in Pessac &#8211; Marion &#038; J\u00e9r\u00f4me<\/a><\/h3><\/div><\/div><\/div><\/div><\/article><!-- The Grid item #9 --><article class=\"tg-item tg-post-15045 tg-wiso-1\" data-row=\"1\" data-col=\"1\"><div class=\"tg-item-inner\"><div class=\"tg-item-media-holder tg-light\"><div class=\"tg-item-media-inner\"><div class=\"tg-item-image\" style=\"background-image: url(https:\/\/www.xavierbellenger.com\/wp-content\/uploads\/2025\/01\/MR-27-1.jpg)\"><\/div><\/div><div class=\"tg-item-media-content \"><div class=\"tg-item-overlay\"><\/div><div class=\"tg-bottom-holder\"><h3 class=\"tg-item-title tg-element-1 title\"><a target=\"_self\" href=\"https:\/\/www.xavierbellenger.com\/en\/seance-nouveau-ne-a-villenave-dornon-marion-renaud\/\">Newborn photoshoot at Villenave d&#039;ornon &#8211; Marion &#038; Renaud<\/a><\/h3><\/div><\/div><\/div><\/div><\/article><!-- The Grid item #10 --><article class=\"tg-item tg-post-14980 tg-wiso-1\" data-row=\"1\" data-col=\"1\"><div class=\"tg-item-inner\"><div class=\"tg-item-media-holder tg-light\"><div class=\"tg-item-media-inner\"><div class=\"tg-item-image\" style=\"background-image: url(https:\/\/www.xavierbellenger.com\/wp-content\/uploads\/2025\/01\/AM-26-2.jpg)\"><\/div><\/div><div class=\"tg-item-media-content \"><div class=\"tg-item-overlay\"><\/div><div class=\"tg-bottom-holder\"><h3 class=\"tg-item-title tg-element-1 title\"><a target=\"_self\" href=\"https:\/\/www.xavierbellenger.com\/en\/seance-nouveau-ne-saint-medard-eyrans-angeline-matthieu\/\">Newborn photoshoot in Saint-M\u00e9dard-d&#039;Eyrans &#8211; Angeline &#038; Matthieu<\/a><\/h3><\/div><\/div><\/div><\/div><\/article><!-- The Grid item #11 --><article class=\"tg-item tg-post-15010 tg-wiso-1\" data-row=\"1\" data-col=\"1\"><div class=\"tg-item-inner\"><div class=\"tg-item-media-holder tg-light\"><div class=\"tg-item-media-inner\"><div class=\"tg-item-image\" style=\"background-image: url(https:\/\/www.xavierbellenger.com\/wp-content\/uploads\/2025\/01\/EB-30.jpg)\"><\/div><\/div><div class=\"tg-item-media-content \"><div class=\"tg-item-overlay\"><\/div><div class=\"tg-bottom-holder\"><h3 class=\"tg-item-title tg-element-1 title\"><a target=\"_self\" href=\"https:\/\/www.xavierbellenger.com\/en\/seance-nouveau-ne-a-bordeaux-emilie-benjamin\/\">Newborn photoshoot in Bordeaux &#8211; Emilie &#038; Benjamin<\/a><\/h3><\/div><\/div><\/div><\/div><\/article><!-- The Grid item #12 --><article class=\"tg-item tg-post-14704 tg-wiso-1\" data-row=\"1\" data-col=\"1\"><div class=\"tg-item-inner\"><div class=\"tg-item-media-holder tg-light\"><div class=\"tg-item-media-inner\"><div class=\"tg-item-image\" style=\"background-image: url(https:\/\/www.xavierbellenger.com\/wp-content\/uploads\/2025\/01\/AA-38.jpg)\"><\/div><\/div><div class=\"tg-item-media-content \"><div class=\"tg-item-overlay\"><\/div><div class=\"tg-bottom-holder\"><h3 class=\"tg-item-title tg-element-1 title\"><a target=\"_self\" href=\"https:\/\/www.xavierbellenger.com\/en\/seance-famille-andernos-audrey-alexis\/\">Family photoshoot in Andernos &#8211; Audrey &#038; Alexis<\/a><\/h3><\/div><\/div><\/div><\/div><\/article><\/div><!-- The Grid Area Bottom 1 --><div class=\"tg-grid-area-bottom1\"><div class=\"tg-pagination-holder\"><ul class=\"tg-pagination-number\"><li class=\"tg-page first\" data-page=\"1\" data-current=\"1\"><span aria-tg-page-current=\"page\" class=\"tg-page-number tg-nav-color tg-nav-border tg-nav-font tg-page-current\">1<\/span><\/li><li class=\"tg-page \" data-page=\"2\" data-current=\"1\"><a class=\"tg-page-number tg-nav-color tg-nav-border tg-nav-font\" href=\"https:\/\/www.xavierbellenger.com\/en\/wp-json\/wp\/v2\/pages\/9700\/page\/2\/\">2<\/a><\/li><\/ul><\/div><\/div><\/div><!-- The Grid Wrapper End -->[\/vc_column][\/vc_row][vc_row desctop_mt=&#8221;margin-lg-60t&#8221; desctop_mb=&#8221;margin-lg-35b&#8221; desctop_md_mt=&#8221;margin-md-60t&#8221; desctop_md_mb=&#8221;margin-md-35b&#8221; tablets_mt=&#8221;margin-sm-40t&#8221; tablets_mb=&#8221;margin-sm-20b&#8221; mobile_mt=&#8221;margin-xs-20t&#8221; mobile_mb=&#8221;margin-xs-10b&#8221; el_class=&#8221;xb-header&#8221;][vc_column css=&#8221;.vc_custom_1736943833000{padding-top: 0px !important;}&#8221;][wiso_headings style=&#8221;text_center&#8221; title=&#8221;Inquire&#8221;][vc_column_text el_class=&#8221;.me&#8221;]<\/p>\n<p style=\"text-align: center;\">Do you love my work and think I could be your\u00a0<strong>photographer<\/strong>? Need more information or a personalized quote? Contact me through this form, and I will get back to you quickly!<\/p>\n<p>[\/vc_column_text][\/vc_column][\/vc_row][vc_row desctop_mb=&#8221;margin-lg-30b&#8221; desctop_md_mb=&#8221;margin-md-30b&#8221; tablets_mb=&#8221;margin-sm-20b&#8221; mobile_mb=&#8221;margin-xs-20b&#8221;][vc_column el_class=&#8221;contact-form-mariage&#8221;]<div role=\"form\" class=\"wpcf7\" id=\"wpcf7-f5982-o1\" lang=\"en\" dir=\"ltr\">\n<div class=\"screen-reader-response\"><p role=\"status\" aria-live=\"polite\" aria-atomic=\"true\"><\/p> <ul><\/ul><\/div>\n<form action=\"\/en\/wp-json\/wp\/v2\/pages\/9700#wpcf7-f5982-o1\" method=\"post\" class=\"wpcf7-form init\" novalidate=\"novalidate\" data-status=\"init\">\n<div style=\"display: none;\">\n<input type=\"hidden\" name=\"_wpcf7\" value=\"5982\" \/>\n<input type=\"hidden\" name=\"_wpcf7_version\" value=\"5.4.1\" \/>\n<input type=\"hidden\" name=\"_wpcf7_locale\" value=\"en\" \/>\n<input type=\"hidden\" name=\"_wpcf7_unit_tag\" value=\"wpcf7-f5982-o1\" \/>\n<input type=\"hidden\" name=\"_wpcf7_container_post\" value=\"0\" \/>\n<input type=\"hidden\" name=\"_wpcf7_posted_data_hash\" value=\"\" \/>\n<input type=\"hidden\" name=\"lang\" value=\"en\" \/>\n<\/div>\n<p><label> Lastname *<br \/>\n    <span class=\"wpcf7-form-control-wrap your-name\"><input type=\"text\" name=\"your-name\" value=\"\" size=\"40\" class=\"wpcf7-form-control wpcf7-text wpcf7-validates-as-required\" aria-required=\"true\" aria-invalid=\"false\" \/><\/span> <\/label><\/p>\n<p><label> Firstname *<br \/>\n    <span class=\"wpcf7-form-control-wrap your-firstname\"><input type=\"text\" name=\"your-firstname\" value=\"\" size=\"40\" class=\"wpcf7-form-control wpcf7-text wpcf7-validates-as-required\" aria-required=\"true\" aria-invalid=\"false\" \/><\/span> <\/label><\/p>\n<p><label> Email *<br \/>\n    <span class=\"wpcf7-form-control-wrap your-email\"><input type=\"email\" name=\"your-email\" value=\"\" size=\"40\" class=\"wpcf7-form-control wpcf7-text wpcf7-email wpcf7-validates-as-required wpcf7-validates-as-email\" aria-required=\"true\" aria-invalid=\"false\" \/><\/span> <\/label><\/p>\n<p><label> Phone number *<br \/>\n    <span class=\"wpcf7-form-control-wrap your-phone\"><input type=\"tel\" name=\"your-phone\" value=\"\" size=\"40\" class=\"wpcf7-form-control wpcf7-text wpcf7-tel wpcf7-validates-as-required wpcf7-validates-as-tel\" aria-required=\"true\" aria-invalid=\"false\" \/><\/span> <\/label><\/p>\n<p><label> Your message *<br \/>\n    <span class=\"wpcf7-form-control-wrap your-message\"><textarea name=\"your-message\" cols=\"40\" rows=\"10\" class=\"wpcf7-form-control wpcf7-textarea wpcf7-validates-as-required\" aria-required=\"true\" aria-invalid=\"false\"><\/textarea><\/span> <\/label><br \/>\n<div id=\"cf7sr-69e7dc992271d\" class=\"cf7sr-g-recaptcha\" data-theme=\"light\" data-type=\"image\" data-size=\"normal\" data-sitekey=\"6Lf0ZtYhAAAAAFckl5Aq4AEBi8EoLfMY-zzDwRwB\"><\/div><span class=\"wpcf7-form-control-wrap cf7sr-recaptcha\" data-name=\"cf7sr-recaptcha\"><input type=\"hidden\" name=\"cf7sr-recaptcha\" value=\"\" class=\"wpcf7-form-control\"><\/span><br \/>\n<input type=\"submit\" value=\"Send\" class=\"wpcf7-form-control wpcf7-submit\" \/><\/p>\n<p style=\"display: none !important;\" class=\"akismet-fields-container\" data-prefix=\"_wpcf7_ak_\"><label>&#916;<textarea name=\"_wpcf7_ak_hp_textarea\" cols=\"45\" rows=\"8\" maxlength=\"100\"><\/textarea><\/label><input type=\"hidden\" id=\"ak_js_1\" name=\"_wpcf7_ak_js\" value=\"42\"\/><script>document.getElementById( \"ak_js_1\" ).setAttribute( \"value\", ( new Date() ).getTime() );<\/script><\/p><div class=\"wpcf7-response-output\" aria-hidden=\"true\"><\/div><\/form><\/div>[\/vc_column][\/vc_row]<\/p>\n","protected":false},"excerpt":{"rendered":"<p>[vc_row full_width=&#8221;stretch_row_content_no_spaces&#8221;][vc_column][wiso_banner style_banner=&#8221;simple&#8221; height=&#8221;full&#8221; style=&#8221;center_content&#8221; overlay=&#8221;yes&#8221; title=&#8221;Stories&#8221; image=&#8221;9808&#8243; subtitle=&#8221;Let me tell your&#8221;][\/vc_column][\/vc_row][vc_row full_width=&#8221;stretch_row&#8221; desctop_mt=&#8221;margin-lg-50t&#8221; desctop_md_mt=&#8221;margin-md-50t&#8221; tablets_mt=&#8221;margin-sm-40t&#8221; mobile_mt=&#8221;margin-xs-25t&#8221; desctop_lg_pb=&#8221;padding-lg-30b&#8221; desctop_pb=&#8221;padding-md-30b&#8221; tablets_pb=&#8221;padding-sm-30b&#8221; mobile_pb=&#8221;padding-xs-20b&#8221; el_class=&#8221;xb-header&#8221;][vc_column][wiso_headings style=&#8221;text_center&#8221; title=&#8221;Your memories&#8221; subtitle=&#8221;in photos&#8221;][\/vc_column][\/vc_row][vc_row full_width=&#8221;stretch_row&#8221; desctop_lg_pb=&#8221;padding-lg-30b&#8221; desctop_pb=&#8221;padding-md-30b&#8221; tablets_pb=&#8221;padding-sm-30b&#8221; mobile_pb=&#8221;padding-xs-20b&#8221; el_class=&#8221;xb&#8221;][vc_column width=&#8221;1\/2&#8243; el_class=&#8221;paragraph&#8221;][vc_column_text el_class=&#8221;.me&#8221;]Over the past seven years, I\u2019ve had the privilege of capturing your most beautiful moments! Maternity sessions, family photos, marriage &#8230;<\/p>\n","protected":false},"author":1,"featured_media":0,"parent":0,"menu_order":0,"comment_status":"closed","ping_status":"closed","template":"","meta":{"footnotes":""},"_links":{"self":[{"href":"https:\/\/www.xavierbellenger.com\/en\/wp-json\/wp\/v2\/pages\/9700"}],"collection":[{"href":"https:\/\/www.xavierbellenger.com\/en\/wp-json\/wp\/v2\/pages"}],"about":[{"href":"https:\/\/www.xavierbellenger.com\/en\/wp-json\/wp\/v2\/types\/page"}],"author":[{"embeddable":true,"href":"https:\/\/www.xavierbellenger.com\/en\/wp-json\/wp\/v2\/users\/1"}],"replies":[{"embeddable":true,"href":"https:\/\/www.xavierbellenger.com\/en\/wp-json\/wp\/v2\/comments?post=9700"}],"version-history":[{"count":13,"href":"https:\/\/www.xavierbellenger.com\/en\/wp-json\/wp\/v2\/pages\/9700\/revisions"}],"predecessor-version":[{"id":15914,"href":"https:\/\/www.xavierbellenger.com\/en\/wp-json\/wp\/v2\/pages\/9700\/revisions\/15914"}],"wp:attachment":[{"href":"https:\/\/www.xavierbellenger.com\/en\/wp-json\/wp\/v2\/media?parent=9700"}],"curies":[{"name":"wp","href":"https:\/\/api.w.org\/{rel}","templated":true}]}}