{"id":9775,"date":"2020-07-06T20:00:08","date_gmt":"2020-07-06T18:00:08","guid":{"rendered":"https:\/\/new.xavierbellenger.com\/?page_id=9775"},"modified":"2025-01-27T19:06:19","modified_gmt":"2025-01-27T18:06:19","slug":"seance-engagement-parc-majolan-rebecca-baptiste","status":"publish","type":"page","link":"https:\/\/www.xavierbellenger.com\/en\/seance-engagement-parc-majolan-rebecca-baptiste\/","title":{"rendered":"S\u00e9ance engagement au Parc Majolan &#8211; Rebecca &#038; Baptiste"},"content":{"rendered":"<p>[vc_row full_width=&#8221;stretch_row_content_no_spaces&#8221;][vc_column][wiso_banner style_banner=&#8221;simple&#8221; height=&#8221;full&#8221; style=&#8221;center_content&#8221; overlay=&#8221;yes&#8221; title=&#8221;Rebecca &amp; Baptiste&#8221; image=&#8221;9785&#8243; subtitle=&#8221;S\u00e9ance engagement&#8221;][\/vc_column][\/vc_row][vc_row full_width=&#8221;stretch_row&#8221; desctop_mt=&#8221;margin-lg-50t&#8221; desctop_md_mt=&#8221;margin-md-50t&#8221; tablets_mt=&#8221;margin-sm-40t&#8221; mobile_mt=&#8221;margin-xs-25t&#8221; desctop_lg_pb=&#8221;padding-lg-30b&#8221; desctop_pb=&#8221;padding-md-30b&#8221; tablets_pb=&#8221;padding-sm-30b&#8221; mobile_pb=&#8221;padding-xs-20b&#8221; el_class=&#8221;xb mod-left mod-no-margin mod-portfolio-reversed&#8221;][vc_column offset=&#8221;vc_col-lg-3 vc_col-md-12&#8243;][vc_row_inner css=&#8221;.vc_custom_1737393400936{padding-top: 20px !important;padding-left: 2px !important;}&#8221;][vc_column_inner][vc_column_text]<strong>Date<\/strong><br \/>\n6 Juillet 2020<\/p>\n<p><strong>Clients<\/strong><br \/>\nRebecca &amp; Baptiste[\/vc_column_text][\/vc_column_inner][\/vc_row_inner][vc_row_inner css=&#8221;.vc_custom_1737393329303{padding-top: 20px !important;}&#8221;][vc_column_inner][vc_raw_html]JTNDdWwlMjBjbGFzcyUzRCUyMnhiLXRhZ3MlMjBtb2QtZ3JlZW4lMjIlM0UlMEElM0NsaSUzRVMlQzMlQTlhbmNlJTIwZW5nYWdlbWVudCUzQyUyRmxpJTNFJTBBJTNDbGklM0VQYXJjJTIwTWFqb2xhbiUzQyUyRmxpJTNFJTBBJTNDbGklM0VCbGFucXVlZm9ydCUzQyUyRmxpJTNFJTBBJTNDbGklM0VQaG90b2dyYXBoZSUyMG1hcmlhZ2UlM0MlMkZsaSUzRSUwQSUzQ2xpJTNFTWFyaWFnZSUzQyUyRmxpJTNFJTBBJTNDJTJGdWwlM0U=[\/vc_raw_html][\/vc_column_inner][\/vc_row_inner][\/vc_column][vc_column desctop_mb=&#8221;margin-lg-30b&#8221; desctop_md_mb=&#8221;margin-md-30b&#8221; tablets_mb=&#8221;margin-sm-30b&#8221; mobile_mb=&#8221;margin-xs-30b&#8221; el_class=&#8221;paragraph&#8221; offset=&#8221;vc_col-lg-9 vc_col-md-12&#8243;][vc_row_inner][vc_column_inner el_class=&#8221;xb-portofolio-title&#8221;][vc_column_text]La love session de Rebecca &amp; Baptiste[\/vc_column_text][\/vc_column_inner][\/vc_row_inner][vc_column_text el_class=&#8221;.me&#8221;]Rebecca et Baptiste font partie de ces couples qui m\u2019ont marqu\u00e9 cette ann\u00e9e !<\/p>\n<p>Il y a quelques mois, ils m\u2019ont contact\u00e9 pour immortaliser leur mariage \u00e0 travers un reportage photo. En raison des restrictions sanitaires, ils ont choisi de c\u00e9l\u00e9brer leur union civilement et de repousser la grande f\u00eate \u00e0 2022.<\/p>\n<p>Toutes mes formules incluent une s\u00e9ance engagement, \u00e9galement appel\u00e9e Love Session. Pourquoi ? Parce que ces moments privil\u00e9gi\u00e9s nous permettent de faire connaissance avant le mariage, de vous mettre \u00e0 l\u2019aise devant l\u2019objectif, de vous guider, et surtout de passer un bon moment ensemble. Ainsi, le jour J, je fais pleinement partie de votre aventure !<\/p>\n<p>Pour leur s\u00e9ance engagement, Rebecca et Baptiste ont opt\u00e9 pour le parc de Majolan \u00e0 Blanquefort, pr\u00e8s de Bordeaux. Ce lieu, tr\u00e8s appr\u00e9ci\u00e9 des couples, offre une atmosph\u00e8re magique avec sa lumi\u00e8re douce filtr\u00e9e par la v\u00e9g\u00e9tation, ses ponts, ses arches, et ses grottes.<\/p>\n<p>Nous nous sommes promen\u00e9s \u00e0 travers le parc, profitant de chaque recoin pour capturer leur complicit\u00e9. Je les ai guid\u00e9s ici et l\u00e0 pour r\u00e9aliser des clich\u00e9s qui refl\u00e8tent ces instants uniques. Aujourd\u2019hui, je suis heureux de vous pr\u00e9senter les plus beaux moments de cette belle s\u00e9ance !<\/p>\n<p>Vous cherchez encore votre photographe pour immortaliser votre grand jour ? N\u2019h\u00e9sitez pas \u00e0 <a href=\"\/contact\/\">me contacter<\/a> !<\/p>\n<p>Et pour suivre mon travail au quotidien, retrouvez-moi sur Instagram : <a href=\"http:\/\/www.instagram.com\/xavier.b.photography\" target=\"_new\" rel=\"noopener\">www.instagram.com\/xavier.b.photography<\/a>.[\/vc_column_text][\/vc_column][\/vc_row][vc_row full_width=&#8221;stretch_row&#8221;][vc_column css=&#8221;.vc_custom_1736606296420{padding-top: 0px !important;}&#8221;][vc_masonry_media_grid style=&#8221;lazy&#8221; items_per_page=&#8221;15&#8243; element_width=&#8221;6&#8243; gap=&#8221;15&#8243; initial_loading_animation=&#8221;fadeIn&#8221; grid_id=&#8221;vc_gid:1737396287157-ae4d1cf5-2b60-3&#8243; include=&#8221;9778,9779,9780,9781,9782,9783,9784,9785,9786,9789,9787,9788,9790,9791,9792,9793,9794,9795,9796,9798,9797,9799,9801,9800,9802,9803,9804,9805&#8243;][\/vc_column][\/vc_row][vc_row full_width=&#8221;stretch_row&#8221; desctop_mt=&#8221;margin-lg-20t&#8221; desctop_md_mt=&#8221;margin-md-20t&#8221; tablets_mt=&#8221;margin-sm-20t&#8221; mobile_mt=&#8221;margin-xs-20t&#8221; css=&#8221;.vc_custom_1736937257690{background-image: url(\/wp-content\/uploads\/2025\/01\/Mariage-6.jpg?id=) !important;background-position: center !important;background-repeat: no-repeat !important;background-size: cover !important;}&#8221;][vc_column][wiso_testimonial loop=&#8221;true&#8221; color=&#8221;#ffffff&#8221;][wiso_testimonial_items author=&#8221;Tiffany &amp; Sylvain&#8221; position=&#8221;S\u00e9ance au Parc Floral de Bordeaux&#8221;]&#8221;Xavier est un professionnel et une personne formidable, qui sait mettre \u00e0 l&#8217;aise d\u00e8s la premi\u00e8re rencontre. Son travail est remarquable, ses photos respirent la gaiet\u00e9 et le bonheur, avec le souci du d\u00e9tail qui fait la diff\u00e9rence. Xavier sait \u00e9couter et s&#8217;adapter aux envies de ses clients avec une grande bienveillance. Comme beaucoup, nous avons le sentiment d&#8217;avoir trouver une perle dans le domaine et d&#8217;avoir fait une belle rencontre humaine \ud83d\ude03! Nous sommes ravis de pouvoir poursuivre l&#8217;aventure avec lui pour notre c\u00e9r\u00e9monie \u00e0 l&#8217;\u00c9glise en 2022. Nous le recommandons les yeux ferm\u00e9s ! \ud83d\udc4c\ud83d\udc4d&#8221;[\/wiso_testimonial_items][\/wiso_testimonial][\/vc_column][\/vc_row][vc_row desctop_mt=&#8221;margin-lg-60t&#8221; desctop_mb=&#8221;margin-lg-35b&#8221; desctop_md_mt=&#8221;margin-md-60t&#8221; desctop_md_mb=&#8221;margin-md-35b&#8221; tablets_mt=&#8221;margin-sm-40t&#8221; tablets_mb=&#8221;margin-sm-20b&#8221; mobile_mt=&#8221;margin-xs-20t&#8221; mobile_mb=&#8221;margin-xs-10b&#8221; el_class=&#8221;xb-header&#8221;][vc_column css=&#8221;.vc_custom_1736943833000{padding-top: 0px !important;}&#8221;][wiso_headings style=&#8221;text_center&#8221; title=&#8221;Contactez-moi&#8221;][vc_column_text el_class=&#8221;.me&#8221;]<\/p>\n<p style=\"text-align: center;\">Vous aimez mon travail et vous pensez que je peux \u00eatre votre <strong>photographe<\/strong> ? Besoin de plus d&#8217;informations ou d&#8217;un devis personnalis\u00e9 ? Contactez-moi via ce formulaire, je vous r\u00e9pondrai rapidement !<\/p>\n<p>[\/vc_column_text][\/vc_column][\/vc_row][vc_row desctop_mb=&#8221;margin-lg-30b&#8221; desctop_md_mb=&#8221;margin-md-30b&#8221; tablets_mb=&#8221;margin-sm-20b&#8221; mobile_mb=&#8221;margin-xs-20b&#8221;][vc_column el_class=&#8221;contact-form-mariage&#8221;]<div role=\"form\" class=\"wpcf7\" id=\"wpcf7-f5982-o1\" lang=\"en\" dir=\"ltr\">\n<div class=\"screen-reader-response\"><p role=\"status\" aria-live=\"polite\" aria-atomic=\"true\"><\/p> <ul><\/ul><\/div>\n<form action=\"\/en\/wp-json\/wp\/v2\/pages\/9775#wpcf7-f5982-o1\" method=\"post\" class=\"wpcf7-form init\" novalidate=\"novalidate\" data-status=\"init\">\n<div style=\"display: none;\">\n<input type=\"hidden\" name=\"_wpcf7\" value=\"5982\" \/>\n<input type=\"hidden\" name=\"_wpcf7_version\" value=\"5.4.1\" \/>\n<input type=\"hidden\" name=\"_wpcf7_locale\" value=\"en\" \/>\n<input type=\"hidden\" name=\"_wpcf7_unit_tag\" value=\"wpcf7-f5982-o1\" \/>\n<input type=\"hidden\" name=\"_wpcf7_container_post\" value=\"0\" \/>\n<input type=\"hidden\" name=\"_wpcf7_posted_data_hash\" value=\"\" \/>\n<input type=\"hidden\" name=\"lang\" value=\"en\" \/>\n<\/div>\n<p><label> Lastname *<br \/>\n    <span class=\"wpcf7-form-control-wrap your-name\"><input type=\"text\" name=\"your-name\" value=\"\" size=\"40\" class=\"wpcf7-form-control wpcf7-text wpcf7-validates-as-required\" aria-required=\"true\" aria-invalid=\"false\" \/><\/span> <\/label><\/p>\n<p><label> Firstname *<br \/>\n    <span class=\"wpcf7-form-control-wrap your-firstname\"><input type=\"text\" name=\"your-firstname\" value=\"\" size=\"40\" class=\"wpcf7-form-control wpcf7-text wpcf7-validates-as-required\" aria-required=\"true\" aria-invalid=\"false\" \/><\/span> <\/label><\/p>\n<p><label> Email *<br \/>\n    <span class=\"wpcf7-form-control-wrap your-email\"><input type=\"email\" name=\"your-email\" value=\"\" size=\"40\" class=\"wpcf7-form-control wpcf7-text wpcf7-email wpcf7-validates-as-required wpcf7-validates-as-email\" aria-required=\"true\" aria-invalid=\"false\" \/><\/span> <\/label><\/p>\n<p><label> Phone number *<br \/>\n    <span class=\"wpcf7-form-control-wrap your-phone\"><input type=\"tel\" name=\"your-phone\" value=\"\" size=\"40\" class=\"wpcf7-form-control wpcf7-text wpcf7-tel wpcf7-validates-as-required wpcf7-validates-as-tel\" aria-required=\"true\" aria-invalid=\"false\" \/><\/span> <\/label><\/p>\n<p><label> Your message *<br \/>\n    <span class=\"wpcf7-form-control-wrap your-message\"><textarea name=\"your-message\" cols=\"40\" rows=\"10\" class=\"wpcf7-form-control wpcf7-textarea wpcf7-validates-as-required\" aria-required=\"true\" aria-invalid=\"false\"><\/textarea><\/span> <\/label><br \/>\n<div id=\"cf7sr-69f2aecf90625\" class=\"cf7sr-g-recaptcha\" data-theme=\"light\" data-type=\"image\" data-size=\"normal\" data-sitekey=\"6Lf0ZtYhAAAAAFckl5Aq4AEBi8EoLfMY-zzDwRwB\"><\/div><span class=\"wpcf7-form-control-wrap cf7sr-recaptcha\" data-name=\"cf7sr-recaptcha\"><input type=\"hidden\" name=\"cf7sr-recaptcha\" value=\"\" class=\"wpcf7-form-control\"><\/span><br \/>\n<input type=\"submit\" value=\"Send\" class=\"wpcf7-form-control wpcf7-submit\" \/><\/p>\n<p style=\"display: none !important;\" class=\"akismet-fields-container\" data-prefix=\"_wpcf7_ak_\"><label>&#916;<textarea name=\"_wpcf7_ak_hp_textarea\" cols=\"45\" rows=\"8\" maxlength=\"100\"><\/textarea><\/label><input type=\"hidden\" id=\"ak_js_1\" name=\"_wpcf7_ak_js\" value=\"148\"\/><script>document.getElementById( \"ak_js_1\" ).setAttribute( \"value\", ( new Date() ).getTime() );<\/script><\/p><div class=\"wpcf7-response-output\" aria-hidden=\"true\"><\/div><\/form><\/div>[\/vc_column][\/vc_row]<\/p>\n","protected":false},"excerpt":{"rendered":"<p>[vc_row full_width=&#8221;stretch_row_content_no_spaces&#8221;][vc_column][wiso_banner style_banner=&#8221;simple&#8221; height=&#8221;full&#8221; style=&#8221;center_content&#8221; overlay=&#8221;yes&#8221; title=&#8221;Rebecca &amp; Baptiste&#8221; image=&#8221;9785&#8243; subtitle=&#8221;S\u00e9ance engagement&#8221;][\/vc_column][\/vc_row][vc_row full_width=&#8221;stretch_row&#8221; desctop_mt=&#8221;margin-lg-50t&#8221; desctop_md_mt=&#8221;margin-md-50t&#8221; tablets_mt=&#8221;margin-sm-40t&#8221; mobile_mt=&#8221;margin-xs-25t&#8221; desctop_lg_pb=&#8221;padding-lg-30b&#8221; desctop_pb=&#8221;padding-md-30b&#8221; tablets_pb=&#8221;padding-sm-30b&#8221; mobile_pb=&#8221;padding-xs-20b&#8221; el_class=&#8221;xb mod-left mod-no-margin mod-portfolio-reversed&#8221;][vc_column offset=&#8221;vc_col-lg-3 vc_col-md-12&#8243;][vc_row_inner css=&#8221;.vc_custom_1737393400936{padding-top: 20px !important;padding-left: 2px !important;}&#8221;][vc_column_inner][vc_column_text]Date 6 Juillet 2020 Clients Rebecca &amp; Baptiste[\/vc_column_text][\/vc_column_inner][\/vc_row_inner][vc_row_inner css=&#8221;.vc_custom_1737393329303{padding-top: 20px !important;}&#8221;][vc_column_inner][vc_raw_html]JTNDdWwlMjBjbGFzcyUzRCUyMnhiLXRhZ3MlMjBtb2QtZ3JlZW4lMjIlM0UlMEElM0NsaSUzRVMlQzMlQTlhbmNlJTIwZW5nYWdlbWVudCUzQyUyRmxpJTNFJTBBJTNDbGklM0VQYXJjJTIwTWFqb2xhbiUzQyUyRmxpJTNFJTBBJTNDbGklM0VCbGFucXVlZm9ydCUzQyUyRmxpJTNFJTBBJTNDbGklM0VQaG90b2dyYXBoZSUyMG1hcmlhZ2UlM0MlMkZsaSUzRSUwQSUzQ2xpJTNFTWFyaWFnZSUzQyUyRmxpJTNFJTBBJTNDJTJGdWwlM0U=[\/vc_raw_html][\/vc_column_inner][\/vc_row_inner][\/vc_column][vc_column desctop_mb=&#8221;margin-lg-30b&#8221; desctop_md_mb=&#8221;margin-md-30b&#8221; tablets_mb=&#8221;margin-sm-30b&#8221; mobile_mb=&#8221;margin-xs-30b&#8221; el_class=&#8221;paragraph&#8221; offset=&#8221;vc_col-lg-9 vc_col-md-12&#8243;][vc_row_inner][vc_column_inner el_class=&#8221;xb-portofolio-title&#8221;][vc_column_text]La love session de Rebecca &amp; &#8230;<\/p>\n","protected":false},"author":1,"featured_media":9785,"parent":0,"menu_order":0,"comment_status":"closed","ping_status":"closed","template":"","meta":{"footnotes":""},"_links":{"self":[{"href":"https:\/\/www.xavierbellenger.com\/en\/wp-json\/wp\/v2\/pages\/9775"}],"collection":[{"href":"https:\/\/www.xavierbellenger.com\/en\/wp-json\/wp\/v2\/pages"}],"about":[{"href":"https:\/\/www.xavierbellenger.com\/en\/wp-json\/wp\/v2\/types\/page"}],"author":[{"embeddable":true,"href":"https:\/\/www.xavierbellenger.com\/en\/wp-json\/wp\/v2\/users\/1"}],"replies":[{"embeddable":true,"href":"https:\/\/www.xavierbellenger.com\/en\/wp-json\/wp\/v2\/comments?post=9775"}],"version-history":[{"count":4,"href":"https:\/\/www.xavierbellenger.com\/en\/wp-json\/wp\/v2\/pages\/9775\/revisions"}],"predecessor-version":[{"id":15114,"href":"https:\/\/www.xavierbellenger.com\/en\/wp-json\/wp\/v2\/pages\/9775\/revisions\/15114"}],"wp:featuredmedia":[{"embeddable":true,"href":"https:\/\/www.xavierbellenger.com\/en\/wp-json\/wp\/v2\/media\/9785"}],"wp:attachment":[{"href":"https:\/\/www.xavierbellenger.com\/en\/wp-json\/wp\/v2\/media?parent=9775"}],"curies":[{"name":"wp","href":"https:\/\/api.w.org\/{rel}","templated":true}]}}