{"id":9882,"date":"2020-07-12T20:00:50","date_gmt":"2020-07-12T18:00:50","guid":{"rendered":"https:\/\/new.xavierbellenger.com\/?page_id=9882"},"modified":"2025-01-27T19:05:10","modified_gmt":"2025-01-27T18:05:10","slug":"seance-engagement-plage-salie-lucille-philippe","status":"publish","type":"page","link":"https:\/\/www.xavierbellenger.com\/en\/seance-engagement-plage-salie-lucille-philippe\/","title":{"rendered":"S\u00e9ance engagement \u00e0 la plage de la Salie &#8211; Lucille &#038; Philippe"},"content":{"rendered":"<p>[vc_row full_width=&#8221;stretch_row_content_no_spaces&#8221;][vc_column][wiso_banner style_banner=&#8221;simple&#8221; height=&#8221;full&#8221; style=&#8221;center_content&#8221; overlay=&#8221;yes&#8221; title=&#8221;Lucille &amp; Philippe&#8221; image=&#8221;9891&#8243; subtitle=&#8221;S\u00e9ance engagement&#8221;][\/vc_column][\/vc_row][vc_row full_width=&#8221;stretch_row&#8221; desctop_mt=&#8221;margin-lg-50t&#8221; desctop_md_mt=&#8221;margin-md-50t&#8221; tablets_mt=&#8221;margin-sm-40t&#8221; mobile_mt=&#8221;margin-xs-25t&#8221; desctop_lg_pb=&#8221;padding-lg-30b&#8221; desctop_pb=&#8221;padding-md-30b&#8221; tablets_pb=&#8221;padding-sm-30b&#8221; mobile_pb=&#8221;padding-xs-20b&#8221; el_class=&#8221;xb mod-left mod-no-margin mod-portfolio-reversed&#8221;][vc_column offset=&#8221;vc_col-lg-3 vc_col-md-12&#8243;][vc_row_inner css=&#8221;.vc_custom_1737393400936{padding-top: 20px !important;padding-left: 2px !important;}&#8221;][vc_column_inner][vc_column_text]<strong>Date<\/strong><br \/>\n12 Juillet 2020<\/p>\n<p><strong>Clients<\/strong><br \/>\nLucille &amp; Philippe[\/vc_column_text][\/vc_column_inner][\/vc_row_inner][vc_row_inner css=&#8221;.vc_custom_1737393329303{padding-top: 20px !important;}&#8221;][vc_column_inner][vc_raw_html]JTNDdWwlMjBjbGFzcyUzRCUyMnhiLXRhZ3MlMjBtb2QteWVsbG93JTIyJTNFJTBBJTNDbGklM0VTJUMzJUE5YW5jZSUyMGVuZ2FnZW1lbnQlM0MlMkZsaSUzRSUwQSUzQ2xpJTNFTGElMjBTYWxpZSUzQyUyRmxpJTNFJTBBJTNDbGklM0VMb3ZlJTIwc2Vzc2lvbiUzQyUyRmxpJTNFJTBBJTNDbGklM0VQaG90b2dyYXBoZSUyMG1hcmlhZ2UlM0MlMkZsaSUzRSUwQSUzQ2xpJTNFQXJjYWNob24lM0MlMkZsaSUzRSUwQSUzQyUyRnVsJTNF[\/vc_raw_html][\/vc_column_inner][\/vc_row_inner][\/vc_column][vc_column desctop_mb=&#8221;margin-lg-30b&#8221; desctop_md_mb=&#8221;margin-md-30b&#8221; tablets_mb=&#8221;margin-sm-30b&#8221; mobile_mb=&#8221;margin-xs-30b&#8221; el_class=&#8221;paragraph&#8221; offset=&#8221;vc_col-lg-9 vc_col-md-12&#8243;][vc_row_inner][vc_column_inner el_class=&#8221;xb-portofolio-title&#8221;][vc_column_text]La love session de Lucille &amp; Philippe[\/vc_column_text][\/vc_column_inner][\/vc_row_inner][vc_column_text el_class=&#8221;.me&#8221;]En juin dernier, Philippe m\u2019a contact\u00e9 avec Lucille pour trouver <strong>le photographe id\u00e9al<\/strong> pour leur mariage. \ud83d\ude0a D\u00e8s notre premier \u00e9change par e-mail, j\u2019ai eu l\u2019impression que Philippe \u00e9tait quelqu\u2019un avec qui il serait facile de partager de bons moments.<\/p>\n<p>Apr\u00e8s une rencontre \u00e0 mon domicile, o\u00f9 j\u2019ai eu l\u2019occasion de leur pr\u00e9senter mon travail plus en d\u00e9tail, j\u2019ai \u00e9t\u00e9 ravi d\u2019accepter de couvrir officiellement leur mariage.<\/p>\n<p>Pour leur s\u00e9ance engagement, Lucille et Philippe ont choisi un cadre magique : la plage, au coucher du soleil. Direction la plage de la Salie Nord, un lieu que j\u2019affectionne particuli\u00e8rement. Ce spot offre une ambiance unique, avec une travers\u00e9e de for\u00eat de pins qui se termine les pieds dans l\u2019eau.<\/p>\n<p>Avec leurs ballons \u00ab Mr &amp; Mrs \u00bb, qui ont miraculeusement surv\u00e9cu \u00e0 la s\u00e9ance, nous avons commenc\u00e9 par une promenade dans la for\u00eat baign\u00e9e d\u2019une lumi\u00e8re dor\u00e9e. Entre rires nerveux, bisous et \u00e9clats de bonne humeur, la s\u00e9ance s\u2019est d\u00e9roul\u00e9e dans une ambiance l\u00e9g\u00e8re et joyeuse.<\/p>\n<p>Nous avons ensuite travers\u00e9 les dunes pour capturer des instants uniques, avant de terminer les pieds dans l\u2019eau (et m\u00eame un peu plus) sous un coucher de soleil magnifique. \ud83c\udf05<\/p>\n<p>Cette s\u00e9ance pleine d\u2019amour \u00e9tait une belle introduction avant leur mariage, que je les retrouverai pour c\u00e9l\u00e9brer le 14 ao\u00fbt prochain au Domaine de Mahourat.<\/p>\n<p>En attendant de vous d\u00e9voiler les photos de leur grand jour, d\u00e9couvrez les clich\u00e9s de cette s\u00e9ance !<\/p>\n<p>Vous cherchez encore votre photographe pour votre mariage ? Contactez-moi !<\/p>\n<p>Pour suivre mon travail au quotidien, retrouvez-moi sur Instagram : <a href=\"http:\/\/www.instagram.com\/xavier.b.photography\" target=\"_new\" rel=\"noopener\">www.instagram.com\/xavier.b.photography<\/a>.[\/vc_column_text][\/vc_column][\/vc_row][vc_row full_width=&#8221;stretch_row&#8221;][vc_column css=&#8221;.vc_custom_1736606296420{padding-top: 0px !important;}&#8221;][vc_masonry_media_grid style=&#8221;lazy&#8221; items_per_page=&#8221;15&#8243; element_width=&#8221;6&#8243; gap=&#8221;15&#8243; initial_loading_animation=&#8221;fadeIn&#8221; grid_id=&#8221;vc_gid:1737397716688-536a7ea3-ae3b-5&#8243; include=&#8221;9883,9884,9885,9886,9887,9888,9889,9890,9891,9892,9893,9894,9895,9896,9897,9898,9899,9900,9901,9902,9903,9904,9905,9906,9907,9908,9909,9910,9911,9912,9913,9914,9915,9916,9917,9918,9919,9920,9921,9922,9923,9924,9925,9926,9927,9928,9929,9930,9931,9932&#8243;][\/vc_column][\/vc_row][vc_row desctop_mt=&#8221;margin-lg-60t&#8221; desctop_mb=&#8221;margin-lg-35b&#8221; desctop_md_mt=&#8221;margin-md-60t&#8221; desctop_md_mb=&#8221;margin-md-35b&#8221; tablets_mt=&#8221;margin-sm-40t&#8221; tablets_mb=&#8221;margin-sm-20b&#8221; mobile_mt=&#8221;margin-xs-20t&#8221; mobile_mb=&#8221;margin-xs-10b&#8221; el_class=&#8221;xb-header&#8221;][vc_column css=&#8221;.vc_custom_1736943833000{padding-top: 0px !important;}&#8221;][wiso_headings style=&#8221;text_center&#8221; title=&#8221;Contactez-moi&#8221;][vc_column_text el_class=&#8221;.me&#8221;]<\/p>\n<p style=\"text-align: center;\">Vous aimez mon travail et vous pensez que je peux \u00eatre votre <strong>photographe<\/strong> ? Besoin de plus d&#8217;informations ou d&#8217;un devis personnalis\u00e9 ? Contactez-moi via ce formulaire, je vous r\u00e9pondrai rapidement !<\/p>\n<p>[\/vc_column_text][\/vc_column][\/vc_row][vc_row desctop_mb=&#8221;margin-lg-30b&#8221; desctop_md_mb=&#8221;margin-md-30b&#8221; tablets_mb=&#8221;margin-sm-20b&#8221; mobile_mb=&#8221;margin-xs-20b&#8221;][vc_column el_class=&#8221;contact-form-mariage&#8221;]<div role=\"form\" class=\"wpcf7\" id=\"wpcf7-f5982-o1\" lang=\"en\" dir=\"ltr\">\n<div class=\"screen-reader-response\"><p role=\"status\" aria-live=\"polite\" aria-atomic=\"true\"><\/p> <ul><\/ul><\/div>\n<form action=\"\/en\/wp-json\/wp\/v2\/pages\/9882#wpcf7-f5982-o1\" method=\"post\" class=\"wpcf7-form init\" novalidate=\"novalidate\" data-status=\"init\">\n<div style=\"display: none;\">\n<input type=\"hidden\" name=\"_wpcf7\" value=\"5982\" \/>\n<input type=\"hidden\" name=\"_wpcf7_version\" value=\"5.4.1\" \/>\n<input type=\"hidden\" name=\"_wpcf7_locale\" value=\"en\" \/>\n<input type=\"hidden\" name=\"_wpcf7_unit_tag\" value=\"wpcf7-f5982-o1\" \/>\n<input type=\"hidden\" name=\"_wpcf7_container_post\" value=\"0\" \/>\n<input type=\"hidden\" name=\"_wpcf7_posted_data_hash\" value=\"\" \/>\n<input type=\"hidden\" name=\"lang\" value=\"en\" \/>\n<\/div>\n<p><label> Lastname *<br \/>\n    <span class=\"wpcf7-form-control-wrap your-name\"><input type=\"text\" name=\"your-name\" value=\"\" size=\"40\" class=\"wpcf7-form-control wpcf7-text wpcf7-validates-as-required\" aria-required=\"true\" aria-invalid=\"false\" \/><\/span> <\/label><\/p>\n<p><label> Firstname *<br \/>\n    <span class=\"wpcf7-form-control-wrap your-firstname\"><input type=\"text\" name=\"your-firstname\" value=\"\" size=\"40\" class=\"wpcf7-form-control wpcf7-text wpcf7-validates-as-required\" aria-required=\"true\" aria-invalid=\"false\" \/><\/span> <\/label><\/p>\n<p><label> Email *<br \/>\n    <span class=\"wpcf7-form-control-wrap your-email\"><input type=\"email\" name=\"your-email\" value=\"\" size=\"40\" class=\"wpcf7-form-control wpcf7-text wpcf7-email wpcf7-validates-as-required wpcf7-validates-as-email\" aria-required=\"true\" aria-invalid=\"false\" \/><\/span> <\/label><\/p>\n<p><label> Phone number *<br \/>\n    <span class=\"wpcf7-form-control-wrap your-phone\"><input type=\"tel\" name=\"your-phone\" value=\"\" size=\"40\" class=\"wpcf7-form-control wpcf7-text wpcf7-tel wpcf7-validates-as-required wpcf7-validates-as-tel\" aria-required=\"true\" aria-invalid=\"false\" \/><\/span> <\/label><\/p>\n<p><label> Your message *<br \/>\n    <span class=\"wpcf7-form-control-wrap your-message\"><textarea name=\"your-message\" cols=\"40\" rows=\"10\" class=\"wpcf7-form-control wpcf7-textarea wpcf7-validates-as-required\" aria-required=\"true\" aria-invalid=\"false\"><\/textarea><\/span> <\/label><br \/>\n<div id=\"cf7sr-69f2acdd3500d\" class=\"cf7sr-g-recaptcha\" data-theme=\"light\" data-type=\"image\" data-size=\"normal\" data-sitekey=\"6Lf0ZtYhAAAAAFckl5Aq4AEBi8EoLfMY-zzDwRwB\"><\/div><span class=\"wpcf7-form-control-wrap cf7sr-recaptcha\" data-name=\"cf7sr-recaptcha\"><input type=\"hidden\" name=\"cf7sr-recaptcha\" value=\"\" class=\"wpcf7-form-control\"><\/span><br \/>\n<input type=\"submit\" value=\"Send\" class=\"wpcf7-form-control wpcf7-submit\" \/><\/p>\n<p style=\"display: none !important;\" class=\"akismet-fields-container\" data-prefix=\"_wpcf7_ak_\"><label>&#916;<textarea name=\"_wpcf7_ak_hp_textarea\" cols=\"45\" rows=\"8\" maxlength=\"100\"><\/textarea><\/label><input type=\"hidden\" id=\"ak_js_1\" name=\"_wpcf7_ak_js\" value=\"203\"\/><script>document.getElementById( \"ak_js_1\" ).setAttribute( \"value\", ( new Date() ).getTime() );<\/script><\/p><div class=\"wpcf7-response-output\" aria-hidden=\"true\"><\/div><\/form><\/div>[\/vc_column][\/vc_row]<\/p>\n","protected":false},"excerpt":{"rendered":"<p>[vc_row full_width=&#8221;stretch_row_content_no_spaces&#8221;][vc_column][wiso_banner style_banner=&#8221;simple&#8221; height=&#8221;full&#8221; style=&#8221;center_content&#8221; overlay=&#8221;yes&#8221; title=&#8221;Lucille &amp; Philippe&#8221; image=&#8221;9891&#8243; subtitle=&#8221;S\u00e9ance engagement&#8221;][\/vc_column][\/vc_row][vc_row full_width=&#8221;stretch_row&#8221; desctop_mt=&#8221;margin-lg-50t&#8221; desctop_md_mt=&#8221;margin-md-50t&#8221; tablets_mt=&#8221;margin-sm-40t&#8221; mobile_mt=&#8221;margin-xs-25t&#8221; desctop_lg_pb=&#8221;padding-lg-30b&#8221; desctop_pb=&#8221;padding-md-30b&#8221; tablets_pb=&#8221;padding-sm-30b&#8221; mobile_pb=&#8221;padding-xs-20b&#8221; el_class=&#8221;xb mod-left mod-no-margin mod-portfolio-reversed&#8221;][vc_column offset=&#8221;vc_col-lg-3 vc_col-md-12&#8243;][vc_row_inner css=&#8221;.vc_custom_1737393400936{padding-top: 20px !important;padding-left: 2px !important;}&#8221;][vc_column_inner][vc_column_text]Date 12 Juillet 2020 Clients Lucille &amp; Philippe[\/vc_column_text][\/vc_column_inner][\/vc_row_inner][vc_row_inner css=&#8221;.vc_custom_1737393329303{padding-top: 20px !important;}&#8221;][vc_column_inner][vc_raw_html]JTNDdWwlMjBjbGFzcyUzRCUyMnhiLXRhZ3MlMjBtb2QteWVsbG93JTIyJTNFJTBBJTNDbGklM0VTJUMzJUE5YW5jZSUyMGVuZ2FnZW1lbnQlM0MlMkZsaSUzRSUwQSUzQ2xpJTNFTGElMjBTYWxpZSUzQyUyRmxpJTNFJTBBJTNDbGklM0VMb3ZlJTIwc2Vzc2lvbiUzQyUyRmxpJTNFJTBBJTNDbGklM0VQaG90b2dyYXBoZSUyMG1hcmlhZ2UlM0MlMkZsaSUzRSUwQSUzQ2xpJTNFQXJjYWNob24lM0MlMkZsaSUzRSUwQSUzQyUyRnVsJTNF[\/vc_raw_html][\/vc_column_inner][\/vc_row_inner][\/vc_column][vc_column desctop_mb=&#8221;margin-lg-30b&#8221; desctop_md_mb=&#8221;margin-md-30b&#8221; tablets_mb=&#8221;margin-sm-30b&#8221; mobile_mb=&#8221;margin-xs-30b&#8221; el_class=&#8221;paragraph&#8221; offset=&#8221;vc_col-lg-9 vc_col-md-12&#8243;][vc_row_inner][vc_column_inner el_class=&#8221;xb-portofolio-title&#8221;][vc_column_text]La love session de Lucille &amp; &#8230;<\/p>\n","protected":false},"author":1,"featured_media":9891,"parent":0,"menu_order":0,"comment_status":"closed","ping_status":"closed","template":"","meta":{"footnotes":""},"_links":{"self":[{"href":"https:\/\/www.xavierbellenger.com\/en\/wp-json\/wp\/v2\/pages\/9882"}],"collection":[{"href":"https:\/\/www.xavierbellenger.com\/en\/wp-json\/wp\/v2\/pages"}],"about":[{"href":"https:\/\/www.xavierbellenger.com\/en\/wp-json\/wp\/v2\/types\/page"}],"author":[{"embeddable":true,"href":"https:\/\/www.xavierbellenger.com\/en\/wp-json\/wp\/v2\/users\/1"}],"replies":[{"embeddable":true,"href":"https:\/\/www.xavierbellenger.com\/en\/wp-json\/wp\/v2\/comments?post=9882"}],"version-history":[{"count":2,"href":"https:\/\/www.xavierbellenger.com\/en\/wp-json\/wp\/v2\/pages\/9882\/revisions"}],"predecessor-version":[{"id":15113,"href":"https:\/\/www.xavierbellenger.com\/en\/wp-json\/wp\/v2\/pages\/9882\/revisions\/15113"}],"wp:featuredmedia":[{"embeddable":true,"href":"https:\/\/www.xavierbellenger.com\/en\/wp-json\/wp\/v2\/media\/9891"}],"wp:attachment":[{"href":"https:\/\/www.xavierbellenger.com\/en\/wp-json\/wp\/v2\/media?parent=9882"}],"curies":[{"name":"wp","href":"https:\/\/api.w.org\/{rel}","templated":true}]}}