{"id":9940,"date":"2020-09-09T10:00:32","date_gmt":"2020-09-09T08:00:32","guid":{"rendered":"https:\/\/new.xavierbellenger.com\/?page_id=9940"},"modified":"2025-02-02T14:54:23","modified_gmt":"2025-02-02T13:54:23","slug":"mariage-chateau-mader-clarisse-alexis","status":"publish","type":"page","link":"https:\/\/www.xavierbellenger.com\/en\/mariage-chateau-mader-clarisse-alexis\/","title":{"rendered":"Wedding at Ch\u00e2teau Mader &#8211; Clarisse &#038; Alexis"},"content":{"rendered":"<p>[vc_row full_width=&#8221;stretch_row_content_no_spaces&#8221;][vc_column][wiso_banner style_banner=&#8221;simple&#8221; height=&#8221;full&#8221; style=&#8221;center_content&#8221; overlay=&#8221;yes&#8221; title=&#8221;Clarisse &#038; Alexis&#8221; image=&#8221;10092&#8243; subtitle=&#8221;Mariage&#8221;][\/vc_column][\/vc_row][vc_row full_width=&#8221;stretch_row&#8221; desctop_mt=&#8221;margin-lg-50t&#8221; desctop_md_mt=&#8221;margin-md-50t&#8221; tablets_mt=&#8221;margin-sm-40t&#8221; mobile_mt=&#8221;margin-xs-25t&#8221; desctop_lg_pb=&#8221;padding-lg-30b&#8221; desctop_pb=&#8221;padding-md-30b&#8221; tablets_pb=&#8221;padding-sm-30b&#8221; mobile_pb=&#8221;padding-xs-20b&#8221; el_class=&#8221;xb mod-left mod-no-margin mod-portfolio-reversed&#8221;][vc_column offset=&#8221;vc_col-lg-3 vc_col-md-12&#8243;][vc_row_inner css=&#8221;.vc_custom_1737471190732{padding-top: 20px !important;padding-left: 2px !important;}&#8221;][vc_column_inner][vc_column_text]<strong>Date<\/strong><br \/>\n9 Septembre 2020<\/p>\n<p><strong>Clients<\/strong><br \/>\nClarisse &#038; Alexis[\/vc_column_text][\/vc_column_inner][\/vc_row_inner][vc_row_inner css=&#8221;.vc_custom_1737393329303{padding-top: 20px !important;}&#8221;][vc_column_inner][vc_raw_html]JTNDdWwlMjBjbGFzcyUzRCUyMnhiLXRhZ3MlMjIlM0UlMEElM0NsaSUzRU1hcmlhZ2UlM0MlMkZsaSUzRSUwQSUzQ2xpJTNFQ2glQzMlQTJ0ZWF1JTIwTWFkZXIlM0MlMkZsaSUzRSUwQSUzQ2xpJTNFUGhvdG9ncmFwaGUlMjBtYXJpYWdlJTNDJTJGbGklM0UlMEElM0NsaSUzRUNvdXBsZSUzQyUyRmxpJTNFJTBBJTNDbGklM0VBcmNhY2hvbiUzQyUyRmxpJTNFJTBBJTNDbGklM0VCYXNzaW4lMjBkJTI3QXJjYWNob24lM0MlMkZsaSUzRSUwQSUzQ2xpJTNFR3VqYW4lMjBNZXN0cmFzJTNDJTJGbGklM0UlMEElM0MlMkZ1bCUzRQ==[\/vc_raw_html][\/vc_column_inner][\/vc_row_inner][\/vc_column][vc_column desctop_mb=&#8221;margin-lg-20b&#8221; desctop_md_mb=&#8221;margin-md-20b&#8221; tablets_mb=&#8221;margin-sm-20b&#8221; mobile_mb=&#8221;margin-xs-20b&#8221; offset=&#8221;vc_col-lg-9 vc_col-md-12&#8243;][vc_row_inner][vc_column_inner el_class=&#8221;xb-portofolio-title mod-wedding&#8221;][vc_column_text]Le mariage de Clarisse &#038; Alexis au Ch\u00e2teau Mader[\/vc_column_text][\/vc_column_inner][\/vc_row_inner][vc_column_text el_class=&#8221;paragraph&#8221; css=&#8221;.vc_custom_1737919952987{padding-top: 20px !important;}&#8221;]Le 9 septembre dernier, j\u2019ai eu le plaisir d\u2019immortaliser le mariage de Clarisse et Alexis, c\u00e9l\u00e9br\u00e9 dans le cadre enchanteur du <a href=\"\/chateau-mader\/\" target=\"_blank\" rel=\"noopener\">Ch\u00e2teau Mader<\/a> \u00e0 Gujan-Mestras. Ce lieu, qui regorge de coins parfaits pour la photographie, a \u00e9t\u00e9 le th\u00e9\u00e2tre d\u2019une journ\u00e9e riche en \u00e9motions, en complicit\u00e9 et en amour.<\/p>\n<p>Apr\u00e8s avoir appris \u00e0 conna\u00eetre ces deux amoureux lors de leur <a href=\"https:\/\/new.xavierbellenger.com\/seance-engagement-salie-clarisse-alexis\/\">s\u00e9ance engagement<\/a>, j\u2019\u00e9tais ravi de les retrouver pour ce jour unique. Du calme des pr\u00e9paratifs, o\u00f9 chaque d\u00e9tail est soigneusement mis en valeur, \u00e0 l\u2019\u00e9motion palpable de leur union civile, chaque instant a \u00e9t\u00e9 une source d\u2019inspiration.<\/p>\n<p>Le cocktail d\u00eenatoire sous une grande tente, rythm\u00e9 par la musique et les surprises des invit\u00e9s, a laiss\u00e9 place \u00e0 une soir\u00e9e magique sous un ciel \u00e9toil\u00e9. Ce reportage est le reflet d\u2019une journ\u00e9e m\u00e9morable que je suis fier de partager avec vous.<\/p>\n<p>Pr\u00eats \u00e0 d\u00e9couvrir leur histoire en images ? \ud83d\ude0a[\/vc_column_text][\/vc_column][\/vc_row][vc_row full_width=&#8221;stretch_row&#8221;][vc_column css=&#8221;.vc_custom_1736606296420{padding-top: 0px !important;}&#8221;][vc_single_image image=&#8221;9969&#8243; img_size=&#8221;full&#8221; alignment=&#8221;center&#8221;][\/vc_column][\/vc_row][vc_row full_width=&#8221;stretch_row&#8221; desctop_mt=&#8221;margin-lg-20t&#8221; desctop_mb=&#8221;margin-lg-35b&#8221; desctop_md_mt=&#8221;margin-md-20t&#8221; desctop_md_mb=&#8221;margin-md-35b&#8221; tablets_mt=&#8221;margin-sm-20t&#8221; tablets_mb=&#8221;margin-sm-20b&#8221; mobile_mt=&#8221;margin-xs-40t&#8221; mobile_mb=&#8221;margin-xs-10b&#8221; el_class=&#8221;xb&#8221;][vc_column css=&#8221;.vc_custom_1737471490457{padding-top: 0px !important;}&#8221;][vc_column_text el_class=&#8221;xb-paragraph-header&#8221;]Pr\u00e9paratifs[\/vc_column_text][vc_column_text]Les pr\u00e9paratifs ont d\u00e9but\u00e9 dans ce lieu enchanteur, qui offre de multiples endroits parfaits pour la photographie, dont un rooftop avec une vue imprenable sur le bassin d\u2019Arcachon. Ce moment intime est toujours l\u2019un de mes pr\u00e9f\u00e9r\u00e9s : j\u2019y rencontre les proches, capte l\u2019ambiance chaleureuse et prends soin d\u2019immortaliser les d\u00e9tails importants tels que la robe, les alliances, et le bouquet.<\/p>\n<p>Pendant que Clarisse se faisait chouchouter par sa maquilleuse et sa coiffeuse, je retrouvais Alexis dans un salon pour photographier son habillage. Entour\u00e9 de sa famille, il ajustait les derniers d\u00e9tails de son costume dans une ambiance \u00e0 la fois joyeuse et concentr\u00e9e. Une fois Alexis pr\u00eat, j\u2019ai rejoint Clarisse pour capturer les premi\u00e8res images de sa robe de mari\u00e9e, pleine d\u2019\u00e9l\u00e9gance.[\/vc_column_text][\/vc_column][\/vc_row][vc_row full_width=&#8221;stretch_row&#8221;][vc_column css=&#8221;.vc_custom_1736606296420{padding-top: 0px !important;}&#8221;][vc_masonry_media_grid style=&#8221;lazy&#8221; items_per_page=&#8221;15&#8243; element_width=&#8221;6&#8243; gap=&#8221;15&#8243; initial_loading_animation=&#8221;fadeIn&#8221; grid_id=&#8221;vc_gid:1737919934461-31592211-562c-2&#8243; include=&#8221;9969,9946,9947,9960,9962,9948,9974,9950,9949,9953,9954,9955,9959,9956,9957,9992,9993,10000,9999,9998,9997,9996,9995,9994,10001,9961,9958,9965,9966,9968,9967,9963,9964,9979,9980,9975,9976,9977,9986,9987,9985,9982,9981,9983,9984,9978,9991,9990,9989,9988,9971,9970,9973&#8243;][\/vc_column][\/vc_row][vc_row full_width=&#8221;stretch_row&#8221; desctop_mt=&#8221;margin-lg-20t&#8221; desctop_mb=&#8221;margin-lg-35b&#8221; desctop_md_mt=&#8221;margin-md-20t&#8221; desctop_md_mb=&#8221;margin-md-35b&#8221; tablets_mt=&#8221;margin-sm-20t&#8221; tablets_mb=&#8221;margin-sm-20b&#8221; mobile_mt=&#8221;margin-xs-40t&#8221; mobile_mb=&#8221;margin-xs-10b&#8221; el_class=&#8221;xb&#8221;][vc_column css=&#8221;.vc_custom_1737471490457{padding-top: 0px !important;}&#8221;][vc_column_text el_class=&#8221;xb-paragraph-header&#8221;]L&#8217;union civile[\/vc_column_text][vc_column_text]L\u2019heure avan\u00e7ant, nous avons pris la route pour la mairie de Gujan-Mestras, une superbe b\u00e2tisse qui a su s\u2019adapter aux contraintes li\u00e9es \u00e0 la pand\u00e9mie. Alexis a d\u00e9couvert Clarisse dans sa robe de mari\u00e9e, et l\u2019\u00e9motion \u00e9tait palpable sur leurs visages.<\/p>\n<p>La c\u00e9r\u00e9monie civile, marqu\u00e9e par des regards complices, des mains qui se lient et des sourires tendres, a \u00e9t\u00e9 un moment riche en amour et en authenticit\u00e9. \u00c0 la sortie, nous avons pris quelques photos de groupe devant la mairie avant de retourner au ch\u00e2teau.[\/vc_column_text][\/vc_column][\/vc_row][vc_row full_width=&#8221;stretch_row&#8221;][vc_column css=&#8221;.vc_custom_1736606296420{padding-top: 0px !important;}&#8221;][vc_masonry_media_grid style=&#8221;lazy&#8221; items_per_page=&#8221;15&#8243; element_width=&#8221;6&#8243; gap=&#8221;15&#8243; initial_loading_animation=&#8221;fadeIn&#8221; grid_id=&#8221;vc_gid:1737919934462-e142a4c2-95e1-8&#8243; include=&#8221;10002,10003,10004,10005,10007,10006,10008,10009,10010,10011,10012,10013,10014,10016,10017,10018,10019,10020,10021,10015,10022,10023,10024,10025,10026,10027,10028&#8243;][\/vc_column][\/vc_row][vc_row full_width=&#8221;stretch_row&#8221; desctop_mt=&#8221;margin-lg-20t&#8221; desctop_mb=&#8221;margin-lg-35b&#8221; desctop_md_mt=&#8221;margin-md-20t&#8221; desctop_md_mb=&#8221;margin-md-35b&#8221; tablets_mt=&#8221;margin-sm-20t&#8221; tablets_mb=&#8221;margin-sm-20b&#8221; mobile_mt=&#8221;margin-xs-40t&#8221; mobile_mb=&#8221;margin-xs-10b&#8221; el_class=&#8221;xb&#8221;][vc_column css=&#8221;.vc_custom_1737471490457{padding-top: 0px !important;}&#8221;][vc_column_text el_class=&#8221;xb-paragraph-header&#8221;]Le cocktail[\/vc_column_text][vc_column_text]De retour au <a href=\"https:\/\/chateaumader.com\/\" target=\"_blank\" rel=\"noopener\">Ch\u00e2teau Mader<\/a>, et compte tenu des mesures sanitaires, Clarisse et Alexis avaient opt\u00e9 pour une grande tente accueillant un cocktail d\u00eenatoire. L\u2019ambiance \u00e9tait anim\u00e9e gr\u00e2ce \u00e0 un groupe de musique, et les invit\u00e9s ont r\u00e9serv\u00e9 quelques surprises aux jeunes mari\u00e9s.<\/p>\n<p>Je me suis promen\u00e9 parmi les convives, capturant des instants spontan\u00e9s de couples et de familles, tout en profitant de la beaut\u00e9 du lieu. Les t\u00e9moins ont ensuite invit\u00e9 tout le monde \u00e0 entrer dans le ch\u00e2teau pour revivre l\u2019histoire de Clarisse et Alexis \u00e0 travers des vid\u00e9os et des photos. Ce fut une s\u00e9quence pleine d\u2019\u00e9motion, o\u00f9 rires et larmes se m\u00ealaient.[\/vc_column_text][\/vc_column][\/vc_row][vc_row full_width=&#8221;stretch_row&#8221;][vc_column css=&#8221;.vc_custom_1736606296420{padding-top: 0px !important;}&#8221;][vc_masonry_media_grid style=&#8221;lazy&#8221; items_per_page=&#8221;15&#8243; element_width=&#8221;6&#8243; gap=&#8221;15&#8243; initial_loading_animation=&#8221;fadeIn&#8221; grid_id=&#8221;vc_gid:1737919934462-0578ce65-087b-8&#8243; include=&#8221;10030,10031,10032,10033,10034,10035,10036,10037,10038,10039,10040,10042,10041,10043,10044,10062,10045,10046,10047,10048,10049,10050,10051,10052,10054,10053,10055,10056,10057,10058,10059,10060,10061,10063,10064,10065,10066,10067,10068,10069,10070,10072,10073,10074,10075,10076&#8243;][\/vc_column][\/vc_row][vc_row full_width=&#8221;stretch_row&#8221; desctop_mt=&#8221;margin-lg-20t&#8221; desctop_mb=&#8221;margin-lg-35b&#8221; desctop_md_mt=&#8221;margin-md-20t&#8221; desctop_md_mb=&#8221;margin-md-35b&#8221; tablets_mt=&#8221;margin-sm-20t&#8221; tablets_mb=&#8221;margin-sm-20b&#8221; mobile_mt=&#8221;margin-xs-40t&#8221; mobile_mb=&#8221;margin-xs-10b&#8221; el_class=&#8221;xb&#8221;][vc_column css=&#8221;.vc_custom_1737471490457{padding-top: 0px !important;}&#8221;][vc_column_text el_class=&#8221;xb-paragraph-header&#8221;]La soir\u00e9e[\/vc_column_text][vc_column_text]Alors que la nuit tombait, j\u2019ai pris mes derniers clich\u00e9s du ch\u00e2teau illumin\u00e9, des invit\u00e9s savourant la soir\u00e9e et, bien s\u00fbr, du couple rayonnant dans cet \u00e9crin de bonheur. Je me suis ensuite \u00e9clips\u00e9, les laissant profiter pleinement des derniers moments de leur journ\u00e9e magique.[\/vc_column_text][\/vc_column][\/vc_row][vc_row full_width=&#8221;stretch_row&#8221;][vc_column css=&#8221;.vc_custom_1736606296420{padding-top: 0px !important;}&#8221;][vc_masonry_media_grid style=&#8221;lazy&#8221; items_per_page=&#8221;15&#8243; element_width=&#8221;6&#8243; gap=&#8221;15&#8243; initial_loading_animation=&#8221;fadeIn&#8221; grid_id=&#8221;vc_gid:1737919934463-f14061d7-0309-6&#8243; include=&#8221;10077,10078,10079,10080,10081,10082,10083,10084,10085,10086,10087,10088,10089,10090,10091&#8243;][\/vc_column][\/vc_row][vc_row full_width=&#8221;stretch_row&#8221; desctop_mt=&#8221;margin-lg-20t&#8221; desctop_md_mt=&#8221;margin-md-20t&#8221; tablets_mt=&#8221;margin-sm-20t&#8221; mobile_mt=&#8221;margin-xs-20t&#8221; css=&#8221;.vc_custom_1736937257690{background-image: url(\/wp-content\/uploads\/2025\/01\/Mariage-6.jpg?id=) !important;background-position: center !important;background-repeat: no-repeat !important;background-size: cover !important;}&#8221;][vc_column el_class=&#8221;xb-full-width-paragraph&#8221;][wiso_testimonial loop=&#8221;true&#8221; color=&#8221;#ffffff&#8221;][wiso_testimonial_items author=&#8221;Clarisse &#038; Alexis&#8221; position=&#8221;Mariage au Ch\u00e2teau Mader&#8221;]&#8221;Talentueux, gentil et aux petits soins Merci Xavier pour cette soir\u00e9e et d\u2019avoir immortalis\u00e9 notre mariage. D\u00e9j\u00e0, lors de notre premi\u00e8re rencontre et du premier shooting, nous avons \u00e9t\u00e9 guid\u00e9s et mis \u00e0 l\u2019aise, ce qui nous a beaucoup aid\u00e9s \u00e0 se sentir bien le jour J car on se connaissait d\u00e9j\u00e0. Xavier sait saisir l\u2019instant, la lumi\u00e8re et fait preuve d\u2019originalit\u00e9 ! Il fait vraiment de magnifiques photos et capture des instants particuliers \ud83d\udc4c\u2728&#8221;[\/wiso_testimonial_items][\/wiso_testimonial][\/vc_column][\/vc_row][vc_row desctop_mt=&#8221;margin-lg-60t&#8221; desctop_mb=&#8221;margin-lg-35b&#8221; desctop_md_mt=&#8221;margin-md-60t&#8221; desctop_md_mb=&#8221;margin-md-35b&#8221; tablets_mt=&#8221;margin-sm-40t&#8221; tablets_mb=&#8221;margin-sm-20b&#8221; mobile_mt=&#8221;margin-xs-20t&#8221; mobile_mb=&#8221;margin-xs-10b&#8221; el_class=&#8221;xb-header&#8221;][vc_column css=&#8221;.vc_custom_1736943833000{padding-top: 0px !important;}&#8221;][wiso_headings style=&#8221;text_center&#8221; title=&#8221;Contactez-moi&#8221;][vc_column_text el_class=&#8221;.me&#8221;]<\/p>\n<p style=\"text-align: center;\">Vous aimez mon travail et vous pensez que je peux \u00eatre votre <strong>photographe<\/strong> ? Besoin de plus d&#8217;informations ou d&#8217;un devis personnalis\u00e9 ? Contactez-moi via ce formulaire, je vous r\u00e9pondrai rapidement !<\/p>\n<p>[\/vc_column_text][\/vc_column][\/vc_row][vc_row desctop_mb=&#8221;margin-lg-30b&#8221; desctop_md_mb=&#8221;margin-md-30b&#8221; tablets_mb=&#8221;margin-sm-20b&#8221; mobile_mb=&#8221;margin-xs-20b&#8221;][vc_column el_class=&#8221;contact-form-mariage&#8221;]<div role=\"form\" class=\"wpcf7\" id=\"wpcf7-f5982-o1\" lang=\"en\" dir=\"ltr\">\n<div class=\"screen-reader-response\"><p role=\"status\" aria-live=\"polite\" aria-atomic=\"true\"><\/p> <ul><\/ul><\/div>\n<form action=\"\/en\/wp-json\/wp\/v2\/pages\/9940#wpcf7-f5982-o1\" method=\"post\" class=\"wpcf7-form init\" novalidate=\"novalidate\" data-status=\"init\">\n<div style=\"display: none;\">\n<input type=\"hidden\" name=\"_wpcf7\" value=\"5982\" \/>\n<input type=\"hidden\" name=\"_wpcf7_version\" value=\"5.4.1\" \/>\n<input type=\"hidden\" name=\"_wpcf7_locale\" value=\"en\" \/>\n<input type=\"hidden\" name=\"_wpcf7_unit_tag\" value=\"wpcf7-f5982-o1\" \/>\n<input type=\"hidden\" name=\"_wpcf7_container_post\" value=\"0\" \/>\n<input type=\"hidden\" name=\"_wpcf7_posted_data_hash\" value=\"\" \/>\n<input type=\"hidden\" name=\"lang\" value=\"en\" \/>\n<\/div>\n<p><label> Lastname *<br \/>\n    <span class=\"wpcf7-form-control-wrap your-name\"><input type=\"text\" name=\"your-name\" value=\"\" size=\"40\" class=\"wpcf7-form-control wpcf7-text wpcf7-validates-as-required\" aria-required=\"true\" aria-invalid=\"false\" \/><\/span> <\/label><\/p>\n<p><label> Firstname *<br \/>\n    <span class=\"wpcf7-form-control-wrap your-firstname\"><input type=\"text\" name=\"your-firstname\" value=\"\" size=\"40\" class=\"wpcf7-form-control wpcf7-text wpcf7-validates-as-required\" aria-required=\"true\" aria-invalid=\"false\" \/><\/span> <\/label><\/p>\n<p><label> Email *<br \/>\n    <span class=\"wpcf7-form-control-wrap your-email\"><input type=\"email\" name=\"your-email\" value=\"\" size=\"40\" class=\"wpcf7-form-control wpcf7-text wpcf7-email wpcf7-validates-as-required wpcf7-validates-as-email\" aria-required=\"true\" aria-invalid=\"false\" \/><\/span> <\/label><\/p>\n<p><label> Phone number *<br \/>\n    <span class=\"wpcf7-form-control-wrap your-phone\"><input type=\"tel\" name=\"your-phone\" value=\"\" size=\"40\" class=\"wpcf7-form-control wpcf7-text wpcf7-tel wpcf7-validates-as-required wpcf7-validates-as-tel\" aria-required=\"true\" aria-invalid=\"false\" \/><\/span> <\/label><\/p>\n<p><label> Your message *<br \/>\n    <span class=\"wpcf7-form-control-wrap your-message\"><textarea name=\"your-message\" cols=\"40\" rows=\"10\" class=\"wpcf7-form-control wpcf7-textarea wpcf7-validates-as-required\" aria-required=\"true\" aria-invalid=\"false\"><\/textarea><\/span> <\/label><br \/>\n<div id=\"cf7sr-69f2aba751cd6\" class=\"cf7sr-g-recaptcha\" data-theme=\"light\" data-type=\"image\" data-size=\"normal\" data-sitekey=\"6Lf0ZtYhAAAAAFckl5Aq4AEBi8EoLfMY-zzDwRwB\"><\/div><span class=\"wpcf7-form-control-wrap cf7sr-recaptcha\" data-name=\"cf7sr-recaptcha\"><input type=\"hidden\" name=\"cf7sr-recaptcha\" value=\"\" class=\"wpcf7-form-control\"><\/span><br \/>\n<input type=\"submit\" value=\"Send\" class=\"wpcf7-form-control wpcf7-submit\" \/><\/p>\n<p style=\"display: none !important;\" class=\"akismet-fields-container\" data-prefix=\"_wpcf7_ak_\"><label>&#916;<textarea name=\"_wpcf7_ak_hp_textarea\" cols=\"45\" rows=\"8\" maxlength=\"100\"><\/textarea><\/label><input type=\"hidden\" id=\"ak_js_1\" name=\"_wpcf7_ak_js\" value=\"127\"\/><script>document.getElementById( \"ak_js_1\" ).setAttribute( \"value\", ( new Date() ).getTime() );<\/script><\/p><div class=\"wpcf7-response-output\" aria-hidden=\"true\"><\/div><\/form><\/div>[\/vc_column][\/vc_row]<\/p>\n","protected":false},"excerpt":{"rendered":"<p>[vc_row full_width=&#8221;stretch_row_content_no_spaces&#8221;][vc_column][wiso_banner style_banner=&#8221;simple&#8221; height=&#8221;full&#8221; style=&#8221;center_content&#8221; overlay=&#8221;yes&#8221; title=&#8221;Clarisse &#038; Alexis&#8221; image=&#8221;10092&#8243; subtitle=&#8221;Mariage&#8221;][\/vc_column][\/vc_row][vc_row full_width=&#8221;stretch_row&#8221; desctop_mt=&#8221;margin-lg-50t&#8221; desctop_md_mt=&#8221;margin-md-50t&#8221; tablets_mt=&#8221;margin-sm-40t&#8221; mobile_mt=&#8221;margin-xs-25t&#8221; desctop_lg_pb=&#8221;padding-lg-30b&#8221; desctop_pb=&#8221;padding-md-30b&#8221; tablets_pb=&#8221;padding-sm-30b&#8221; mobile_pb=&#8221;padding-xs-20b&#8221; el_class=&#8221;xb mod-left mod-no-margin mod-portfolio-reversed&#8221;][vc_column offset=&#8221;vc_col-lg-3 vc_col-md-12&#8243;][vc_row_inner css=&#8221;.vc_custom_1737471190732{padding-top: 20px !important;padding-left: 2px !important;}&#8221;][vc_column_inner][vc_column_text]Date 9 Septembre 2020 Clients Clarisse &#038; Alexis[\/vc_column_text][\/vc_column_inner][\/vc_row_inner][vc_row_inner css=&#8221;.vc_custom_1737393329303{padding-top: 20px !important;}&#8221;][vc_column_inner][vc_raw_html]JTNDdWwlMjBjbGFzcyUzRCUyMnhiLXRhZ3MlMjIlM0UlMEElM0NsaSUzRU1hcmlhZ2UlM0MlMkZsaSUzRSUwQSUzQ2xpJTNFQ2glQzMlQTJ0ZWF1JTIwTWFkZXIlM0MlMkZsaSUzRSUwQSUzQ2xpJTNFUGhvdG9ncmFwaGUlMjBtYXJpYWdlJTNDJTJGbGklM0UlMEElM0NsaSUzRUNvdXBsZSUzQyUyRmxpJTNFJTBBJTNDbGklM0VBcmNhY2hvbiUzQyUyRmxpJTNFJTBBJTNDbGklM0VCYXNzaW4lMjBkJTI3QXJjYWNob24lM0MlMkZsaSUzRSUwQSUzQ2xpJTNFR3VqYW4lMjBNZXN0cmFzJTNDJTJGbGklM0UlMEElM0MlMkZ1bCUzRQ==[\/vc_raw_html][\/vc_column_inner][\/vc_row_inner][\/vc_column][vc_column desctop_mb=&#8221;margin-lg-20b&#8221; desctop_md_mb=&#8221;margin-md-20b&#8221; tablets_mb=&#8221;margin-sm-20b&#8221; mobile_mb=&#8221;margin-xs-20b&#8221; offset=&#8221;vc_col-lg-9 vc_col-md-12&#8243;][vc_row_inner][vc_column_inner el_class=&#8221;xb-portofolio-title mod-wedding&#8221;][vc_column_text]Le mariage de Clarisse &#038; Alexis au &#8230;<\/p>\n","protected":false},"author":1,"featured_media":10092,"parent":0,"menu_order":0,"comment_status":"closed","ping_status":"closed","template":"","meta":{"footnotes":""},"_links":{"self":[{"href":"https:\/\/www.xavierbellenger.com\/en\/wp-json\/wp\/v2\/pages\/9940"}],"collection":[{"href":"https:\/\/www.xavierbellenger.com\/en\/wp-json\/wp\/v2\/pages"}],"about":[{"href":"https:\/\/www.xavierbellenger.com\/en\/wp-json\/wp\/v2\/types\/page"}],"author":[{"embeddable":true,"href":"https:\/\/www.xavierbellenger.com\/en\/wp-json\/wp\/v2\/users\/1"}],"replies":[{"embeddable":true,"href":"https:\/\/www.xavierbellenger.com\/en\/wp-json\/wp\/v2\/comments?post=9940"}],"version-history":[{"count":31,"href":"https:\/\/www.xavierbellenger.com\/en\/wp-json\/wp\/v2\/pages\/9940\/revisions"}],"predecessor-version":[{"id":16609,"href":"https:\/\/www.xavierbellenger.com\/en\/wp-json\/wp\/v2\/pages\/9940\/revisions\/16609"}],"wp:featuredmedia":[{"embeddable":true,"href":"https:\/\/www.xavierbellenger.com\/en\/wp-json\/wp\/v2\/media\/10092"}],"wp:attachment":[{"href":"https:\/\/www.xavierbellenger.com\/en\/wp-json\/wp\/v2\/media?parent=9940"}],"curies":[{"name":"wp","href":"https:\/\/api.w.org\/{rel}","templated":true}]}}